{"id":10726,"date":"2024-05-01T13:25:04","date_gmt":"2024-05-01T09:25:04","guid":{"rendered":"https:\/\/drivercarrental.ae\/fr\/?page_id=10726"},"modified":"2024-12-05T14:57:49","modified_gmt":"2024-12-05T10:57:49","slug":"blog","status":"publish","type":"page","link":"https:\/\/drivercarrental.ae\/fr\/blog\/","title":{"rendered":"Blog"},"content":{"rendered":"\t\t<div data-elementor-type=\"wp-page\" data-elementor-id=\"10726\" class=\"elementor elementor-10726\" data-elementor-post-type=\"page\">\n\t\t\t\t\t\t<section class=\"elementor-section elementor-top-section elementor-element elementor-element-c9af91f elementor-section-boxed elementor-section-height-default elementor-section-height-default\" data-id=\"c9af91f\" data-element_type=\"section\">\n\t\t\t\t\t\t<div class=\"elementor-container elementor-column-gap-default\">\n\t\t\t\t\t<div class=\"elementor-column elementor-col-100 elementor-top-column elementor-element elementor-element-0385373\" data-id=\"0385373\" data-element_type=\"column\">\n\t\t\t<div class=\"elementor-column-wrap--0385373 elementor-widget-wrap elementor-element-populated\">\n\t\t\t\t\t\t<div class=\"elementor-element elementor-element-86d76a0 elementor-grid-3 elementor-grid-tablet-2 elementor-grid-mobile-1 elementor-posts--thumbnail-top elementor-card-shadow-yes elementor-posts__hover-gradient elementor-widget elementor-widget-posts\" data-id=\"86d76a0\" data-element_type=\"widget\" data-settings=\"{&quot;cards_columns&quot;:&quot;3&quot;,&quot;cards_columns_tablet&quot;:&quot;2&quot;,&quot;cards_columns_mobile&quot;:&quot;1&quot;,&quot;cards_row_gap&quot;:{&quot;unit&quot;:&quot;px&quot;,&quot;size&quot;:35,&quot;sizes&quot;:[]},&quot;cards_row_gap_tablet&quot;:{&quot;unit&quot;:&quot;px&quot;,&quot;size&quot;:&quot;&quot;,&quot;sizes&quot;:[]},&quot;cards_row_gap_mobile&quot;:{&quot;unit&quot;:&quot;px&quot;,&quot;size&quot;:&quot;&quot;,&quot;sizes&quot;:[]}}\" data-widget_type=\"posts.cards\">\n\t\t\t\t<div class=\"elementor-widget-container\">\n\t\t\t\t\t<div class=\"elementor-posts-container elementor-posts elementor-posts--skin-cards elementor-grid\">\n\t\t\t\t<article class=\"elementor-post elementor-grid-item post-13154 post type-post status-publish format-standard has-post-thumbnail hentry category-blogs\">\n\t\t\t<div class=\"elementor-post__card\">\n\t\t\t\t<a class=\"elementor-post__thumbnail__link\" href=\"https:\/\/drivercarrental.ae\/fr\/les-meilleurs-sites-touristiques-de-dubai-en-voiture-de-location-guide-des-routes-emblematiques-et-pittoresques\/\" tabindex=\"-1\" ><div class=\"elementor-post__thumbnail\"><img fetchpriority=\"high\" decoding=\"async\" width=\"300\" height=\"263\" src=\"https:\/\/drivercarrental.ae\/fr\/wp-content\/uploads\/2024\/06\/Mitsubishi-Attrage-2021-1-300x263.jpg\" class=\"attachment-medium size-medium wp-image-12932\" alt=\"\" srcset=\"https:\/\/drivercarrental.ae\/fr\/wp-content\/uploads\/2024\/06\/Mitsubishi-Attrage-2021-1-300x263.jpg 300w, https:\/\/drivercarrental.ae\/fr\/wp-content\/uploads\/2024\/06\/Mitsubishi-Attrage-2021-1.jpg 450w\" sizes=\"(max-width: 300px) 100vw, 300px\" \/><\/div><\/a>\n\t\t\t\t<div class=\"elementor-post__badge\">BLogs<\/div>\n\t\t\t\t<div class=\"elementor-post__text\">\n\t\t\t\t<h3 class=\"elementor-post__title\">\n\t\t\t<a href=\"https:\/\/drivercarrental.ae\/fr\/les-meilleurs-sites-touristiques-de-dubai-en-voiture-de-location-guide-des-routes-emblematiques-et-pittoresques\/\" >\n\t\t\t\tLes meilleurs sites touristiques de Duba\u00ef en voiture de location : guide des routes embl\u00e9matiques et pittoresques\t\t\t<\/a>\n\t\t<\/h3>\n\t\t\n\t\t<a class=\"elementor-post__read-more\" href=\"https:\/\/drivercarrental.ae\/fr\/les-meilleurs-sites-touristiques-de-dubai-en-voiture-de-location-guide-des-routes-emblematiques-et-pittoresques\/\" aria-label=\"Read more about Les meilleurs sites touristiques de Duba\u00ef en voiture de location : guide des routes embl\u00e9matiques et pittoresques\" tabindex=\"-1\" >\n\t\t\tRead More \u00bb\t\t<\/a>\n\n\t\t\t\t<\/div>\n\t\t\t\t<div class=\"elementor-post__meta-data\">\n\t\t\t\t\t<span class=\"elementor-post-date\">\n\t\t\t01\/11\/2025\t\t<\/span>\n\t\t\t\t<span class=\"elementor-post-avatar\">\n\t\t\tNo Comments\t\t<\/span>\n\t\t\t\t<\/div>\n\t\t\t\t\t<\/div>\n\t\t<\/article>\n\t\t\t\t<article class=\"elementor-post elementor-grid-item post-13146 post type-post status-publish format-standard has-post-thumbnail hentry category-blogs\">\n\t\t\t<div class=\"elementor-post__card\">\n\t\t\t\t<a class=\"elementor-post__thumbnail__link\" href=\"https:\/\/drivercarrental.ae\/fr\/avantages-de-la-location-de-voiture-pas-chere-a-dubai\/\" tabindex=\"-1\" ><div class=\"elementor-post__thumbnail\"><img decoding=\"async\" width=\"300\" height=\"94\" src=\"https:\/\/drivercarrental.ae\/fr\/wp-content\/uploads\/2025\/01\/Cheap-Car-Rental-Dubai-Benefits-1536x480-1-300x94.webp\" class=\"attachment-medium size-medium wp-image-13147\" alt=\"Avantages de la location de voiture pas ch\u00e8re \u00e0 Duba\u00ef\" srcset=\"https:\/\/drivercarrental.ae\/fr\/wp-content\/uploads\/2025\/01\/Cheap-Car-Rental-Dubai-Benefits-1536x480-1-300x94.webp 300w, https:\/\/drivercarrental.ae\/fr\/wp-content\/uploads\/2025\/01\/Cheap-Car-Rental-Dubai-Benefits-1536x480-1-1024x320.webp 1024w, https:\/\/drivercarrental.ae\/fr\/wp-content\/uploads\/2025\/01\/Cheap-Car-Rental-Dubai-Benefits-1536x480-1-768x240.webp 768w, https:\/\/drivercarrental.ae\/fr\/wp-content\/uploads\/2025\/01\/Cheap-Car-Rental-Dubai-Benefits-1536x480-1-600x188.webp 600w, https:\/\/drivercarrental.ae\/fr\/wp-content\/uploads\/2025\/01\/Cheap-Car-Rental-Dubai-Benefits-1536x480-1-800x250.webp 800w, https:\/\/drivercarrental.ae\/fr\/wp-content\/uploads\/2025\/01\/Cheap-Car-Rental-Dubai-Benefits-1536x480-1.webp 1536w\" sizes=\"(max-width: 300px) 100vw, 300px\" \/><\/div><\/a>\n\t\t\t\t<div class=\"elementor-post__badge\">BLogs<\/div>\n\t\t\t\t<div class=\"elementor-post__text\">\n\t\t\t\t<h3 class=\"elementor-post__title\">\n\t\t\t<a href=\"https:\/\/drivercarrental.ae\/fr\/avantages-de-la-location-de-voiture-pas-chere-a-dubai\/\" >\n\t\t\t\tAvantages de la location de voiture pas ch\u00e8re \u00e0 Duba\u00ef\t\t\t<\/a>\n\t\t<\/h3>\n\t\t\n\t\t<a class=\"elementor-post__read-more\" href=\"https:\/\/drivercarrental.ae\/fr\/avantages-de-la-location-de-voiture-pas-chere-a-dubai\/\" aria-label=\"Read more about Avantages de la location de voiture pas ch\u00e8re \u00e0 Duba\u00ef\" tabindex=\"-1\" >\n\t\t\tRead More \u00bb\t\t<\/a>\n\n\t\t\t\t<\/div>\n\t\t\t\t<div class=\"elementor-post__meta-data\">\n\t\t\t\t\t<span class=\"elementor-post-date\">\n\t\t\t01\/11\/2025\t\t<\/span>\n\t\t\t\t<span class=\"elementor-post-avatar\">\n\t\t\tNo Comments\t\t<\/span>\n\t\t\t\t<\/div>\n\t\t\t\t\t<\/div>\n\t\t<\/article>\n\t\t\t\t<article class=\"elementor-post elementor-grid-item post-13138 post type-post status-publish format-standard has-post-thumbnail hentry category-blogs\">\n\t\t\t<div class=\"elementor-post__card\">\n\t\t\t\t<a class=\"elementor-post__thumbnail__link\" href=\"https:\/\/drivercarrental.ae\/fr\/location-de-voiture-pas-chere-par-jour-a-dubai\/\" tabindex=\"-1\" ><div class=\"elementor-post__thumbnail\"><img decoding=\"async\" width=\"300\" height=\"94\" src=\"https:\/\/drivercarrental.ae\/fr\/wp-content\/uploads\/2025\/01\/Driver-Car-Rental-offers-the-best-services-when-it-comes-to-not-only-renting-a-car-with-driver-in-Dubai-but-also-cheap-car-rentals-Dubai-1536x480-1-300x94.webp\" class=\"attachment-medium size-medium wp-image-13143\" alt=\"Location de voiture pas ch\u00e8re par jour \u00e0 Duba\u00ef\" srcset=\"https:\/\/drivercarrental.ae\/fr\/wp-content\/uploads\/2025\/01\/Driver-Car-Rental-offers-the-best-services-when-it-comes-to-not-only-renting-a-car-with-driver-in-Dubai-but-also-cheap-car-rentals-Dubai-1536x480-1-300x94.webp 300w, https:\/\/drivercarrental.ae\/fr\/wp-content\/uploads\/2025\/01\/Driver-Car-Rental-offers-the-best-services-when-it-comes-to-not-only-renting-a-car-with-driver-in-Dubai-but-also-cheap-car-rentals-Dubai-1536x480-1-1024x320.webp 1024w, https:\/\/drivercarrental.ae\/fr\/wp-content\/uploads\/2025\/01\/Driver-Car-Rental-offers-the-best-services-when-it-comes-to-not-only-renting-a-car-with-driver-in-Dubai-but-also-cheap-car-rentals-Dubai-1536x480-1-768x240.webp 768w, https:\/\/drivercarrental.ae\/fr\/wp-content\/uploads\/2025\/01\/Driver-Car-Rental-offers-the-best-services-when-it-comes-to-not-only-renting-a-car-with-driver-in-Dubai-but-also-cheap-car-rentals-Dubai-1536x480-1-600x188.webp 600w, https:\/\/drivercarrental.ae\/fr\/wp-content\/uploads\/2025\/01\/Driver-Car-Rental-offers-the-best-services-when-it-comes-to-not-only-renting-a-car-with-driver-in-Dubai-but-also-cheap-car-rentals-Dubai-1536x480-1-800x250.webp 800w, https:\/\/drivercarrental.ae\/fr\/wp-content\/uploads\/2025\/01\/Driver-Car-Rental-offers-the-best-services-when-it-comes-to-not-only-renting-a-car-with-driver-in-Dubai-but-also-cheap-car-rentals-Dubai-1536x480-1.webp 1536w\" sizes=\"(max-width: 300px) 100vw, 300px\" \/><\/div><\/a>\n\t\t\t\t<div class=\"elementor-post__badge\">BLogs<\/div>\n\t\t\t\t<div class=\"elementor-post__text\">\n\t\t\t\t<h3 class=\"elementor-post__title\">\n\t\t\t<a href=\"https:\/\/drivercarrental.ae\/fr\/location-de-voiture-pas-chere-par-jour-a-dubai\/\" >\n\t\t\t\tLocation de voiture pas ch\u00e8re par jour \u00e0 Duba\u00ef\t\t\t<\/a>\n\t\t<\/h3>\n\t\t\n\t\t<a class=\"elementor-post__read-more\" href=\"https:\/\/drivercarrental.ae\/fr\/location-de-voiture-pas-chere-par-jour-a-dubai\/\" aria-label=\"Read more about Location de voiture pas ch\u00e8re par jour \u00e0 Duba\u00ef\" tabindex=\"-1\" >\n\t\t\tRead More \u00bb\t\t<\/a>\n\n\t\t\t\t<\/div>\n\t\t\t\t<div class=\"elementor-post__meta-data\">\n\t\t\t\t\t<span class=\"elementor-post-date\">\n\t\t\t01\/11\/2025\t\t<\/span>\n\t\t\t\t<span class=\"elementor-post-avatar\">\n\t\t\tNo Comments\t\t<\/span>\n\t\t\t\t<\/div>\n\t\t\t\t\t<\/div>\n\t\t<\/article>\n\t\t\t\t<\/div>\n\t\t\n\t\t\t\t<\/div>\n\t\t\t\t<\/div>\n\t\t\t\t\t<\/div>\n\t\t<\/div>\n\t\t\t\t\t<\/div>\n\t\t<\/section>\n\t\t\t\t<\/div>\n\t\t","protected":false},"excerpt":{"rendered":"","protected":false},"author":6,"featured_media":0,"parent":0,"menu_order":0,"comment_status":"closed","ping_status":"closed","template":"template-builder.php","meta":{"_acf_changed":false,"footnotes":""},"acf":[],"yoast_head":"<!-- This site is optimized with the Yoast SEO plugin v23.7 - https:\/\/yoast.com\/wordpress\/plugins\/seo\/ -->\n<title>Discover Top Tips: Driver Car Rental Blog<\/title>\n<meta name=\"description\" content=\"Explore our blog for expert advice, tips, and insights on driver car rentals, helping you make informed decisions for your next ride.\" \/>\n<meta name=\"robots\" content=\"noindex, nofollow\" \/>\n<meta property=\"og:locale\" content=\"en_US\" \/>\n<meta property=\"og:type\" content=\"article\" \/>\n<meta property=\"og:title\" content=\"Discover Top Tips: Driver Car Rental Blog\" \/>\n<meta property=\"og:description\" content=\"Explore our blog for expert advice, tips, and insights on driver car rentals, helping you make informed decisions for your next ride.\" \/>\n<meta property=\"og:url\" content=\"https:\/\/drivercarrental.ae\/fr\/blog\/\" \/>\n<meta property=\"og:site_name\" content=\"DCR\" \/>\n<meta property=\"article:publisher\" content=\"https:\/\/www.facebook.com\/DriverCarRentalUAE\" \/>\n<meta property=\"article:modified_time\" content=\"2024-12-05T10:57:49+00:00\" \/>\n<meta property=\"og:image\" content=\"https:\/\/drivercarrental.ae\/fr\/wp-content\/uploads\/2024\/07\/5001-1oo09iuh.png\" \/>\n\t<meta property=\"og:image:width\" content=\"500\" \/>\n\t<meta property=\"og:image:height\" content=\"500\" \/>\n\t<meta property=\"og:image:type\" content=\"image\/png\" \/>\n<meta name=\"twitter:card\" content=\"summary_large_image\" \/>\n<script type=\"application\/ld+json\" class=\"yoast-schema-graph\">{\"@context\":\"https:\/\/schema.org\",\"@graph\":[{\"@type\":\"WebPage\",\"@id\":\"https:\/\/drivercarrental.ae\/fr\/blog\/\",\"url\":\"https:\/\/drivercarrental.ae\/fr\/blog\/\",\"name\":\"Discover Top Tips: Driver Car Rental Blog\",\"isPartOf\":{\"@id\":\"https:\/\/drivercarrental.ae\/fr\/#website\"},\"datePublished\":\"2024-05-01T09:25:04+00:00\",\"dateModified\":\"2024-12-05T10:57:49+00:00\",\"description\":\"Explore our blog for expert advice, tips, and insights on driver car rentals, helping you make informed decisions for your next ride.\",\"breadcrumb\":{\"@id\":\"https:\/\/drivercarrental.ae\/fr\/blog\/#breadcrumb\"},\"inLanguage\":\"en-US\",\"potentialAction\":[{\"@type\":\"ReadAction\",\"target\":[\"https:\/\/drivercarrental.ae\/fr\/blog\/\"]}]},{\"@type\":\"BreadcrumbList\",\"@id\":\"https:\/\/drivercarrental.ae\/fr\/blog\/#breadcrumb\",\"itemListElement\":[{\"@type\":\"ListItem\",\"position\":1,\"name\":\"Home\",\"item\":\"https:\/\/drivercarrental.ae\/fr\/\"},{\"@type\":\"ListItem\",\"position\":2,\"name\":\"Blog\"}]},{\"@type\":\"WebSite\",\"@id\":\"https:\/\/drivercarrental.ae\/fr\/#website\",\"url\":\"https:\/\/drivercarrental.ae\/fr\/\",\"name\":\"Driver Car Rental Dubai\",\"description\":\"Driver Car Rental  Dubai\",\"publisher\":{\"@id\":\"https:\/\/drivercarrental.ae\/fr\/#organization\"},\"alternateName\":\"Cheapest Car Rental Dubai\",\"potentialAction\":[{\"@type\":\"SearchAction\",\"target\":{\"@type\":\"EntryPoint\",\"urlTemplate\":\"https:\/\/drivercarrental.ae\/fr\/?s={search_term_string}\"},\"query-input\":{\"@type\":\"PropertyValueSpecification\",\"valueRequired\":true,\"valueName\":\"search_term_string\"}}],\"inLanguage\":\"en-US\"},{\"@type\":\"Organization\",\"@id\":\"https:\/\/drivercarrental.ae\/fr\/#organization\",\"name\":\"Driver Car Rental Dubai\",\"alternateName\":\"Cheapest Car Rental Dubai\",\"url\":\"https:\/\/drivercarrental.ae\/fr\/\",\"logo\":{\"@type\":\"ImageObject\",\"inLanguage\":\"en-US\",\"@id\":\"https:\/\/drivercarrental.ae\/fr\/#\/schema\/logo\/image\/\",\"url\":\"https:\/\/drivercarrental.ae\/fr\/wp-content\/uploads\/2024\/07\/5001-1oo09iuh.png\",\"contentUrl\":\"https:\/\/drivercarrental.ae\/fr\/wp-content\/uploads\/2024\/07\/5001-1oo09iuh.png\",\"width\":500,\"height\":500,\"caption\":\"Driver Car Rental Dubai\"},\"image\":{\"@id\":\"https:\/\/drivercarrental.ae\/fr\/#\/schema\/logo\/image\/\"},\"sameAs\":[\"https:\/\/www.facebook.com\/DriverCarRentalUAE\"]}]}<\/script>\n<!-- \/ Yoast SEO plugin. -->","yoast_head_json":{"title":"Discover Top Tips: Driver Car Rental Blog","description":"Explore our blog for expert advice, tips, and insights on driver car rentals, helping you make informed decisions for your next ride.","robots":{"index":"noindex","follow":"nofollow"},"og_locale":"en_US","og_type":"article","og_title":"Discover Top Tips: Driver Car Rental Blog","og_description":"Explore our blog for expert advice, tips, and insights on driver car rentals, helping you make informed decisions for your next ride.","og_url":"https:\/\/drivercarrental.ae\/fr\/blog\/","og_site_name":"DCR","article_publisher":"https:\/\/www.facebook.com\/DriverCarRentalUAE","article_modified_time":"2024-12-05T10:57:49+00:00","og_image":[{"width":500,"height":500,"url":"https:\/\/drivercarrental.ae\/fr\/wp-content\/uploads\/2024\/07\/5001-1oo09iuh.png","type":"image\/png"}],"twitter_card":"summary_large_image","schema":{"@context":"https:\/\/schema.org","@graph":[{"@type":"WebPage","@id":"https:\/\/drivercarrental.ae\/fr\/blog\/","url":"https:\/\/drivercarrental.ae\/fr\/blog\/","name":"Discover Top Tips: Driver Car Rental Blog","isPartOf":{"@id":"https:\/\/drivercarrental.ae\/fr\/#website"},"datePublished":"2024-05-01T09:25:04+00:00","dateModified":"2024-12-05T10:57:49+00:00","description":"Explore our blog for expert advice, tips, and insights on driver car rentals, helping you make informed decisions for your next ride.","breadcrumb":{"@id":"https:\/\/drivercarrental.ae\/fr\/blog\/#breadcrumb"},"inLanguage":"en-US","potentialAction":[{"@type":"ReadAction","target":["https:\/\/drivercarrental.ae\/fr\/blog\/"]}]},{"@type":"BreadcrumbList","@id":"https:\/\/drivercarrental.ae\/fr\/blog\/#breadcrumb","itemListElement":[{"@type":"ListItem","position":1,"name":"Home","item":"https:\/\/drivercarrental.ae\/fr\/"},{"@type":"ListItem","position":2,"name":"Blog"}]},{"@type":"WebSite","@id":"https:\/\/drivercarrental.ae\/fr\/#website","url":"https:\/\/drivercarrental.ae\/fr\/","name":"Driver Car Rental Dubai","description":"Driver Car Rental  Dubai","publisher":{"@id":"https:\/\/drivercarrental.ae\/fr\/#organization"},"alternateName":"Cheapest Car Rental Dubai","potentialAction":[{"@type":"SearchAction","target":{"@type":"EntryPoint","urlTemplate":"https:\/\/drivercarrental.ae\/fr\/?s={search_term_string}"},"query-input":{"@type":"PropertyValueSpecification","valueRequired":true,"valueName":"search_term_string"}}],"inLanguage":"en-US"},{"@type":"Organization","@id":"https:\/\/drivercarrental.ae\/fr\/#organization","name":"Driver Car Rental Dubai","alternateName":"Cheapest Car Rental Dubai","url":"https:\/\/drivercarrental.ae\/fr\/","logo":{"@type":"ImageObject","inLanguage":"en-US","@id":"https:\/\/drivercarrental.ae\/fr\/#\/schema\/logo\/image\/","url":"https:\/\/drivercarrental.ae\/fr\/wp-content\/uploads\/2024\/07\/5001-1oo09iuh.png","contentUrl":"https:\/\/drivercarrental.ae\/fr\/wp-content\/uploads\/2024\/07\/5001-1oo09iuh.png","width":500,"height":500,"caption":"Driver Car Rental Dubai"},"image":{"@id":"https:\/\/drivercarrental.ae\/fr\/#\/schema\/logo\/image\/"},"sameAs":["https:\/\/www.facebook.com\/DriverCarRentalUAE"]}]}},"_links":{"self":[{"href":"https:\/\/drivercarrental.ae\/fr\/wp-json\/wp\/v2\/pages\/10726"}],"collection":[{"href":"https:\/\/drivercarrental.ae\/fr\/wp-json\/wp\/v2\/pages"}],"about":[{"href":"https:\/\/drivercarrental.ae\/fr\/wp-json\/wp\/v2\/types\/page"}],"author":[{"embeddable":true,"href":"https:\/\/drivercarrental.ae\/fr\/wp-json\/wp\/v2\/users\/6"}],"replies":[{"embeddable":true,"href":"https:\/\/drivercarrental.ae\/fr\/wp-json\/wp\/v2\/comments?post=10726"}],"version-history":[{"count":15,"href":"https:\/\/drivercarrental.ae\/fr\/wp-json\/wp\/v2\/pages\/10726\/revisions"}],"predecessor-version":[{"id":11909,"href":"https:\/\/drivercarrental.ae\/fr\/wp-json\/wp\/v2\/pages\/10726\/revisions\/11909"}],"wp:attachment":[{"href":"https:\/\/drivercarrental.ae\/fr\/wp-json\/wp\/v2\/media?parent=10726"}],"curies":[{"name":"wp","href":"https:\/\/api.w.org\/{rel}","templated":true}]}}