{"id":2426,"date":"2022-07-02T09:22:23","date_gmt":"2022-07-02T16:22:23","guid":{"rendered":"http:\/\/demos.reytheme.com\/london\/?page_id=954"},"modified":"2024-12-05T15:00:06","modified_gmt":"2024-12-05T11:00:06","slug":"contact-us","status":"publish","type":"page","link":"https:\/\/drivercarrental.ae\/fr\/contact-us\/","title":{"rendered":"Contact"},"content":{"rendered":"\t\t<div data-elementor-type=\"wp-post\" data-elementor-id=\"2426\" class=\"elementor elementor-2426\" data-elementor-post-type=\"page\">\n\t\t\t\t\t\t<section class=\"elementor-section elementor-top-section elementor-element elementor-element-318342e elementor-section-boxed elementor-section-height-default elementor-section-height-default\" data-id=\"318342e\" data-element_type=\"section\">\n\t\t\t\t\t\t<div class=\"elementor-container elementor-column-gap-default\">\n\t\t\t\t\t<div class=\"elementor-column elementor-col-100 elementor-top-column elementor-element elementor-element-3c5da72\" data-id=\"3c5da72\" data-element_type=\"column\">\n\t\t\t<div class=\"elementor-column-wrap--3c5da72 elementor-widget-wrap elementor-element-populated\">\n\t\t\t\t\t\t<div class=\"elementor-element elementor-element-477cd92 elementor-widget elementor-widget-spacer\" data-id=\"477cd92\" data-element_type=\"widget\" data-widget_type=\"spacer.default\">\n\t\t\t\t<div class=\"elementor-widget-container\">\n\t\t\t\t\t<div class=\"elementor-spacer\">\n\t\t\t<div class=\"elementor-spacer-inner\"><\/div>\n\t\t<\/div>\n\t\t\t\t<\/div>\n\t\t\t\t<\/div>\n\t\t\t\t<div class=\"elementor-element elementor-element-d8348ac elementor-widget__width-auto --il--left --il--tablet-right elementor-widget elementor-widget-heading\" data-id=\"d8348ac\" data-element_type=\"widget\" data-widget_type=\"heading.default\">\n\t\t\t\t<div class=\"elementor-widget-container\">\n\t\t\t<h2 class=\"elementor-heading-title elementor-size-default\">CONTACTEZ-NOUS<\/h2>\t\t<\/div>\n\t\t\t\t<\/div>\n\t\t\t\t<div class=\"elementor-element elementor-element-943fe58 elementor-widget elementor-widget-text-editor\" data-id=\"943fe58\" data-element_type=\"widget\" data-widget_type=\"text-editor.default\">\n\t\t\t\t<div class=\"elementor-widget-container\">\n\t\t\t\t\t\t\t<p>Si vous avez des questions sp\u00e9cifiques, des commentaires ou des suggestions, n&#8217;h\u00e9sitez pas \u00e0 nous contacter en remplissant le formulaire ci-dessous.<\/p>\t\t\t\t\t\t<\/div>\n\t\t\t\t<\/div>\n\t\t\t\t\t<\/div>\n\t\t<\/div>\n\t\t\t\t\t<\/div>\n\t\t<\/section>\n\t\t\t\t<section class=\"elementor-section elementor-top-section elementor-element elementor-element-1f9f655 elementor-section-boxed elementor-section-height-default elementor-section-height-default\" data-id=\"1f9f655\" data-element_type=\"section\">\n\t\t\t\t\t\t<div class=\"elementor-container elementor-column-gap-default\">\n\t\t\t\t\t<div class=\"rey-lazyBg elementor-column elementor-col-50 elementor-top-column elementor-element elementor-element-c723566 rey-colbg--classic\" data-id=\"c723566\" data-element_type=\"column\" data-settings=\"{&quot;background_background&quot;:&quot;classic&quot;}\">\n\t\t\t<div class=\"elementor-column-wrap--c723566 elementor-widget-wrap elementor-element-populated\">\n\t\t\t\t\t\t<div class=\"elementor-element elementor-element-13a16df elementor-widget elementor-widget-wpforms\" data-id=\"13a16df\" data-element_type=\"widget\" data-widget_type=\"wpforms.default\">\n\t\t\t\t<div class=\"elementor-widget-container\">\n\t\t\t<div class=\"wpforms-container wpforms-container-full\" id=\"wpforms-10253\"><form id=\"wpforms-form-10253\" class=\"wpforms-validate wpforms-form wpforms-ajax-form\" data-formid=\"10253\" method=\"post\" enctype=\"multipart\/form-data\" action=\"\/fr\/wp-json\/wp\/v2\/pages\/2426\" data-token=\"0d8b2168d5716aca1ec680a2b4bc2e15\"><noscript class=\"wpforms-error-noscript\">Please enable JavaScript in your browser to complete this form.<\/noscript><div class=\"wpforms-field-container\"><div id=\"wpforms-10253-field_0-container\" class=\"wpforms-field wpforms-field-name\" data-field-id=\"0\"><label class=\"wpforms-field-label\" for=\"wpforms-10253-field_0\">Name <span class=\"wpforms-required-label\">*<\/span><\/label><input type=\"text\" id=\"wpforms-10253-field_0\" class=\"wpforms-field-large wpforms-field-required\" name=\"wpforms[fields][0]\" required><\/div><div id=\"wpforms-10253-field_4-container\" class=\"wpforms-field wpforms-field-phone\" data-field-id=\"4\"><label class=\"wpforms-field-label\" for=\"wpforms-10253-field_4\">Phone <span class=\"wpforms-required-label\">*<\/span><\/label><input type=\"tel\" id=\"wpforms-10253-field_4\" class=\"wpforms-field-large wpforms-field-required\" data-rule-int-phone-field=\"true\" name=\"wpforms[fields][4]\" required><\/div><div id=\"wpforms-10253-field_1-container\" class=\"wpforms-field wpforms-field-email\" data-field-id=\"1\"><label class=\"wpforms-field-label\" for=\"wpforms-10253-field_1\">Email <span class=\"wpforms-required-label\">*<\/span><\/label><input type=\"email\" id=\"wpforms-10253-field_1\" class=\"wpforms-field-large wpforms-field-required\" name=\"wpforms[fields][1]\" required><\/div><div id=\"wpforms-10253-field_9-container\" class=\"wpforms-field wpforms-field-textarea\" data-field-id=\"9\"><label class=\"wpforms-field-label\" for=\"wpforms-10253-field_9\">Message \/ Comments <span class=\"wpforms-required-label\">*<\/span><\/label><textarea id=\"wpforms-10253-field_9\" class=\"wpforms-field-medium wpforms-field-required\" name=\"wpforms[fields][9]\" required><\/textarea><\/div><\/div><input type=\"hidden\" name=\"wpforms[recaptcha]\" value=\"\"><div class=\"wpforms-submit-container\"><input type=\"hidden\" name=\"wpforms[id]\" value=\"10253\"><input type=\"hidden\" name=\"wpforms[author]\" value=\"6\"><button type=\"submit\" name=\"wpforms[submit]\" id=\"wpforms-submit-10253\" class=\"wpforms-submit\" data-alt-text=\"Sending...\" data-submit-text=\"Submit\" aria-live=\"assertive\" value=\"wpforms-submit\">Submit<\/button><img decoding=\"async\" src=\"https:\/\/drivercarrental.ae\/fr\/wp-content\/plugins\/wpforms\/assets\/images\/submit-spin.svg\" class=\"wpforms-submit-spinner\" style=\"display: none;\" width=\"26\" height=\"26\" alt=\"Loading\"><\/div><\/form><\/div>  <!-- .wpforms-container -->\t\t<\/div>\n\t\t\t\t<\/div>\n\t\t\t\t\t<\/div>\n\t\t<\/div>\n\t\t\t\t<div class=\"rey-lazyBg elementor-column elementor-col-50 elementor-top-column elementor-element elementor-element-27fecff rey-colbg--classic\" data-id=\"27fecff\" data-element_type=\"column\" data-settings=\"{&quot;background_background&quot;:&quot;classic&quot;}\">\n\t\t\t<div class=\"elementor-column-wrap--27fecff elementor-widget-wrap elementor-element-populated\">\n\t\t\t\t\t\t<div class=\"elementor-element elementor-element-f0bc003 elementor-widget elementor-widget-heading\" data-id=\"f0bc003\" data-element_type=\"widget\" data-widget_type=\"heading.default\">\n\t\t\t\t<div class=\"elementor-widget-container\">\n\t\t\t<h3 class=\"elementor-heading-title elementor-size-small\">ADRESSE DU BUREAU<\/h3>\t\t<\/div>\n\t\t\t\t<\/div>\n\t\t\t\t<div class=\"elementor-element elementor-element-9041766 elementor-icon-list--layout-inline elementor-widget__width-auto --il--stretch elementor-list-item-link-full_width elementor-widget elementor-widget-icon-list\" data-id=\"9041766\" data-element_type=\"widget\" data-widget_type=\"icon-list.default\">\n\t\t\t\t<div class=\"elementor-widget-container\">\n\t\t\t\t\t<ul class=\"elementor-icon-list-items elementor-inline-items\">\n\t\t\t\t\t\t\t<li class=\"elementor-icon-list-item elementor-inline-item\">\n\t\t\t\t\t\t\t\t\t\t\t<span class=\"elementor-icon-list-icon\">\n\t\t\t\t\t\t\t<i aria-hidden=\"true\" class=\"fas fa-map-marker-alt\"><\/i>\t\t\t\t\t\t<\/span>\n\t\t\t\t\t\t\t\t\t\t<span class=\"elementor-icon-list-text\">AL JADAF, DUBAI<\/span>\n\t\t\t\t\t\t\t\t\t<\/li>\n\t\t\t\t\t\t<\/ul>\n\t\t\t\t<\/div>\n\t\t\t\t<\/div>\n\t\t\t\t<div class=\"elementor-element elementor-element-7193dbf elementor-widget elementor-widget-heading\" data-id=\"7193dbf\" data-element_type=\"widget\" data-widget_type=\"heading.default\">\n\t\t\t\t<div class=\"elementor-widget-container\">\n\t\t\t<h3 class=\"elementor-heading-title elementor-size-small\">HORAIRES D'OUVERTURE<\/h3>\t\t<\/div>\n\t\t\t\t<\/div>\n\t\t\t\t<div class=\"elementor-element elementor-element-0c139a0 elementor-widget__width-auto --il--stretch elementor-widget elementor-widget-text-editor\" data-id=\"0c139a0\" data-element_type=\"widget\" data-widget_type=\"text-editor.default\">\n\t\t\t\t<div class=\"elementor-widget-container\">\n\t\t\t\t\t\t\t<p>Monday &#8211; Saturday<br \/>9 AM to 7 PM<\/p>\t\t\t\t\t\t<\/div>\n\t\t\t\t<\/div>\n\t\t\t\t<div class=\"elementor-element elementor-element-5dcb584 elementor-widget elementor-widget-heading\" data-id=\"5dcb584\" data-element_type=\"widget\" data-widget_type=\"heading.default\">\n\t\t\t\t<div class=\"elementor-widget-container\">\n\t\t\t<h3 class=\"elementor-heading-title elementor-size-small\">T\u00c9L\u00c9PHONE<\/h3>\t\t<\/div>\n\t\t\t\t<\/div>\n\t\t\t\t<div class=\"elementor-element elementor-element-1be18a9 elementor-widget elementor-widget-text-editor\" data-id=\"1be18a9\" data-element_type=\"widget\" data-widget_type=\"text-editor.default\">\n\t\t\t\t<div class=\"elementor-widget-container\">\n\t\t\t\t\t\t\t<strong><a href=\"tel:+971547566075\" data-dtype=\"d3ph\" data-local-attribute=\"d3ph\" data-ved=\"2ahUKEwiFwaK_0Nz5AhUNg_0HHShXC18QkAgoAHoECHoQAw\"><span aria-label=\"Call phone number 050 301 2688\">+971 54 756 6075<\/span><\/a><\/strong>\t\t\t\t\t\t<\/div>\n\t\t\t\t<\/div>\n\t\t\t\t<div class=\"elementor-element elementor-element-8199835 elementor-widget elementor-widget-text-editor\" data-id=\"8199835\" data-element_type=\"widget\" data-widget_type=\"text-editor.default\">\n\t\t\t\t<div class=\"elementor-widget-container\">\n\t\t\t\t\t\t\t<strong><a href=\"tel:+971504734471\" data-dtype=\"d3ph\" data-local-attribute=\"d3ph\" data-ved=\"2ahUKEwiFwaK_0Nz5AhUNg_0HHShXC18QkAgoAHoECHoQAw\"><span aria-label=\"Call phone number 050 301 2688\">+971 50 473 4471<\/span><\/a><\/strong>\t\t\t\t\t\t<\/div>\n\t\t\t\t<\/div>\n\t\t\t\t<div class=\"elementor-element elementor-element-dd36bd9 elementor-widget elementor-widget-text-editor\" data-id=\"dd36bd9\" data-element_type=\"widget\" data-widget_type=\"text-editor.default\">\n\t\t\t\t<div class=\"elementor-widget-container\">\n\t\t\t\t\t\t\t<p><strong><a href=\"mailto:drivercarrental30@gmail.com\">drivercarrental30@gmail.com<\/a><\/strong><\/p>\t\t\t\t\t\t<\/div>\n\t\t\t\t<\/div>\n\t\t\t\t\t<\/div>\n\t\t<\/div>\n\t\t\t\t\t<\/div>\n\t\t<\/section>\n\t\t\t\t<section class=\"elementor-section elementor-top-section elementor-element elementor-element-39620a2 elementor-section-boxed elementor-section-height-default elementor-section-height-default\" data-id=\"39620a2\" data-element_type=\"section\">\n\t\t\t\t\t\t<div class=\"elementor-container elementor-column-gap-default\">\n\t\t\t\t\t<div class=\"elementor-column elementor-col-100 elementor-top-column elementor-element elementor-element-8d8ee8a\" data-id=\"8d8ee8a\" data-element_type=\"column\">\n\t\t\t<div class=\"elementor-column-wrap--8d8ee8a elementor-widget-wrap elementor-element-populated\">\n\t\t\t\t\t\t<div class=\"elementor-element elementor-element-6db29ef elementor-widget elementor-widget-html\" data-id=\"6db29ef\" data-element_type=\"widget\" data-widget_type=\"html.default\">\n\t\t\t\t<div class=\"elementor-widget-container\">\n\t\t\t<iframe src=\"https:\/\/www.google.com\/maps\/embed?pb=!1m18!1m12!1m3!1d3608.502476101392!2d55.333385500000006!3d25.253677099999997!2m3!1f0!2f0!3f0!3m2!1i1024!2i768!4f13.1!3m3!1m2!1s0x3e5f5d14111e505b%3A0x5b0ebbd9a1a27389!2sCar%20For%20Rent%20By%20Driver%20Car%20Rental%20(Cheap%20Car%20Rental%20Dubai%2C%20Monthly%20Car%20Rental%20Dubai)!5e0!3m2!1sen!2s!4v1724762686080!5m2!1sen!2s\" width=\"100%\" height=\"450\" style=\"border:0;\" allowfullscreen=\"\" loading=\"lazy\" referrerpolicy=\"no-referrer-when-downgrade\"><\/iframe>\t\t<\/div>\n\t\t\t\t<\/div>\n\t\t\t\t\t<\/div>\n\t\t<\/div>\n\t\t\t\t\t<\/div>\n\t\t<\/section>\n\t\t\t\t<\/div>\n\t\t","protected":false},"excerpt":{"rendered":"<p>CONTACTEZ-NOUS Si vous avez des questions sp\u00e9cifiques, des commentaires ou des suggestions, n&#8217;h\u00e9sitez pas \u00e0 nous contacter en remplissant le formulaire ci-dessous. ADRESSE DU BUREAU AL JADAF, DUBAI HORAIRES D&#8217;OUVERTURE Monday &#8211; Saturday9 AM to 7 PM T\u00c9L\u00c9PHONE +971 54 756 6075+971 50 473 4471 drivercarrental30@gmail.com<\/p>\n","protected":false},"author":6,"featured_media":0,"parent":0,"menu_order":0,"comment_status":"closed","ping_status":"closed","template":"template-builder.php","meta":{"_acf_changed":false,"footnotes":""},"acf":[],"yoast_head":"<!-- This site is optimized with the Yoast SEO plugin v23.7 - https:\/\/yoast.com\/wordpress\/plugins\/seo\/ -->\n<title>Contact Us - Driver Car Rental Services<\/title>\n<meta name=\"description\" content=\"Reach out to Driver Car Rental for any queries or support. We&#039;re here to assist with bookings, services, and more. Get in touch today\" \/>\n<meta name=\"robots\" content=\"noindex, nofollow\" \/>\n<meta property=\"og:locale\" content=\"en_US\" \/>\n<meta property=\"og:type\" content=\"article\" \/>\n<meta property=\"og:title\" content=\"Contact Us - Driver Car Rental Services\" \/>\n<meta property=\"og:description\" content=\"Reach out to Driver Car Rental for any queries or support. We&#039;re here to assist with bookings, services, and more. Get in touch today\" \/>\n<meta property=\"og:url\" content=\"https:\/\/drivercarrental.ae\/fr\/contact-us\/\" \/>\n<meta property=\"og:site_name\" content=\"DCR\" \/>\n<meta property=\"article:publisher\" content=\"https:\/\/www.facebook.com\/DriverCarRentalUAE\" \/>\n<meta property=\"article:modified_time\" content=\"2024-12-05T11:00:06+00:00\" \/>\n<meta property=\"og:image\" content=\"https:\/\/drivercarrental.ae\/fr\/wp-content\/uploads\/2024\/07\/5001-1oo09iuh.png\" \/>\n\t<meta property=\"og:image:width\" content=\"500\" \/>\n\t<meta property=\"og:image:height\" content=\"500\" \/>\n\t<meta property=\"og:image:type\" content=\"image\/png\" \/>\n<meta name=\"twitter:card\" content=\"summary_large_image\" \/>\n<meta name=\"twitter:label1\" content=\"Est. reading time\" \/>\n\t<meta name=\"twitter:data1\" content=\"1 minute\" \/>\n<script type=\"application\/ld+json\" class=\"yoast-schema-graph\">{\"@context\":\"https:\/\/schema.org\",\"@graph\":[{\"@type\":\"WebPage\",\"@id\":\"https:\/\/drivercarrental.ae\/fr\/contact-us\/\",\"url\":\"https:\/\/drivercarrental.ae\/fr\/contact-us\/\",\"name\":\"Contact Us - Driver Car Rental Services\",\"isPartOf\":{\"@id\":\"https:\/\/drivercarrental.ae\/fr\/#website\"},\"datePublished\":\"2022-07-02T16:22:23+00:00\",\"dateModified\":\"2024-12-05T11:00:06+00:00\",\"description\":\"Reach out to Driver Car Rental for any queries or support. We're here to assist with bookings, services, and more. Get in touch today\",\"breadcrumb\":{\"@id\":\"https:\/\/drivercarrental.ae\/fr\/contact-us\/#breadcrumb\"},\"inLanguage\":\"en-US\",\"potentialAction\":[{\"@type\":\"ReadAction\",\"target\":[\"https:\/\/drivercarrental.ae\/fr\/contact-us\/\"]}]},{\"@type\":\"BreadcrumbList\",\"@id\":\"https:\/\/drivercarrental.ae\/fr\/contact-us\/#breadcrumb\",\"itemListElement\":[{\"@type\":\"ListItem\",\"position\":1,\"name\":\"Home\",\"item\":\"https:\/\/drivercarrental.ae\/fr\/\"},{\"@type\":\"ListItem\",\"position\":2,\"name\":\"Contact\"}]},{\"@type\":\"WebSite\",\"@id\":\"https:\/\/drivercarrental.ae\/fr\/#website\",\"url\":\"https:\/\/drivercarrental.ae\/fr\/\",\"name\":\"Driver Car Rental Dubai\",\"description\":\"Driver Car Rental  Dubai\",\"publisher\":{\"@id\":\"https:\/\/drivercarrental.ae\/fr\/#organization\"},\"alternateName\":\"Cheapest Car Rental Dubai\",\"potentialAction\":[{\"@type\":\"SearchAction\",\"target\":{\"@type\":\"EntryPoint\",\"urlTemplate\":\"https:\/\/drivercarrental.ae\/fr\/?s={search_term_string}\"},\"query-input\":{\"@type\":\"PropertyValueSpecification\",\"valueRequired\":true,\"valueName\":\"search_term_string\"}}],\"inLanguage\":\"en-US\"},{\"@type\":\"Organization\",\"@id\":\"https:\/\/drivercarrental.ae\/fr\/#organization\",\"name\":\"Driver Car Rental Dubai\",\"alternateName\":\"Cheapest Car Rental Dubai\",\"url\":\"https:\/\/drivercarrental.ae\/fr\/\",\"logo\":{\"@type\":\"ImageObject\",\"inLanguage\":\"en-US\",\"@id\":\"https:\/\/drivercarrental.ae\/fr\/#\/schema\/logo\/image\/\",\"url\":\"https:\/\/drivercarrental.ae\/fr\/wp-content\/uploads\/2024\/07\/5001-1oo09iuh.png\",\"contentUrl\":\"https:\/\/drivercarrental.ae\/fr\/wp-content\/uploads\/2024\/07\/5001-1oo09iuh.png\",\"width\":500,\"height\":500,\"caption\":\"Driver Car Rental Dubai\"},\"image\":{\"@id\":\"https:\/\/drivercarrental.ae\/fr\/#\/schema\/logo\/image\/\"},\"sameAs\":[\"https:\/\/www.facebook.com\/DriverCarRentalUAE\"]}]}<\/script>\n<!-- \/ Yoast SEO plugin. -->","yoast_head_json":{"title":"Contact Us - Driver Car Rental Services","description":"Reach out to Driver Car Rental for any queries or support. We're here to assist with bookings, services, and more. Get in touch today","robots":{"index":"noindex","follow":"nofollow"},"og_locale":"en_US","og_type":"article","og_title":"Contact Us - Driver Car Rental Services","og_description":"Reach out to Driver Car Rental for any queries or support. We're here to assist with bookings, services, and more. Get in touch today","og_url":"https:\/\/drivercarrental.ae\/fr\/contact-us\/","og_site_name":"DCR","article_publisher":"https:\/\/www.facebook.com\/DriverCarRentalUAE","article_modified_time":"2024-12-05T11:00:06+00:00","og_image":[{"width":500,"height":500,"url":"https:\/\/drivercarrental.ae\/fr\/wp-content\/uploads\/2024\/07\/5001-1oo09iuh.png","type":"image\/png"}],"twitter_card":"summary_large_image","twitter_misc":{"Est. reading time":"1 minute"},"schema":{"@context":"https:\/\/schema.org","@graph":[{"@type":"WebPage","@id":"https:\/\/drivercarrental.ae\/fr\/contact-us\/","url":"https:\/\/drivercarrental.ae\/fr\/contact-us\/","name":"Contact Us - Driver Car Rental Services","isPartOf":{"@id":"https:\/\/drivercarrental.ae\/fr\/#website"},"datePublished":"2022-07-02T16:22:23+00:00","dateModified":"2024-12-05T11:00:06+00:00","description":"Reach out to Driver Car Rental for any queries or support. We're here to assist with bookings, services, and more. Get in touch today","breadcrumb":{"@id":"https:\/\/drivercarrental.ae\/fr\/contact-us\/#breadcrumb"},"inLanguage":"en-US","potentialAction":[{"@type":"ReadAction","target":["https:\/\/drivercarrental.ae\/fr\/contact-us\/"]}]},{"@type":"BreadcrumbList","@id":"https:\/\/drivercarrental.ae\/fr\/contact-us\/#breadcrumb","itemListElement":[{"@type":"ListItem","position":1,"name":"Home","item":"https:\/\/drivercarrental.ae\/fr\/"},{"@type":"ListItem","position":2,"name":"Contact"}]},{"@type":"WebSite","@id":"https:\/\/drivercarrental.ae\/fr\/#website","url":"https:\/\/drivercarrental.ae\/fr\/","name":"Driver Car Rental Dubai","description":"Driver Car Rental  Dubai","publisher":{"@id":"https:\/\/drivercarrental.ae\/fr\/#organization"},"alternateName":"Cheapest Car Rental Dubai","potentialAction":[{"@type":"SearchAction","target":{"@type":"EntryPoint","urlTemplate":"https:\/\/drivercarrental.ae\/fr\/?s={search_term_string}"},"query-input":{"@type":"PropertyValueSpecification","valueRequired":true,"valueName":"search_term_string"}}],"inLanguage":"en-US"},{"@type":"Organization","@id":"https:\/\/drivercarrental.ae\/fr\/#organization","name":"Driver Car Rental Dubai","alternateName":"Cheapest Car Rental Dubai","url":"https:\/\/drivercarrental.ae\/fr\/","logo":{"@type":"ImageObject","inLanguage":"en-US","@id":"https:\/\/drivercarrental.ae\/fr\/#\/schema\/logo\/image\/","url":"https:\/\/drivercarrental.ae\/fr\/wp-content\/uploads\/2024\/07\/5001-1oo09iuh.png","contentUrl":"https:\/\/drivercarrental.ae\/fr\/wp-content\/uploads\/2024\/07\/5001-1oo09iuh.png","width":500,"height":500,"caption":"Driver Car Rental Dubai"},"image":{"@id":"https:\/\/drivercarrental.ae\/fr\/#\/schema\/logo\/image\/"},"sameAs":["https:\/\/www.facebook.com\/DriverCarRentalUAE"]}]}},"_links":{"self":[{"href":"https:\/\/drivercarrental.ae\/fr\/wp-json\/wp\/v2\/pages\/2426"}],"collection":[{"href":"https:\/\/drivercarrental.ae\/fr\/wp-json\/wp\/v2\/pages"}],"about":[{"href":"https:\/\/drivercarrental.ae\/fr\/wp-json\/wp\/v2\/types\/page"}],"author":[{"embeddable":true,"href":"https:\/\/drivercarrental.ae\/fr\/wp-json\/wp\/v2\/users\/6"}],"replies":[{"embeddable":true,"href":"https:\/\/drivercarrental.ae\/fr\/wp-json\/wp\/v2\/comments?post=2426"}],"version-history":[{"count":94,"href":"https:\/\/drivercarrental.ae\/fr\/wp-json\/wp\/v2\/pages\/2426\/revisions"}],"predecessor-version":[{"id":13068,"href":"https:\/\/drivercarrental.ae\/fr\/wp-json\/wp\/v2\/pages\/2426\/revisions\/13068"}],"wp:attachment":[{"href":"https:\/\/drivercarrental.ae\/fr\/wp-json\/wp\/v2\/media?parent=2426"}],"curies":[{"name":"wp","href":"https:\/\/api.w.org\/{rel}","templated":true}]}}