{"id":607,"date":"2019-05-28T06:33:07","date_gmt":"2019-05-28T06:33:07","guid":{"rendered":"http:\/\/demos.reytheme.com\/newyork\/?page_id=607"},"modified":"2024-12-05T14:57:25","modified_gmt":"2024-12-05T10:57:25","slug":"about-us","status":"publish","type":"page","link":"https:\/\/drivercarrental.ae\/fr\/about-us\/","title":{"rendered":"About us"},"content":{"rendered":"\t\t<div data-elementor-type=\"wp-post\" data-elementor-id=\"607\" class=\"elementor elementor-607\" data-elementor-post-type=\"page\">\n\t\t\t\t\t\t<section class=\"rey-lazyBg elementor-section elementor-top-section elementor-element elementor-element-3619d48 rey-section-bg--classic elementor-section-boxed elementor-section-height-default elementor-section-height-default\" data-id=\"3619d48\" data-element_type=\"section\" data-settings=\"{&quot;background_background&quot;:&quot;classic&quot;}\">\n\t\t\t\t\t\t<div class=\"elementor-container elementor-column-gap-default\">\n\t\t\t\t\t<div class=\"elementor-column elementor-col-100 elementor-top-column elementor-element elementor-element-9edd139\" data-id=\"9edd139\" data-element_type=\"column\">\n\t\t\t<div class=\"elementor-column-wrap--9edd139 elementor-widget-wrap elementor-element-populated\">\n\t\t\t\t\t\t<div class=\"elementor-element elementor-element-8767d65 elementor-widget__width-auto --il--left --il--tablet-right elementor-widget elementor-widget-heading\" data-id=\"8767d65\" data-element_type=\"widget\" data-widget_type=\"heading.default\">\n\t\t\t\t<div class=\"elementor-widget-container\">\n\t\t\t<h2 class=\"elementor-heading-title elementor-size-default\">\u00c0 propos de Driver Car Rental<\/h2>\t\t<\/div>\n\t\t\t\t<\/div>\n\t\t\t\t<div class=\"elementor-element elementor-element-26c06ea elementor-widget elementor-widget-text-editor\" data-id=\"26c06ea\" data-element_type=\"widget\" data-widget_type=\"text-editor.default\">\n\t\t\t\t<div class=\"elementor-widget-container\">\n\t\t\t\t\t\t\t<div class=\"elementor-element elementor-element-45ac9bf elementor-widget elementor-widget-text-editor\" data-id=\"45ac9bf\" data-element_type=\"widget\" data-widget_type=\"text-editor.default\"><div class=\"elementor-widget-container\"><p><strong><span>QUI SOMMES-NOUS?<\/span><\/strong><\/p><\/div><\/div><div class=\"elementor-element elementor-element-26c06ea elementor-widget elementor-widget-text-editor\" data-id=\"26c06ea\" data-element_type=\"widget\" data-widget_type=\"text-editor.default\"><div class=\"elementor-widget-container\"><p><span>Driver Car Rental est l&#8217;une des soci\u00e9t\u00e9s de location de voitures les plus fiables de Duba\u00ef. Nous proposons une large gamme de services aux prix les plus abordables qui rendent vos voyages encore plus agr\u00e9ables. Si vous souhaitez louer une voiture \u00e0 Duba\u00ef ou \u00e0 Sharjah, vous avez besoin d&#8217;une entreprise qui comprend exactement ce dont vous avez besoin et qui vous propose ensuite des solutions qui vous conviennent parfaitement. En vous aidant \u00e0 choisir la bonne voiture parmi une large gamme d&#8217;options, en vous permettant de choisir parmi des centaines de lieux de prise en charge\/d\u00e9pose et en simplifiant le processus de r\u00e9servation, nous vous garantissons la meilleure exp\u00e9rience de location de voiture.<\/span><\/p><p><span>Contactez-nous aujourd&#8217;hui et obtenez les meilleures solutions de location de voiture \u00e0 Duba\u00ef<\/span><\/p><\/div><\/div><div class=\"elementor-element elementor-element-edad428 elementor-widget elementor-widget-text-editor\" data-id=\"edad428\" data-element_type=\"widget\" data-widget_type=\"text-editor.default\"><div class=\"elementor-widget-container\"><p><span>Pourquoi nous choisir?<\/span><\/p><\/div><\/div><div class=\"elementor-element elementor-element-401730f elementor-widget elementor-widget-text-editor\" data-id=\"401730f\" data-element_type=\"widget\" data-widget_type=\"text-editor.default\"><div class=\"elementor-widget-container\"><p><span>Alors, pourquoi nous sommes le bon choix lorsque vous cherchez \u00e0 louer une voiture \u00e0 Duba\u00ef ? Voici quelques-unes des raisons pour lesquelles nos clients pr\u00e9f\u00e8rent faire appel \u00e0 nos services :<\/span><\/p><ol><li><strong><span>Large gamme de voitures<\/span><\/strong><span>\u00a0\u2013 Nous disposons d\u2019une large collection de voitures des plus grandes marques. Que vous recherchiez une berline, une berline \u00e0 hayon ou un SUV, nous avons la voiture parfaite pour vous.<\/span><\/li><li><strong><span>Tarifs abordables<\/span><\/strong><span>\u00a0\u2013 Nous proposons des tarifs abordables pour les locations de voitures \u00e0 la journ\u00e9e, \u00e0 la semaine et au mois. Nous proposons des voitures adapt\u00e9es \u00e0 tous les budgets.<\/span><\/li><li><strong><span>Processus de r\u00e9servation simple et pratique<\/span><\/strong><span>\u00a0\u2013 Louer une voiture est facile avec Driver Rent a Car. Une documentation rapide, des frais de s\u00e9curit\u00e9 r\u00e9duits et un processus de r\u00e9servation simple vous simplifient la vie.<\/span><\/li><\/ol><p><span>Contactez-nous d\u00e8s aujourd&#8217;hui pour d\u00e9couvrir une meilleure fa\u00e7on de louer une voiture \u00e0 Duba\u00ef avec Driver Car Rental.<\/span><\/p><\/div><\/div><div class=\"elementor-element elementor-element-98fa249 elementor-widget elementor-widget-text-editor\" data-id=\"98fa249\" data-element_type=\"widget\" data-widget_type=\"text-editor.default\"><div class=\"elementor-widget-container\"><p><strong><span>NOTRE PROMESSE<\/span><\/strong><\/p><\/div><\/div><div class=\"elementor-element elementor-element-599d8ac elementor-widget elementor-widget-text-editor\" data-id=\"599d8ac\" data-element_type=\"widget\" data-widget_type=\"text-editor.default\"><div class=\"elementor-widget-container\"><p><span>Nous nous engageons \u00e0 vous garantir une exp\u00e9rience de location de voiture s\u00fbre, confortable et pratique \u00e0 Duba\u00ef et Sharjah. Lorsque vous voyagez pour le plaisir ou pour les affaires, nous nous assurons que tous vos besoins sont satisfaits. Notre \u00e9quipe sera toujours l\u00e0 pour vous offrir une assistance routi\u00e8re ou tout type d&#8217;aide et pour r\u00e9soudre les probl\u00e8mes afin de r\u00e9duire le stress.<\/span><\/p><p><span>Alors qu&#8217;attendez-vous ? Obtenez d\u00e8s aujourd&#8217;hui les meilleures offres de location de voiture \u00e0 Duba\u00ef aupr\u00e8s de Driver Car Rental.<\/span><\/p><\/div><\/div>\t\t\t\t\t\t<\/div>\n\t\t\t\t<\/div>\n\t\t\t\t\t<\/div>\n\t\t<\/div>\n\t\t\t\t\t<\/div>\n\t\t<\/section>\n\t\t\t\t<\/div>\n\t\t","protected":false},"excerpt":{"rendered":"<p>\u00c0 propos de Driver Car Rental QUI SOMMES-NOUS? Driver Car Rental est l&#8217;une des soci\u00e9t\u00e9s de location de voitures les plus fiables de Duba\u00ef. Nous proposons une large gamme de services aux prix les plus abordables qui rendent vos voyages encore plus agr\u00e9ables. Si vous souhaitez louer une voiture \u00e0 Duba\u00ef ou \u00e0 Sharjah, vous [&hellip;]<\/p>\n","protected":false},"author":6,"featured_media":0,"parent":0,"menu_order":0,"comment_status":"closed","ping_status":"closed","template":"template-builder.php","meta":{"_acf_changed":false,"footnotes":""},"acf":[],"yoast_head":"<!-- This site is optimized with the Yoast SEO plugin v23.7 - https:\/\/yoast.com\/wordpress\/plugins\/seo\/ -->\n<title>About Us | Premium Driver Car Rental Services<\/title>\n<meta name=\"description\" content=\"Discover our commitment to excellence at Driver Car Rental, offering premium vehicles and exceptional service for all your travel needs.\" \/>\n<meta name=\"robots\" content=\"noindex, nofollow\" \/>\n<meta property=\"og:locale\" content=\"en_US\" \/>\n<meta property=\"og:type\" content=\"article\" \/>\n<meta property=\"og:title\" content=\"About Us | Premium Driver Car Rental Services\" \/>\n<meta property=\"og:description\" content=\"Discover our commitment to excellence at Driver Car Rental, offering premium vehicles and exceptional service for all your travel needs.\" \/>\n<meta property=\"og:url\" content=\"https:\/\/drivercarrental.ae\/fr\/about-us\/\" \/>\n<meta property=\"og:site_name\" content=\"DCR\" \/>\n<meta property=\"article:publisher\" content=\"https:\/\/www.facebook.com\/DriverCarRentalUAE\" \/>\n<meta property=\"article:modified_time\" content=\"2024-12-05T10:57:25+00:00\" \/>\n<meta property=\"og:image\" content=\"https:\/\/drivercarrental.ae\/fr\/wp-content\/uploads\/2024\/07\/5001-1oo09iuh.png\" \/>\n\t<meta property=\"og:image:width\" content=\"500\" \/>\n\t<meta property=\"og:image:height\" content=\"500\" \/>\n\t<meta property=\"og:image:type\" content=\"image\/png\" \/>\n<meta name=\"twitter:card\" content=\"summary_large_image\" \/>\n<meta name=\"twitter:label1\" content=\"Est. reading time\" \/>\n\t<meta name=\"twitter:data1\" content=\"2 minutes\" \/>\n<script type=\"application\/ld+json\" class=\"yoast-schema-graph\">{\"@context\":\"https:\/\/schema.org\",\"@graph\":[{\"@type\":\"WebPage\",\"@id\":\"https:\/\/drivercarrental.ae\/fr\/about-us\/\",\"url\":\"https:\/\/drivercarrental.ae\/fr\/about-us\/\",\"name\":\"About Us | Premium Driver Car Rental Services\",\"isPartOf\":{\"@id\":\"https:\/\/drivercarrental.ae\/fr\/#website\"},\"datePublished\":\"2019-05-28T06:33:07+00:00\",\"dateModified\":\"2024-12-05T10:57:25+00:00\",\"description\":\"Discover our commitment to excellence at Driver Car Rental, offering premium vehicles and exceptional service for all your travel needs.\",\"breadcrumb\":{\"@id\":\"https:\/\/drivercarrental.ae\/fr\/about-us\/#breadcrumb\"},\"inLanguage\":\"en-US\",\"potentialAction\":[{\"@type\":\"ReadAction\",\"target\":[\"https:\/\/drivercarrental.ae\/fr\/about-us\/\"]}]},{\"@type\":\"BreadcrumbList\",\"@id\":\"https:\/\/drivercarrental.ae\/fr\/about-us\/#breadcrumb\",\"itemListElement\":[{\"@type\":\"ListItem\",\"position\":1,\"name\":\"Home\",\"item\":\"https:\/\/drivercarrental.ae\/fr\/\"},{\"@type\":\"ListItem\",\"position\":2,\"name\":\"About us\"}]},{\"@type\":\"WebSite\",\"@id\":\"https:\/\/drivercarrental.ae\/fr\/#website\",\"url\":\"https:\/\/drivercarrental.ae\/fr\/\",\"name\":\"Driver Car Rental Dubai\",\"description\":\"Driver Car Rental  Dubai\",\"publisher\":{\"@id\":\"https:\/\/drivercarrental.ae\/fr\/#organization\"},\"alternateName\":\"Cheapest Car Rental Dubai\",\"potentialAction\":[{\"@type\":\"SearchAction\",\"target\":{\"@type\":\"EntryPoint\",\"urlTemplate\":\"https:\/\/drivercarrental.ae\/fr\/?s={search_term_string}\"},\"query-input\":{\"@type\":\"PropertyValueSpecification\",\"valueRequired\":true,\"valueName\":\"search_term_string\"}}],\"inLanguage\":\"en-US\"},{\"@type\":\"Organization\",\"@id\":\"https:\/\/drivercarrental.ae\/fr\/#organization\",\"name\":\"Driver Car Rental Dubai\",\"alternateName\":\"Cheapest Car Rental Dubai\",\"url\":\"https:\/\/drivercarrental.ae\/fr\/\",\"logo\":{\"@type\":\"ImageObject\",\"inLanguage\":\"en-US\",\"@id\":\"https:\/\/drivercarrental.ae\/fr\/#\/schema\/logo\/image\/\",\"url\":\"https:\/\/drivercarrental.ae\/fr\/wp-content\/uploads\/2024\/07\/5001-1oo09iuh.png\",\"contentUrl\":\"https:\/\/drivercarrental.ae\/fr\/wp-content\/uploads\/2024\/07\/5001-1oo09iuh.png\",\"width\":500,\"height\":500,\"caption\":\"Driver Car Rental Dubai\"},\"image\":{\"@id\":\"https:\/\/drivercarrental.ae\/fr\/#\/schema\/logo\/image\/\"},\"sameAs\":[\"https:\/\/www.facebook.com\/DriverCarRentalUAE\"]}]}<\/script>\n<!-- \/ Yoast SEO plugin. -->","yoast_head_json":{"title":"About Us | Premium Driver Car Rental Services","description":"Discover our commitment to excellence at Driver Car Rental, offering premium vehicles and exceptional service for all your travel needs.","robots":{"index":"noindex","follow":"nofollow"},"og_locale":"en_US","og_type":"article","og_title":"About Us | Premium Driver Car Rental Services","og_description":"Discover our commitment to excellence at Driver Car Rental, offering premium vehicles and exceptional service for all your travel needs.","og_url":"https:\/\/drivercarrental.ae\/fr\/about-us\/","og_site_name":"DCR","article_publisher":"https:\/\/www.facebook.com\/DriverCarRentalUAE","article_modified_time":"2024-12-05T10:57:25+00:00","og_image":[{"width":500,"height":500,"url":"https:\/\/drivercarrental.ae\/fr\/wp-content\/uploads\/2024\/07\/5001-1oo09iuh.png","type":"image\/png"}],"twitter_card":"summary_large_image","twitter_misc":{"Est. reading time":"2 minutes"},"schema":{"@context":"https:\/\/schema.org","@graph":[{"@type":"WebPage","@id":"https:\/\/drivercarrental.ae\/fr\/about-us\/","url":"https:\/\/drivercarrental.ae\/fr\/about-us\/","name":"About Us | Premium Driver Car Rental Services","isPartOf":{"@id":"https:\/\/drivercarrental.ae\/fr\/#website"},"datePublished":"2019-05-28T06:33:07+00:00","dateModified":"2024-12-05T10:57:25+00:00","description":"Discover our commitment to excellence at Driver Car Rental, offering premium vehicles and exceptional service for all your travel needs.","breadcrumb":{"@id":"https:\/\/drivercarrental.ae\/fr\/about-us\/#breadcrumb"},"inLanguage":"en-US","potentialAction":[{"@type":"ReadAction","target":["https:\/\/drivercarrental.ae\/fr\/about-us\/"]}]},{"@type":"BreadcrumbList","@id":"https:\/\/drivercarrental.ae\/fr\/about-us\/#breadcrumb","itemListElement":[{"@type":"ListItem","position":1,"name":"Home","item":"https:\/\/drivercarrental.ae\/fr\/"},{"@type":"ListItem","position":2,"name":"About us"}]},{"@type":"WebSite","@id":"https:\/\/drivercarrental.ae\/fr\/#website","url":"https:\/\/drivercarrental.ae\/fr\/","name":"Driver Car Rental Dubai","description":"Driver Car Rental  Dubai","publisher":{"@id":"https:\/\/drivercarrental.ae\/fr\/#organization"},"alternateName":"Cheapest Car Rental Dubai","potentialAction":[{"@type":"SearchAction","target":{"@type":"EntryPoint","urlTemplate":"https:\/\/drivercarrental.ae\/fr\/?s={search_term_string}"},"query-input":{"@type":"PropertyValueSpecification","valueRequired":true,"valueName":"search_term_string"}}],"inLanguage":"en-US"},{"@type":"Organization","@id":"https:\/\/drivercarrental.ae\/fr\/#organization","name":"Driver Car Rental Dubai","alternateName":"Cheapest Car Rental Dubai","url":"https:\/\/drivercarrental.ae\/fr\/","logo":{"@type":"ImageObject","inLanguage":"en-US","@id":"https:\/\/drivercarrental.ae\/fr\/#\/schema\/logo\/image\/","url":"https:\/\/drivercarrental.ae\/fr\/wp-content\/uploads\/2024\/07\/5001-1oo09iuh.png","contentUrl":"https:\/\/drivercarrental.ae\/fr\/wp-content\/uploads\/2024\/07\/5001-1oo09iuh.png","width":500,"height":500,"caption":"Driver Car Rental Dubai"},"image":{"@id":"https:\/\/drivercarrental.ae\/fr\/#\/schema\/logo\/image\/"},"sameAs":["https:\/\/www.facebook.com\/DriverCarRentalUAE"]}]}},"_links":{"self":[{"href":"https:\/\/drivercarrental.ae\/fr\/wp-json\/wp\/v2\/pages\/607"}],"collection":[{"href":"https:\/\/drivercarrental.ae\/fr\/wp-json\/wp\/v2\/pages"}],"about":[{"href":"https:\/\/drivercarrental.ae\/fr\/wp-json\/wp\/v2\/types\/page"}],"author":[{"embeddable":true,"href":"https:\/\/drivercarrental.ae\/fr\/wp-json\/wp\/v2\/users\/6"}],"replies":[{"embeddable":true,"href":"https:\/\/drivercarrental.ae\/fr\/wp-json\/wp\/v2\/comments?post=607"}],"version-history":[{"count":67,"href":"https:\/\/drivercarrental.ae\/fr\/wp-json\/wp\/v2\/pages\/607\/revisions"}],"predecessor-version":[{"id":13065,"href":"https:\/\/drivercarrental.ae\/fr\/wp-json\/wp\/v2\/pages\/607\/revisions\/13065"}],"wp:attachment":[{"href":"https:\/\/drivercarrental.ae\/fr\/wp-json\/wp\/v2\/media?parent=607"}],"curies":[{"name":"wp","href":"https:\/\/api.w.org\/{rel}","templated":true}]}}