{"id":11377,"date":"2024-06-12T10:47:48","date_gmt":"2024-06-12T06:47:48","guid":{"rendered":"https:\/\/drivercarrental.ae\/fr\/?post_type=product&#038;p=11377"},"modified":"2024-12-04T17:11:52","modified_gmt":"2024-12-04T13:11:52","slug":"hyundai-creta-2023","status":"publish","type":"product","link":"https:\/\/drivercarrental.ae\/fr\/product\/hyundai-creta-2023\/","title":{"rendered":"HYUNDAI\u00a0CRETA 2023"},"content":{"rendered":"<p>La Hyundai Creta 2023 vous offre un m\u00e9lange de go\u00fbt et de technologie, d&#8217;\u00e9l\u00e9gance, de puissance et d&#8217;utilit\u00e9. Ce SUV compact est \u00e9quip\u00e9 d&#8217;un moteur \u00e0 essence tr\u00e8s puissant de 1,5 L et 1497 cm3 avec une transmission automatique \u00e0 quatre vitesses, ce qui le rend confortable \u00e0 conduire m\u00eame dans la circulation urbaine et tout aussi confortable sur les circuits sur autoroute. La Creta est con\u00e7ue pour une conduite confortable et sans souci, que vous partiez pour un court ou un long voyage.<\/p>\n<p>Le Hyundai Creta est \u00e9l\u00e9gant dans son design et les int\u00e9rieurs sont bien faits avec des si\u00e8ges en cuir de qualit\u00e9 pour un confort ad\u00e9quat jusqu&#8217;\u00e0 cinq personnes. Avec des fonctionnalit\u00e9s telles que des vitres \u00e9lectriques, la technologie Bluetooth, des capteurs de stationnement arri\u00e8re et des phares antibrouillard, le Creta offre commodit\u00e9 et confort de conduite. Dans la mesure o\u00f9 ce mod\u00e8le n&#8217;a pas de toit ouvrant et de cam\u00e9ra arri\u00e8re, sa conception et ses caract\u00e9ristiques de ce SUV sont mieux adapt\u00e9es \u00e0 un usage quotidien que tout autre SUV.<\/p>\n<p>La s\u00e9curit\u00e9 est toujours primordiale lorsqu&#8217;il s&#8217;agit de Hyundai Creta 2023. Le syst\u00e8me de freinage antiblocage (ABS) coupl\u00e9 \u00e0 un syst\u00e8me de retenue suppl\u00e9mentaire SRS &#8211; airbags garantit la s\u00e9curit\u00e9 du conducteur et des passagers du v\u00e9hicule. Inclure; Les capteurs de stationnement et les phares antibrouillard ajoutent encore \u00e0 la s\u00e9curit\u00e9 du v\u00e9hicule puisque le stationnement et la conduite dans des conditions de brouillard deviennent plus faciles.<\/p>\n<h2><strong>Pourquoi Driver Car Rental est la meilleure option pour louer une voiture \u00e0 Sharjah<\/strong><\/h2>\n<p>Nous proposons toutes sortes de voitures, de la voiture \u00e9conomique standard aux voitures haut de gamme et de direction, ainsi que les grands SUV tels que le Hyundai Creta 2023. Que vous ayez envie d&#8217;une \u00e9l\u00e9gante Mercedes Benz ou d&#8217;une robuste Toyota, vous \u00eates s\u00fbr de trouver chez nous une voiture adapt\u00e9e.<\/p>\n<p>Nos tarifs sont assez standards et raisonnables et nous n&#8217;appliquons aucun frais suppl\u00e9mentaire \u00e0 aucun de nos services. Nos solutions de location sont hautement adaptables aussi bien pour les locations \u00e0 court terme que pour les locations \u00e0 long terme, vous aidant ainsi \u00e0 tirer le meilleur parti de votre argent de location.<\/p>\n<h2><strong>Questions fr\u00e9quemment pos\u00e9es<\/strong><\/h2>\n<p><strong>1. Quel mode de paiement peut \u00eatre utilis\u00e9 ?<\/strong><\/p>\n<p>Vous pouvez payer en esp\u00e8ces ou par carte de cr\u00e9dit pour effectuer le paiement, car les deux sont accept\u00e9s.<\/p>\n<p><strong>2. Le Creta 2023 est-il \u00e9quip\u00e9 d&#8217;un toit ouvrant ?<\/strong><\/p>\n<p>Malheureusement, le nouveau Creta 2023 n&#8217;a pas l&#8217;intention d&#8217;avoir un toit ouvrant parmi ses \u00e9quipements.<\/p>\n<p><strong>3. Est-il possible d&#8217;obtenir un si\u00e8ge b\u00e9b\u00e9 avec cette flotte ?<\/strong><\/p>\n<p>Oui, il y a un si\u00e8ge b\u00e9b\u00e9, qui co\u00fbte 150 AED suppl\u00e9mentaires par mois.<\/p>\n","protected":false},"excerpt":{"rendered":"<p>La Hyundai Creta 2023 vous offre un m\u00e9lange de go\u00fbt et de technologie, d&#8217;\u00e9l\u00e9gance, de puissance et d&#8217;utilit\u00e9. Ce SUV compact est \u00e9quip\u00e9 d&#8217;un moteur \u00e0 essence tr\u00e8s puissant de 1,5 L et 1497 cm3 avec une transmission automatique \u00e0 quatre vitesses, ce qui le rend confortable \u00e0 conduire m\u00eame dans la circulation urbaine et [&hellip;]<\/p>\n","protected":false},"featured_media":12231,"template":"","meta":{"_acf_changed":false},"product_cat":[74],"product_tag":[],"acf":[],"yoast_head":"<!-- This site is optimized with the Yoast SEO plugin v23.7 - https:\/\/yoast.com\/wordpress\/plugins\/seo\/ -->\n<title>HYUNDAI CRETA 2023: Sleek Design Meets Modern Features<\/title>\n<meta name=\"description\" content=\"Explore the Hyundai Creta 2023, a perfect blend of style, technology, and performance for an unparalleled driving experience.\" \/>\n<meta name=\"robots\" content=\"noindex, nofollow\" \/>\n<meta property=\"og:locale\" content=\"en_US\" \/>\n<meta property=\"og:type\" content=\"article\" \/>\n<meta property=\"og:title\" content=\"HYUNDAI CRETA 2023: Sleek Design Meets Modern Features\" \/>\n<meta property=\"og:description\" content=\"Explore the Hyundai Creta 2023, a perfect blend of style, technology, and performance for an unparalleled driving experience.\" \/>\n<meta property=\"og:url\" content=\"https:\/\/drivercarrental.ae\/fr\/product\/hyundai-creta-2023\/\" \/>\n<meta property=\"og:site_name\" content=\"DCR\" \/>\n<meta property=\"article:publisher\" content=\"https:\/\/www.facebook.com\/DriverCarRentalUAE\" \/>\n<meta property=\"article:modified_time\" content=\"2024-12-04T13:11:52+00:00\" \/>\n<meta property=\"og:image\" content=\"https:\/\/drivercarrental.ae\/fr\/wp-content\/uploads\/2024\/06\/HYUNDAI-CRETA-2023-Dubai.png\" \/>\n\t<meta property=\"og:image:width\" content=\"634\" \/>\n\t<meta property=\"og:image:height\" content=\"396\" \/>\n\t<meta property=\"og:image:type\" content=\"image\/png\" \/>\n<meta name=\"twitter:card\" content=\"summary_large_image\" \/>\n<meta name=\"twitter:label1\" content=\"Est. reading time\" \/>\n\t<meta name=\"twitter:data1\" content=\"3 minutes\" \/>\n<script type=\"application\/ld+json\" class=\"yoast-schema-graph\">{\"@context\":\"https:\/\/schema.org\",\"@graph\":[{\"@type\":\"WebPage\",\"@id\":\"https:\/\/drivercarrental.ae\/fr\/product\/hyundai-creta-2023\/\",\"url\":\"https:\/\/drivercarrental.ae\/fr\/product\/hyundai-creta-2023\/\",\"name\":\"HYUNDAI CRETA 2023: Sleek Design Meets Modern Features\",\"isPartOf\":{\"@id\":\"https:\/\/drivercarrental.ae\/fr\/#website\"},\"primaryImageOfPage\":{\"@id\":\"https:\/\/drivercarrental.ae\/fr\/product\/hyundai-creta-2023\/#primaryimage\"},\"image\":{\"@id\":\"https:\/\/drivercarrental.ae\/fr\/product\/hyundai-creta-2023\/#primaryimage\"},\"thumbnailUrl\":\"https:\/\/drivercarrental.ae\/fr\/wp-content\/uploads\/2024\/06\/HYUNDAI-CRETA-2023-Dubai.png\",\"datePublished\":\"2024-06-12T06:47:48+00:00\",\"dateModified\":\"2024-12-04T13:11:52+00:00\",\"description\":\"Explore the Hyundai Creta 2023, a perfect blend of style, technology, and performance for an unparalleled driving experience.\",\"breadcrumb\":{\"@id\":\"https:\/\/drivercarrental.ae\/fr\/product\/hyundai-creta-2023\/#breadcrumb\"},\"inLanguage\":\"en-US\",\"potentialAction\":[{\"@type\":\"ReadAction\",\"target\":[\"https:\/\/drivercarrental.ae\/fr\/product\/hyundai-creta-2023\/\"]}]},{\"@type\":\"ImageObject\",\"inLanguage\":\"en-US\",\"@id\":\"https:\/\/drivercarrental.ae\/fr\/product\/hyundai-creta-2023\/#primaryimage\",\"url\":\"https:\/\/drivercarrental.ae\/fr\/wp-content\/uploads\/2024\/06\/HYUNDAI-CRETA-2023-Dubai.png\",\"contentUrl\":\"https:\/\/drivercarrental.ae\/fr\/wp-content\/uploads\/2024\/06\/HYUNDAI-CRETA-2023-Dubai.png\",\"width\":634,\"height\":396,\"caption\":\"HYUNDAI CRETA 2023\"},{\"@type\":\"BreadcrumbList\",\"@id\":\"https:\/\/drivercarrental.ae\/fr\/product\/hyundai-creta-2023\/#breadcrumb\",\"itemListElement\":[{\"@type\":\"ListItem\",\"position\":1,\"name\":\"Home\",\"item\":\"https:\/\/drivercarrental.ae\/fr\/\"},{\"@type\":\"ListItem\",\"position\":2,\"name\":\"Store\",\"item\":\"https:\/\/drivercarrental.ae\/fr\/shop\/\"},{\"@type\":\"ListItem\",\"position\":3,\"name\":\"HYUNDAI\u00a0CRETA 2023\"}]},{\"@type\":\"WebSite\",\"@id\":\"https:\/\/drivercarrental.ae\/fr\/#website\",\"url\":\"https:\/\/drivercarrental.ae\/fr\/\",\"name\":\"Driver Car Rental Dubai\",\"description\":\"Driver Car Rental  Dubai\",\"publisher\":{\"@id\":\"https:\/\/drivercarrental.ae\/fr\/#organization\"},\"alternateName\":\"Cheapest Car Rental Dubai\",\"potentialAction\":[{\"@type\":\"SearchAction\",\"target\":{\"@type\":\"EntryPoint\",\"urlTemplate\":\"https:\/\/drivercarrental.ae\/fr\/?s={search_term_string}\"},\"query-input\":{\"@type\":\"PropertyValueSpecification\",\"valueRequired\":true,\"valueName\":\"search_term_string\"}}],\"inLanguage\":\"en-US\"},{\"@type\":\"Organization\",\"@id\":\"https:\/\/drivercarrental.ae\/fr\/#organization\",\"name\":\"Driver Car Rental Dubai\",\"alternateName\":\"Cheapest Car Rental Dubai\",\"url\":\"https:\/\/drivercarrental.ae\/fr\/\",\"logo\":{\"@type\":\"ImageObject\",\"inLanguage\":\"en-US\",\"@id\":\"https:\/\/drivercarrental.ae\/fr\/#\/schema\/logo\/image\/\",\"url\":\"https:\/\/drivercarrental.ae\/fr\/wp-content\/uploads\/2024\/07\/5001-1oo09iuh.png\",\"contentUrl\":\"https:\/\/drivercarrental.ae\/fr\/wp-content\/uploads\/2024\/07\/5001-1oo09iuh.png\",\"width\":500,\"height\":500,\"caption\":\"Driver Car Rental Dubai\"},\"image\":{\"@id\":\"https:\/\/drivercarrental.ae\/fr\/#\/schema\/logo\/image\/\"},\"sameAs\":[\"https:\/\/www.facebook.com\/DriverCarRentalUAE\"]}]}<\/script>\n<!-- \/ Yoast SEO plugin. -->","yoast_head_json":{"title":"HYUNDAI CRETA 2023: Sleek Design Meets Modern Features","description":"Explore the Hyundai Creta 2023, a perfect blend of style, technology, and performance for an unparalleled driving experience.","robots":{"index":"noindex","follow":"nofollow"},"og_locale":"en_US","og_type":"article","og_title":"HYUNDAI CRETA 2023: Sleek Design Meets Modern Features","og_description":"Explore the Hyundai Creta 2023, a perfect blend of style, technology, and performance for an unparalleled driving experience.","og_url":"https:\/\/drivercarrental.ae\/fr\/product\/hyundai-creta-2023\/","og_site_name":"DCR","article_publisher":"https:\/\/www.facebook.com\/DriverCarRentalUAE","article_modified_time":"2024-12-04T13:11:52+00:00","og_image":[{"width":634,"height":396,"url":"https:\/\/drivercarrental.ae\/fr\/wp-content\/uploads\/2024\/06\/HYUNDAI-CRETA-2023-Dubai.png","type":"image\/png"}],"twitter_card":"summary_large_image","twitter_misc":{"Est. reading time":"3 minutes"},"schema":{"@context":"https:\/\/schema.org","@graph":[{"@type":"WebPage","@id":"https:\/\/drivercarrental.ae\/fr\/product\/hyundai-creta-2023\/","url":"https:\/\/drivercarrental.ae\/fr\/product\/hyundai-creta-2023\/","name":"HYUNDAI CRETA 2023: Sleek Design Meets Modern Features","isPartOf":{"@id":"https:\/\/drivercarrental.ae\/fr\/#website"},"primaryImageOfPage":{"@id":"https:\/\/drivercarrental.ae\/fr\/product\/hyundai-creta-2023\/#primaryimage"},"image":{"@id":"https:\/\/drivercarrental.ae\/fr\/product\/hyundai-creta-2023\/#primaryimage"},"thumbnailUrl":"https:\/\/drivercarrental.ae\/fr\/wp-content\/uploads\/2024\/06\/HYUNDAI-CRETA-2023-Dubai.png","datePublished":"2024-06-12T06:47:48+00:00","dateModified":"2024-12-04T13:11:52+00:00","description":"Explore the Hyundai Creta 2023, a perfect blend of style, technology, and performance for an unparalleled driving experience.","breadcrumb":{"@id":"https:\/\/drivercarrental.ae\/fr\/product\/hyundai-creta-2023\/#breadcrumb"},"inLanguage":"en-US","potentialAction":[{"@type":"ReadAction","target":["https:\/\/drivercarrental.ae\/fr\/product\/hyundai-creta-2023\/"]}]},{"@type":"ImageObject","inLanguage":"en-US","@id":"https:\/\/drivercarrental.ae\/fr\/product\/hyundai-creta-2023\/#primaryimage","url":"https:\/\/drivercarrental.ae\/fr\/wp-content\/uploads\/2024\/06\/HYUNDAI-CRETA-2023-Dubai.png","contentUrl":"https:\/\/drivercarrental.ae\/fr\/wp-content\/uploads\/2024\/06\/HYUNDAI-CRETA-2023-Dubai.png","width":634,"height":396,"caption":"HYUNDAI CRETA 2023"},{"@type":"BreadcrumbList","@id":"https:\/\/drivercarrental.ae\/fr\/product\/hyundai-creta-2023\/#breadcrumb","itemListElement":[{"@type":"ListItem","position":1,"name":"Home","item":"https:\/\/drivercarrental.ae\/fr\/"},{"@type":"ListItem","position":2,"name":"Store","item":"https:\/\/drivercarrental.ae\/fr\/shop\/"},{"@type":"ListItem","position":3,"name":"HYUNDAI\u00a0CRETA 2023"}]},{"@type":"WebSite","@id":"https:\/\/drivercarrental.ae\/fr\/#website","url":"https:\/\/drivercarrental.ae\/fr\/","name":"Driver Car Rental Dubai","description":"Driver Car Rental  Dubai","publisher":{"@id":"https:\/\/drivercarrental.ae\/fr\/#organization"},"alternateName":"Cheapest Car Rental Dubai","potentialAction":[{"@type":"SearchAction","target":{"@type":"EntryPoint","urlTemplate":"https:\/\/drivercarrental.ae\/fr\/?s={search_term_string}"},"query-input":{"@type":"PropertyValueSpecification","valueRequired":true,"valueName":"search_term_string"}}],"inLanguage":"en-US"},{"@type":"Organization","@id":"https:\/\/drivercarrental.ae\/fr\/#organization","name":"Driver Car Rental Dubai","alternateName":"Cheapest Car Rental Dubai","url":"https:\/\/drivercarrental.ae\/fr\/","logo":{"@type":"ImageObject","inLanguage":"en-US","@id":"https:\/\/drivercarrental.ae\/fr\/#\/schema\/logo\/image\/","url":"https:\/\/drivercarrental.ae\/fr\/wp-content\/uploads\/2024\/07\/5001-1oo09iuh.png","contentUrl":"https:\/\/drivercarrental.ae\/fr\/wp-content\/uploads\/2024\/07\/5001-1oo09iuh.png","width":500,"height":500,"caption":"Driver Car Rental Dubai"},"image":{"@id":"https:\/\/drivercarrental.ae\/fr\/#\/schema\/logo\/image\/"},"sameAs":["https:\/\/www.facebook.com\/DriverCarRentalUAE"]}]}},"_links":{"self":[{"href":"https:\/\/drivercarrental.ae\/fr\/wp-json\/wp\/v2\/product\/11377"}],"collection":[{"href":"https:\/\/drivercarrental.ae\/fr\/wp-json\/wp\/v2\/product"}],"about":[{"href":"https:\/\/drivercarrental.ae\/fr\/wp-json\/wp\/v2\/types\/product"}],"wp:featuredmedia":[{"embeddable":true,"href":"https:\/\/drivercarrental.ae\/fr\/wp-json\/wp\/v2\/media\/12231"}],"wp:attachment":[{"href":"https:\/\/drivercarrental.ae\/fr\/wp-json\/wp\/v2\/media?parent=11377"}],"wp:term":[{"taxonomy":"product_cat","embeddable":true,"href":"https:\/\/drivercarrental.ae\/fr\/wp-json\/wp\/v2\/product_cat?post=11377"},{"taxonomy":"product_tag","embeddable":true,"href":"https:\/\/drivercarrental.ae\/fr\/wp-json\/wp\/v2\/product_tag?post=11377"}],"curies":[{"name":"wp","href":"https:\/\/api.w.org\/{rel}","templated":true}]}}