{"id":11381,"date":"2024-06-12T13:35:06","date_gmt":"2024-06-12T09:35:06","guid":{"rendered":"https:\/\/drivercarrental.ae\/fr\/?post_type=product&#038;p=11381"},"modified":"2024-12-04T17:11:27","modified_gmt":"2024-12-04T13:11:27","slug":"hyundai-santa-fe-2023","status":"publish","type":"product","link":"https:\/\/drivercarrental.ae\/fr\/product\/hyundai-santa-fe-2023\/","title":{"rendered":"HYUNDAI\u00a0SANTA\u00a0FE 2023"},"content":{"rendered":"<p><span class=\"\">Ressentez un nouveau niveau d&#8217;exaltation et de convivialit\u00e9 avec le Hyundai Santa Fe 2023 avec le puissant moteur \u00e0 essence Alza Duty de 2,5 L, 2497 cc et une transmission automatique. Ce VUS a \u00e9t\u00e9 con\u00e7u sp\u00e9cifiquement pour offrir une conduite confortable et constante, qu&#8217;il soit utilis\u00e9 en ville ou pour un long voyage.<\/span><\/p>\n<p>L&#8217;int\u00e9rieur du Santa Fe est incroyablement bien fourni avec des si\u00e8ges en cuir bien con\u00e7us qui seront confortables pour tout le monde. Les options comprennent des vitres \u00e9lectriques et une connectivit\u00e9 Bluetooth, des capteurs de stationnement, des phares antibrouillard et bien d&#8217;autres encore. Bien qu&#8217;il n&#8217;ait pas de toit ouvrant, l&#8217;apparence g\u00e9n\u00e9rale de ce mod\u00e8le donne une sensation de sup\u00e9riorit\u00e9 lors de la conduite.<\/p>\n<p>Ce Hyundai Santa Fe est s\u00fbr pour la route. Le SUV est \u00e9galement dot\u00e9 de fonctions de s\u00e9curit\u00e9 de base comme le syst\u00e8me de freinage antiblocage et les airbags de retenue suppl\u00e9mentaires pour votre s\u00e9curit\u00e9 et celle de vos passagers. Les capteurs de stationnement et les phares antibrouillard rendent le stationnement de la voiture plus s\u00fbr et plus facile, mais l&#8217;absence de cam\u00e9ra de recul est assez d\u00e9cevante.<\/p>\n<h2><strong>Pourquoi la location de voiture avec chauffeur est la meilleure option pour les visiteurs \u00e0 Duba\u00ef<\/strong><\/h2>\n<p>Driver Car Rental est populaire pour sa flotte de voitures ; il propose des prix abordables pour une large gamme de voitures telles que la Hyundai Santa Fe 2023. L&#8217;observation de cet aspect garantit que le client vit une exp\u00e9rience agr\u00e9able lors de la location d&#8217;une voiture aupr\u00e8s de notre entreprise.<\/p>\n<p>Contactez Driver Car Rental d\u00e8s aujourd&#8217;hui pour en savoir plus ou pour r\u00e9server d\u00e8s maintenant le Hyundai Santa Fe 2023. D\u00e9couvrez le style et l&#8217;utilit\u00e9 de ce v\u00e9hicule utilitaire sport haut de gamme pour votre prochain voyage.<\/p>\n<h2><strong>Questions fr\u00e9quemment pos\u00e9es<\/strong><\/h2>\n<p><strong>1. Quelles commodit\u00e9s sont incluses dans le prix du loyer ?<\/strong><\/p>\n<p>Les \u00e9l\u00e9ments essentiels sont couverts, \u00e0 savoir le prix de location du v\u00e9hicule et l&#8217;assurance standard. Des produits suppl\u00e9mentaires sont disponibles en option, notamment la Super Collision Damage Waiver (SCDW).<\/p>\n<p><strong>2. Puis-je renouveler ou prolonger ma dur\u00e9e de location ?<\/strong><\/p>\n<p>Oui, la p\u00e9riode de location peut \u00eatre prolong\u00e9e, veuillez en informer notre responsable. Veuillez nous appeler \u00e0 l&#8217;avance afin que nous puissions vous informer de la situation et que nous puissions nous assurer que ces v\u00e9hicules sont disponibles.<\/p>\n<p><strong>3. Y a-t-il des frais suppl\u00e9mentaires sur les compteurs pour sortir de Duba\u00ef ?<\/strong><\/p>\n<p>Conduire aux EAU est gratuit, mais veuillez nous pr\u00e9venir \u00e0 l&#8217;avance en cas de voyage longue distance pour nous permettre d&#8217;organiser la voiture de mani\u00e8re ad\u00e9quate.<\/p>\n","protected":false},"excerpt":{"rendered":"<p>Ressentez un nouveau niveau d&#8217;exaltation et de convivialit\u00e9 avec le Hyundai Santa Fe 2023 avec le puissant moteur \u00e0 essence Alza Duty de 2,5 L, 2497 cc et une transmission automatique. Ce VUS a \u00e9t\u00e9 con\u00e7u sp\u00e9cifiquement pour offrir une conduite confortable et constante, qu&#8217;il soit utilis\u00e9 en ville ou pour un long voyage. L&#8217;int\u00e9rieur [&hellip;]<\/p>\n","protected":false},"featured_media":12230,"template":"","meta":{"_acf_changed":false},"product_cat":[74],"product_tag":[],"acf":[],"yoast_head":"<!-- This site is optimized with the Yoast SEO plugin v23.7 - https:\/\/yoast.com\/wordpress\/plugins\/seo\/ -->\n<title>Hyundai Santa Fe 2023: Sleek Design &amp; Modern Features<\/title>\n<meta name=\"description\" content=\"Discover the Hyundai Santa Fe 2023, a perfect blend of style, comfort, and advanced technology for a superior driving experience.\" \/>\n<meta name=\"robots\" content=\"noindex, nofollow\" \/>\n<meta property=\"og:locale\" content=\"en_US\" \/>\n<meta property=\"og:type\" content=\"article\" \/>\n<meta property=\"og:title\" content=\"Hyundai Santa Fe 2023: Sleek Design &amp; Modern Features\" \/>\n<meta property=\"og:description\" content=\"Discover the Hyundai Santa Fe 2023, a perfect blend of style, comfort, and advanced technology for a superior driving experience.\" \/>\n<meta property=\"og:url\" content=\"https:\/\/drivercarrental.ae\/fr\/product\/hyundai-santa-fe-2023\/\" \/>\n<meta property=\"og:site_name\" content=\"DCR\" \/>\n<meta property=\"article:publisher\" content=\"https:\/\/www.facebook.com\/DriverCarRentalUAE\" \/>\n<meta property=\"article:modified_time\" content=\"2024-12-04T13:11:27+00:00\" \/>\n<meta property=\"og:image\" content=\"https:\/\/drivercarrental.ae\/fr\/wp-content\/uploads\/2024\/06\/HYUNDAI-SANTA-2023-Dubai.png\" \/>\n\t<meta property=\"og:image:width\" content=\"634\" \/>\n\t<meta property=\"og:image:height\" content=\"396\" \/>\n\t<meta property=\"og:image:type\" content=\"image\/png\" \/>\n<meta name=\"twitter:card\" content=\"summary_large_image\" \/>\n<meta name=\"twitter:label1\" content=\"Est. reading time\" \/>\n\t<meta name=\"twitter:data1\" content=\"3 minutes\" \/>\n<script type=\"application\/ld+json\" class=\"yoast-schema-graph\">{\"@context\":\"https:\/\/schema.org\",\"@graph\":[{\"@type\":\"WebPage\",\"@id\":\"https:\/\/drivercarrental.ae\/fr\/product\/hyundai-santa-fe-2023\/\",\"url\":\"https:\/\/drivercarrental.ae\/fr\/product\/hyundai-santa-fe-2023\/\",\"name\":\"Hyundai Santa Fe 2023: Sleek Design & Modern Features\",\"isPartOf\":{\"@id\":\"https:\/\/drivercarrental.ae\/fr\/#website\"},\"primaryImageOfPage\":{\"@id\":\"https:\/\/drivercarrental.ae\/fr\/product\/hyundai-santa-fe-2023\/#primaryimage\"},\"image\":{\"@id\":\"https:\/\/drivercarrental.ae\/fr\/product\/hyundai-santa-fe-2023\/#primaryimage\"},\"thumbnailUrl\":\"https:\/\/drivercarrental.ae\/fr\/wp-content\/uploads\/2024\/06\/HYUNDAI-SANTA-2023-Dubai.png\",\"datePublished\":\"2024-06-12T09:35:06+00:00\",\"dateModified\":\"2024-12-04T13:11:27+00:00\",\"description\":\"Discover the Hyundai Santa Fe 2023, a perfect blend of style, comfort, and advanced technology for a superior driving experience.\",\"breadcrumb\":{\"@id\":\"https:\/\/drivercarrental.ae\/fr\/product\/hyundai-santa-fe-2023\/#breadcrumb\"},\"inLanguage\":\"en-US\",\"potentialAction\":[{\"@type\":\"ReadAction\",\"target\":[\"https:\/\/drivercarrental.ae\/fr\/product\/hyundai-santa-fe-2023\/\"]}]},{\"@type\":\"ImageObject\",\"inLanguage\":\"en-US\",\"@id\":\"https:\/\/drivercarrental.ae\/fr\/product\/hyundai-santa-fe-2023\/#primaryimage\",\"url\":\"https:\/\/drivercarrental.ae\/fr\/wp-content\/uploads\/2024\/06\/HYUNDAI-SANTA-2023-Dubai.png\",\"contentUrl\":\"https:\/\/drivercarrental.ae\/fr\/wp-content\/uploads\/2024\/06\/HYUNDAI-SANTA-2023-Dubai.png\",\"width\":634,\"height\":396,\"caption\":\"HYUNDAI SANTA 2023\"},{\"@type\":\"BreadcrumbList\",\"@id\":\"https:\/\/drivercarrental.ae\/fr\/product\/hyundai-santa-fe-2023\/#breadcrumb\",\"itemListElement\":[{\"@type\":\"ListItem\",\"position\":1,\"name\":\"Home\",\"item\":\"https:\/\/drivercarrental.ae\/fr\/\"},{\"@type\":\"ListItem\",\"position\":2,\"name\":\"Store\",\"item\":\"https:\/\/drivercarrental.ae\/fr\/shop\/\"},{\"@type\":\"ListItem\",\"position\":3,\"name\":\"HYUNDAI\u00a0SANTA\u00a0FE 2023\"}]},{\"@type\":\"WebSite\",\"@id\":\"https:\/\/drivercarrental.ae\/fr\/#website\",\"url\":\"https:\/\/drivercarrental.ae\/fr\/\",\"name\":\"Driver Car Rental Dubai\",\"description\":\"Driver Car Rental  Dubai\",\"publisher\":{\"@id\":\"https:\/\/drivercarrental.ae\/fr\/#organization\"},\"alternateName\":\"Cheapest Car Rental Dubai\",\"potentialAction\":[{\"@type\":\"SearchAction\",\"target\":{\"@type\":\"EntryPoint\",\"urlTemplate\":\"https:\/\/drivercarrental.ae\/fr\/?s={search_term_string}\"},\"query-input\":{\"@type\":\"PropertyValueSpecification\",\"valueRequired\":true,\"valueName\":\"search_term_string\"}}],\"inLanguage\":\"en-US\"},{\"@type\":\"Organization\",\"@id\":\"https:\/\/drivercarrental.ae\/fr\/#organization\",\"name\":\"Driver Car Rental Dubai\",\"alternateName\":\"Cheapest Car Rental Dubai\",\"url\":\"https:\/\/drivercarrental.ae\/fr\/\",\"logo\":{\"@type\":\"ImageObject\",\"inLanguage\":\"en-US\",\"@id\":\"https:\/\/drivercarrental.ae\/fr\/#\/schema\/logo\/image\/\",\"url\":\"https:\/\/drivercarrental.ae\/fr\/wp-content\/uploads\/2024\/07\/5001-1oo09iuh.png\",\"contentUrl\":\"https:\/\/drivercarrental.ae\/fr\/wp-content\/uploads\/2024\/07\/5001-1oo09iuh.png\",\"width\":500,\"height\":500,\"caption\":\"Driver Car Rental Dubai\"},\"image\":{\"@id\":\"https:\/\/drivercarrental.ae\/fr\/#\/schema\/logo\/image\/\"},\"sameAs\":[\"https:\/\/www.facebook.com\/DriverCarRentalUAE\"]}]}<\/script>\n<!-- \/ Yoast SEO plugin. -->","yoast_head_json":{"title":"Hyundai Santa Fe 2023: Sleek Design & Modern Features","description":"Discover the Hyundai Santa Fe 2023, a perfect blend of style, comfort, and advanced technology for a superior driving experience.","robots":{"index":"noindex","follow":"nofollow"},"og_locale":"en_US","og_type":"article","og_title":"Hyundai Santa Fe 2023: Sleek Design & Modern Features","og_description":"Discover the Hyundai Santa Fe 2023, a perfect blend of style, comfort, and advanced technology for a superior driving experience.","og_url":"https:\/\/drivercarrental.ae\/fr\/product\/hyundai-santa-fe-2023\/","og_site_name":"DCR","article_publisher":"https:\/\/www.facebook.com\/DriverCarRentalUAE","article_modified_time":"2024-12-04T13:11:27+00:00","og_image":[{"width":634,"height":396,"url":"https:\/\/drivercarrental.ae\/fr\/wp-content\/uploads\/2024\/06\/HYUNDAI-SANTA-2023-Dubai.png","type":"image\/png"}],"twitter_card":"summary_large_image","twitter_misc":{"Est. reading time":"3 minutes"},"schema":{"@context":"https:\/\/schema.org","@graph":[{"@type":"WebPage","@id":"https:\/\/drivercarrental.ae\/fr\/product\/hyundai-santa-fe-2023\/","url":"https:\/\/drivercarrental.ae\/fr\/product\/hyundai-santa-fe-2023\/","name":"Hyundai Santa Fe 2023: Sleek Design & Modern Features","isPartOf":{"@id":"https:\/\/drivercarrental.ae\/fr\/#website"},"primaryImageOfPage":{"@id":"https:\/\/drivercarrental.ae\/fr\/product\/hyundai-santa-fe-2023\/#primaryimage"},"image":{"@id":"https:\/\/drivercarrental.ae\/fr\/product\/hyundai-santa-fe-2023\/#primaryimage"},"thumbnailUrl":"https:\/\/drivercarrental.ae\/fr\/wp-content\/uploads\/2024\/06\/HYUNDAI-SANTA-2023-Dubai.png","datePublished":"2024-06-12T09:35:06+00:00","dateModified":"2024-12-04T13:11:27+00:00","description":"Discover the Hyundai Santa Fe 2023, a perfect blend of style, comfort, and advanced technology for a superior driving experience.","breadcrumb":{"@id":"https:\/\/drivercarrental.ae\/fr\/product\/hyundai-santa-fe-2023\/#breadcrumb"},"inLanguage":"en-US","potentialAction":[{"@type":"ReadAction","target":["https:\/\/drivercarrental.ae\/fr\/product\/hyundai-santa-fe-2023\/"]}]},{"@type":"ImageObject","inLanguage":"en-US","@id":"https:\/\/drivercarrental.ae\/fr\/product\/hyundai-santa-fe-2023\/#primaryimage","url":"https:\/\/drivercarrental.ae\/fr\/wp-content\/uploads\/2024\/06\/HYUNDAI-SANTA-2023-Dubai.png","contentUrl":"https:\/\/drivercarrental.ae\/fr\/wp-content\/uploads\/2024\/06\/HYUNDAI-SANTA-2023-Dubai.png","width":634,"height":396,"caption":"HYUNDAI SANTA 2023"},{"@type":"BreadcrumbList","@id":"https:\/\/drivercarrental.ae\/fr\/product\/hyundai-santa-fe-2023\/#breadcrumb","itemListElement":[{"@type":"ListItem","position":1,"name":"Home","item":"https:\/\/drivercarrental.ae\/fr\/"},{"@type":"ListItem","position":2,"name":"Store","item":"https:\/\/drivercarrental.ae\/fr\/shop\/"},{"@type":"ListItem","position":3,"name":"HYUNDAI\u00a0SANTA\u00a0FE 2023"}]},{"@type":"WebSite","@id":"https:\/\/drivercarrental.ae\/fr\/#website","url":"https:\/\/drivercarrental.ae\/fr\/","name":"Driver Car Rental Dubai","description":"Driver Car Rental  Dubai","publisher":{"@id":"https:\/\/drivercarrental.ae\/fr\/#organization"},"alternateName":"Cheapest Car Rental Dubai","potentialAction":[{"@type":"SearchAction","target":{"@type":"EntryPoint","urlTemplate":"https:\/\/drivercarrental.ae\/fr\/?s={search_term_string}"},"query-input":{"@type":"PropertyValueSpecification","valueRequired":true,"valueName":"search_term_string"}}],"inLanguage":"en-US"},{"@type":"Organization","@id":"https:\/\/drivercarrental.ae\/fr\/#organization","name":"Driver Car Rental Dubai","alternateName":"Cheapest Car Rental Dubai","url":"https:\/\/drivercarrental.ae\/fr\/","logo":{"@type":"ImageObject","inLanguage":"en-US","@id":"https:\/\/drivercarrental.ae\/fr\/#\/schema\/logo\/image\/","url":"https:\/\/drivercarrental.ae\/fr\/wp-content\/uploads\/2024\/07\/5001-1oo09iuh.png","contentUrl":"https:\/\/drivercarrental.ae\/fr\/wp-content\/uploads\/2024\/07\/5001-1oo09iuh.png","width":500,"height":500,"caption":"Driver Car Rental Dubai"},"image":{"@id":"https:\/\/drivercarrental.ae\/fr\/#\/schema\/logo\/image\/"},"sameAs":["https:\/\/www.facebook.com\/DriverCarRentalUAE"]}]}},"_links":{"self":[{"href":"https:\/\/drivercarrental.ae\/fr\/wp-json\/wp\/v2\/product\/11381"}],"collection":[{"href":"https:\/\/drivercarrental.ae\/fr\/wp-json\/wp\/v2\/product"}],"about":[{"href":"https:\/\/drivercarrental.ae\/fr\/wp-json\/wp\/v2\/types\/product"}],"wp:featuredmedia":[{"embeddable":true,"href":"https:\/\/drivercarrental.ae\/fr\/wp-json\/wp\/v2\/media\/12230"}],"wp:attachment":[{"href":"https:\/\/drivercarrental.ae\/fr\/wp-json\/wp\/v2\/media?parent=11381"}],"wp:term":[{"taxonomy":"product_cat","embeddable":true,"href":"https:\/\/drivercarrental.ae\/fr\/wp-json\/wp\/v2\/product_cat?post=11381"},{"taxonomy":"product_tag","embeddable":true,"href":"https:\/\/drivercarrental.ae\/fr\/wp-json\/wp\/v2\/product_tag?post=11381"}],"curies":[{"name":"wp","href":"https:\/\/api.w.org\/{rel}","templated":true}]}}