{"id":11386,"date":"2024-06-12T13:59:22","date_gmt":"2024-06-12T09:59:22","guid":{"rendered":"https:\/\/drivercarrental.ae\/fr\/?post_type=product&#038;p=11386"},"modified":"2024-12-04T17:11:00","modified_gmt":"2024-12-04T13:11:00","slug":"hyundai-tucson2023","status":"publish","type":"product","link":"https:\/\/drivercarrental.ae\/fr\/product\/hyundai-tucson2023\/","title":{"rendered":"HYUNDAI\u00a0TUCSON\t2023"},"content":{"rendered":"<p>Le Hyundai Tucson 2023 est \u00e9quip\u00e9 d&#8217;un puissant moteur \u00e0 essence de 2,5 L et 2 497 cm3 avec une transmission automatique offrant des performances impressionnantes pour une conduite facile. Il convient \u00e0 une utilisation quotidienne en ville et peut \u00e9galement \u00eatre utilis\u00e9 pour des trajets prolong\u00e9s car ce v\u00e9hicule offre des performances et une durabilit\u00e9 impressionnantes.<\/p>\n<p>Assis derri\u00e8re le volant, ressentez le confort et l&#8217;aspect luxueux de la voiture, car le Hyundai Tucson a un int\u00e9rieur en cuir. Le Tucson n&#8217;a pas non plus de toit ouvrant, mais il dispose de vitres \u00e9lectriques et d&#8217;une connectivit\u00e9 Bluetooth. Pour faciliter et s\u00e9curiser la conduite, notamment lors du stationnement, un capteur de stationnement et un feu antibrouillard sont install\u00e9s dans le SUV.<\/p>\n<p>Le Hyundai Tucson 2023 garantit \u00e0 ses clients que la s\u00e9curit\u00e9 est l&#8217;une de leurs principales priorit\u00e9s. Les fonctionnalit\u00e9s du pack comprennent un syst\u00e8me de freinage antiblocage et des coussins gonflables pour le syst\u00e8me de retenue suppl\u00e9mentaire qui r\u00e9pondent aux besoins de tous les occupants. Contrairement \u00e0 la plupart des voitures r\u00e9centes, il n&#8217;a pas de cam\u00e9ra de recul, mais les capteurs de stationnement et le feu antibrouillard aident \u00e0 se diriger sur la route.<\/p>\n<h2><strong>Pourquoi choisir Driver Car Rental Services \u00e0 Sharjah<\/strong><\/h2>\n<p>Pour un fournisseur de services de location de voitures, Driver Car Rental dispose d&#8217;une large gamme de v\u00e9hicules dans sa flotte et d&#8217;un excellent service. La Hyundai 2023 appartient au segment abordable des v\u00e9hicules berlines et elle est \u00e9galement abordable et durable. Ainsi, nous consid\u00e9rons le client comme le roi et nous effor\u00e7ons de faire du processus de location une exp\u00e9rience agr\u00e9able.<\/p>\n<p>Pour plus de d\u00e9tails ou pour louer ce Hyundai Tucson 2023, contactez Driver Car Rental d\u00e8s maintenant. Il n&#8217;y a pas de meilleure fa\u00e7on de profiter du meilleur des deux mondes qu&#8217;avec notre SUV haut de gamme dot\u00e9 de fonctionnalit\u00e9s de luxe.<\/p>\n<h2><strong>Questions fr\u00e9quemment pos\u00e9es<\/strong><\/h2>\n<p><strong>1. Quelles sont les choses couvertes par le prix de location ?<\/strong><\/p>\n<p>Le prix de location comprend la voiture, l&#8217;assurance habituelle et des \u00e9l\u00e9ments simples comme le Bluetooth et le syst\u00e8me de stationnement en marche arri\u00e8re. Les fonctionnalit\u00e9s suppl\u00e9mentaires qui accompagnent le contrat de location de voiture incluent la super assurance collision (SCDW) pour une couverture accrue.<\/p>\n<p><strong>2. Est-il possible de restituer la voiture apr\u00e8s les heures d&#8217;ouverture de l&#8217;agence de location de voiture ?<\/strong><\/p>\n<p>Oui, c&#8217;est tout \u00e0 fait possible et peut \u00eatre organis\u00e9 les soirs suivants. Nous vous prions de bien vouloir nous contacter au pr\u00e9alable afin de proc\u00e9der aux pr\u00e9paratifs n\u00e9cessaires.<\/p>\n<p><strong>3. Que dois-je faire en cas de probl\u00e8me m\u00e9canique ?<\/strong><\/p>\n<p>Si vous rencontrez des probl\u00e8mes m\u00e9caniques, n&#8217;h\u00e9sitez pas \u00e0 contacter notre service client. Pour vous aider \u00e0 reprendre le cours normal de vos activit\u00e9s avec le moins d&#8217;interruptions possible, trouvez ici de l&#8217;aide et des solutions.<\/p>\n","protected":false},"excerpt":{"rendered":"<p>Le Hyundai Tucson 2023 est \u00e9quip\u00e9 d&#8217;un puissant moteur \u00e0 essence de 2,5 L et 2 497 cm3 avec une transmission automatique offrant des performances impressionnantes pour une conduite facile. Il convient \u00e0 une utilisation quotidienne en ville et peut \u00e9galement \u00eatre utilis\u00e9 pour des trajets prolong\u00e9s car ce v\u00e9hicule offre des performances et une [&hellip;]<\/p>\n","protected":false},"featured_media":12229,"template":"","meta":{"_acf_changed":false},"product_cat":[74],"product_tag":[],"acf":[],"yoast_head":"<!-- This site is optimized with the Yoast SEO plugin v23.7 - https:\/\/yoast.com\/wordpress\/plugins\/seo\/ -->\n<title>Hyundai Tucson 2023: Sleek, Stylish, and Sophisticated<\/title>\n<meta name=\"description\" content=\"Discover the Hyundai Tucson 2023, offering cutting-edge technology, enhanced performance, and luxurious comfort in a stylish SUV package.\" \/>\n<meta name=\"robots\" content=\"noindex, nofollow\" \/>\n<meta property=\"og:locale\" content=\"en_US\" \/>\n<meta property=\"og:type\" content=\"article\" \/>\n<meta property=\"og:title\" content=\"Hyundai Tucson 2023: Sleek, Stylish, and Sophisticated\" \/>\n<meta property=\"og:description\" content=\"Discover the Hyundai Tucson 2023, offering cutting-edge technology, enhanced performance, and luxurious comfort in a stylish SUV package.\" \/>\n<meta property=\"og:url\" content=\"https:\/\/drivercarrental.ae\/fr\/product\/hyundai-tucson2023\/\" \/>\n<meta property=\"og:site_name\" content=\"DCR\" \/>\n<meta property=\"article:publisher\" content=\"https:\/\/www.facebook.com\/DriverCarRentalUAE\" \/>\n<meta property=\"article:modified_time\" content=\"2024-12-04T13:11:00+00:00\" \/>\n<meta property=\"og:image\" content=\"https:\/\/drivercarrental.ae\/fr\/wp-content\/uploads\/2024\/06\/HYUNDAI-TUCSON-2023-Dubai.png\" \/>\n\t<meta property=\"og:image:width\" content=\"634\" \/>\n\t<meta property=\"og:image:height\" content=\"396\" \/>\n\t<meta property=\"og:image:type\" content=\"image\/png\" \/>\n<meta name=\"twitter:card\" content=\"summary_large_image\" \/>\n<meta name=\"twitter:label1\" content=\"Est. reading time\" \/>\n\t<meta name=\"twitter:data1\" content=\"3 minutes\" \/>\n<script type=\"application\/ld+json\" class=\"yoast-schema-graph\">{\"@context\":\"https:\/\/schema.org\",\"@graph\":[{\"@type\":\"WebPage\",\"@id\":\"https:\/\/drivercarrental.ae\/fr\/product\/hyundai-tucson2023\/\",\"url\":\"https:\/\/drivercarrental.ae\/fr\/product\/hyundai-tucson2023\/\",\"name\":\"Hyundai Tucson 2023: Sleek, Stylish, and Sophisticated\",\"isPartOf\":{\"@id\":\"https:\/\/drivercarrental.ae\/fr\/#website\"},\"primaryImageOfPage\":{\"@id\":\"https:\/\/drivercarrental.ae\/fr\/product\/hyundai-tucson2023\/#primaryimage\"},\"image\":{\"@id\":\"https:\/\/drivercarrental.ae\/fr\/product\/hyundai-tucson2023\/#primaryimage\"},\"thumbnailUrl\":\"https:\/\/drivercarrental.ae\/fr\/wp-content\/uploads\/2024\/06\/HYUNDAI-TUCSON-2023-Dubai.png\",\"datePublished\":\"2024-06-12T09:59:22+00:00\",\"dateModified\":\"2024-12-04T13:11:00+00:00\",\"description\":\"Discover the Hyundai Tucson 2023, offering cutting-edge technology, enhanced performance, and luxurious comfort in a stylish SUV package.\",\"breadcrumb\":{\"@id\":\"https:\/\/drivercarrental.ae\/fr\/product\/hyundai-tucson2023\/#breadcrumb\"},\"inLanguage\":\"en-US\",\"potentialAction\":[{\"@type\":\"ReadAction\",\"target\":[\"https:\/\/drivercarrental.ae\/fr\/product\/hyundai-tucson2023\/\"]}]},{\"@type\":\"ImageObject\",\"inLanguage\":\"en-US\",\"@id\":\"https:\/\/drivercarrental.ae\/fr\/product\/hyundai-tucson2023\/#primaryimage\",\"url\":\"https:\/\/drivercarrental.ae\/fr\/wp-content\/uploads\/2024\/06\/HYUNDAI-TUCSON-2023-Dubai.png\",\"contentUrl\":\"https:\/\/drivercarrental.ae\/fr\/wp-content\/uploads\/2024\/06\/HYUNDAI-TUCSON-2023-Dubai.png\",\"width\":634,\"height\":396,\"caption\":\"HYUNDAI TUCSON 2023\"},{\"@type\":\"BreadcrumbList\",\"@id\":\"https:\/\/drivercarrental.ae\/fr\/product\/hyundai-tucson2023\/#breadcrumb\",\"itemListElement\":[{\"@type\":\"ListItem\",\"position\":1,\"name\":\"Home\",\"item\":\"https:\/\/drivercarrental.ae\/fr\/\"},{\"@type\":\"ListItem\",\"position\":2,\"name\":\"Store\",\"item\":\"https:\/\/drivercarrental.ae\/fr\/shop\/\"},{\"@type\":\"ListItem\",\"position\":3,\"name\":\"HYUNDAI\u00a0TUCSON 2023\"}]},{\"@type\":\"WebSite\",\"@id\":\"https:\/\/drivercarrental.ae\/fr\/#website\",\"url\":\"https:\/\/drivercarrental.ae\/fr\/\",\"name\":\"Driver Car Rental Dubai\",\"description\":\"Driver Car Rental  Dubai\",\"publisher\":{\"@id\":\"https:\/\/drivercarrental.ae\/fr\/#organization\"},\"alternateName\":\"Cheapest Car Rental Dubai\",\"potentialAction\":[{\"@type\":\"SearchAction\",\"target\":{\"@type\":\"EntryPoint\",\"urlTemplate\":\"https:\/\/drivercarrental.ae\/fr\/?s={search_term_string}\"},\"query-input\":{\"@type\":\"PropertyValueSpecification\",\"valueRequired\":true,\"valueName\":\"search_term_string\"}}],\"inLanguage\":\"en-US\"},{\"@type\":\"Organization\",\"@id\":\"https:\/\/drivercarrental.ae\/fr\/#organization\",\"name\":\"Driver Car Rental Dubai\",\"alternateName\":\"Cheapest Car Rental Dubai\",\"url\":\"https:\/\/drivercarrental.ae\/fr\/\",\"logo\":{\"@type\":\"ImageObject\",\"inLanguage\":\"en-US\",\"@id\":\"https:\/\/drivercarrental.ae\/fr\/#\/schema\/logo\/image\/\",\"url\":\"https:\/\/drivercarrental.ae\/fr\/wp-content\/uploads\/2024\/07\/5001-1oo09iuh.png\",\"contentUrl\":\"https:\/\/drivercarrental.ae\/fr\/wp-content\/uploads\/2024\/07\/5001-1oo09iuh.png\",\"width\":500,\"height\":500,\"caption\":\"Driver Car Rental Dubai\"},\"image\":{\"@id\":\"https:\/\/drivercarrental.ae\/fr\/#\/schema\/logo\/image\/\"},\"sameAs\":[\"https:\/\/www.facebook.com\/DriverCarRentalUAE\"]}]}<\/script>\n<!-- \/ Yoast SEO plugin. -->","yoast_head_json":{"title":"Hyundai Tucson 2023: Sleek, Stylish, and Sophisticated","description":"Discover the Hyundai Tucson 2023, offering cutting-edge technology, enhanced performance, and luxurious comfort in a stylish SUV package.","robots":{"index":"noindex","follow":"nofollow"},"og_locale":"en_US","og_type":"article","og_title":"Hyundai Tucson 2023: Sleek, Stylish, and Sophisticated","og_description":"Discover the Hyundai Tucson 2023, offering cutting-edge technology, enhanced performance, and luxurious comfort in a stylish SUV package.","og_url":"https:\/\/drivercarrental.ae\/fr\/product\/hyundai-tucson2023\/","og_site_name":"DCR","article_publisher":"https:\/\/www.facebook.com\/DriverCarRentalUAE","article_modified_time":"2024-12-04T13:11:00+00:00","og_image":[{"width":634,"height":396,"url":"https:\/\/drivercarrental.ae\/fr\/wp-content\/uploads\/2024\/06\/HYUNDAI-TUCSON-2023-Dubai.png","type":"image\/png"}],"twitter_card":"summary_large_image","twitter_misc":{"Est. reading time":"3 minutes"},"schema":{"@context":"https:\/\/schema.org","@graph":[{"@type":"WebPage","@id":"https:\/\/drivercarrental.ae\/fr\/product\/hyundai-tucson2023\/","url":"https:\/\/drivercarrental.ae\/fr\/product\/hyundai-tucson2023\/","name":"Hyundai Tucson 2023: Sleek, Stylish, and Sophisticated","isPartOf":{"@id":"https:\/\/drivercarrental.ae\/fr\/#website"},"primaryImageOfPage":{"@id":"https:\/\/drivercarrental.ae\/fr\/product\/hyundai-tucson2023\/#primaryimage"},"image":{"@id":"https:\/\/drivercarrental.ae\/fr\/product\/hyundai-tucson2023\/#primaryimage"},"thumbnailUrl":"https:\/\/drivercarrental.ae\/fr\/wp-content\/uploads\/2024\/06\/HYUNDAI-TUCSON-2023-Dubai.png","datePublished":"2024-06-12T09:59:22+00:00","dateModified":"2024-12-04T13:11:00+00:00","description":"Discover the Hyundai Tucson 2023, offering cutting-edge technology, enhanced performance, and luxurious comfort in a stylish SUV package.","breadcrumb":{"@id":"https:\/\/drivercarrental.ae\/fr\/product\/hyundai-tucson2023\/#breadcrumb"},"inLanguage":"en-US","potentialAction":[{"@type":"ReadAction","target":["https:\/\/drivercarrental.ae\/fr\/product\/hyundai-tucson2023\/"]}]},{"@type":"ImageObject","inLanguage":"en-US","@id":"https:\/\/drivercarrental.ae\/fr\/product\/hyundai-tucson2023\/#primaryimage","url":"https:\/\/drivercarrental.ae\/fr\/wp-content\/uploads\/2024\/06\/HYUNDAI-TUCSON-2023-Dubai.png","contentUrl":"https:\/\/drivercarrental.ae\/fr\/wp-content\/uploads\/2024\/06\/HYUNDAI-TUCSON-2023-Dubai.png","width":634,"height":396,"caption":"HYUNDAI TUCSON 2023"},{"@type":"BreadcrumbList","@id":"https:\/\/drivercarrental.ae\/fr\/product\/hyundai-tucson2023\/#breadcrumb","itemListElement":[{"@type":"ListItem","position":1,"name":"Home","item":"https:\/\/drivercarrental.ae\/fr\/"},{"@type":"ListItem","position":2,"name":"Store","item":"https:\/\/drivercarrental.ae\/fr\/shop\/"},{"@type":"ListItem","position":3,"name":"HYUNDAI\u00a0TUCSON 2023"}]},{"@type":"WebSite","@id":"https:\/\/drivercarrental.ae\/fr\/#website","url":"https:\/\/drivercarrental.ae\/fr\/","name":"Driver Car Rental Dubai","description":"Driver Car Rental  Dubai","publisher":{"@id":"https:\/\/drivercarrental.ae\/fr\/#organization"},"alternateName":"Cheapest Car Rental Dubai","potentialAction":[{"@type":"SearchAction","target":{"@type":"EntryPoint","urlTemplate":"https:\/\/drivercarrental.ae\/fr\/?s={search_term_string}"},"query-input":{"@type":"PropertyValueSpecification","valueRequired":true,"valueName":"search_term_string"}}],"inLanguage":"en-US"},{"@type":"Organization","@id":"https:\/\/drivercarrental.ae\/fr\/#organization","name":"Driver Car Rental Dubai","alternateName":"Cheapest Car Rental Dubai","url":"https:\/\/drivercarrental.ae\/fr\/","logo":{"@type":"ImageObject","inLanguage":"en-US","@id":"https:\/\/drivercarrental.ae\/fr\/#\/schema\/logo\/image\/","url":"https:\/\/drivercarrental.ae\/fr\/wp-content\/uploads\/2024\/07\/5001-1oo09iuh.png","contentUrl":"https:\/\/drivercarrental.ae\/fr\/wp-content\/uploads\/2024\/07\/5001-1oo09iuh.png","width":500,"height":500,"caption":"Driver Car Rental Dubai"},"image":{"@id":"https:\/\/drivercarrental.ae\/fr\/#\/schema\/logo\/image\/"},"sameAs":["https:\/\/www.facebook.com\/DriverCarRentalUAE"]}]}},"_links":{"self":[{"href":"https:\/\/drivercarrental.ae\/fr\/wp-json\/wp\/v2\/product\/11386"}],"collection":[{"href":"https:\/\/drivercarrental.ae\/fr\/wp-json\/wp\/v2\/product"}],"about":[{"href":"https:\/\/drivercarrental.ae\/fr\/wp-json\/wp\/v2\/types\/product"}],"wp:featuredmedia":[{"embeddable":true,"href":"https:\/\/drivercarrental.ae\/fr\/wp-json\/wp\/v2\/media\/12229"}],"wp:attachment":[{"href":"https:\/\/drivercarrental.ae\/fr\/wp-json\/wp\/v2\/media?parent=11386"}],"wp:term":[{"taxonomy":"product_cat","embeddable":true,"href":"https:\/\/drivercarrental.ae\/fr\/wp-json\/wp\/v2\/product_cat?post=11386"},{"taxonomy":"product_tag","embeddable":true,"href":"https:\/\/drivercarrental.ae\/fr\/wp-json\/wp\/v2\/product_tag?post=11386"}],"curies":[{"name":"wp","href":"https:\/\/api.w.org\/{rel}","templated":true}]}}