{"id":11392,"date":"2024-06-12T14:22:17","date_gmt":"2024-06-12T10:22:17","guid":{"rendered":"https:\/\/drivercarrental.ae\/fr\/?post_type=product&#038;p=11392"},"modified":"2024-12-04T17:10:36","modified_gmt":"2024-12-04T13:10:36","slug":"kia-optima-2020","status":"publish","type":"product","link":"https:\/\/drivercarrental.ae\/fr\/product\/kia-optima-2020\/","title":{"rendered":"KIA\u00a0OPTIMA 2020"},"content":{"rendered":"<p><span class=\"\">La Kia Optima 2020 est une voiture \u00e9l\u00e9gante et ax\u00e9e sur les performances, con\u00e7ue pour ceux qui aiment les voitures \u00e9l\u00e9gantes avec des moteurs puissants. Avec un puissant moteur \u00e0 essence de 2,0 L, 1999 cc et une bo\u00eete de vitesses automatique qui rend le v\u00e9hicule souple et r\u00e9actif en termes de maniabilit\u00e9. Cela signifie que, que vous utilisiez la voiture pour vous rendre au travail ou pour faire du tourisme \u00e0 Duba\u00ef, l&#8217;Optima vous garantit une conduite passionnante.<\/span><\/p>\n<p>La s\u00e9curit\u00e9 est tr\u00e8s importante dans la Kia Optima 2020 pour garantir aux clients la meilleure exp\u00e9rience possible. Offrant des accessoires de s\u00e9curit\u00e9 importants tels que les airbags ABS et SRS, cette berline offre une s\u00e9curit\u00e9 au conducteur et aux passagers. La voiture est \u00e9quip\u00e9e de mani\u00e8re s\u00fbre, il n&#8217;y a donc aucune incertitude en mati\u00e8re de s\u00e9curit\u00e9 lors de la conduite, qu&#8217;il s&#8217;agisse d&#8217;un court trajet ou de kilom\u00e8tres sur la route.<\/p>\n<p>Entrez dans la classe avec l&#8217;int\u00e9rieur de la Kia Optima 2020 qui est livr\u00e9 avec des garnitures en cuir. Ce mod\u00e8le dispose \u00e9galement de vitres \u00e9lectriques pour une utilisation facile pendant vos d\u00e9placements et d&#8217;une fonction Bluetooth pour une communication in\u00e9gal\u00e9e. Il manque cependant un toit ouvrant mais dispose de capteurs de stationnement et de phares antibrouillard pour offrir le confort indispensable pendant la conduite. Les amateurs de musique adoreront le lecteur FM\/CD qui rend chaque voyage que vous faites avec la voiture pratique.<\/p>\n<h2><strong>Pourquoi nous choisissons Driver Car Rental \u00e0 Sharjah<\/strong><\/h2>\n<p>Chez Driver Car Rental, nous sommes fiers d&#8217;offrir \u00e0 nos clients un excellent service et des v\u00e9hicules \u00e0 louer, parmi lesquels la Kia Optima 2020. Nous proposons des prix abordables et proposons diff\u00e9rentes options de location qui r\u00e9pondent parfaitement \u00e0 vos besoins avec le moins d&#8217;inconv\u00e9nients possible.<\/p>\n<p>Pour obtenir plus d&#8217;informations ou effectuer une r\u00e9servation avec nous ou pour louer Kia Optima, veuillez nous contacter pour b\u00e9n\u00e9ficier des meilleurs services de location de voitures avec chauffeur \u00e0 Sharjah et Duba\u00ef.<\/p>\n<h2><strong>Questions fr\u00e9quemment pos\u00e9es<\/strong><\/h2>\n<p><strong>1. Existe-t-il une possibilit\u00e9 d\u2019augmenter la dur\u00e9e de location si n\u00e9cessaire ?<\/strong><\/p>\n<p>Bien entendu, vous pouvez prolonger votre p\u00e9riode de location s&#8217;il reste des cr\u00e9neaux disponibles dans le calendrier des services de mobilit\u00e9. Il vous suffit de nous en informer le plus rapidement possible afin que nous puissions proc\u00e9der \u00e0 la prolongation.<\/p>\n<p><strong>2. Qu&#8217;est-ce qui est inclus dans le service de location de voiture ?<\/strong><\/p>\n<p>La solution de location comprend la voiture, les assurances de base et les \u00e9quipements de s\u00e9rie suppl\u00e9mentaires, notamment le Bluetooth et les capteurs de stationnement. D&#8217;autres fonctionnalit\u00e9s suppl\u00e9mentaires telles que le Super Collision Damage Waiver (SCDW) peuvent \u00e9galement \u00eatre incluses dans la liste.<\/p>\n<p><strong>3. Si j&#8217;ai un pneu crev\u00e9 ou quelque chose comme \u00e7a, que dois-je faire avec la voiture de location ?<\/strong><\/p>\n<p>Pour certains probl\u00e8mes li\u00e9s \u00e0 la voiture, comme une crevaison, veuillez appeler imm\u00e9diatement le service client. Venez chez nous pour un remorquage et nous vous aiderons \u00e0 remettre votre v\u00e9hicule en marche d\u00e8s que possible.<\/p>\n","protected":false},"excerpt":{"rendered":"<p>La Kia Optima 2020 est une voiture \u00e9l\u00e9gante et ax\u00e9e sur les performances, con\u00e7ue pour ceux qui aiment les voitures \u00e9l\u00e9gantes avec des moteurs puissants. Avec un puissant moteur \u00e0 essence de 2,0 L, 1999 cc et une bo\u00eete de vitesses automatique qui rend le v\u00e9hicule souple et r\u00e9actif en termes de maniabilit\u00e9. Cela signifie [&hellip;]<\/p>\n","protected":false},"featured_media":12527,"template":"","meta":{"_acf_changed":false},"product_cat":[74],"product_tag":[],"acf":[],"yoast_head":"<!-- This site is optimized with the Yoast SEO plugin v23.7 - https:\/\/yoast.com\/wordpress\/plugins\/seo\/ -->\n<title>KIA Optima 2020: Unveiling Next-Level Innovation<\/title>\n<meta name=\"description\" content=\"Explore the 2020 KIA Optima, a blend of cutting-edge technology, style, and performance, setting new standards in the sedan market.\" \/>\n<meta name=\"robots\" content=\"noindex, nofollow\" \/>\n<meta property=\"og:locale\" content=\"en_US\" \/>\n<meta property=\"og:type\" content=\"article\" \/>\n<meta property=\"og:title\" content=\"KIA Optima 2020: Unveiling Next-Level Innovation\" \/>\n<meta property=\"og:description\" content=\"Explore the 2020 KIA Optima, a blend of cutting-edge technology, style, and performance, setting new standards in the sedan market.\" \/>\n<meta property=\"og:url\" content=\"https:\/\/drivercarrental.ae\/fr\/product\/kia-optima-2020\/\" \/>\n<meta property=\"og:site_name\" content=\"DCR\" \/>\n<meta property=\"article:publisher\" content=\"https:\/\/www.facebook.com\/DriverCarRentalUAE\" \/>\n<meta property=\"article:modified_time\" content=\"2024-12-04T13:10:36+00:00\" \/>\n<meta property=\"og:image\" content=\"https:\/\/drivercarrental.ae\/fr\/wp-content\/uploads\/2024\/06\/Kia_Optima_2020-Duabi-White-Color.webp\" \/>\n\t<meta property=\"og:image:width\" content=\"634\" \/>\n\t<meta property=\"og:image:height\" content=\"396\" \/>\n\t<meta property=\"og:image:type\" content=\"image\/webp\" \/>\n<meta name=\"twitter:card\" content=\"summary_large_image\" \/>\n<meta name=\"twitter:label1\" content=\"Est. reading time\" \/>\n\t<meta name=\"twitter:data1\" content=\"3 minutes\" \/>\n<script type=\"application\/ld+json\" class=\"yoast-schema-graph\">{\"@context\":\"https:\/\/schema.org\",\"@graph\":[{\"@type\":\"WebPage\",\"@id\":\"https:\/\/drivercarrental.ae\/fr\/product\/kia-optima-2020\/\",\"url\":\"https:\/\/drivercarrental.ae\/fr\/product\/kia-optima-2020\/\",\"name\":\"KIA Optima 2020: Unveiling Next-Level Innovation\",\"isPartOf\":{\"@id\":\"https:\/\/drivercarrental.ae\/fr\/#website\"},\"primaryImageOfPage\":{\"@id\":\"https:\/\/drivercarrental.ae\/fr\/product\/kia-optima-2020\/#primaryimage\"},\"image\":{\"@id\":\"https:\/\/drivercarrental.ae\/fr\/product\/kia-optima-2020\/#primaryimage\"},\"thumbnailUrl\":\"https:\/\/drivercarrental.ae\/fr\/wp-content\/uploads\/2024\/06\/Kia_Optima_2020-Duabi-White-Color.webp\",\"datePublished\":\"2024-06-12T10:22:17+00:00\",\"dateModified\":\"2024-12-04T13:10:36+00:00\",\"description\":\"Explore the 2020 KIA Optima, a blend of cutting-edge technology, style, and performance, setting new standards in the sedan market.\",\"breadcrumb\":{\"@id\":\"https:\/\/drivercarrental.ae\/fr\/product\/kia-optima-2020\/#breadcrumb\"},\"inLanguage\":\"en-US\",\"potentialAction\":[{\"@type\":\"ReadAction\",\"target\":[\"https:\/\/drivercarrental.ae\/fr\/product\/kia-optima-2020\/\"]}]},{\"@type\":\"ImageObject\",\"inLanguage\":\"en-US\",\"@id\":\"https:\/\/drivercarrental.ae\/fr\/product\/kia-optima-2020\/#primaryimage\",\"url\":\"https:\/\/drivercarrental.ae\/fr\/wp-content\/uploads\/2024\/06\/Kia_Optima_2020-Duabi-White-Color.webp\",\"contentUrl\":\"https:\/\/drivercarrental.ae\/fr\/wp-content\/uploads\/2024\/06\/Kia_Optima_2020-Duabi-White-Color.webp\",\"width\":634,\"height\":396,\"caption\":\"Kia_Optima_2020 Duabi White Color\"},{\"@type\":\"BreadcrumbList\",\"@id\":\"https:\/\/drivercarrental.ae\/fr\/product\/kia-optima-2020\/#breadcrumb\",\"itemListElement\":[{\"@type\":\"ListItem\",\"position\":1,\"name\":\"Home\",\"item\":\"https:\/\/drivercarrental.ae\/fr\/\"},{\"@type\":\"ListItem\",\"position\":2,\"name\":\"Store\",\"item\":\"https:\/\/drivercarrental.ae\/fr\/shop\/\"},{\"@type\":\"ListItem\",\"position\":3,\"name\":\"KIA\u00a0OPTIMA 2020\"}]},{\"@type\":\"WebSite\",\"@id\":\"https:\/\/drivercarrental.ae\/fr\/#website\",\"url\":\"https:\/\/drivercarrental.ae\/fr\/\",\"name\":\"Driver Car Rental Dubai\",\"description\":\"Driver Car Rental  Dubai\",\"publisher\":{\"@id\":\"https:\/\/drivercarrental.ae\/fr\/#organization\"},\"alternateName\":\"Cheapest Car Rental Dubai\",\"potentialAction\":[{\"@type\":\"SearchAction\",\"target\":{\"@type\":\"EntryPoint\",\"urlTemplate\":\"https:\/\/drivercarrental.ae\/fr\/?s={search_term_string}\"},\"query-input\":{\"@type\":\"PropertyValueSpecification\",\"valueRequired\":true,\"valueName\":\"search_term_string\"}}],\"inLanguage\":\"en-US\"},{\"@type\":\"Organization\",\"@id\":\"https:\/\/drivercarrental.ae\/fr\/#organization\",\"name\":\"Driver Car Rental Dubai\",\"alternateName\":\"Cheapest Car Rental Dubai\",\"url\":\"https:\/\/drivercarrental.ae\/fr\/\",\"logo\":{\"@type\":\"ImageObject\",\"inLanguage\":\"en-US\",\"@id\":\"https:\/\/drivercarrental.ae\/fr\/#\/schema\/logo\/image\/\",\"url\":\"https:\/\/drivercarrental.ae\/fr\/wp-content\/uploads\/2024\/07\/5001-1oo09iuh.png\",\"contentUrl\":\"https:\/\/drivercarrental.ae\/fr\/wp-content\/uploads\/2024\/07\/5001-1oo09iuh.png\",\"width\":500,\"height\":500,\"caption\":\"Driver Car Rental Dubai\"},\"image\":{\"@id\":\"https:\/\/drivercarrental.ae\/fr\/#\/schema\/logo\/image\/\"},\"sameAs\":[\"https:\/\/www.facebook.com\/DriverCarRentalUAE\"]}]}<\/script>\n<!-- \/ Yoast SEO plugin. -->","yoast_head_json":{"title":"KIA Optima 2020: Unveiling Next-Level Innovation","description":"Explore the 2020 KIA Optima, a blend of cutting-edge technology, style, and performance, setting new standards in the sedan market.","robots":{"index":"noindex","follow":"nofollow"},"og_locale":"en_US","og_type":"article","og_title":"KIA Optima 2020: Unveiling Next-Level Innovation","og_description":"Explore the 2020 KIA Optima, a blend of cutting-edge technology, style, and performance, setting new standards in the sedan market.","og_url":"https:\/\/drivercarrental.ae\/fr\/product\/kia-optima-2020\/","og_site_name":"DCR","article_publisher":"https:\/\/www.facebook.com\/DriverCarRentalUAE","article_modified_time":"2024-12-04T13:10:36+00:00","og_image":[{"width":634,"height":396,"url":"https:\/\/drivercarrental.ae\/fr\/wp-content\/uploads\/2024\/06\/Kia_Optima_2020-Duabi-White-Color.webp","type":"image\/webp"}],"twitter_card":"summary_large_image","twitter_misc":{"Est. reading time":"3 minutes"},"schema":{"@context":"https:\/\/schema.org","@graph":[{"@type":"WebPage","@id":"https:\/\/drivercarrental.ae\/fr\/product\/kia-optima-2020\/","url":"https:\/\/drivercarrental.ae\/fr\/product\/kia-optima-2020\/","name":"KIA Optima 2020: Unveiling Next-Level Innovation","isPartOf":{"@id":"https:\/\/drivercarrental.ae\/fr\/#website"},"primaryImageOfPage":{"@id":"https:\/\/drivercarrental.ae\/fr\/product\/kia-optima-2020\/#primaryimage"},"image":{"@id":"https:\/\/drivercarrental.ae\/fr\/product\/kia-optima-2020\/#primaryimage"},"thumbnailUrl":"https:\/\/drivercarrental.ae\/fr\/wp-content\/uploads\/2024\/06\/Kia_Optima_2020-Duabi-White-Color.webp","datePublished":"2024-06-12T10:22:17+00:00","dateModified":"2024-12-04T13:10:36+00:00","description":"Explore the 2020 KIA Optima, a blend of cutting-edge technology, style, and performance, setting new standards in the sedan market.","breadcrumb":{"@id":"https:\/\/drivercarrental.ae\/fr\/product\/kia-optima-2020\/#breadcrumb"},"inLanguage":"en-US","potentialAction":[{"@type":"ReadAction","target":["https:\/\/drivercarrental.ae\/fr\/product\/kia-optima-2020\/"]}]},{"@type":"ImageObject","inLanguage":"en-US","@id":"https:\/\/drivercarrental.ae\/fr\/product\/kia-optima-2020\/#primaryimage","url":"https:\/\/drivercarrental.ae\/fr\/wp-content\/uploads\/2024\/06\/Kia_Optima_2020-Duabi-White-Color.webp","contentUrl":"https:\/\/drivercarrental.ae\/fr\/wp-content\/uploads\/2024\/06\/Kia_Optima_2020-Duabi-White-Color.webp","width":634,"height":396,"caption":"Kia_Optima_2020 Duabi White Color"},{"@type":"BreadcrumbList","@id":"https:\/\/drivercarrental.ae\/fr\/product\/kia-optima-2020\/#breadcrumb","itemListElement":[{"@type":"ListItem","position":1,"name":"Home","item":"https:\/\/drivercarrental.ae\/fr\/"},{"@type":"ListItem","position":2,"name":"Store","item":"https:\/\/drivercarrental.ae\/fr\/shop\/"},{"@type":"ListItem","position":3,"name":"KIA\u00a0OPTIMA 2020"}]},{"@type":"WebSite","@id":"https:\/\/drivercarrental.ae\/fr\/#website","url":"https:\/\/drivercarrental.ae\/fr\/","name":"Driver Car Rental Dubai","description":"Driver Car Rental  Dubai","publisher":{"@id":"https:\/\/drivercarrental.ae\/fr\/#organization"},"alternateName":"Cheapest Car Rental Dubai","potentialAction":[{"@type":"SearchAction","target":{"@type":"EntryPoint","urlTemplate":"https:\/\/drivercarrental.ae\/fr\/?s={search_term_string}"},"query-input":{"@type":"PropertyValueSpecification","valueRequired":true,"valueName":"search_term_string"}}],"inLanguage":"en-US"},{"@type":"Organization","@id":"https:\/\/drivercarrental.ae\/fr\/#organization","name":"Driver Car Rental Dubai","alternateName":"Cheapest Car Rental Dubai","url":"https:\/\/drivercarrental.ae\/fr\/","logo":{"@type":"ImageObject","inLanguage":"en-US","@id":"https:\/\/drivercarrental.ae\/fr\/#\/schema\/logo\/image\/","url":"https:\/\/drivercarrental.ae\/fr\/wp-content\/uploads\/2024\/07\/5001-1oo09iuh.png","contentUrl":"https:\/\/drivercarrental.ae\/fr\/wp-content\/uploads\/2024\/07\/5001-1oo09iuh.png","width":500,"height":500,"caption":"Driver Car Rental Dubai"},"image":{"@id":"https:\/\/drivercarrental.ae\/fr\/#\/schema\/logo\/image\/"},"sameAs":["https:\/\/www.facebook.com\/DriverCarRentalUAE"]}]}},"_links":{"self":[{"href":"https:\/\/drivercarrental.ae\/fr\/wp-json\/wp\/v2\/product\/11392"}],"collection":[{"href":"https:\/\/drivercarrental.ae\/fr\/wp-json\/wp\/v2\/product"}],"about":[{"href":"https:\/\/drivercarrental.ae\/fr\/wp-json\/wp\/v2\/types\/product"}],"wp:featuredmedia":[{"embeddable":true,"href":"https:\/\/drivercarrental.ae\/fr\/wp-json\/wp\/v2\/media\/12527"}],"wp:attachment":[{"href":"https:\/\/drivercarrental.ae\/fr\/wp-json\/wp\/v2\/media?parent=11392"}],"wp:term":[{"taxonomy":"product_cat","embeddable":true,"href":"https:\/\/drivercarrental.ae\/fr\/wp-json\/wp\/v2\/product_cat?post=11392"},{"taxonomy":"product_tag","embeddable":true,"href":"https:\/\/drivercarrental.ae\/fr\/wp-json\/wp\/v2\/product_tag?post=11392"}],"curies":[{"name":"wp","href":"https:\/\/api.w.org\/{rel}","templated":true}]}}