{"id":11395,"date":"2024-06-12T14:32:57","date_gmt":"2024-06-12T10:32:57","guid":{"rendered":"https:\/\/drivercarrental.ae\/fr\/?post_type=product&#038;p=11395"},"modified":"2024-12-04T17:10:12","modified_gmt":"2024-12-04T13:10:12","slug":"nissan-sunny-2020","status":"publish","type":"product","link":"https:\/\/drivercarrental.ae\/fr\/product\/nissan-sunny-2020\/","title":{"rendered":"NISSAN\u00a0SUNNY 2020"},"content":{"rendered":"<p>La Nissan Sunny 2020 a l&#8217;avantage d&#8217;avoir un moteur essence 1,6 L, 1598 cc tout en souplesse, parfait pour ceux qui veulent la puissance d&#8217;un plus gros moteur avec une consommation raisonnable. La transmission automatique de cette berline vous garantit une conduite fluide et rapide peu importe l&#8217;\u00e9tat du terrain, que ce soit en ville ou sur autoroute.<\/p>\n<p>Profitez des touches agr\u00e9ables avec l&#8217;int\u00e9rieur en cuir, les commandes des vitres \u00e9lectriques et la compatibilit\u00e9 Bluetooth du Nissan Sunny 2020. Cependant, le v\u00e9hicule n&#8217;a pas de toit ouvrant, bien que le capteur de stationnement ainsi que le feu antibrouillard facilitent votre conduite. Des fonctionnalit\u00e9s attrayantes telles que le lecteur FM\/CD garantissent que vous avez de la compagnie pendant votre voyage, rendant ainsi le voyage passionnant.<\/p>\n<p>L&#8217;ext\u00e9rieur du Nissan Sunny 2020 offre une s\u00e9curit\u00e9 maximale aux utilisateurs. Ce mod\u00e8le est s\u00fbr gr\u00e2ce \u00e0 des fonctionnalit\u00e9s telles que les airbags ABS et SRS qui sont si importants pour le conducteur et les passagers. La structure m\u00e9canique d&#8217;une voiture et les fonctions de s\u00e9curit\u00e9 int\u00e9gr\u00e9es rendent votre trajet s\u00fbr, que vous fassiez un court ou un long trajet.<\/p>\n<h2><strong>Pourquoi opter pour un service de location de voiture avec chauffeur \u00e0 Duba\u00ef<\/strong><\/h2>\n<p>Chez Driver Car Rental, notre premi\u00e8re priorit\u00e9 est la meilleure commodit\u00e9 et la satisfaction des clients \u00e0 qui nous proposons des services de location de voitures \u00e0 Duba\u00ef et Sharjah. Toutes nos voitures, y compris ce mod\u00e8le 2020, sont bien entretenues, ce qui garantit aux clients un trajet confortable. Nous proposons diverses conditions de location et des prix abordables, r\u00e9pondons \u00e0 vos demandes et garantissons un voyage pratique et agr\u00e9able du d\u00e9but \u00e0 la fin.<\/p>\n<p>Pour en savoir plus ou pour effectuer une r\u00e9servation pour notre Nissan Sunny 2020, contactez-nous d\u00e8s aujourd&#8217;hui et d\u00e9couvrez pourquoi vous devriez louer avec Driver Car Rental pour votre voyage \u00e0 Duba\u00ef et Sharjah.<\/p>\n<h2><strong>Questions fr\u00e9quemment pos\u00e9es<\/strong><\/h2>\n<p><strong>1. Est-il possible de modifier quelque chose dans ma r\u00e9servation apr\u00e8s l&#8217;avoir confirm\u00e9e ?<\/strong><\/p>\n<p>Oui, vous pouvez modifier votre r\u00e9servation. Pour toute modification \u00e0 apporter \u00e0 votre r\u00e9servation et pour savoir si les h\u00e9bergements sont toujours disponibles, veuillez nous appeler au plus t\u00f4t.<\/p>\n<p><strong>2. Quels sont les avantages de choisir la Super Collision Damage Waiver (SCDW) ?<\/strong><\/p>\n<p>La SCDW permet \u00e9galement de minimiser l&#8217;ampleur des pertes financi\u00e8res que vous pourriez subir en cas d&#8217;accident ou de dommage sur le v\u00e9hicule. Elle offre une s\u00e9curit\u00e9 suppl\u00e9mentaire \u00e0 votre voiture de location pendant toute la dur\u00e9e de la location.<\/p>\n<p><strong>3. Que se passe-t-il si je rends la voiture en retard ?<\/strong><\/p>\n<p>Tout retard dans la restitution des voitures peut entra\u00eener des frais suppl\u00e9mentaires. En cas de retard dans la livraison ou la r\u00e9cup\u00e9ration, veuillez nous en informer afin que nous puissions \u00e9tudier la possibilit\u00e9 de modifier les modalit\u00e9s de votre location.<\/p>\n","protected":false},"excerpt":{"rendered":"<p>La Nissan Sunny 2020 a l&#8217;avantage d&#8217;avoir un moteur essence 1,6 L, 1598 cc tout en souplesse, parfait pour ceux qui veulent la puissance d&#8217;un plus gros moteur avec une consommation raisonnable. La transmission automatique de cette berline vous garantit une conduite fluide et rapide peu importe l&#8217;\u00e9tat du terrain, que ce soit en ville [&hellip;]<\/p>\n","protected":false},"featured_media":12227,"template":"","meta":{"_acf_changed":false},"product_cat":[73],"product_tag":[],"acf":[],"yoast_head":"<!-- This site is optimized with the Yoast SEO plugin v23.7 - https:\/\/yoast.com\/wordpress\/plugins\/seo\/ -->\n<title>Nissan Sunny 2020: Compact, Efficient, and Stylish<\/title>\n<meta name=\"description\" content=\"Discover the Nissan Sunny 2020, a compact sedan offering impressive efficiency, modern design, and advanced features for a smooth driving experience.\" \/>\n<meta name=\"robots\" content=\"noindex, nofollow\" \/>\n<meta property=\"og:locale\" content=\"en_US\" \/>\n<meta property=\"og:type\" content=\"article\" \/>\n<meta property=\"og:title\" content=\"Nissan Sunny 2020: Compact, Efficient, and Stylish\" \/>\n<meta property=\"og:description\" content=\"Discover the Nissan Sunny 2020, a compact sedan offering impressive efficiency, modern design, and advanced features for a smooth driving experience.\" \/>\n<meta property=\"og:url\" content=\"https:\/\/drivercarrental.ae\/fr\/product\/nissan-sunny-2020\/\" \/>\n<meta property=\"og:site_name\" content=\"DCR\" \/>\n<meta property=\"article:publisher\" content=\"https:\/\/www.facebook.com\/DriverCarRentalUAE\" \/>\n<meta property=\"article:modified_time\" content=\"2024-12-04T13:10:12+00:00\" \/>\n<meta property=\"og:image\" content=\"https:\/\/drivercarrental.ae\/fr\/wp-content\/uploads\/2024\/06\/NISSAN-SUNNY-2020-Dubai.png\" \/>\n\t<meta property=\"og:image:width\" content=\"634\" \/>\n\t<meta property=\"og:image:height\" content=\"396\" \/>\n\t<meta property=\"og:image:type\" content=\"image\/png\" \/>\n<meta name=\"twitter:card\" content=\"summary_large_image\" \/>\n<meta name=\"twitter:label1\" content=\"Est. reading time\" \/>\n\t<meta name=\"twitter:data1\" content=\"3 minutes\" \/>\n<script type=\"application\/ld+json\" class=\"yoast-schema-graph\">{\"@context\":\"https:\/\/schema.org\",\"@graph\":[{\"@type\":\"WebPage\",\"@id\":\"https:\/\/drivercarrental.ae\/fr\/product\/nissan-sunny-2020\/\",\"url\":\"https:\/\/drivercarrental.ae\/fr\/product\/nissan-sunny-2020\/\",\"name\":\"Nissan Sunny 2020: Compact, Efficient, and Stylish\",\"isPartOf\":{\"@id\":\"https:\/\/drivercarrental.ae\/fr\/#website\"},\"primaryImageOfPage\":{\"@id\":\"https:\/\/drivercarrental.ae\/fr\/product\/nissan-sunny-2020\/#primaryimage\"},\"image\":{\"@id\":\"https:\/\/drivercarrental.ae\/fr\/product\/nissan-sunny-2020\/#primaryimage\"},\"thumbnailUrl\":\"https:\/\/drivercarrental.ae\/fr\/wp-content\/uploads\/2024\/06\/NISSAN-SUNNY-2020-Dubai.png\",\"datePublished\":\"2024-06-12T10:32:57+00:00\",\"dateModified\":\"2024-12-04T13:10:12+00:00\",\"description\":\"Discover the Nissan Sunny 2020, a compact sedan offering impressive efficiency, modern design, and advanced features for a smooth driving experience.\",\"breadcrumb\":{\"@id\":\"https:\/\/drivercarrental.ae\/fr\/product\/nissan-sunny-2020\/#breadcrumb\"},\"inLanguage\":\"en-US\",\"potentialAction\":[{\"@type\":\"ReadAction\",\"target\":[\"https:\/\/drivercarrental.ae\/fr\/product\/nissan-sunny-2020\/\"]}]},{\"@type\":\"ImageObject\",\"inLanguage\":\"en-US\",\"@id\":\"https:\/\/drivercarrental.ae\/fr\/product\/nissan-sunny-2020\/#primaryimage\",\"url\":\"https:\/\/drivercarrental.ae\/fr\/wp-content\/uploads\/2024\/06\/NISSAN-SUNNY-2020-Dubai.png\",\"contentUrl\":\"https:\/\/drivercarrental.ae\/fr\/wp-content\/uploads\/2024\/06\/NISSAN-SUNNY-2020-Dubai.png\",\"width\":634,\"height\":396,\"caption\":\"NISSAN SUNNY 2020\"},{\"@type\":\"BreadcrumbList\",\"@id\":\"https:\/\/drivercarrental.ae\/fr\/product\/nissan-sunny-2020\/#breadcrumb\",\"itemListElement\":[{\"@type\":\"ListItem\",\"position\":1,\"name\":\"Home\",\"item\":\"https:\/\/drivercarrental.ae\/fr\/\"},{\"@type\":\"ListItem\",\"position\":2,\"name\":\"Store\",\"item\":\"https:\/\/drivercarrental.ae\/fr\/shop\/\"},{\"@type\":\"ListItem\",\"position\":3,\"name\":\"NISSAN\u00a0SUNNY 2020\"}]},{\"@type\":\"WebSite\",\"@id\":\"https:\/\/drivercarrental.ae\/fr\/#website\",\"url\":\"https:\/\/drivercarrental.ae\/fr\/\",\"name\":\"Driver Car Rental Dubai\",\"description\":\"Driver Car Rental  Dubai\",\"publisher\":{\"@id\":\"https:\/\/drivercarrental.ae\/fr\/#organization\"},\"alternateName\":\"Cheapest Car Rental Dubai\",\"potentialAction\":[{\"@type\":\"SearchAction\",\"target\":{\"@type\":\"EntryPoint\",\"urlTemplate\":\"https:\/\/drivercarrental.ae\/fr\/?s={search_term_string}\"},\"query-input\":{\"@type\":\"PropertyValueSpecification\",\"valueRequired\":true,\"valueName\":\"search_term_string\"}}],\"inLanguage\":\"en-US\"},{\"@type\":\"Organization\",\"@id\":\"https:\/\/drivercarrental.ae\/fr\/#organization\",\"name\":\"Driver Car Rental Dubai\",\"alternateName\":\"Cheapest Car Rental Dubai\",\"url\":\"https:\/\/drivercarrental.ae\/fr\/\",\"logo\":{\"@type\":\"ImageObject\",\"inLanguage\":\"en-US\",\"@id\":\"https:\/\/drivercarrental.ae\/fr\/#\/schema\/logo\/image\/\",\"url\":\"https:\/\/drivercarrental.ae\/fr\/wp-content\/uploads\/2024\/07\/5001-1oo09iuh.png\",\"contentUrl\":\"https:\/\/drivercarrental.ae\/fr\/wp-content\/uploads\/2024\/07\/5001-1oo09iuh.png\",\"width\":500,\"height\":500,\"caption\":\"Driver Car Rental Dubai\"},\"image\":{\"@id\":\"https:\/\/drivercarrental.ae\/fr\/#\/schema\/logo\/image\/\"},\"sameAs\":[\"https:\/\/www.facebook.com\/DriverCarRentalUAE\"]}]}<\/script>\n<!-- \/ Yoast SEO plugin. -->","yoast_head_json":{"title":"Nissan Sunny 2020: Compact, Efficient, and Stylish","description":"Discover the Nissan Sunny 2020, a compact sedan offering impressive efficiency, modern design, and advanced features for a smooth driving experience.","robots":{"index":"noindex","follow":"nofollow"},"og_locale":"en_US","og_type":"article","og_title":"Nissan Sunny 2020: Compact, Efficient, and Stylish","og_description":"Discover the Nissan Sunny 2020, a compact sedan offering impressive efficiency, modern design, and advanced features for a smooth driving experience.","og_url":"https:\/\/drivercarrental.ae\/fr\/product\/nissan-sunny-2020\/","og_site_name":"DCR","article_publisher":"https:\/\/www.facebook.com\/DriverCarRentalUAE","article_modified_time":"2024-12-04T13:10:12+00:00","og_image":[{"width":634,"height":396,"url":"https:\/\/drivercarrental.ae\/fr\/wp-content\/uploads\/2024\/06\/NISSAN-SUNNY-2020-Dubai.png","type":"image\/png"}],"twitter_card":"summary_large_image","twitter_misc":{"Est. reading time":"3 minutes"},"schema":{"@context":"https:\/\/schema.org","@graph":[{"@type":"WebPage","@id":"https:\/\/drivercarrental.ae\/fr\/product\/nissan-sunny-2020\/","url":"https:\/\/drivercarrental.ae\/fr\/product\/nissan-sunny-2020\/","name":"Nissan Sunny 2020: Compact, Efficient, and Stylish","isPartOf":{"@id":"https:\/\/drivercarrental.ae\/fr\/#website"},"primaryImageOfPage":{"@id":"https:\/\/drivercarrental.ae\/fr\/product\/nissan-sunny-2020\/#primaryimage"},"image":{"@id":"https:\/\/drivercarrental.ae\/fr\/product\/nissan-sunny-2020\/#primaryimage"},"thumbnailUrl":"https:\/\/drivercarrental.ae\/fr\/wp-content\/uploads\/2024\/06\/NISSAN-SUNNY-2020-Dubai.png","datePublished":"2024-06-12T10:32:57+00:00","dateModified":"2024-12-04T13:10:12+00:00","description":"Discover the Nissan Sunny 2020, a compact sedan offering impressive efficiency, modern design, and advanced features for a smooth driving experience.","breadcrumb":{"@id":"https:\/\/drivercarrental.ae\/fr\/product\/nissan-sunny-2020\/#breadcrumb"},"inLanguage":"en-US","potentialAction":[{"@type":"ReadAction","target":["https:\/\/drivercarrental.ae\/fr\/product\/nissan-sunny-2020\/"]}]},{"@type":"ImageObject","inLanguage":"en-US","@id":"https:\/\/drivercarrental.ae\/fr\/product\/nissan-sunny-2020\/#primaryimage","url":"https:\/\/drivercarrental.ae\/fr\/wp-content\/uploads\/2024\/06\/NISSAN-SUNNY-2020-Dubai.png","contentUrl":"https:\/\/drivercarrental.ae\/fr\/wp-content\/uploads\/2024\/06\/NISSAN-SUNNY-2020-Dubai.png","width":634,"height":396,"caption":"NISSAN SUNNY 2020"},{"@type":"BreadcrumbList","@id":"https:\/\/drivercarrental.ae\/fr\/product\/nissan-sunny-2020\/#breadcrumb","itemListElement":[{"@type":"ListItem","position":1,"name":"Home","item":"https:\/\/drivercarrental.ae\/fr\/"},{"@type":"ListItem","position":2,"name":"Store","item":"https:\/\/drivercarrental.ae\/fr\/shop\/"},{"@type":"ListItem","position":3,"name":"NISSAN\u00a0SUNNY 2020"}]},{"@type":"WebSite","@id":"https:\/\/drivercarrental.ae\/fr\/#website","url":"https:\/\/drivercarrental.ae\/fr\/","name":"Driver Car Rental Dubai","description":"Driver Car Rental  Dubai","publisher":{"@id":"https:\/\/drivercarrental.ae\/fr\/#organization"},"alternateName":"Cheapest Car Rental Dubai","potentialAction":[{"@type":"SearchAction","target":{"@type":"EntryPoint","urlTemplate":"https:\/\/drivercarrental.ae\/fr\/?s={search_term_string}"},"query-input":{"@type":"PropertyValueSpecification","valueRequired":true,"valueName":"search_term_string"}}],"inLanguage":"en-US"},{"@type":"Organization","@id":"https:\/\/drivercarrental.ae\/fr\/#organization","name":"Driver Car Rental Dubai","alternateName":"Cheapest Car Rental Dubai","url":"https:\/\/drivercarrental.ae\/fr\/","logo":{"@type":"ImageObject","inLanguage":"en-US","@id":"https:\/\/drivercarrental.ae\/fr\/#\/schema\/logo\/image\/","url":"https:\/\/drivercarrental.ae\/fr\/wp-content\/uploads\/2024\/07\/5001-1oo09iuh.png","contentUrl":"https:\/\/drivercarrental.ae\/fr\/wp-content\/uploads\/2024\/07\/5001-1oo09iuh.png","width":500,"height":500,"caption":"Driver Car Rental Dubai"},"image":{"@id":"https:\/\/drivercarrental.ae\/fr\/#\/schema\/logo\/image\/"},"sameAs":["https:\/\/www.facebook.com\/DriverCarRentalUAE"]}]}},"_links":{"self":[{"href":"https:\/\/drivercarrental.ae\/fr\/wp-json\/wp\/v2\/product\/11395"}],"collection":[{"href":"https:\/\/drivercarrental.ae\/fr\/wp-json\/wp\/v2\/product"}],"about":[{"href":"https:\/\/drivercarrental.ae\/fr\/wp-json\/wp\/v2\/types\/product"}],"wp:featuredmedia":[{"embeddable":true,"href":"https:\/\/drivercarrental.ae\/fr\/wp-json\/wp\/v2\/media\/12227"}],"wp:attachment":[{"href":"https:\/\/drivercarrental.ae\/fr\/wp-json\/wp\/v2\/media?parent=11395"}],"wp:term":[{"taxonomy":"product_cat","embeddable":true,"href":"https:\/\/drivercarrental.ae\/fr\/wp-json\/wp\/v2\/product_cat?post=11395"},{"taxonomy":"product_tag","embeddable":true,"href":"https:\/\/drivercarrental.ae\/fr\/wp-json\/wp\/v2\/product_tag?post=11395"}],"curies":[{"name":"wp","href":"https:\/\/api.w.org\/{rel}","templated":true}]}}