{"id":11398,"date":"2024-06-12T14:46:37","date_gmt":"2024-06-12T10:46:37","guid":{"rendered":"https:\/\/drivercarrental.ae\/fr\/?post_type=product&#038;p=11398"},"modified":"2024-12-04T17:09:50","modified_gmt":"2024-12-04T13:09:50","slug":"nissan-versa-2019","status":"publish","type":"product","link":"https:\/\/drivercarrental.ae\/fr\/product\/nissan-versa-2019\/","title":{"rendered":"NISSAN\u00a0VERSA 2019"},"content":{"rendered":"<p>La Nissan Versa 2019 est l&#8217;un des meilleurs mod\u00e8les pour ceux qui recherchent l&#8217;\u00e9quilibre entre la puissance du moteur et l&#8217;\u00e9conomie de carburant. Dot\u00e9e d&#8217;un moteur \u00e0 essence robuste de 1,5 L et 1 598 cm3, cette berline est \u00e9quip\u00e9e d&#8217;un moteur \u00e0 essence de 6 L et 1 598 cm3 et cette combinaison fournit une puissance fiable et de secours ainsi qu&#8217;une \u00e9conomie de carburant. La transmission automatique vous permet de la g\u00e9rer plus facilement, que vous conduisiez en ville ou sur un long trajet.<\/p>\n<p>Il suffit de monter \u00e0 bord de la Nissan Versa 2019 pour se laisser s\u00e9duire par le confort et la commodit\u00e9 de l&#8217;habitacle. Les si\u00e8ges en cuir, les vitres \u00e9lectriques et la connectivit\u00e9 Bluetooth am\u00e9lior\u00e9e de cette berline assurent une conduite confortable. Outre les capteurs de stationnement et les phares antibrouillard, les caract\u00e9ristiques pratiques du v\u00e9hicule sont am\u00e9lior\u00e9es et le lecteur FM\/CD vous assure un divertissement tout au long du trajet.<\/p>\n<p>Dans chaque mod\u00e8le de voiture, la caract\u00e9ristique la plus cruciale est la s\u00e9curit\u00e9, comme dans le cas du mod\u00e8le Nissan Versa 2019. Des caract\u00e9ristiques standard telles que le syst\u00e8me de freinage antiblocage et les airbags du syst\u00e8me de retenue suppl\u00e9mentaire sont fournies pour assurer la s\u00e9curit\u00e9 du conducteur et des occupants de la Versa. Ces caract\u00e9ristiques sont accompagn\u00e9es d&#8217;une construction bien pens\u00e9e de la voiture et de l&#8217;inclusion de fonctions de s\u00e9curit\u00e9 modernes pour une conduite sans souci.<\/p>\n<h2><strong>Pourquoi opter pour un service de location de voiture avec chauffeur \u00e0 Duba\u00ef<\/strong><\/h2>\n<p>Location de voitures avec chauffeur offrant un service sans tracas \u00e0 nos pr\u00e9cieux clients pour la location de voitures \u00e0 Duba\u00ef et Sharjah. Nous mettons \u00e0 notre disposition un grand nombre de v\u00e9hicules, et tous nos v\u00e9hicules sont maintenus en parfait \u00e9tat pour garantir votre confort de conduite.<\/p>\n<p>Nous offrons des solutions de location conviviales pour nos clients et le point le plus d\u00e9licieux, des prix int\u00e9ressants qui font de nous un leader parmi les entreprises qui offrent des services de location pour des intervalles de courte et longue dur\u00e9e. Venez faire confiance \u00e0 nos services de location de voitures pour les meilleurs services et profiter de votre processus de location.<\/p>\n<p>Pour en savoir plus ou louer une Nissan Versa 2019, veuillez nous contacter d\u00e8s aujourd&#8217;hui et faites en sorte que votre voyage de location de voiture se d\u00e9roule sans probl\u00e8me \u00e0 Duba\u00ef et \u00e0 Sharjah.<\/p>\n<h2><strong>Questions fr\u00e9quemment pos\u00e9es<\/strong><\/h2>\n<p><strong>1. Comment r\u00e9server une location de voiture avec Driver Car Rental ?<\/strong><\/p>\n<p>La r\u00e9servation est simple ! Choisissez les dates et la voiture que vous souhaitez louer via notre formulaire en ligne, ou appelez-nous pour r\u00e9server la voiture.<\/p>\n<p><strong>2. Y a-t-il une limite au nombre de kilom\u00e8tres que je peux parcourir ?<\/strong><\/p>\n<p>Il n&#8217;y a pas de limite, mais il est n\u00e9cessaire de mentionner que des frais suppl\u00e9mentaires d&#8217;un montant de 0,50 AED par kilom\u00e8tre suppl\u00e9mentaire seront factur\u00e9s si l&#8217;indemnit\u00e9 de location est d\u00e9pass\u00e9e.<\/p>\n<p><strong>3. Que dois-je faire si j&#8217;ai besoin de prolonger ma p\u00e9riode de location ?<\/strong><\/p>\n<p>Vous devez nous contacter d\u00e8s que possible pour prolonger votre p\u00e9riode de location. Notre service client est disponible 24h\/24 et 7j\/7 pour vous aider.<\/p>\n","protected":false},"excerpt":{"rendered":"<p>La Nissan Versa 2019 est l&#8217;un des meilleurs mod\u00e8les pour ceux qui recherchent l&#8217;\u00e9quilibre entre la puissance du moteur et l&#8217;\u00e9conomie de carburant. Dot\u00e9e d&#8217;un moteur \u00e0 essence robuste de 1,5 L et 1 598 cm3, cette berline est \u00e9quip\u00e9e d&#8217;un moteur \u00e0 essence de 6 L et 1 598 cm3 et cette combinaison fournit [&hellip;]<\/p>\n","protected":false},"featured_media":12654,"template":"","meta":{"_acf_changed":false},"product_cat":[73],"product_tag":[],"acf":[],"yoast_head":"<!-- This site is optimized with the Yoast SEO plugin v23.7 - https:\/\/yoast.com\/wordpress\/plugins\/seo\/ -->\n<title>Explore the Nissan Versa 2019<\/title>\n<meta name=\"description\" content=\"Discover the 2019 Nissan Versa: a compact sedan offering fuel efficiency, modern features, and a comfortable ride at an affordable price.\" \/>\n<meta name=\"robots\" content=\"noindex, nofollow\" \/>\n<meta property=\"og:locale\" content=\"en_US\" \/>\n<meta property=\"og:type\" content=\"article\" \/>\n<meta property=\"og:title\" content=\"Explore the Nissan Versa 2019\" \/>\n<meta property=\"og:description\" content=\"Discover the 2019 Nissan Versa: a compact sedan offering fuel efficiency, modern features, and a comfortable ride at an affordable price.\" \/>\n<meta property=\"og:url\" content=\"https:\/\/drivercarrental.ae\/fr\/product\/nissan-versa-2019\/\" \/>\n<meta property=\"og:site_name\" content=\"DCR\" \/>\n<meta property=\"article:publisher\" content=\"https:\/\/www.facebook.com\/DriverCarRentalUAE\" \/>\n<meta property=\"article:modified_time\" content=\"2024-12-04T13:09:50+00:00\" \/>\n<meta property=\"og:image\" content=\"https:\/\/drivercarrental.ae\/fr\/wp-content\/uploads\/2024\/06\/NISSAN-VERSA-2019-Blue-Dubai.webp\" \/>\n\t<meta property=\"og:image:width\" content=\"634\" \/>\n\t<meta property=\"og:image:height\" content=\"396\" \/>\n\t<meta property=\"og:image:type\" content=\"image\/webp\" \/>\n<meta name=\"twitter:card\" content=\"summary_large_image\" \/>\n<meta name=\"twitter:label1\" content=\"Est. reading time\" \/>\n\t<meta name=\"twitter:data1\" content=\"3 minutes\" \/>\n<script type=\"application\/ld+json\" class=\"yoast-schema-graph\">{\"@context\":\"https:\/\/schema.org\",\"@graph\":[{\"@type\":\"WebPage\",\"@id\":\"https:\/\/drivercarrental.ae\/fr\/product\/nissan-versa-2019\/\",\"url\":\"https:\/\/drivercarrental.ae\/fr\/product\/nissan-versa-2019\/\",\"name\":\"Explore the Nissan Versa 2019\",\"isPartOf\":{\"@id\":\"https:\/\/drivercarrental.ae\/fr\/#website\"},\"primaryImageOfPage\":{\"@id\":\"https:\/\/drivercarrental.ae\/fr\/product\/nissan-versa-2019\/#primaryimage\"},\"image\":{\"@id\":\"https:\/\/drivercarrental.ae\/fr\/product\/nissan-versa-2019\/#primaryimage\"},\"thumbnailUrl\":\"https:\/\/drivercarrental.ae\/fr\/wp-content\/uploads\/2024\/06\/NISSAN-VERSA-2019-Blue-Dubai.webp\",\"datePublished\":\"2024-06-12T10:46:37+00:00\",\"dateModified\":\"2024-12-04T13:09:50+00:00\",\"description\":\"Discover the 2019 Nissan Versa: a compact sedan offering fuel efficiency, modern features, and a comfortable ride at an affordable price.\",\"breadcrumb\":{\"@id\":\"https:\/\/drivercarrental.ae\/fr\/product\/nissan-versa-2019\/#breadcrumb\"},\"inLanguage\":\"en-US\",\"potentialAction\":[{\"@type\":\"ReadAction\",\"target\":[\"https:\/\/drivercarrental.ae\/fr\/product\/nissan-versa-2019\/\"]}]},{\"@type\":\"ImageObject\",\"inLanguage\":\"en-US\",\"@id\":\"https:\/\/drivercarrental.ae\/fr\/product\/nissan-versa-2019\/#primaryimage\",\"url\":\"https:\/\/drivercarrental.ae\/fr\/wp-content\/uploads\/2024\/06\/NISSAN-VERSA-2019-Blue-Dubai.webp\",\"contentUrl\":\"https:\/\/drivercarrental.ae\/fr\/wp-content\/uploads\/2024\/06\/NISSAN-VERSA-2019-Blue-Dubai.webp\",\"width\":634,\"height\":396,\"caption\":\"NISSAN-VERSA-2019-Blue-Dubai\"},{\"@type\":\"BreadcrumbList\",\"@id\":\"https:\/\/drivercarrental.ae\/fr\/product\/nissan-versa-2019\/#breadcrumb\",\"itemListElement\":[{\"@type\":\"ListItem\",\"position\":1,\"name\":\"Home\",\"item\":\"https:\/\/drivercarrental.ae\/fr\/\"},{\"@type\":\"ListItem\",\"position\":2,\"name\":\"Store\",\"item\":\"https:\/\/drivercarrental.ae\/fr\/shop\/\"},{\"@type\":\"ListItem\",\"position\":3,\"name\":\"NISSAN\u00a0VERSA 2019\"}]},{\"@type\":\"WebSite\",\"@id\":\"https:\/\/drivercarrental.ae\/fr\/#website\",\"url\":\"https:\/\/drivercarrental.ae\/fr\/\",\"name\":\"Driver Car Rental Dubai\",\"description\":\"Driver Car Rental  Dubai\",\"publisher\":{\"@id\":\"https:\/\/drivercarrental.ae\/fr\/#organization\"},\"alternateName\":\"Cheapest Car Rental Dubai\",\"potentialAction\":[{\"@type\":\"SearchAction\",\"target\":{\"@type\":\"EntryPoint\",\"urlTemplate\":\"https:\/\/drivercarrental.ae\/fr\/?s={search_term_string}\"},\"query-input\":{\"@type\":\"PropertyValueSpecification\",\"valueRequired\":true,\"valueName\":\"search_term_string\"}}],\"inLanguage\":\"en-US\"},{\"@type\":\"Organization\",\"@id\":\"https:\/\/drivercarrental.ae\/fr\/#organization\",\"name\":\"Driver Car Rental Dubai\",\"alternateName\":\"Cheapest Car Rental Dubai\",\"url\":\"https:\/\/drivercarrental.ae\/fr\/\",\"logo\":{\"@type\":\"ImageObject\",\"inLanguage\":\"en-US\",\"@id\":\"https:\/\/drivercarrental.ae\/fr\/#\/schema\/logo\/image\/\",\"url\":\"https:\/\/drivercarrental.ae\/fr\/wp-content\/uploads\/2024\/07\/5001-1oo09iuh.png\",\"contentUrl\":\"https:\/\/drivercarrental.ae\/fr\/wp-content\/uploads\/2024\/07\/5001-1oo09iuh.png\",\"width\":500,\"height\":500,\"caption\":\"Driver Car Rental Dubai\"},\"image\":{\"@id\":\"https:\/\/drivercarrental.ae\/fr\/#\/schema\/logo\/image\/\"},\"sameAs\":[\"https:\/\/www.facebook.com\/DriverCarRentalUAE\"]}]}<\/script>\n<!-- \/ Yoast SEO plugin. -->","yoast_head_json":{"title":"Explore the Nissan Versa 2019","description":"Discover the 2019 Nissan Versa: a compact sedan offering fuel efficiency, modern features, and a comfortable ride at an affordable price.","robots":{"index":"noindex","follow":"nofollow"},"og_locale":"en_US","og_type":"article","og_title":"Explore the Nissan Versa 2019","og_description":"Discover the 2019 Nissan Versa: a compact sedan offering fuel efficiency, modern features, and a comfortable ride at an affordable price.","og_url":"https:\/\/drivercarrental.ae\/fr\/product\/nissan-versa-2019\/","og_site_name":"DCR","article_publisher":"https:\/\/www.facebook.com\/DriverCarRentalUAE","article_modified_time":"2024-12-04T13:09:50+00:00","og_image":[{"width":634,"height":396,"url":"https:\/\/drivercarrental.ae\/fr\/wp-content\/uploads\/2024\/06\/NISSAN-VERSA-2019-Blue-Dubai.webp","type":"image\/webp"}],"twitter_card":"summary_large_image","twitter_misc":{"Est. reading time":"3 minutes"},"schema":{"@context":"https:\/\/schema.org","@graph":[{"@type":"WebPage","@id":"https:\/\/drivercarrental.ae\/fr\/product\/nissan-versa-2019\/","url":"https:\/\/drivercarrental.ae\/fr\/product\/nissan-versa-2019\/","name":"Explore the Nissan Versa 2019","isPartOf":{"@id":"https:\/\/drivercarrental.ae\/fr\/#website"},"primaryImageOfPage":{"@id":"https:\/\/drivercarrental.ae\/fr\/product\/nissan-versa-2019\/#primaryimage"},"image":{"@id":"https:\/\/drivercarrental.ae\/fr\/product\/nissan-versa-2019\/#primaryimage"},"thumbnailUrl":"https:\/\/drivercarrental.ae\/fr\/wp-content\/uploads\/2024\/06\/NISSAN-VERSA-2019-Blue-Dubai.webp","datePublished":"2024-06-12T10:46:37+00:00","dateModified":"2024-12-04T13:09:50+00:00","description":"Discover the 2019 Nissan Versa: a compact sedan offering fuel efficiency, modern features, and a comfortable ride at an affordable price.","breadcrumb":{"@id":"https:\/\/drivercarrental.ae\/fr\/product\/nissan-versa-2019\/#breadcrumb"},"inLanguage":"en-US","potentialAction":[{"@type":"ReadAction","target":["https:\/\/drivercarrental.ae\/fr\/product\/nissan-versa-2019\/"]}]},{"@type":"ImageObject","inLanguage":"en-US","@id":"https:\/\/drivercarrental.ae\/fr\/product\/nissan-versa-2019\/#primaryimage","url":"https:\/\/drivercarrental.ae\/fr\/wp-content\/uploads\/2024\/06\/NISSAN-VERSA-2019-Blue-Dubai.webp","contentUrl":"https:\/\/drivercarrental.ae\/fr\/wp-content\/uploads\/2024\/06\/NISSAN-VERSA-2019-Blue-Dubai.webp","width":634,"height":396,"caption":"NISSAN-VERSA-2019-Blue-Dubai"},{"@type":"BreadcrumbList","@id":"https:\/\/drivercarrental.ae\/fr\/product\/nissan-versa-2019\/#breadcrumb","itemListElement":[{"@type":"ListItem","position":1,"name":"Home","item":"https:\/\/drivercarrental.ae\/fr\/"},{"@type":"ListItem","position":2,"name":"Store","item":"https:\/\/drivercarrental.ae\/fr\/shop\/"},{"@type":"ListItem","position":3,"name":"NISSAN\u00a0VERSA 2019"}]},{"@type":"WebSite","@id":"https:\/\/drivercarrental.ae\/fr\/#website","url":"https:\/\/drivercarrental.ae\/fr\/","name":"Driver Car Rental Dubai","description":"Driver Car Rental  Dubai","publisher":{"@id":"https:\/\/drivercarrental.ae\/fr\/#organization"},"alternateName":"Cheapest Car Rental Dubai","potentialAction":[{"@type":"SearchAction","target":{"@type":"EntryPoint","urlTemplate":"https:\/\/drivercarrental.ae\/fr\/?s={search_term_string}"},"query-input":{"@type":"PropertyValueSpecification","valueRequired":true,"valueName":"search_term_string"}}],"inLanguage":"en-US"},{"@type":"Organization","@id":"https:\/\/drivercarrental.ae\/fr\/#organization","name":"Driver Car Rental Dubai","alternateName":"Cheapest Car Rental Dubai","url":"https:\/\/drivercarrental.ae\/fr\/","logo":{"@type":"ImageObject","inLanguage":"en-US","@id":"https:\/\/drivercarrental.ae\/fr\/#\/schema\/logo\/image\/","url":"https:\/\/drivercarrental.ae\/fr\/wp-content\/uploads\/2024\/07\/5001-1oo09iuh.png","contentUrl":"https:\/\/drivercarrental.ae\/fr\/wp-content\/uploads\/2024\/07\/5001-1oo09iuh.png","width":500,"height":500,"caption":"Driver Car Rental Dubai"},"image":{"@id":"https:\/\/drivercarrental.ae\/fr\/#\/schema\/logo\/image\/"},"sameAs":["https:\/\/www.facebook.com\/DriverCarRentalUAE"]}]}},"_links":{"self":[{"href":"https:\/\/drivercarrental.ae\/fr\/wp-json\/wp\/v2\/product\/11398"}],"collection":[{"href":"https:\/\/drivercarrental.ae\/fr\/wp-json\/wp\/v2\/product"}],"about":[{"href":"https:\/\/drivercarrental.ae\/fr\/wp-json\/wp\/v2\/types\/product"}],"wp:featuredmedia":[{"embeddable":true,"href":"https:\/\/drivercarrental.ae\/fr\/wp-json\/wp\/v2\/media\/12654"}],"wp:attachment":[{"href":"https:\/\/drivercarrental.ae\/fr\/wp-json\/wp\/v2\/media?parent=11398"}],"wp:term":[{"taxonomy":"product_cat","embeddable":true,"href":"https:\/\/drivercarrental.ae\/fr\/wp-json\/wp\/v2\/product_cat?post=11398"},{"taxonomy":"product_tag","embeddable":true,"href":"https:\/\/drivercarrental.ae\/fr\/wp-json\/wp\/v2\/product_tag?post=11398"}],"curies":[{"name":"wp","href":"https:\/\/api.w.org\/{rel}","templated":true}]}}