{"id":11401,"date":"2024-06-12T15:05:36","date_gmt":"2024-06-12T11:05:36","guid":{"rendered":"https:\/\/drivercarrental.ae\/fr\/?post_type=product&#038;p=11401"},"modified":"2024-12-04T17:08:00","modified_gmt":"2024-12-04T13:08:00","slug":"mitsubishi-mirage-2021","status":"publish","type":"product","link":"https:\/\/drivercarrental.ae\/fr\/product\/mitsubishi-mirage-2021\/","title":{"rendered":"MITSUBISHI\u00a0MIRAGE 2021"},"content":{"rendered":"<p>La Mitsubishi Mirage 2021 est con\u00e7ue pour ceux qui ont besoin d&#8217;une voiture \u00e9conomique avec les meilleurs taux d&#8217;\u00e9conomie de carburant. Dot\u00e9e d&#8217;un moteur \u00e0 essence de 1,2 L et 1193 cm3, il s&#8217;agit d&#8217;une voiture confortable et tr\u00e8s \u00e9conome en carburant, parfaite pour une utilisation quotidienne en ville. Les caract\u00e9ristiques rendent la conduite tr\u00e8s facile, en particulier dans les embouteillages dans les zones urbaines, la transmission est automatique.<\/p>\n<p>Beaucoup de gens qui ont vu la Mitsubishi 2021 sur la route pourraient penser que la voiture n&#8217;a pas beaucoup d&#8217;espace \u00e0 l&#8217;int\u00e9rieur, mais c&#8217;est tout \u00e0 fait diff\u00e9rent de la r\u00e9alit\u00e9. Les si\u00e8ges en cuir, les vitres \u00e9lectriques et la connectivit\u00e9 Bluetooth ajoutent plus de confort ainsi qu&#8217;une facilit\u00e9 d&#8217;utilisation de la voiture. Dot\u00e9e de capteurs de stationnement et de phares antibrouillard, cette \u00e9l\u00e9gante Mirage vous permet de conduire en toute s\u00e9curit\u00e9 et confortablement, et avec un lecteur FM\/CD \u00e0 bord, vous ne vous ennuierez pas au volant.<\/p>\n<p>La s\u00e9curit\u00e9 est un \u00e9l\u00e9ment incontournable de cette Mirage 2021. La protection des airbags ABS et SRS est n\u00e9cessaire tant pour le conducteur que pour les passagers du v\u00e9hicule. Ainsi, en gardant cela \u00e0 l&#8217;esprit, les caract\u00e9ristiques de s\u00e9curit\u00e9 bien d\u00e9velopp\u00e9es ci-dessus ainsi que la petite taille de la voiture font de la Mirage le compagnon id\u00e9al pour tout trajet en ville o\u00f9 vous n&#8217;avez plus \u00e0 vous soucier de votre s\u00e9curit\u00e9.<\/p>\n<h2>Pourquoi choisir Driver Car Rental Service \u00e0 Duba\u00ef<\/h2>\n<p>Driver Car Rental est r\u00e9put\u00e9 pour ses services de location de voitures de haute qualit\u00e9 dans les villes de Duba\u00ef et de Sharjah. Il existe pratiquement tous les types de voitures \u00e0 louer dont vous pourriez avoir besoin et tous ces services sont propos\u00e9s \u00e0 des prix raisonnables. Afin de r\u00e9pondre aux besoins de nos clients, nous proposons diff\u00e9rents forfaits de location allant de la location \u00e0 court terme \u00e0 la location \u00e0 long terme pour permettre aux clients de prendre la bonne d\u00e9cision lors de la commande. Avec des niveaux \u00e9lev\u00e9s de satisfaction de la client\u00e8le, notre soci\u00e9t\u00e9 de location de voitures appara\u00eet comme une entreprise r\u00e9put\u00e9e qui propose des services de location de voitures \u00e0 Sharjah et \u00e0 Duba\u00ef.<\/p>\n<p>Pour obtenir plus d&#8217;informations ou pour effectuer une r\u00e9servation pour votre location de voiture, veuillez remplir le formulaire et n&#8217;h\u00e9sitez pas \u00e0 vivre une exp\u00e9rience unique de location de voiture \u00e0 Duba\u00ef et Sharjah.<\/p>\n<h2>FAQ<\/h2>\n<p><strong>1. Quels sont les documents n\u00e9cessaires pour les services de location de voiture \u00e0 Duba\u00ef ?<\/strong><\/p>\n<p>Pour les r\u00e9sidents des \u00c9mirats arabes unis\u00a0: pi\u00e8ce d&#8217;identit\u00e9\u00a0: copie du passeport, copie<br \/>\nde la carte d&#8217;identit\u00e9 des \u00c9mirats arabes unis et copie du permis de conduire des \u00c9mirats arabes unis. Pour les touristes\/non-r\u00e9sidents\u00a0: les documents comprennent une pi\u00e8ce d&#8217;identit\u00e9 qui est une copie d&#8217;un passeport international, une copie d&#8217;un visa de visite et leurs \u00e9quivalents comprennent une copie d&#8217;un permis de conduire international.<\/p>\n<p><strong>2. Comment puis-je louer cette flotte abordable \u00e0 Sharjah ?<\/strong><\/p>\n<p>Vous pouvez r\u00e9server cette voiture \u00e9conomique sur notre site internet ou en utilisant le num\u00e9ro de t\u00e9l\u00e9phone fourni sur notre site internet. Merci de nous faire parvenir vos dates de location, vos coordonn\u00e9es et vos documents n\u00e9cessaires pour valider votre r\u00e9servation.<\/p>\n<p><strong>3. Est-il possible de louer ce mod\u00e8le 2021 pour un aller simple ?<\/strong><\/p>\n<p>Oui, il est possible de louer un v\u00e9hicule en aller simple dans certaines zones sp\u00e9cifiques de Sharjah et de Duba\u00ef. Nous vous invitons \u00e0 prendre contact avec notre service client pour vous renseigner sur nos disponibilit\u00e9s et sur les \u00e9ventuels frais suppl\u00e9mentaires.<\/p>\n","protected":false},"excerpt":{"rendered":"<p>La Mitsubishi Mirage 2021 est con\u00e7ue pour ceux qui ont besoin d&#8217;une voiture \u00e9conomique avec les meilleurs taux d&#8217;\u00e9conomie de carburant. Dot\u00e9e d&#8217;un moteur \u00e0 essence de 1,2 L et 1193 cm3, il s&#8217;agit d&#8217;une voiture confortable et tr\u00e8s \u00e9conome en carburant, parfaite pour une utilisation quotidienne en ville. Les caract\u00e9ristiques rendent la conduite tr\u00e8s [&hellip;]<\/p>\n","protected":false},"featured_media":12225,"template":"","meta":{"_acf_changed":false},"product_cat":[74],"product_tag":[],"acf":[],"yoast_head":"<!-- This site is optimized with the Yoast SEO plugin v23.7 - https:\/\/yoast.com\/wordpress\/plugins\/seo\/ -->\n<title>Mitsubishi Mirage 2021: Compact Efficiency Redefined<\/title>\n<meta name=\"description\" content=\"Discover the 2021 Mitsubishi Mirage: a blend of efficiency, affordability, and modern features in a compact car designed for urban driving.\" \/>\n<meta name=\"robots\" content=\"noindex, nofollow\" \/>\n<meta property=\"og:locale\" content=\"en_US\" \/>\n<meta property=\"og:type\" content=\"article\" \/>\n<meta property=\"og:title\" content=\"Mitsubishi Mirage 2021: Compact Efficiency Redefined\" \/>\n<meta property=\"og:description\" content=\"Discover the 2021 Mitsubishi Mirage: a blend of efficiency, affordability, and modern features in a compact car designed for urban driving.\" \/>\n<meta property=\"og:url\" content=\"https:\/\/drivercarrental.ae\/fr\/product\/mitsubishi-mirage-2021\/\" \/>\n<meta property=\"og:site_name\" content=\"DCR\" \/>\n<meta property=\"article:publisher\" content=\"https:\/\/www.facebook.com\/DriverCarRentalUAE\" \/>\n<meta property=\"article:modified_time\" content=\"2024-12-04T13:08:00+00:00\" \/>\n<meta property=\"og:image\" content=\"https:\/\/drivercarrental.ae\/fr\/wp-content\/uploads\/2024\/06\/MITSUBISHI-MIRAGE-2021-Dubai.png\" \/>\n\t<meta property=\"og:image:width\" content=\"634\" \/>\n\t<meta property=\"og:image:height\" content=\"396\" \/>\n\t<meta property=\"og:image:type\" content=\"image\/png\" \/>\n<meta name=\"twitter:card\" content=\"summary_large_image\" \/>\n<meta name=\"twitter:label1\" content=\"Est. reading time\" \/>\n\t<meta name=\"twitter:data1\" content=\"3 minutes\" \/>\n<script type=\"application\/ld+json\" class=\"yoast-schema-graph\">{\"@context\":\"https:\/\/schema.org\",\"@graph\":[{\"@type\":\"WebPage\",\"@id\":\"https:\/\/drivercarrental.ae\/fr\/product\/mitsubishi-mirage-2021\/\",\"url\":\"https:\/\/drivercarrental.ae\/fr\/product\/mitsubishi-mirage-2021\/\",\"name\":\"Mitsubishi Mirage 2021: Compact Efficiency Redefined\",\"isPartOf\":{\"@id\":\"https:\/\/drivercarrental.ae\/fr\/#website\"},\"primaryImageOfPage\":{\"@id\":\"https:\/\/drivercarrental.ae\/fr\/product\/mitsubishi-mirage-2021\/#primaryimage\"},\"image\":{\"@id\":\"https:\/\/drivercarrental.ae\/fr\/product\/mitsubishi-mirage-2021\/#primaryimage\"},\"thumbnailUrl\":\"https:\/\/drivercarrental.ae\/fr\/wp-content\/uploads\/2024\/06\/MITSUBISHI-MIRAGE-2021-Dubai.png\",\"datePublished\":\"2024-06-12T11:05:36+00:00\",\"dateModified\":\"2024-12-04T13:08:00+00:00\",\"description\":\"Discover the 2021 Mitsubishi Mirage: a blend of efficiency, affordability, and modern features in a compact car designed for urban driving.\",\"breadcrumb\":{\"@id\":\"https:\/\/drivercarrental.ae\/fr\/product\/mitsubishi-mirage-2021\/#breadcrumb\"},\"inLanguage\":\"en-US\",\"potentialAction\":[{\"@type\":\"ReadAction\",\"target\":[\"https:\/\/drivercarrental.ae\/fr\/product\/mitsubishi-mirage-2021\/\"]}]},{\"@type\":\"ImageObject\",\"inLanguage\":\"en-US\",\"@id\":\"https:\/\/drivercarrental.ae\/fr\/product\/mitsubishi-mirage-2021\/#primaryimage\",\"url\":\"https:\/\/drivercarrental.ae\/fr\/wp-content\/uploads\/2024\/06\/MITSUBISHI-MIRAGE-2021-Dubai.png\",\"contentUrl\":\"https:\/\/drivercarrental.ae\/fr\/wp-content\/uploads\/2024\/06\/MITSUBISHI-MIRAGE-2021-Dubai.png\",\"width\":634,\"height\":396,\"caption\":\"MITSUBISHI MIRAGE 2021\"},{\"@type\":\"BreadcrumbList\",\"@id\":\"https:\/\/drivercarrental.ae\/fr\/product\/mitsubishi-mirage-2021\/#breadcrumb\",\"itemListElement\":[{\"@type\":\"ListItem\",\"position\":1,\"name\":\"Home\",\"item\":\"https:\/\/drivercarrental.ae\/fr\/\"},{\"@type\":\"ListItem\",\"position\":2,\"name\":\"Store\",\"item\":\"https:\/\/drivercarrental.ae\/fr\/shop\/\"},{\"@type\":\"ListItem\",\"position\":3,\"name\":\"MITSUBISHI\u00a0MIRAGE 2021\"}]},{\"@type\":\"WebSite\",\"@id\":\"https:\/\/drivercarrental.ae\/fr\/#website\",\"url\":\"https:\/\/drivercarrental.ae\/fr\/\",\"name\":\"Driver Car Rental Dubai\",\"description\":\"Driver Car Rental  Dubai\",\"publisher\":{\"@id\":\"https:\/\/drivercarrental.ae\/fr\/#organization\"},\"alternateName\":\"Cheapest Car Rental Dubai\",\"potentialAction\":[{\"@type\":\"SearchAction\",\"target\":{\"@type\":\"EntryPoint\",\"urlTemplate\":\"https:\/\/drivercarrental.ae\/fr\/?s={search_term_string}\"},\"query-input\":{\"@type\":\"PropertyValueSpecification\",\"valueRequired\":true,\"valueName\":\"search_term_string\"}}],\"inLanguage\":\"en-US\"},{\"@type\":\"Organization\",\"@id\":\"https:\/\/drivercarrental.ae\/fr\/#organization\",\"name\":\"Driver Car Rental Dubai\",\"alternateName\":\"Cheapest Car Rental Dubai\",\"url\":\"https:\/\/drivercarrental.ae\/fr\/\",\"logo\":{\"@type\":\"ImageObject\",\"inLanguage\":\"en-US\",\"@id\":\"https:\/\/drivercarrental.ae\/fr\/#\/schema\/logo\/image\/\",\"url\":\"https:\/\/drivercarrental.ae\/fr\/wp-content\/uploads\/2024\/07\/5001-1oo09iuh.png\",\"contentUrl\":\"https:\/\/drivercarrental.ae\/fr\/wp-content\/uploads\/2024\/07\/5001-1oo09iuh.png\",\"width\":500,\"height\":500,\"caption\":\"Driver Car Rental Dubai\"},\"image\":{\"@id\":\"https:\/\/drivercarrental.ae\/fr\/#\/schema\/logo\/image\/\"},\"sameAs\":[\"https:\/\/www.facebook.com\/DriverCarRentalUAE\"]}]}<\/script>\n<!-- \/ Yoast SEO plugin. -->","yoast_head_json":{"title":"Mitsubishi Mirage 2021: Compact Efficiency Redefined","description":"Discover the 2021 Mitsubishi Mirage: a blend of efficiency, affordability, and modern features in a compact car designed for urban driving.","robots":{"index":"noindex","follow":"nofollow"},"og_locale":"en_US","og_type":"article","og_title":"Mitsubishi Mirage 2021: Compact Efficiency Redefined","og_description":"Discover the 2021 Mitsubishi Mirage: a blend of efficiency, affordability, and modern features in a compact car designed for urban driving.","og_url":"https:\/\/drivercarrental.ae\/fr\/product\/mitsubishi-mirage-2021\/","og_site_name":"DCR","article_publisher":"https:\/\/www.facebook.com\/DriverCarRentalUAE","article_modified_time":"2024-12-04T13:08:00+00:00","og_image":[{"width":634,"height":396,"url":"https:\/\/drivercarrental.ae\/fr\/wp-content\/uploads\/2024\/06\/MITSUBISHI-MIRAGE-2021-Dubai.png","type":"image\/png"}],"twitter_card":"summary_large_image","twitter_misc":{"Est. reading time":"3 minutes"},"schema":{"@context":"https:\/\/schema.org","@graph":[{"@type":"WebPage","@id":"https:\/\/drivercarrental.ae\/fr\/product\/mitsubishi-mirage-2021\/","url":"https:\/\/drivercarrental.ae\/fr\/product\/mitsubishi-mirage-2021\/","name":"Mitsubishi Mirage 2021: Compact Efficiency Redefined","isPartOf":{"@id":"https:\/\/drivercarrental.ae\/fr\/#website"},"primaryImageOfPage":{"@id":"https:\/\/drivercarrental.ae\/fr\/product\/mitsubishi-mirage-2021\/#primaryimage"},"image":{"@id":"https:\/\/drivercarrental.ae\/fr\/product\/mitsubishi-mirage-2021\/#primaryimage"},"thumbnailUrl":"https:\/\/drivercarrental.ae\/fr\/wp-content\/uploads\/2024\/06\/MITSUBISHI-MIRAGE-2021-Dubai.png","datePublished":"2024-06-12T11:05:36+00:00","dateModified":"2024-12-04T13:08:00+00:00","description":"Discover the 2021 Mitsubishi Mirage: a blend of efficiency, affordability, and modern features in a compact car designed for urban driving.","breadcrumb":{"@id":"https:\/\/drivercarrental.ae\/fr\/product\/mitsubishi-mirage-2021\/#breadcrumb"},"inLanguage":"en-US","potentialAction":[{"@type":"ReadAction","target":["https:\/\/drivercarrental.ae\/fr\/product\/mitsubishi-mirage-2021\/"]}]},{"@type":"ImageObject","inLanguage":"en-US","@id":"https:\/\/drivercarrental.ae\/fr\/product\/mitsubishi-mirage-2021\/#primaryimage","url":"https:\/\/drivercarrental.ae\/fr\/wp-content\/uploads\/2024\/06\/MITSUBISHI-MIRAGE-2021-Dubai.png","contentUrl":"https:\/\/drivercarrental.ae\/fr\/wp-content\/uploads\/2024\/06\/MITSUBISHI-MIRAGE-2021-Dubai.png","width":634,"height":396,"caption":"MITSUBISHI MIRAGE 2021"},{"@type":"BreadcrumbList","@id":"https:\/\/drivercarrental.ae\/fr\/product\/mitsubishi-mirage-2021\/#breadcrumb","itemListElement":[{"@type":"ListItem","position":1,"name":"Home","item":"https:\/\/drivercarrental.ae\/fr\/"},{"@type":"ListItem","position":2,"name":"Store","item":"https:\/\/drivercarrental.ae\/fr\/shop\/"},{"@type":"ListItem","position":3,"name":"MITSUBISHI\u00a0MIRAGE 2021"}]},{"@type":"WebSite","@id":"https:\/\/drivercarrental.ae\/fr\/#website","url":"https:\/\/drivercarrental.ae\/fr\/","name":"Driver Car Rental Dubai","description":"Driver Car Rental  Dubai","publisher":{"@id":"https:\/\/drivercarrental.ae\/fr\/#organization"},"alternateName":"Cheapest Car Rental Dubai","potentialAction":[{"@type":"SearchAction","target":{"@type":"EntryPoint","urlTemplate":"https:\/\/drivercarrental.ae\/fr\/?s={search_term_string}"},"query-input":{"@type":"PropertyValueSpecification","valueRequired":true,"valueName":"search_term_string"}}],"inLanguage":"en-US"},{"@type":"Organization","@id":"https:\/\/drivercarrental.ae\/fr\/#organization","name":"Driver Car Rental Dubai","alternateName":"Cheapest Car Rental Dubai","url":"https:\/\/drivercarrental.ae\/fr\/","logo":{"@type":"ImageObject","inLanguage":"en-US","@id":"https:\/\/drivercarrental.ae\/fr\/#\/schema\/logo\/image\/","url":"https:\/\/drivercarrental.ae\/fr\/wp-content\/uploads\/2024\/07\/5001-1oo09iuh.png","contentUrl":"https:\/\/drivercarrental.ae\/fr\/wp-content\/uploads\/2024\/07\/5001-1oo09iuh.png","width":500,"height":500,"caption":"Driver Car Rental Dubai"},"image":{"@id":"https:\/\/drivercarrental.ae\/fr\/#\/schema\/logo\/image\/"},"sameAs":["https:\/\/www.facebook.com\/DriverCarRentalUAE"]}]}},"_links":{"self":[{"href":"https:\/\/drivercarrental.ae\/fr\/wp-json\/wp\/v2\/product\/11401"}],"collection":[{"href":"https:\/\/drivercarrental.ae\/fr\/wp-json\/wp\/v2\/product"}],"about":[{"href":"https:\/\/drivercarrental.ae\/fr\/wp-json\/wp\/v2\/types\/product"}],"wp:featuredmedia":[{"embeddable":true,"href":"https:\/\/drivercarrental.ae\/fr\/wp-json\/wp\/v2\/media\/12225"}],"wp:attachment":[{"href":"https:\/\/drivercarrental.ae\/fr\/wp-json\/wp\/v2\/media?parent=11401"}],"wp:term":[{"taxonomy":"product_cat","embeddable":true,"href":"https:\/\/drivercarrental.ae\/fr\/wp-json\/wp\/v2\/product_cat?post=11401"},{"taxonomy":"product_tag","embeddable":true,"href":"https:\/\/drivercarrental.ae\/fr\/wp-json\/wp\/v2\/product_tag?post=11401"}],"curies":[{"name":"wp","href":"https:\/\/api.w.org\/{rel}","templated":true}]}}