{"id":11434,"date":"2024-06-12T17:13:23","date_gmt":"2024-06-12T13:13:23","guid":{"rendered":"https:\/\/drivercarrental.ae\/fr\/?post_type=product&#038;p=11434"},"modified":"2024-12-04T17:07:36","modified_gmt":"2024-12-04T13:07:36","slug":"hyundai-elantra-2023","status":"publish","type":"product","link":"https:\/\/drivercarrental.ae\/fr\/product\/hyundai-elantra-2023\/","title":{"rendered":"HYUNDAI\u00a0ELANTRA 2023"},"content":{"rendered":"<p><span class=\"\">La Hyundai Elantra 2023 est \u00e9quip\u00e9e d&#8217;un puissant moteur \u00e0 essence de 2,0 L &#8211; 1999 cc qui offre le meilleur des deux mondes, une puissance brute et une \u00e9conomie de carburant raisonnable. Une nouvelle g\u00e9n\u00e9ration de transmission automatique la rend tr\u00e8s agr\u00e9able \u00e0 conduire ; elle est parfaite pour les courts trajets aux heures de pointe et les trajets confortables sur autoroute. Tr\u00e8s sophistiqu\u00e9e en termes d&#8217;ing\u00e9nierie, l&#8217;Elantra offre une croisi\u00e8re confortable et efficace et est id\u00e9ale pour les consommateurs exigeants.<\/span><\/p>\n<p>Montez \u00e0 bord de l&#8217;Elantra 2023 et d\u00e9couvrez un monde de confort et de fonctionnalit\u00e9. Les vitres \u00e0 commande \u00e9lectrique, la disponibilit\u00e9 d&#8217;un int\u00e9rieur en cuir, la compatibilit\u00e9 Bluetooth et, bien s\u00fbr, le lecteur Blu-Ray op\u00e9rationnel offrent une exp\u00e9rience de conduite sophistiqu\u00e9e et confortable. Cette berline est \u00e9quip\u00e9e de capteurs de stationnement, de phares antibrouillard pour une s\u00e9curit\u00e9 accrue et une conduite facile. L&#8217;Elantra offre une capacit\u00e9 d&#8217;accueil confortable et spacieuse pour cinq passagers, ce qui rend la voiture adapt\u00e9e aux voyages en famille et en solo.<\/p>\n<h2>Fonctionnalit\u00e9s de s\u00e9curit\u00e9 avanc\u00e9es<\/h2>\n<p>La Hyundai Elantra 2023 est une voiture s\u00fbre. Elle est \u00e9quip\u00e9e d&#8217;un syst\u00e8me de freinage antiblocage et d&#8217;airbags de retenue suppl\u00e9mentaires pour assurer votre s\u00e9curit\u00e9 et celle de vos passagers \u00e0 tout moment. L&#8217;int\u00e9gration de ces fonctions de s\u00e9curit\u00e9 avanc\u00e9es am\u00e9liore la s\u00e9curit\u00e9 et la confiance de la voiture et de son conducteur dans les environnements urbains et extra-urbains.<\/p>\n<h2>Pourquoi choisir un service de location de voiture avec chauffeur \u00e0 Duba\u00ef<\/h2>\n<p>Driver Car Rental est connue comme l&#8217;une des meilleures soci\u00e9t\u00e9s de location de voitures \u00e0 Sharjah, offrant un large choix de voitures et des prix avantageux. Les formules de location peuvent \u00eatre \u00e0 tr\u00e8s court terme pour les touristes, ou \u00e0 long terme pour les locaux, selon leurs pr\u00e9f\u00e9rences.<\/p>\n<p>Nous nous engageons \u00e0 garantir que nos clients soient enti\u00e8rement satisfaits de nos services, ce qui fait de nous la soci\u00e9t\u00e9 de location de voitures la plus recommand\u00e9e \u00e0 Sharjah et \u00e0 Duba\u00ef. Dans les cas o\u00f9 vous avez besoin d&#8217;une voiture pour une seule journ\u00e9e, une semaine ou m\u00eame un mois, tous vos besoins peuvent \u00eatre satisfaits chez Driver Car Rental \u00e0 des tarifs aussi bon march\u00e9. Pour plus d&#8217;informations sur les services de location de voitures et pour r\u00e9server votre voiture, n&#8217;h\u00e9sitez pas \u00e0 nous appeler d\u00e8s aujourd&#8217;hui et \u00e0 faire partie de notre service de location de voitures \u00e0 Duba\u00ef et Sharjah.<\/p>\n<h2>FAQ<\/h2>\n<p><strong>1. Quelle est la consommation de carburant de l&#8217;Elantra 2023 ?<\/strong><\/p>\n<p>Cette voiture est tr\u00e8s efficace et peut vous rapporter un rendement \u00e9nerg\u00e9tique tr\u00e8s \u00e9lev\u00e9 pendant la p\u00e9riode de location de voiture, vous ne d\u00e9penserez donc pas beaucoup en carburant.<\/p>\n<p><strong>2. Que se passe-t-il si je d\u00e9passe cette limite de kilom\u00e8tres ?<\/strong><\/p>\n<p>Les kilom\u00e8tres suppl\u00e9mentaires sont factur\u00e9s 0,50 AED par km. N&#8217;oubliez pas de v\u00e9rifier aupr\u00e8s de notre \u00e9quipe vos projets de voyage pour \u00e9viter des frais suppl\u00e9mentaires.<\/p>\n<p><strong>3. \u00c0 quel type d\u2019exp\u00e9rience de conduite puis-je m\u2019attendre avec cette derni\u00e8re flotte ?<\/strong><\/p>\n<p>Cette Elantra offre une conduite confortable et fluide car elle est propuls\u00e9e par un moteur efficace avec une maniabilit\u00e9 \u00e9poustouflante sur les routes urbaines et interurbaines.<\/p>\n","protected":false},"excerpt":{"rendered":"<p>La Hyundai Elantra 2023 est \u00e9quip\u00e9e d&#8217;un puissant moteur \u00e0 essence de 2,0 L &#8211; 1999 cc qui offre le meilleur des deux mondes, une puissance brute et une \u00e9conomie de carburant raisonnable. Une nouvelle g\u00e9n\u00e9ration de transmission automatique la rend tr\u00e8s agr\u00e9able \u00e0 conduire ; elle est parfaite pour les courts trajets aux heures [&hellip;]<\/p>\n","protected":false},"featured_media":12941,"template":"","meta":{"_acf_changed":false},"product_cat":[73],"product_tag":[],"acf":[],"yoast_head":"<!-- This site is optimized with the Yoast SEO plugin v23.7 - https:\/\/yoast.com\/wordpress\/plugins\/seo\/ -->\n<title>Explore the Hyundai Elantra 2023: Innovation Redefined<\/title>\n<meta name=\"description\" content=\"Discover the Hyundai Elantra 2023, where cutting-edge technology meets sleek design, offering a driving experience like no other.\" \/>\n<meta name=\"robots\" content=\"noindex, nofollow\" \/>\n<meta property=\"og:locale\" content=\"en_US\" \/>\n<meta property=\"og:type\" content=\"article\" \/>\n<meta property=\"og:title\" content=\"Explore the Hyundai Elantra 2023: Innovation Redefined\" \/>\n<meta property=\"og:description\" content=\"Discover the Hyundai Elantra 2023, where cutting-edge technology meets sleek design, offering a driving experience like no other.\" \/>\n<meta property=\"og:url\" content=\"https:\/\/drivercarrental.ae\/fr\/product\/hyundai-elantra-2023\/\" \/>\n<meta property=\"og:site_name\" content=\"DCR\" \/>\n<meta property=\"article:publisher\" content=\"https:\/\/www.facebook.com\/DriverCarRentalUAE\" \/>\n<meta property=\"article:modified_time\" content=\"2024-12-04T13:07:36+00:00\" \/>\n<meta property=\"og:image\" content=\"https:\/\/drivercarrental.ae\/fr\/wp-content\/uploads\/2024\/06\/Hyundai-Elantra-2023-2.jpg\" \/>\n\t<meta property=\"og:image:width\" content=\"450\" \/>\n\t<meta property=\"og:image:height\" content=\"395\" \/>\n\t<meta property=\"og:image:type\" content=\"image\/jpeg\" \/>\n<meta name=\"twitter:card\" content=\"summary_large_image\" \/>\n<meta name=\"twitter:label1\" content=\"Est. reading time\" \/>\n\t<meta name=\"twitter:data1\" content=\"3 minutes\" \/>\n<script type=\"application\/ld+json\" class=\"yoast-schema-graph\">{\"@context\":\"https:\/\/schema.org\",\"@graph\":[{\"@type\":\"WebPage\",\"@id\":\"https:\/\/drivercarrental.ae\/fr\/product\/hyundai-elantra-2023\/\",\"url\":\"https:\/\/drivercarrental.ae\/fr\/product\/hyundai-elantra-2023\/\",\"name\":\"Explore the Hyundai Elantra 2023: Innovation Redefined\",\"isPartOf\":{\"@id\":\"https:\/\/drivercarrental.ae\/fr\/#website\"},\"primaryImageOfPage\":{\"@id\":\"https:\/\/drivercarrental.ae\/fr\/product\/hyundai-elantra-2023\/#primaryimage\"},\"image\":{\"@id\":\"https:\/\/drivercarrental.ae\/fr\/product\/hyundai-elantra-2023\/#primaryimage\"},\"thumbnailUrl\":\"https:\/\/drivercarrental.ae\/fr\/wp-content\/uploads\/2024\/06\/Hyundai-Elantra-2023-2.jpg\",\"datePublished\":\"2024-06-12T13:13:23+00:00\",\"dateModified\":\"2024-12-04T13:07:36+00:00\",\"description\":\"Discover the Hyundai Elantra 2023, where cutting-edge technology meets sleek design, offering a driving experience like no other.\",\"breadcrumb\":{\"@id\":\"https:\/\/drivercarrental.ae\/fr\/product\/hyundai-elantra-2023\/#breadcrumb\"},\"inLanguage\":\"en-US\",\"potentialAction\":[{\"@type\":\"ReadAction\",\"target\":[\"https:\/\/drivercarrental.ae\/fr\/product\/hyundai-elantra-2023\/\"]}]},{\"@type\":\"ImageObject\",\"inLanguage\":\"en-US\",\"@id\":\"https:\/\/drivercarrental.ae\/fr\/product\/hyundai-elantra-2023\/#primaryimage\",\"url\":\"https:\/\/drivercarrental.ae\/fr\/wp-content\/uploads\/2024\/06\/Hyundai-Elantra-2023-2.jpg\",\"contentUrl\":\"https:\/\/drivercarrental.ae\/fr\/wp-content\/uploads\/2024\/06\/Hyundai-Elantra-2023-2.jpg\",\"width\":450,\"height\":395},{\"@type\":\"BreadcrumbList\",\"@id\":\"https:\/\/drivercarrental.ae\/fr\/product\/hyundai-elantra-2023\/#breadcrumb\",\"itemListElement\":[{\"@type\":\"ListItem\",\"position\":1,\"name\":\"Home\",\"item\":\"https:\/\/drivercarrental.ae\/fr\/\"},{\"@type\":\"ListItem\",\"position\":2,\"name\":\"Store\",\"item\":\"https:\/\/drivercarrental.ae\/fr\/shop\/\"},{\"@type\":\"ListItem\",\"position\":3,\"name\":\"HYUNDAI\u00a0ELANTRA 2023\"}]},{\"@type\":\"WebSite\",\"@id\":\"https:\/\/drivercarrental.ae\/fr\/#website\",\"url\":\"https:\/\/drivercarrental.ae\/fr\/\",\"name\":\"Driver Car Rental Dubai\",\"description\":\"Driver Car Rental  Dubai\",\"publisher\":{\"@id\":\"https:\/\/drivercarrental.ae\/fr\/#organization\"},\"alternateName\":\"Cheapest Car Rental Dubai\",\"potentialAction\":[{\"@type\":\"SearchAction\",\"target\":{\"@type\":\"EntryPoint\",\"urlTemplate\":\"https:\/\/drivercarrental.ae\/fr\/?s={search_term_string}\"},\"query-input\":{\"@type\":\"PropertyValueSpecification\",\"valueRequired\":true,\"valueName\":\"search_term_string\"}}],\"inLanguage\":\"en-US\"},{\"@type\":\"Organization\",\"@id\":\"https:\/\/drivercarrental.ae\/fr\/#organization\",\"name\":\"Driver Car Rental Dubai\",\"alternateName\":\"Cheapest Car Rental Dubai\",\"url\":\"https:\/\/drivercarrental.ae\/fr\/\",\"logo\":{\"@type\":\"ImageObject\",\"inLanguage\":\"en-US\",\"@id\":\"https:\/\/drivercarrental.ae\/fr\/#\/schema\/logo\/image\/\",\"url\":\"https:\/\/drivercarrental.ae\/fr\/wp-content\/uploads\/2024\/07\/5001-1oo09iuh.png\",\"contentUrl\":\"https:\/\/drivercarrental.ae\/fr\/wp-content\/uploads\/2024\/07\/5001-1oo09iuh.png\",\"width\":500,\"height\":500,\"caption\":\"Driver Car Rental Dubai\"},\"image\":{\"@id\":\"https:\/\/drivercarrental.ae\/fr\/#\/schema\/logo\/image\/\"},\"sameAs\":[\"https:\/\/www.facebook.com\/DriverCarRentalUAE\"]}]}<\/script>\n<!-- \/ Yoast SEO plugin. -->","yoast_head_json":{"title":"Explore the Hyundai Elantra 2023: Innovation Redefined","description":"Discover the Hyundai Elantra 2023, where cutting-edge technology meets sleek design, offering a driving experience like no other.","robots":{"index":"noindex","follow":"nofollow"},"og_locale":"en_US","og_type":"article","og_title":"Explore the Hyundai Elantra 2023: Innovation Redefined","og_description":"Discover the Hyundai Elantra 2023, where cutting-edge technology meets sleek design, offering a driving experience like no other.","og_url":"https:\/\/drivercarrental.ae\/fr\/product\/hyundai-elantra-2023\/","og_site_name":"DCR","article_publisher":"https:\/\/www.facebook.com\/DriverCarRentalUAE","article_modified_time":"2024-12-04T13:07:36+00:00","og_image":[{"width":450,"height":395,"url":"https:\/\/drivercarrental.ae\/fr\/wp-content\/uploads\/2024\/06\/Hyundai-Elantra-2023-2.jpg","type":"image\/jpeg"}],"twitter_card":"summary_large_image","twitter_misc":{"Est. reading time":"3 minutes"},"schema":{"@context":"https:\/\/schema.org","@graph":[{"@type":"WebPage","@id":"https:\/\/drivercarrental.ae\/fr\/product\/hyundai-elantra-2023\/","url":"https:\/\/drivercarrental.ae\/fr\/product\/hyundai-elantra-2023\/","name":"Explore the Hyundai Elantra 2023: Innovation Redefined","isPartOf":{"@id":"https:\/\/drivercarrental.ae\/fr\/#website"},"primaryImageOfPage":{"@id":"https:\/\/drivercarrental.ae\/fr\/product\/hyundai-elantra-2023\/#primaryimage"},"image":{"@id":"https:\/\/drivercarrental.ae\/fr\/product\/hyundai-elantra-2023\/#primaryimage"},"thumbnailUrl":"https:\/\/drivercarrental.ae\/fr\/wp-content\/uploads\/2024\/06\/Hyundai-Elantra-2023-2.jpg","datePublished":"2024-06-12T13:13:23+00:00","dateModified":"2024-12-04T13:07:36+00:00","description":"Discover the Hyundai Elantra 2023, where cutting-edge technology meets sleek design, offering a driving experience like no other.","breadcrumb":{"@id":"https:\/\/drivercarrental.ae\/fr\/product\/hyundai-elantra-2023\/#breadcrumb"},"inLanguage":"en-US","potentialAction":[{"@type":"ReadAction","target":["https:\/\/drivercarrental.ae\/fr\/product\/hyundai-elantra-2023\/"]}]},{"@type":"ImageObject","inLanguage":"en-US","@id":"https:\/\/drivercarrental.ae\/fr\/product\/hyundai-elantra-2023\/#primaryimage","url":"https:\/\/drivercarrental.ae\/fr\/wp-content\/uploads\/2024\/06\/Hyundai-Elantra-2023-2.jpg","contentUrl":"https:\/\/drivercarrental.ae\/fr\/wp-content\/uploads\/2024\/06\/Hyundai-Elantra-2023-2.jpg","width":450,"height":395},{"@type":"BreadcrumbList","@id":"https:\/\/drivercarrental.ae\/fr\/product\/hyundai-elantra-2023\/#breadcrumb","itemListElement":[{"@type":"ListItem","position":1,"name":"Home","item":"https:\/\/drivercarrental.ae\/fr\/"},{"@type":"ListItem","position":2,"name":"Store","item":"https:\/\/drivercarrental.ae\/fr\/shop\/"},{"@type":"ListItem","position":3,"name":"HYUNDAI\u00a0ELANTRA 2023"}]},{"@type":"WebSite","@id":"https:\/\/drivercarrental.ae\/fr\/#website","url":"https:\/\/drivercarrental.ae\/fr\/","name":"Driver Car Rental Dubai","description":"Driver Car Rental  Dubai","publisher":{"@id":"https:\/\/drivercarrental.ae\/fr\/#organization"},"alternateName":"Cheapest Car Rental Dubai","potentialAction":[{"@type":"SearchAction","target":{"@type":"EntryPoint","urlTemplate":"https:\/\/drivercarrental.ae\/fr\/?s={search_term_string}"},"query-input":{"@type":"PropertyValueSpecification","valueRequired":true,"valueName":"search_term_string"}}],"inLanguage":"en-US"},{"@type":"Organization","@id":"https:\/\/drivercarrental.ae\/fr\/#organization","name":"Driver Car Rental Dubai","alternateName":"Cheapest Car Rental Dubai","url":"https:\/\/drivercarrental.ae\/fr\/","logo":{"@type":"ImageObject","inLanguage":"en-US","@id":"https:\/\/drivercarrental.ae\/fr\/#\/schema\/logo\/image\/","url":"https:\/\/drivercarrental.ae\/fr\/wp-content\/uploads\/2024\/07\/5001-1oo09iuh.png","contentUrl":"https:\/\/drivercarrental.ae\/fr\/wp-content\/uploads\/2024\/07\/5001-1oo09iuh.png","width":500,"height":500,"caption":"Driver Car Rental Dubai"},"image":{"@id":"https:\/\/drivercarrental.ae\/fr\/#\/schema\/logo\/image\/"},"sameAs":["https:\/\/www.facebook.com\/DriverCarRentalUAE"]}]}},"_links":{"self":[{"href":"https:\/\/drivercarrental.ae\/fr\/wp-json\/wp\/v2\/product\/11434"}],"collection":[{"href":"https:\/\/drivercarrental.ae\/fr\/wp-json\/wp\/v2\/product"}],"about":[{"href":"https:\/\/drivercarrental.ae\/fr\/wp-json\/wp\/v2\/types\/product"}],"wp:featuredmedia":[{"embeddable":true,"href":"https:\/\/drivercarrental.ae\/fr\/wp-json\/wp\/v2\/media\/12941"}],"wp:attachment":[{"href":"https:\/\/drivercarrental.ae\/fr\/wp-json\/wp\/v2\/media?parent=11434"}],"wp:term":[{"taxonomy":"product_cat","embeddable":true,"href":"https:\/\/drivercarrental.ae\/fr\/wp-json\/wp\/v2\/product_cat?post=11434"},{"taxonomy":"product_tag","embeddable":true,"href":"https:\/\/drivercarrental.ae\/fr\/wp-json\/wp\/v2\/product_tag?post=11434"}],"curies":[{"name":"wp","href":"https:\/\/api.w.org\/{rel}","templated":true}]}}