{"id":11437,"date":"2024-06-12T17:24:39","date_gmt":"2024-06-12T13:24:39","guid":{"rendered":"https:\/\/drivercarrental.ae\/fr\/?post_type=product&#038;p=11437"},"modified":"2024-12-04T17:05:27","modified_gmt":"2024-12-04T13:05:27","slug":"hyundai-accent-2023","status":"publish","type":"product","link":"https:\/\/drivercarrental.ae\/fr\/product\/hyundai-accent-2023\/","title":{"rendered":"HYUNDAI\u00a0ACCENT 2023"},"content":{"rendered":"<p>La Hyundai Accent 2023 est propuls\u00e9e par un puissant moteur \u00e0 essence de 1,6 L et 1591 cm3, ce qui signifie qu&#8217;elle est \u00e0 la fois puissante et \u00e9conomique. Elle est facile \u00e0 conduire gr\u00e2ce \u00e0 la transmission automatique qui la rend adapt\u00e9e aux trajets urbains et ruraux. Cette berline est raisonnablement puissante et en m\u00eame temps plut\u00f4t \u00e9conome en carburant, ce qui signifie qu&#8217;elle est id\u00e9ale pour une utilisation quotidienne et des trajets courts.<\/p>\n<p>Profitez des fonctionnalit\u00e9s telles que les si\u00e8ges en cuir, les vitres \u00e9lectriques et le Bluetooth sur cette flotte 2023. Les fonctionnalit\u00e9s intelligentes de la voiture comprennent l&#8217;aide au stationnement et la possibilit\u00e9 de contr\u00f4ler facilement les phares antibrouillard de la voiture. L&#8217;int\u00e9rieur de la carrosserie est plus grand pour accueillir confortablement cinq passagers et convient donc aux voyages en famille ou personnels.<\/p>\n<h2>Fonctionnalit\u00e9s de s\u00e9curit\u00e9 avanc\u00e9es<\/h2>\n<p>Les aspects de protection de la voiture sont \u00e9galement bien \u00e9valu\u00e9s puisque les airbags ABS et SRS sont pr\u00e9sents dans la Hyundai Accent 2023. Toutes ces caract\u00e9ristiques de s\u00e9curit\u00e9 se compl\u00e8tent pour garantir une s\u00e9curit\u00e9 optimale pour vous et tous les occupants. Qu&#8217;il s&#8217;agisse de man\u0153uvrer dans la ville bond\u00e9e ou m\u00eame de conduire sur une autoroute, l&#8217;Accent donne au conducteur une sensation de s\u00e9curit\u00e9 au volant.<\/p>\n<h2>Pourquoi choisir un service de location de voiture avec chauffeur \u00e0 Sharjah et Duba\u00ef<\/h2>\n<p>Driver Car Rental est l&#8217;une des soci\u00e9t\u00e9s de location de voitures les plus anciennes et les plus connues de Duba\u00ef et de Sharjah, disposant d&#8217;une flotte de voitures ultra-moderne \u00e0 des tarifs satisfaisants. Nos structures de location sont assez flexibles pour les habitants de la communaut\u00e9 et les visiteurs. Ces qualit\u00e9s garantissent que nous proposons les meilleures locations de voitures \u00e0 Sharjah et \u00e0 Duba\u00ef, car nous accordons une grande importance \u00e0 la satisfaction de nos clients.<\/p>\n<p>Louez une voiture pour une journ\u00e9e, une semaine ou m\u00eame un mois avec Driver Car Rental, o\u00f9 vous b\u00e9n\u00e9ficiez des meilleures options aux prix les plus bas. Pour plus d&#8217;informations ou pour louer une voiture avec nous, appelez-nous ou rendez-nous visite d\u00e8s aujourd&#8217;hui, faisant de Rental Cars Dubai votre soci\u00e9t\u00e9 de location de voitures pr\u00e9f\u00e9r\u00e9e \u00e0 Sharjah.<\/p>\n<h2>Questions fr\u00e9quemment pos\u00e9es<\/h2>\n<p><strong>1. Quels sont les documents n\u00e9cessaires pour les services de location de voiture \u00e0 Duba\u00ef ?<\/strong><\/p>\n<ul>\n<li>Pour les r\u00e9sidents des \u00c9mirats arabes unis\u00a0: Identification\u00a0: copie du passeport, copie de la carte d&#8217;identit\u00e9 \u00e9miratie et copie du permis de conduire des \u00c9mirats arabes unis.<\/li>\n<li>Pour les touristes\/non-r\u00e9sidents : Les documents comprennent une pi\u00e8ce d&#8217;identit\u00e9 qui est une copie d&#8217;un passeport international, une copie d&#8217;un visa de visite et leurs homologues comprennent une copie d&#8217;un permis de conduire international.<\/li>\n<\/ul>\n<p><strong>2. Quels sont les modes de paiement de la location ?<\/strong><\/p>\n<p>Les options de paiement incluent le paiement en esp\u00e8ces ou par carte de cr\u00e9dit, de cette fa\u00e7on le client aura toujours la possibilit\u00e9 d&#8217;effectuer facilement le paiement.<\/p>\n<p><strong>3. Existe-t-il des options pour louer des accessoires suppl\u00e9mentaires tels que le si\u00e8ge b\u00e9b\u00e9 ?<\/strong><\/p>\n<p>Oui, bien s\u00fbr, le si\u00e8ge b\u00e9b\u00e9 est disponible \u00e0 la location pour 150 AED par mois et notre objectif principal est de garder b\u00e9b\u00e9 en s\u00e9curit\u00e9 et \u00e0 l&#8217;aise.<\/p>\n","protected":false},"excerpt":{"rendered":"<p>La Hyundai Accent 2023 est propuls\u00e9e par un puissant moteur \u00e0 essence de 1,6 L et 1591 cm3, ce qui signifie qu&#8217;elle est \u00e0 la fois puissante et \u00e9conomique. Elle est facile \u00e0 conduire gr\u00e2ce \u00e0 la transmission automatique qui la rend adapt\u00e9e aux trajets urbains et ruraux. Cette berline est raisonnablement puissante et en [&hellip;]<\/p>\n","protected":false},"featured_media":12223,"template":"","meta":{"_acf_changed":false},"product_cat":[74],"product_tag":[],"acf":[],"yoast_head":"<!-- This site is optimized with the Yoast SEO plugin v23.7 - https:\/\/yoast.com\/wordpress\/plugins\/seo\/ -->\n<title>Hyundai Accent 2023 : Reliable &amp; Affordable Rental<\/title>\n<meta name=\"description\" content=\"Rent the Hyundai Accent 2023 for a smooth, reliable drive. Ideal for city commutes with great fuel efficiency and modern features. Book today\" \/>\n<meta name=\"robots\" content=\"noindex, nofollow\" \/>\n<meta property=\"og:locale\" content=\"en_US\" \/>\n<meta property=\"og:type\" content=\"article\" \/>\n<meta property=\"og:title\" content=\"Hyundai Accent 2023 : Reliable &amp; Affordable Rental\" \/>\n<meta property=\"og:description\" content=\"Rent the Hyundai Accent 2023 for a smooth, reliable drive. Ideal for city commutes with great fuel efficiency and modern features. Book today\" \/>\n<meta property=\"og:url\" content=\"https:\/\/drivercarrental.ae\/fr\/product\/hyundai-accent-2023\/\" \/>\n<meta property=\"og:site_name\" content=\"DCR\" \/>\n<meta property=\"article:publisher\" content=\"https:\/\/www.facebook.com\/DriverCarRentalUAE\" \/>\n<meta property=\"article:modified_time\" content=\"2024-12-04T13:05:27+00:00\" \/>\n<meta property=\"og:image\" content=\"https:\/\/drivercarrental.ae\/fr\/wp-content\/uploads\/2024\/06\/HYUNDAI-ACCENT-2023-Dubai.png\" \/>\n\t<meta property=\"og:image:width\" content=\"634\" \/>\n\t<meta property=\"og:image:height\" content=\"396\" \/>\n\t<meta property=\"og:image:type\" content=\"image\/png\" \/>\n<meta name=\"twitter:card\" content=\"summary_large_image\" \/>\n<meta name=\"twitter:label1\" content=\"Est. reading time\" \/>\n\t<meta name=\"twitter:data1\" content=\"3 minutes\" \/>\n<script type=\"application\/ld+json\" class=\"yoast-schema-graph\">{\"@context\":\"https:\/\/schema.org\",\"@graph\":[{\"@type\":\"WebPage\",\"@id\":\"https:\/\/drivercarrental.ae\/fr\/product\/hyundai-accent-2023\/\",\"url\":\"https:\/\/drivercarrental.ae\/fr\/product\/hyundai-accent-2023\/\",\"name\":\"Hyundai Accent 2023 : Reliable & Affordable Rental\",\"isPartOf\":{\"@id\":\"https:\/\/drivercarrental.ae\/fr\/#website\"},\"primaryImageOfPage\":{\"@id\":\"https:\/\/drivercarrental.ae\/fr\/product\/hyundai-accent-2023\/#primaryimage\"},\"image\":{\"@id\":\"https:\/\/drivercarrental.ae\/fr\/product\/hyundai-accent-2023\/#primaryimage\"},\"thumbnailUrl\":\"https:\/\/drivercarrental.ae\/fr\/wp-content\/uploads\/2024\/06\/HYUNDAI-ACCENT-2023-Dubai.png\",\"datePublished\":\"2024-06-12T13:24:39+00:00\",\"dateModified\":\"2024-12-04T13:05:27+00:00\",\"description\":\"Rent the Hyundai Accent 2023 for a smooth, reliable drive. Ideal for city commutes with great fuel efficiency and modern features. Book today\",\"breadcrumb\":{\"@id\":\"https:\/\/drivercarrental.ae\/fr\/product\/hyundai-accent-2023\/#breadcrumb\"},\"inLanguage\":\"en-US\",\"potentialAction\":[{\"@type\":\"ReadAction\",\"target\":[\"https:\/\/drivercarrental.ae\/fr\/product\/hyundai-accent-2023\/\"]}]},{\"@type\":\"ImageObject\",\"inLanguage\":\"en-US\",\"@id\":\"https:\/\/drivercarrental.ae\/fr\/product\/hyundai-accent-2023\/#primaryimage\",\"url\":\"https:\/\/drivercarrental.ae\/fr\/wp-content\/uploads\/2024\/06\/HYUNDAI-ACCENT-2023-Dubai.png\",\"contentUrl\":\"https:\/\/drivercarrental.ae\/fr\/wp-content\/uploads\/2024\/06\/HYUNDAI-ACCENT-2023-Dubai.png\",\"width\":634,\"height\":396,\"caption\":\"HYUNDAI ACCENT 2023\"},{\"@type\":\"BreadcrumbList\",\"@id\":\"https:\/\/drivercarrental.ae\/fr\/product\/hyundai-accent-2023\/#breadcrumb\",\"itemListElement\":[{\"@type\":\"ListItem\",\"position\":1,\"name\":\"Home\",\"item\":\"https:\/\/drivercarrental.ae\/fr\/\"},{\"@type\":\"ListItem\",\"position\":2,\"name\":\"Store\",\"item\":\"https:\/\/drivercarrental.ae\/fr\/shop\/\"},{\"@type\":\"ListItem\",\"position\":3,\"name\":\"HYUNDAI\u00a0ACCENT 2023\"}]},{\"@type\":\"WebSite\",\"@id\":\"https:\/\/drivercarrental.ae\/fr\/#website\",\"url\":\"https:\/\/drivercarrental.ae\/fr\/\",\"name\":\"Driver Car Rental Dubai\",\"description\":\"Driver Car Rental  Dubai\",\"publisher\":{\"@id\":\"https:\/\/drivercarrental.ae\/fr\/#organization\"},\"alternateName\":\"Cheapest Car Rental Dubai\",\"potentialAction\":[{\"@type\":\"SearchAction\",\"target\":{\"@type\":\"EntryPoint\",\"urlTemplate\":\"https:\/\/drivercarrental.ae\/fr\/?s={search_term_string}\"},\"query-input\":{\"@type\":\"PropertyValueSpecification\",\"valueRequired\":true,\"valueName\":\"search_term_string\"}}],\"inLanguage\":\"en-US\"},{\"@type\":\"Organization\",\"@id\":\"https:\/\/drivercarrental.ae\/fr\/#organization\",\"name\":\"Driver Car Rental Dubai\",\"alternateName\":\"Cheapest Car Rental Dubai\",\"url\":\"https:\/\/drivercarrental.ae\/fr\/\",\"logo\":{\"@type\":\"ImageObject\",\"inLanguage\":\"en-US\",\"@id\":\"https:\/\/drivercarrental.ae\/fr\/#\/schema\/logo\/image\/\",\"url\":\"https:\/\/drivercarrental.ae\/fr\/wp-content\/uploads\/2024\/07\/5001-1oo09iuh.png\",\"contentUrl\":\"https:\/\/drivercarrental.ae\/fr\/wp-content\/uploads\/2024\/07\/5001-1oo09iuh.png\",\"width\":500,\"height\":500,\"caption\":\"Driver Car Rental Dubai\"},\"image\":{\"@id\":\"https:\/\/drivercarrental.ae\/fr\/#\/schema\/logo\/image\/\"},\"sameAs\":[\"https:\/\/www.facebook.com\/DriverCarRentalUAE\"]}]}<\/script>\n<!-- \/ Yoast SEO plugin. -->","yoast_head_json":{"title":"Hyundai Accent 2023 : Reliable & Affordable Rental","description":"Rent the Hyundai Accent 2023 for a smooth, reliable drive. Ideal for city commutes with great fuel efficiency and modern features. Book today","robots":{"index":"noindex","follow":"nofollow"},"og_locale":"en_US","og_type":"article","og_title":"Hyundai Accent 2023 : Reliable & Affordable Rental","og_description":"Rent the Hyundai Accent 2023 for a smooth, reliable drive. Ideal for city commutes with great fuel efficiency and modern features. Book today","og_url":"https:\/\/drivercarrental.ae\/fr\/product\/hyundai-accent-2023\/","og_site_name":"DCR","article_publisher":"https:\/\/www.facebook.com\/DriverCarRentalUAE","article_modified_time":"2024-12-04T13:05:27+00:00","og_image":[{"width":634,"height":396,"url":"https:\/\/drivercarrental.ae\/fr\/wp-content\/uploads\/2024\/06\/HYUNDAI-ACCENT-2023-Dubai.png","type":"image\/png"}],"twitter_card":"summary_large_image","twitter_misc":{"Est. reading time":"3 minutes"},"schema":{"@context":"https:\/\/schema.org","@graph":[{"@type":"WebPage","@id":"https:\/\/drivercarrental.ae\/fr\/product\/hyundai-accent-2023\/","url":"https:\/\/drivercarrental.ae\/fr\/product\/hyundai-accent-2023\/","name":"Hyundai Accent 2023 : Reliable & Affordable Rental","isPartOf":{"@id":"https:\/\/drivercarrental.ae\/fr\/#website"},"primaryImageOfPage":{"@id":"https:\/\/drivercarrental.ae\/fr\/product\/hyundai-accent-2023\/#primaryimage"},"image":{"@id":"https:\/\/drivercarrental.ae\/fr\/product\/hyundai-accent-2023\/#primaryimage"},"thumbnailUrl":"https:\/\/drivercarrental.ae\/fr\/wp-content\/uploads\/2024\/06\/HYUNDAI-ACCENT-2023-Dubai.png","datePublished":"2024-06-12T13:24:39+00:00","dateModified":"2024-12-04T13:05:27+00:00","description":"Rent the Hyundai Accent 2023 for a smooth, reliable drive. Ideal for city commutes with great fuel efficiency and modern features. Book today","breadcrumb":{"@id":"https:\/\/drivercarrental.ae\/fr\/product\/hyundai-accent-2023\/#breadcrumb"},"inLanguage":"en-US","potentialAction":[{"@type":"ReadAction","target":["https:\/\/drivercarrental.ae\/fr\/product\/hyundai-accent-2023\/"]}]},{"@type":"ImageObject","inLanguage":"en-US","@id":"https:\/\/drivercarrental.ae\/fr\/product\/hyundai-accent-2023\/#primaryimage","url":"https:\/\/drivercarrental.ae\/fr\/wp-content\/uploads\/2024\/06\/HYUNDAI-ACCENT-2023-Dubai.png","contentUrl":"https:\/\/drivercarrental.ae\/fr\/wp-content\/uploads\/2024\/06\/HYUNDAI-ACCENT-2023-Dubai.png","width":634,"height":396,"caption":"HYUNDAI ACCENT 2023"},{"@type":"BreadcrumbList","@id":"https:\/\/drivercarrental.ae\/fr\/product\/hyundai-accent-2023\/#breadcrumb","itemListElement":[{"@type":"ListItem","position":1,"name":"Home","item":"https:\/\/drivercarrental.ae\/fr\/"},{"@type":"ListItem","position":2,"name":"Store","item":"https:\/\/drivercarrental.ae\/fr\/shop\/"},{"@type":"ListItem","position":3,"name":"HYUNDAI\u00a0ACCENT 2023"}]},{"@type":"WebSite","@id":"https:\/\/drivercarrental.ae\/fr\/#website","url":"https:\/\/drivercarrental.ae\/fr\/","name":"Driver Car Rental Dubai","description":"Driver Car Rental  Dubai","publisher":{"@id":"https:\/\/drivercarrental.ae\/fr\/#organization"},"alternateName":"Cheapest Car Rental Dubai","potentialAction":[{"@type":"SearchAction","target":{"@type":"EntryPoint","urlTemplate":"https:\/\/drivercarrental.ae\/fr\/?s={search_term_string}"},"query-input":{"@type":"PropertyValueSpecification","valueRequired":true,"valueName":"search_term_string"}}],"inLanguage":"en-US"},{"@type":"Organization","@id":"https:\/\/drivercarrental.ae\/fr\/#organization","name":"Driver Car Rental Dubai","alternateName":"Cheapest Car Rental Dubai","url":"https:\/\/drivercarrental.ae\/fr\/","logo":{"@type":"ImageObject","inLanguage":"en-US","@id":"https:\/\/drivercarrental.ae\/fr\/#\/schema\/logo\/image\/","url":"https:\/\/drivercarrental.ae\/fr\/wp-content\/uploads\/2024\/07\/5001-1oo09iuh.png","contentUrl":"https:\/\/drivercarrental.ae\/fr\/wp-content\/uploads\/2024\/07\/5001-1oo09iuh.png","width":500,"height":500,"caption":"Driver Car Rental Dubai"},"image":{"@id":"https:\/\/drivercarrental.ae\/fr\/#\/schema\/logo\/image\/"},"sameAs":["https:\/\/www.facebook.com\/DriverCarRentalUAE"]}]}},"_links":{"self":[{"href":"https:\/\/drivercarrental.ae\/fr\/wp-json\/wp\/v2\/product\/11437"}],"collection":[{"href":"https:\/\/drivercarrental.ae\/fr\/wp-json\/wp\/v2\/product"}],"about":[{"href":"https:\/\/drivercarrental.ae\/fr\/wp-json\/wp\/v2\/types\/product"}],"wp:featuredmedia":[{"embeddable":true,"href":"https:\/\/drivercarrental.ae\/fr\/wp-json\/wp\/v2\/media\/12223"}],"wp:attachment":[{"href":"https:\/\/drivercarrental.ae\/fr\/wp-json\/wp\/v2\/media?parent=11437"}],"wp:term":[{"taxonomy":"product_cat","embeddable":true,"href":"https:\/\/drivercarrental.ae\/fr\/wp-json\/wp\/v2\/product_cat?post=11437"},{"taxonomy":"product_tag","embeddable":true,"href":"https:\/\/drivercarrental.ae\/fr\/wp-json\/wp\/v2\/product_tag?post=11437"}],"curies":[{"name":"wp","href":"https:\/\/api.w.org\/{rel}","templated":true}]}}