{"id":11441,"date":"2024-06-12T17:37:23","date_gmt":"2024-06-12T13:37:23","guid":{"rendered":"https:\/\/drivercarrental.ae\/fr\/?post_type=product&#038;p=11441"},"modified":"2024-12-04T17:05:01","modified_gmt":"2024-12-04T13:05:01","slug":"hyundai-creta-2024","status":"publish","type":"product","link":"https:\/\/drivercarrental.ae\/fr\/product\/hyundai-creta-2024\/","title":{"rendered":"HYUNDAI\u00a0CRETA 2024"},"content":{"rendered":"<p>La Hyundai Creta 2024 est un v\u00e9hicule \u00e9l\u00e9gant dot\u00e9 d&#8217;une puissance \u00e9lev\u00e9e, c\u00e9l\u00e9br\u00e9e par un moteur \u00e0 essence de 1,5 L et 1 497 cm3, qui offre un kilom\u00e9trage optimal et une puissance palpitante sans compromettre les performances. Avec une transmission automatique, elle offre une sensation de conduite douce, en particulier lors de d\u00e9placements en ville ou m\u00eame lors d&#8217;un long trajet. Dans cette voiture, il existe une combinaison impressionnante de puissance et d&#8217;efficacit\u00e9 ; ainsi, chaque voyage devient une combinaison de plaisir et de libert\u00e9 de ravitaillement constant.<\/p>\n<p>Avec le luxe de monter dans une toute nouvelle Hyundai Creta 2024, que demander de plus ? Les si\u00e8ges en cuir rendent la voiture confortable et offrent une atmosph\u00e8re luxueuse, les vitres \u00e9lectriques \u00e9galement, et le Bluetooth est plut\u00f4t pratique. Avec les capteurs de stationnement et les phares antibrouillard, la Creta est tr\u00e8s facile \u00e0 man\u0153uvrer quelles que soient les conditions de la route. L&#8217;int\u00e9rieur de cette voiture est confortable pour accueillir cinq personnes ; par cons\u00e9quent, elle convient \u00e0 un usage familial et individuel.<\/p>\n<p>Ce mod\u00e8le Hyundai Crete 2024 a adopt\u00e9 la s\u00e9curit\u00e9 en \u00e9tant dot\u00e9 d&#8217;un syst\u00e8me de freinage associatif et d&#8217;airbags de syst\u00e8me de retenue suppl\u00e9mentaire pour la s\u00e9curit\u00e9 des occupants. Ces caract\u00e9ristiques de s\u00e9curit\u00e9 contribuent \u00e0 offrir la meilleure s\u00e9curit\u00e9 dans un certain nombre de conditions de conduite diff\u00e9rentes. Des rues des villes anim\u00e9es aux autoroutes, les param\u00e8tres de s\u00e9curit\u00e9 du Creta ressemblent \u00e0 une armure pour avoir le contr\u00f4le et la confiance derri\u00e8re le volant.<\/p>\n<h2>Pourquoi Driver Car Rental Service est la meilleure soci\u00e9t\u00e9 de location \u00e0 Duba\u00ef<\/h2>\n<p>Driver Car Rental est une excellente entreprise qui propose des services de location de voitures \u00e0 Duba\u00ef avec pratiquement n&#8217;importe quelle voiture dont un client peut avoir besoin \u00e0 des prix tout \u00e0 fait raisonnables. Nous ciblons la population locale ainsi que ceux qui visitent la r\u00e9gion pour fournir les meilleurs services de location. Par cons\u00e9quent, nous proposons des solutions de location flexibles et visons la satisfaction du client, ce qui fait de nous la principale soci\u00e9t\u00e9 de location de voitures \u00e0 Sharjah et \u00e0 Duba\u00ef.<\/p>\n<p>Nous disposons d&#8217;une flotte bien entretenue pour vous assurer un moyen de transport confortable et s\u00fbr. Pour louer une voiture \u00e0 Sharjah et Duba\u00ef, la meilleure entreprise vers laquelle se tourner est Driver Car Rental.<\/p>\n<p>Pour en savoir plus ou b\u00e9n\u00e9ficier d&#8217;un service de location de voiture, n&#8217;h\u00e9sitez pas \u00e0 appeler ou \u00e0 visiter notre bureau, nous servons la location de voitures \u00e0 Duba\u00ef et Sharjah.<\/p>\n<h2>Questions fr\u00e9quemment pos\u00e9es<\/h2>\n<p><strong>1. Quels documents sont n\u00e9cessaires pour louer une voiture \u00e0 Duba\u00ef ?<\/strong><\/p>\n<ul>\n<li>Pour les r\u00e9sidents des EAU\u00a0: copie du passeport, de la carte d&#8217;identit\u00e9 des \u00c9mirats et du permis de conduire des EAU en cours de validit\u00e9.<\/li>\n<li>Pour les touristes\/non-r\u00e9sidents : Copie du passeport, copie du visa de visite et du permis de conduire international.<\/li>\n<\/ul>\n<p><strong>2. Quels sont les modes de paiement ?<\/strong><\/p>\n<p>Le paiement s&#8217;effectue en esp\u00e8ces et par carte de cr\u00e9dit, ce qui permet aux clients de payer de la mani\u00e8re qu&#8217;ils pr\u00e9f\u00e8rent.<\/p>\n<p><strong>3. Y a-t-il des frais suppl\u00e9mentaires pour les kilom\u00e8tres suppl\u00e9mentaires ?<\/strong><\/p>\n<p>Oui, il y a un suppl\u00e9ment de 0,50 AED par kilom\u00e8tre suppl\u00e9mentaire.<\/p>\n<p><strong>4. Est-il possible de louer d&#8217;autres accessoires comme un si\u00e8ge b\u00e9b\u00e9 ?<\/strong><\/p>\n<p>Oui, un si\u00e8ge b\u00e9b\u00e9 est fourni au prix de 150 AED par mois pour garantir la s\u00e9curit\u00e9 et le confort de votre b\u00e9b\u00e9.<\/p>\n","protected":false},"excerpt":{"rendered":"<p>La Hyundai Creta 2024 est un v\u00e9hicule \u00e9l\u00e9gant dot\u00e9 d&#8217;une puissance \u00e9lev\u00e9e, c\u00e9l\u00e9br\u00e9e par un moteur \u00e0 essence de 1,5 L et 1 497 cm3, qui offre un kilom\u00e9trage optimal et une puissance palpitante sans compromettre les performances. Avec une transmission automatique, elle offre une sensation de conduite douce, en particulier lors de d\u00e9placements en [&hellip;]<\/p>\n","protected":false},"featured_media":12222,"template":"","meta":{"_acf_changed":false},"product_cat":[74],"product_tag":[],"acf":[],"yoast_head":"<!-- This site is optimized with the Yoast SEO plugin v23.7 - https:\/\/yoast.com\/wordpress\/plugins\/seo\/ -->\n<title>Hyundai Creta 2024- Affordable Driver Car Rental<\/title>\n<meta name=\"description\" content=\"Rent the Hyundai Creta 2024 for a smooth drive. Enjoy comfort and style with our flexible rental options. Perfect for your next trip!\" \/>\n<meta name=\"robots\" content=\"noindex, nofollow\" \/>\n<meta property=\"og:locale\" content=\"en_US\" \/>\n<meta property=\"og:type\" content=\"article\" \/>\n<meta property=\"og:title\" content=\"Hyundai Creta 2024- Affordable Driver Car Rental\" \/>\n<meta property=\"og:description\" content=\"Rent the Hyundai Creta 2024 for a smooth drive. Enjoy comfort and style with our flexible rental options. Perfect for your next trip!\" \/>\n<meta property=\"og:url\" content=\"https:\/\/drivercarrental.ae\/fr\/product\/hyundai-creta-2024\/\" \/>\n<meta property=\"og:site_name\" content=\"DCR\" \/>\n<meta property=\"article:publisher\" content=\"https:\/\/www.facebook.com\/DriverCarRentalUAE\" \/>\n<meta property=\"article:modified_time\" content=\"2024-12-04T13:05:01+00:00\" \/>\n<meta property=\"og:image\" content=\"https:\/\/drivercarrental.ae\/fr\/wp-content\/uploads\/2024\/06\/HYUNDAI-CRETA-2024-Dubai.png\" \/>\n\t<meta property=\"og:image:width\" content=\"634\" \/>\n\t<meta property=\"og:image:height\" content=\"396\" \/>\n\t<meta property=\"og:image:type\" content=\"image\/png\" \/>\n<meta name=\"twitter:card\" content=\"summary_large_image\" \/>\n<meta name=\"twitter:label1\" content=\"Est. reading time\" \/>\n\t<meta name=\"twitter:data1\" content=\"3 minutes\" \/>\n<script type=\"application\/ld+json\" class=\"yoast-schema-graph\">{\"@context\":\"https:\/\/schema.org\",\"@graph\":[{\"@type\":\"WebPage\",\"@id\":\"https:\/\/drivercarrental.ae\/fr\/product\/hyundai-creta-2024\/\",\"url\":\"https:\/\/drivercarrental.ae\/fr\/product\/hyundai-creta-2024\/\",\"name\":\"Hyundai Creta 2024- Affordable Driver Car Rental\",\"isPartOf\":{\"@id\":\"https:\/\/drivercarrental.ae\/fr\/#website\"},\"primaryImageOfPage\":{\"@id\":\"https:\/\/drivercarrental.ae\/fr\/product\/hyundai-creta-2024\/#primaryimage\"},\"image\":{\"@id\":\"https:\/\/drivercarrental.ae\/fr\/product\/hyundai-creta-2024\/#primaryimage\"},\"thumbnailUrl\":\"https:\/\/drivercarrental.ae\/fr\/wp-content\/uploads\/2024\/06\/HYUNDAI-CRETA-2024-Dubai.png\",\"datePublished\":\"2024-06-12T13:37:23+00:00\",\"dateModified\":\"2024-12-04T13:05:01+00:00\",\"description\":\"Rent the Hyundai Creta 2024 for a smooth drive. Enjoy comfort and style with our flexible rental options. Perfect for your next trip!\",\"breadcrumb\":{\"@id\":\"https:\/\/drivercarrental.ae\/fr\/product\/hyundai-creta-2024\/#breadcrumb\"},\"inLanguage\":\"en-US\",\"potentialAction\":[{\"@type\":\"ReadAction\",\"target\":[\"https:\/\/drivercarrental.ae\/fr\/product\/hyundai-creta-2024\/\"]}]},{\"@type\":\"ImageObject\",\"inLanguage\":\"en-US\",\"@id\":\"https:\/\/drivercarrental.ae\/fr\/product\/hyundai-creta-2024\/#primaryimage\",\"url\":\"https:\/\/drivercarrental.ae\/fr\/wp-content\/uploads\/2024\/06\/HYUNDAI-CRETA-2024-Dubai.png\",\"contentUrl\":\"https:\/\/drivercarrental.ae\/fr\/wp-content\/uploads\/2024\/06\/HYUNDAI-CRETA-2024-Dubai.png\",\"width\":634,\"height\":396,\"caption\":\"HYUNDAI CRETA 2024\"},{\"@type\":\"BreadcrumbList\",\"@id\":\"https:\/\/drivercarrental.ae\/fr\/product\/hyundai-creta-2024\/#breadcrumb\",\"itemListElement\":[{\"@type\":\"ListItem\",\"position\":1,\"name\":\"Home\",\"item\":\"https:\/\/drivercarrental.ae\/fr\/\"},{\"@type\":\"ListItem\",\"position\":2,\"name\":\"Store\",\"item\":\"https:\/\/drivercarrental.ae\/fr\/shop\/\"},{\"@type\":\"ListItem\",\"position\":3,\"name\":\"HYUNDAI\u00a0CRETA 2024\"}]},{\"@type\":\"WebSite\",\"@id\":\"https:\/\/drivercarrental.ae\/fr\/#website\",\"url\":\"https:\/\/drivercarrental.ae\/fr\/\",\"name\":\"Driver Car Rental Dubai\",\"description\":\"Driver Car Rental  Dubai\",\"publisher\":{\"@id\":\"https:\/\/drivercarrental.ae\/fr\/#organization\"},\"alternateName\":\"Cheapest Car Rental Dubai\",\"potentialAction\":[{\"@type\":\"SearchAction\",\"target\":{\"@type\":\"EntryPoint\",\"urlTemplate\":\"https:\/\/drivercarrental.ae\/fr\/?s={search_term_string}\"},\"query-input\":{\"@type\":\"PropertyValueSpecification\",\"valueRequired\":true,\"valueName\":\"search_term_string\"}}],\"inLanguage\":\"en-US\"},{\"@type\":\"Organization\",\"@id\":\"https:\/\/drivercarrental.ae\/fr\/#organization\",\"name\":\"Driver Car Rental Dubai\",\"alternateName\":\"Cheapest Car Rental Dubai\",\"url\":\"https:\/\/drivercarrental.ae\/fr\/\",\"logo\":{\"@type\":\"ImageObject\",\"inLanguage\":\"en-US\",\"@id\":\"https:\/\/drivercarrental.ae\/fr\/#\/schema\/logo\/image\/\",\"url\":\"https:\/\/drivercarrental.ae\/fr\/wp-content\/uploads\/2024\/07\/5001-1oo09iuh.png\",\"contentUrl\":\"https:\/\/drivercarrental.ae\/fr\/wp-content\/uploads\/2024\/07\/5001-1oo09iuh.png\",\"width\":500,\"height\":500,\"caption\":\"Driver Car Rental Dubai\"},\"image\":{\"@id\":\"https:\/\/drivercarrental.ae\/fr\/#\/schema\/logo\/image\/\"},\"sameAs\":[\"https:\/\/www.facebook.com\/DriverCarRentalUAE\"]}]}<\/script>\n<!-- \/ Yoast SEO plugin. -->","yoast_head_json":{"title":"Hyundai Creta 2024- Affordable Driver Car Rental","description":"Rent the Hyundai Creta 2024 for a smooth drive. Enjoy comfort and style with our flexible rental options. Perfect for your next trip!","robots":{"index":"noindex","follow":"nofollow"},"og_locale":"en_US","og_type":"article","og_title":"Hyundai Creta 2024- Affordable Driver Car Rental","og_description":"Rent the Hyundai Creta 2024 for a smooth drive. Enjoy comfort and style with our flexible rental options. Perfect for your next trip!","og_url":"https:\/\/drivercarrental.ae\/fr\/product\/hyundai-creta-2024\/","og_site_name":"DCR","article_publisher":"https:\/\/www.facebook.com\/DriverCarRentalUAE","article_modified_time":"2024-12-04T13:05:01+00:00","og_image":[{"width":634,"height":396,"url":"https:\/\/drivercarrental.ae\/fr\/wp-content\/uploads\/2024\/06\/HYUNDAI-CRETA-2024-Dubai.png","type":"image\/png"}],"twitter_card":"summary_large_image","twitter_misc":{"Est. reading time":"3 minutes"},"schema":{"@context":"https:\/\/schema.org","@graph":[{"@type":"WebPage","@id":"https:\/\/drivercarrental.ae\/fr\/product\/hyundai-creta-2024\/","url":"https:\/\/drivercarrental.ae\/fr\/product\/hyundai-creta-2024\/","name":"Hyundai Creta 2024- Affordable Driver Car Rental","isPartOf":{"@id":"https:\/\/drivercarrental.ae\/fr\/#website"},"primaryImageOfPage":{"@id":"https:\/\/drivercarrental.ae\/fr\/product\/hyundai-creta-2024\/#primaryimage"},"image":{"@id":"https:\/\/drivercarrental.ae\/fr\/product\/hyundai-creta-2024\/#primaryimage"},"thumbnailUrl":"https:\/\/drivercarrental.ae\/fr\/wp-content\/uploads\/2024\/06\/HYUNDAI-CRETA-2024-Dubai.png","datePublished":"2024-06-12T13:37:23+00:00","dateModified":"2024-12-04T13:05:01+00:00","description":"Rent the Hyundai Creta 2024 for a smooth drive. Enjoy comfort and style with our flexible rental options. Perfect for your next trip!","breadcrumb":{"@id":"https:\/\/drivercarrental.ae\/fr\/product\/hyundai-creta-2024\/#breadcrumb"},"inLanguage":"en-US","potentialAction":[{"@type":"ReadAction","target":["https:\/\/drivercarrental.ae\/fr\/product\/hyundai-creta-2024\/"]}]},{"@type":"ImageObject","inLanguage":"en-US","@id":"https:\/\/drivercarrental.ae\/fr\/product\/hyundai-creta-2024\/#primaryimage","url":"https:\/\/drivercarrental.ae\/fr\/wp-content\/uploads\/2024\/06\/HYUNDAI-CRETA-2024-Dubai.png","contentUrl":"https:\/\/drivercarrental.ae\/fr\/wp-content\/uploads\/2024\/06\/HYUNDAI-CRETA-2024-Dubai.png","width":634,"height":396,"caption":"HYUNDAI CRETA 2024"},{"@type":"BreadcrumbList","@id":"https:\/\/drivercarrental.ae\/fr\/product\/hyundai-creta-2024\/#breadcrumb","itemListElement":[{"@type":"ListItem","position":1,"name":"Home","item":"https:\/\/drivercarrental.ae\/fr\/"},{"@type":"ListItem","position":2,"name":"Store","item":"https:\/\/drivercarrental.ae\/fr\/shop\/"},{"@type":"ListItem","position":3,"name":"HYUNDAI\u00a0CRETA 2024"}]},{"@type":"WebSite","@id":"https:\/\/drivercarrental.ae\/fr\/#website","url":"https:\/\/drivercarrental.ae\/fr\/","name":"Driver Car Rental Dubai","description":"Driver Car Rental  Dubai","publisher":{"@id":"https:\/\/drivercarrental.ae\/fr\/#organization"},"alternateName":"Cheapest Car Rental Dubai","potentialAction":[{"@type":"SearchAction","target":{"@type":"EntryPoint","urlTemplate":"https:\/\/drivercarrental.ae\/fr\/?s={search_term_string}"},"query-input":{"@type":"PropertyValueSpecification","valueRequired":true,"valueName":"search_term_string"}}],"inLanguage":"en-US"},{"@type":"Organization","@id":"https:\/\/drivercarrental.ae\/fr\/#organization","name":"Driver Car Rental Dubai","alternateName":"Cheapest Car Rental Dubai","url":"https:\/\/drivercarrental.ae\/fr\/","logo":{"@type":"ImageObject","inLanguage":"en-US","@id":"https:\/\/drivercarrental.ae\/fr\/#\/schema\/logo\/image\/","url":"https:\/\/drivercarrental.ae\/fr\/wp-content\/uploads\/2024\/07\/5001-1oo09iuh.png","contentUrl":"https:\/\/drivercarrental.ae\/fr\/wp-content\/uploads\/2024\/07\/5001-1oo09iuh.png","width":500,"height":500,"caption":"Driver Car Rental Dubai"},"image":{"@id":"https:\/\/drivercarrental.ae\/fr\/#\/schema\/logo\/image\/"},"sameAs":["https:\/\/www.facebook.com\/DriverCarRentalUAE"]}]}},"_links":{"self":[{"href":"https:\/\/drivercarrental.ae\/fr\/wp-json\/wp\/v2\/product\/11441"}],"collection":[{"href":"https:\/\/drivercarrental.ae\/fr\/wp-json\/wp\/v2\/product"}],"about":[{"href":"https:\/\/drivercarrental.ae\/fr\/wp-json\/wp\/v2\/types\/product"}],"wp:featuredmedia":[{"embeddable":true,"href":"https:\/\/drivercarrental.ae\/fr\/wp-json\/wp\/v2\/media\/12222"}],"wp:attachment":[{"href":"https:\/\/drivercarrental.ae\/fr\/wp-json\/wp\/v2\/media?parent=11441"}],"wp:term":[{"taxonomy":"product_cat","embeddable":true,"href":"https:\/\/drivercarrental.ae\/fr\/wp-json\/wp\/v2\/product_cat?post=11441"},{"taxonomy":"product_tag","embeddable":true,"href":"https:\/\/drivercarrental.ae\/fr\/wp-json\/wp\/v2\/product_tag?post=11441"}],"curies":[{"name":"wp","href":"https:\/\/api.w.org\/{rel}","templated":true}]}}