{"id":11444,"date":"2024-06-12T17:42:04","date_gmt":"2024-06-12T13:42:04","guid":{"rendered":"https:\/\/drivercarrental.ae\/fr\/?post_type=product&#038;p=11444"},"modified":"2024-12-04T17:04:36","modified_gmt":"2024-12-04T13:04:36","slug":"mitsubishi-attrage-2020","status":"publish","type":"product","link":"https:\/\/drivercarrental.ae\/fr\/product\/mitsubishi-attrage-2020\/","title":{"rendered":"MITSUBISHI\u00a0ATTRAGE 2020"},"content":{"rendered":"<p>Les mod\u00e8les Mitsubishi Attrage de l&#8217;ann\u00e9e 2020 sont \u00e9quip\u00e9s d&#8217;un moteur \u00e0 essence de 1,2 L et 1193 cm3 qui devrait permettre une exp\u00e9rience de conduite plut\u00f4t efficace mais suffisamment puissante. Ce petit moteur permet de se d\u00e9placer facilement dans le trafic urbain, tout en consommant moins de carburant, ce qui permet \u00e0 ce v\u00e9hicule de servir aussi bien pour les trajets courts que pour les trajets longue distance. La transmission automatique contribue au bon fonctionnement de la voiture en permettant un changement de vitesse en douceur.<\/p>\n<h2>Confort et commodit\u00e9 \u00e0 leur meilleur<\/h2>\n<p>Con\u00e7ue pour le conducteur et les passagers, la Mitsubishi Attrage 2020 est dot\u00e9e de fonctionnalit\u00e9s \u00e9tonnantes pour rendre l&#8217;utilisation de la voiture confortable. L&#8217;int\u00e9rieur est dot\u00e9 d&#8217;un mat\u00e9riau en cuir, qui offre confort et sophistication, tandis que les vitres rabattables vers l&#8217;ext\u00e9rieur et le Bluetooth pr\u00e9parent le confort et la manipulation facile des syst\u00e8mes audio. La fonction d&#8217;assistance au stationnement, compos\u00e9e de capteurs de stationnement, et les feux antibrouillard facilitent le stationnement, en particulier dans les zones encombr\u00e9es ou les zones o\u00f9 la visibilit\u00e9 est faible. Le v\u00e9hicule a une capacit\u00e9 d&#8217;accueil suffisante pour accueillir cinq personnes, il convient donc \u00e0 un usage unique et \u00e0 une voiture familiale.<\/p>\n<p>La Mitsubishi Attrage 2020 est dot\u00e9e de fonctionnalit\u00e9s de s\u00e9curit\u00e9 telles que les airbags ABS et SRS, entre autres caract\u00e9ristiques importantes. Celles-ci se combinent pour garantir que tous les occupants sont bien prot\u00e9g\u00e9s afin de vous offrir un confort et une s\u00e9curit\u00e9 suppl\u00e9mentaires lors de la conduite en ville et m\u00eame sur les autoroutes. Toutes ces caract\u00e9ristiques de s\u00e9curit\u00e9 font de l&#8217;Attrage un v\u00e9hicule s\u00fbr et adapt\u00e9 \u00e0 tous les voyages.<\/p>\n<h2>Pourquoi choisir un service de location de voiture avec chauffeur \u00e0 Duba\u00ef<\/h2>\n<p>Driver Car Rental est l&#8217;un des meilleurs et des plus importants fournisseurs de services de location de voitures \u00e0 Duba\u00ef ; ils proposent des voitures \u00e0 louer \u00e0 des prix bon march\u00e9. Nous avons fourni nos services pour que chaque personne, qu&#8217;il s&#8217;agisse d&#8217;un r\u00e9sident ou d&#8217;un touriste, puisse obtenir les meilleurs services de location sans perdre de temps.<\/p>\n<p>Nos formules de location comprennent la location \u00e0 court terme pour une journ\u00e9e, une semaine ou m\u00eame un mois et nous pouvons facilement r\u00e9pondre \u00e0 toutes vos exigences. Notre parc de voitures est propre et efficace et en louant avec nous, vous n&#8217;aurez pas \u00e0 vous soucier d&#8217;une panne sur la route.<\/p>\n<p>Louez une voiture chez Driver Car Rental pour obtenir le service de location de voiture le plus fiable \u00e0 Sharjah et Duba\u00ef.<\/p>\n<h2>Questions fr\u00e9quemment pos\u00e9es<\/h2>\n<p><strong>1. De quels papiers ai-je besoin pour louer une voiture \u00e0 Duba\u00ef ?<\/strong><\/p>\n<ul>\n<li>Pour les r\u00e9sidents des \u00c9mirats arabes unis : en plus des informations pr\u00e9c\u00e9dentes, les personnes doivent soumettre la copie de leur passeport, de leur carte d&#8217;identit\u00e9 \u00e9miratie et, dans certains cas, une copie du permis de conduire des \u00c9mirats arabes unis.<\/li>\n<li>Pour les touristes\/non-r\u00e9sidents : Photocopie du passeport, copie du visa de visite en cours de validit\u00e9 et copie du permis de conduire international.<\/li>\n<\/ul>\n<p><strong>2. Quels modes de paiement les \u00e9tablissements acceptent-ils ?<\/strong><\/p>\n<p>Ceci est pour informer nos estim\u00e9s clients que nous effectuons des transactions en esp\u00e8ces et par carte de cr\u00e9dit pour votre paiement flexible.<\/p>\n<p><strong>3. Y a-t-il des frais suppl\u00e9mentaires si les KM sont sup\u00e9rieurs au montant calcul\u00e9 ?<\/strong><\/p>\n<p>Oui, il y a un suppl\u00e9ment de 0,50 AED par kilom\u00e8tre suppl\u00e9mentaire parcouru.<\/p>\n<p><strong>4. Puis-je louer un si\u00e8ge b\u00e9b\u00e9 avec la voiture ?<\/strong><\/p>\n<p>Oui, pour les si\u00e8ges b\u00e9b\u00e9, une option de location du si\u00e8ge b\u00e9b\u00e9 \u00e0 150 AED par mois est disponible.<\/p>\n","protected":false},"excerpt":{"rendered":"<p>Les mod\u00e8les Mitsubishi Attrage de l&#8217;ann\u00e9e 2020 sont \u00e9quip\u00e9s d&#8217;un moteur \u00e0 essence de 1,2 L et 1193 cm3 qui devrait permettre une exp\u00e9rience de conduite plut\u00f4t efficace mais suffisamment puissante. Ce petit moteur permet de se d\u00e9placer facilement dans le trafic urbain, tout en consommant moins de carburant, ce qui permet \u00e0 ce v\u00e9hicule [&hellip;]<\/p>\n","protected":false},"featured_media":12221,"template":"","meta":{"_acf_changed":false},"product_cat":[74],"product_tag":[],"acf":[],"yoast_head":"<!-- This site is optimized with the Yoast SEO plugin v23.7 - https:\/\/yoast.com\/wordpress\/plugins\/seo\/ -->\n<title>Explore the Mitsubishi Attrage 2020 Efficient &amp; Stylish Sedan<\/title>\n<meta name=\"description\" content=\"Discover the Mitsubishi Attrage 2020, a blend of efficiency and style. Learn about its features, performance, and why it&#039;s a standout sedan choice.\" \/>\n<meta name=\"robots\" content=\"noindex, nofollow\" \/>\n<meta property=\"og:locale\" content=\"en_US\" \/>\n<meta property=\"og:type\" content=\"article\" \/>\n<meta property=\"og:title\" content=\"Explore the Mitsubishi Attrage 2020 Efficient &amp; Stylish Sedan\" \/>\n<meta property=\"og:description\" content=\"Discover the Mitsubishi Attrage 2020, a blend of efficiency and style. Learn about its features, performance, and why it&#039;s a standout sedan choice.\" \/>\n<meta property=\"og:url\" content=\"https:\/\/drivercarrental.ae\/fr\/product\/mitsubishi-attrage-2020\/\" \/>\n<meta property=\"og:site_name\" content=\"DCR\" \/>\n<meta property=\"article:publisher\" content=\"https:\/\/www.facebook.com\/DriverCarRentalUAE\" \/>\n<meta property=\"article:modified_time\" content=\"2024-12-04T13:04:36+00:00\" \/>\n<meta property=\"og:image\" content=\"https:\/\/drivercarrental.ae\/fr\/wp-content\/uploads\/2024\/06\/MITSUBISHI-ATTRAGE-2020-Dubai.png\" \/>\n\t<meta property=\"og:image:width\" content=\"634\" \/>\n\t<meta property=\"og:image:height\" content=\"396\" \/>\n\t<meta property=\"og:image:type\" content=\"image\/png\" \/>\n<meta name=\"twitter:card\" content=\"summary_large_image\" \/>\n<meta name=\"twitter:label1\" content=\"Est. reading time\" \/>\n\t<meta name=\"twitter:data1\" content=\"3 minutes\" \/>\n<script type=\"application\/ld+json\" class=\"yoast-schema-graph\">{\"@context\":\"https:\/\/schema.org\",\"@graph\":[{\"@type\":\"WebPage\",\"@id\":\"https:\/\/drivercarrental.ae\/fr\/product\/mitsubishi-attrage-2020\/\",\"url\":\"https:\/\/drivercarrental.ae\/fr\/product\/mitsubishi-attrage-2020\/\",\"name\":\"Explore the Mitsubishi Attrage 2020 Efficient & Stylish Sedan\",\"isPartOf\":{\"@id\":\"https:\/\/drivercarrental.ae\/fr\/#website\"},\"primaryImageOfPage\":{\"@id\":\"https:\/\/drivercarrental.ae\/fr\/product\/mitsubishi-attrage-2020\/#primaryimage\"},\"image\":{\"@id\":\"https:\/\/drivercarrental.ae\/fr\/product\/mitsubishi-attrage-2020\/#primaryimage\"},\"thumbnailUrl\":\"https:\/\/drivercarrental.ae\/fr\/wp-content\/uploads\/2024\/06\/MITSUBISHI-ATTRAGE-2020-Dubai.png\",\"datePublished\":\"2024-06-12T13:42:04+00:00\",\"dateModified\":\"2024-12-04T13:04:36+00:00\",\"description\":\"Discover the Mitsubishi Attrage 2020, a blend of efficiency and style. Learn about its features, performance, and why it's a standout sedan choice.\",\"breadcrumb\":{\"@id\":\"https:\/\/drivercarrental.ae\/fr\/product\/mitsubishi-attrage-2020\/#breadcrumb\"},\"inLanguage\":\"en-US\",\"potentialAction\":[{\"@type\":\"ReadAction\",\"target\":[\"https:\/\/drivercarrental.ae\/fr\/product\/mitsubishi-attrage-2020\/\"]}]},{\"@type\":\"ImageObject\",\"inLanguage\":\"en-US\",\"@id\":\"https:\/\/drivercarrental.ae\/fr\/product\/mitsubishi-attrage-2020\/#primaryimage\",\"url\":\"https:\/\/drivercarrental.ae\/fr\/wp-content\/uploads\/2024\/06\/MITSUBISHI-ATTRAGE-2020-Dubai.png\",\"contentUrl\":\"https:\/\/drivercarrental.ae\/fr\/wp-content\/uploads\/2024\/06\/MITSUBISHI-ATTRAGE-2020-Dubai.png\",\"width\":634,\"height\":396,\"caption\":\"MITSUBISHI ATTRAGE 2020\"},{\"@type\":\"BreadcrumbList\",\"@id\":\"https:\/\/drivercarrental.ae\/fr\/product\/mitsubishi-attrage-2020\/#breadcrumb\",\"itemListElement\":[{\"@type\":\"ListItem\",\"position\":1,\"name\":\"Home\",\"item\":\"https:\/\/drivercarrental.ae\/fr\/\"},{\"@type\":\"ListItem\",\"position\":2,\"name\":\"Store\",\"item\":\"https:\/\/drivercarrental.ae\/fr\/shop\/\"},{\"@type\":\"ListItem\",\"position\":3,\"name\":\"MITSUBISHI\u00a0ATTRAGE 2020\"}]},{\"@type\":\"WebSite\",\"@id\":\"https:\/\/drivercarrental.ae\/fr\/#website\",\"url\":\"https:\/\/drivercarrental.ae\/fr\/\",\"name\":\"Driver Car Rental Dubai\",\"description\":\"Driver Car Rental  Dubai\",\"publisher\":{\"@id\":\"https:\/\/drivercarrental.ae\/fr\/#organization\"},\"alternateName\":\"Cheapest Car Rental Dubai\",\"potentialAction\":[{\"@type\":\"SearchAction\",\"target\":{\"@type\":\"EntryPoint\",\"urlTemplate\":\"https:\/\/drivercarrental.ae\/fr\/?s={search_term_string}\"},\"query-input\":{\"@type\":\"PropertyValueSpecification\",\"valueRequired\":true,\"valueName\":\"search_term_string\"}}],\"inLanguage\":\"en-US\"},{\"@type\":\"Organization\",\"@id\":\"https:\/\/drivercarrental.ae\/fr\/#organization\",\"name\":\"Driver Car Rental Dubai\",\"alternateName\":\"Cheapest Car Rental Dubai\",\"url\":\"https:\/\/drivercarrental.ae\/fr\/\",\"logo\":{\"@type\":\"ImageObject\",\"inLanguage\":\"en-US\",\"@id\":\"https:\/\/drivercarrental.ae\/fr\/#\/schema\/logo\/image\/\",\"url\":\"https:\/\/drivercarrental.ae\/fr\/wp-content\/uploads\/2024\/07\/5001-1oo09iuh.png\",\"contentUrl\":\"https:\/\/drivercarrental.ae\/fr\/wp-content\/uploads\/2024\/07\/5001-1oo09iuh.png\",\"width\":500,\"height\":500,\"caption\":\"Driver Car Rental Dubai\"},\"image\":{\"@id\":\"https:\/\/drivercarrental.ae\/fr\/#\/schema\/logo\/image\/\"},\"sameAs\":[\"https:\/\/www.facebook.com\/DriverCarRentalUAE\"]}]}<\/script>\n<!-- \/ Yoast SEO plugin. -->","yoast_head_json":{"title":"Explore the Mitsubishi Attrage 2020 Efficient & Stylish Sedan","description":"Discover the Mitsubishi Attrage 2020, a blend of efficiency and style. Learn about its features, performance, and why it's a standout sedan choice.","robots":{"index":"noindex","follow":"nofollow"},"og_locale":"en_US","og_type":"article","og_title":"Explore the Mitsubishi Attrage 2020 Efficient & Stylish Sedan","og_description":"Discover the Mitsubishi Attrage 2020, a blend of efficiency and style. Learn about its features, performance, and why it's a standout sedan choice.","og_url":"https:\/\/drivercarrental.ae\/fr\/product\/mitsubishi-attrage-2020\/","og_site_name":"DCR","article_publisher":"https:\/\/www.facebook.com\/DriverCarRentalUAE","article_modified_time":"2024-12-04T13:04:36+00:00","og_image":[{"width":634,"height":396,"url":"https:\/\/drivercarrental.ae\/fr\/wp-content\/uploads\/2024\/06\/MITSUBISHI-ATTRAGE-2020-Dubai.png","type":"image\/png"}],"twitter_card":"summary_large_image","twitter_misc":{"Est. reading time":"3 minutes"},"schema":{"@context":"https:\/\/schema.org","@graph":[{"@type":"WebPage","@id":"https:\/\/drivercarrental.ae\/fr\/product\/mitsubishi-attrage-2020\/","url":"https:\/\/drivercarrental.ae\/fr\/product\/mitsubishi-attrage-2020\/","name":"Explore the Mitsubishi Attrage 2020 Efficient & Stylish Sedan","isPartOf":{"@id":"https:\/\/drivercarrental.ae\/fr\/#website"},"primaryImageOfPage":{"@id":"https:\/\/drivercarrental.ae\/fr\/product\/mitsubishi-attrage-2020\/#primaryimage"},"image":{"@id":"https:\/\/drivercarrental.ae\/fr\/product\/mitsubishi-attrage-2020\/#primaryimage"},"thumbnailUrl":"https:\/\/drivercarrental.ae\/fr\/wp-content\/uploads\/2024\/06\/MITSUBISHI-ATTRAGE-2020-Dubai.png","datePublished":"2024-06-12T13:42:04+00:00","dateModified":"2024-12-04T13:04:36+00:00","description":"Discover the Mitsubishi Attrage 2020, a blend of efficiency and style. Learn about its features, performance, and why it's a standout sedan choice.","breadcrumb":{"@id":"https:\/\/drivercarrental.ae\/fr\/product\/mitsubishi-attrage-2020\/#breadcrumb"},"inLanguage":"en-US","potentialAction":[{"@type":"ReadAction","target":["https:\/\/drivercarrental.ae\/fr\/product\/mitsubishi-attrage-2020\/"]}]},{"@type":"ImageObject","inLanguage":"en-US","@id":"https:\/\/drivercarrental.ae\/fr\/product\/mitsubishi-attrage-2020\/#primaryimage","url":"https:\/\/drivercarrental.ae\/fr\/wp-content\/uploads\/2024\/06\/MITSUBISHI-ATTRAGE-2020-Dubai.png","contentUrl":"https:\/\/drivercarrental.ae\/fr\/wp-content\/uploads\/2024\/06\/MITSUBISHI-ATTRAGE-2020-Dubai.png","width":634,"height":396,"caption":"MITSUBISHI ATTRAGE 2020"},{"@type":"BreadcrumbList","@id":"https:\/\/drivercarrental.ae\/fr\/product\/mitsubishi-attrage-2020\/#breadcrumb","itemListElement":[{"@type":"ListItem","position":1,"name":"Home","item":"https:\/\/drivercarrental.ae\/fr\/"},{"@type":"ListItem","position":2,"name":"Store","item":"https:\/\/drivercarrental.ae\/fr\/shop\/"},{"@type":"ListItem","position":3,"name":"MITSUBISHI\u00a0ATTRAGE 2020"}]},{"@type":"WebSite","@id":"https:\/\/drivercarrental.ae\/fr\/#website","url":"https:\/\/drivercarrental.ae\/fr\/","name":"Driver Car Rental Dubai","description":"Driver Car Rental  Dubai","publisher":{"@id":"https:\/\/drivercarrental.ae\/fr\/#organization"},"alternateName":"Cheapest Car Rental Dubai","potentialAction":[{"@type":"SearchAction","target":{"@type":"EntryPoint","urlTemplate":"https:\/\/drivercarrental.ae\/fr\/?s={search_term_string}"},"query-input":{"@type":"PropertyValueSpecification","valueRequired":true,"valueName":"search_term_string"}}],"inLanguage":"en-US"},{"@type":"Organization","@id":"https:\/\/drivercarrental.ae\/fr\/#organization","name":"Driver Car Rental Dubai","alternateName":"Cheapest Car Rental Dubai","url":"https:\/\/drivercarrental.ae\/fr\/","logo":{"@type":"ImageObject","inLanguage":"en-US","@id":"https:\/\/drivercarrental.ae\/fr\/#\/schema\/logo\/image\/","url":"https:\/\/drivercarrental.ae\/fr\/wp-content\/uploads\/2024\/07\/5001-1oo09iuh.png","contentUrl":"https:\/\/drivercarrental.ae\/fr\/wp-content\/uploads\/2024\/07\/5001-1oo09iuh.png","width":500,"height":500,"caption":"Driver Car Rental Dubai"},"image":{"@id":"https:\/\/drivercarrental.ae\/fr\/#\/schema\/logo\/image\/"},"sameAs":["https:\/\/www.facebook.com\/DriverCarRentalUAE"]}]}},"_links":{"self":[{"href":"https:\/\/drivercarrental.ae\/fr\/wp-json\/wp\/v2\/product\/11444"}],"collection":[{"href":"https:\/\/drivercarrental.ae\/fr\/wp-json\/wp\/v2\/product"}],"about":[{"href":"https:\/\/drivercarrental.ae\/fr\/wp-json\/wp\/v2\/types\/product"}],"wp:featuredmedia":[{"embeddable":true,"href":"https:\/\/drivercarrental.ae\/fr\/wp-json\/wp\/v2\/media\/12221"}],"wp:attachment":[{"href":"https:\/\/drivercarrental.ae\/fr\/wp-json\/wp\/v2\/media?parent=11444"}],"wp:term":[{"taxonomy":"product_cat","embeddable":true,"href":"https:\/\/drivercarrental.ae\/fr\/wp-json\/wp\/v2\/product_cat?post=11444"},{"taxonomy":"product_tag","embeddable":true,"href":"https:\/\/drivercarrental.ae\/fr\/wp-json\/wp\/v2\/product_tag?post=11444"}],"curies":[{"name":"wp","href":"https:\/\/api.w.org\/{rel}","templated":true}]}}