{"id":11446,"date":"2024-06-12T17:49:13","date_gmt":"2024-06-12T13:49:13","guid":{"rendered":"https:\/\/drivercarrental.ae\/fr\/?post_type=product&#038;p=11446"},"modified":"2024-12-04T17:04:11","modified_gmt":"2024-12-04T13:04:11","slug":"hyundai-accent-2020","status":"publish","type":"product","link":"https:\/\/drivercarrental.ae\/fr\/product\/hyundai-accent-2020\/","title":{"rendered":"Hyundai Accent 2020"},"content":{"rendered":"<p>La Hyundai Accent 2020 est \u00e9quip\u00e9e d&#8217;un moteur puissant, dynamique et \u00e9conome en carburant : un moteur \u00e0 essence de 1,6 L et 1591 cm3 qui est assez puissant pour le v\u00e9hicule tout en \u00e9tant efficace en termes de consommation de carburant. Cela le rend adapt\u00e9 \u00e0 une utilisation urbaine o\u00f9 il est possible d&#8217;obtenir un m\u00e9lange optimal de puissance et d&#8217;efficacit\u00e9. La nouvelle transmission automatique vous garantit une conduite confortable, que ce soit pour aller au travail ou \u00e0 l&#8217;\u00e9cole, ou m\u00eame pour partir en week-end.<\/p>\n<p>Le mod\u00e8le Accent 2020 de Hyundai pr\u00e9sente d&#8217;autres caract\u00e9ristiques telles que des si\u00e8ges en cuir, des vitres \u00e9lectriques, une fonction Bluetooth, un lecteur FM\/CD pour rendre la conduite facile et confortable. Certaines fonctionnalit\u00e9s incluent des capteurs de stationnement, des phares antibrouillard pour am\u00e9liorer le confort, tandis que la Lancer dispose d&#8217;un int\u00e9rieur qui peut personnaliser confortablement l&#8217;espace pour 5 personnes et convient ainsi aux personnes en voyage solitaire ainsi qu&#8217;aux familles nombreuses.<\/p>\n<p>La s\u00e9curit\u00e9 avant tout La Hyundai Accent 2020 est s\u00e9curitaire \u00e0 conduire ou \u00e0 transporter gr\u00e2ce \u00e0 des \u00e9quipements comme les coussins gonflables ABS et SRS. Ces syst\u00e8mes de s\u00e9curit\u00e9 se compl\u00e8tent pour offrir la meilleure s\u00e9curit\u00e9 possible au conducteur et aux passagers, vous procurant ainsi la confiance n\u00e9cessaire sur la route. Que vous conduisiez dans une ville pimp\u00e9e ou sur l&#8217;autoroute, vous pouvez compter sur l&#8217;Accent pour vous prot\u00e9ger.<\/p>\n<h2>Pourquoi choisir Driver Car Rental Service \u00e0 Duba\u00ef ?<\/h2>\n<p>Driver Car Rental est tr\u00e8s optimiste quant \u00e0 son service de location de voitures \u00e0 Duba\u00ef en raison de ses relations clients remarquables et de ses prix modestes pour ses services. Cela signifie que quelle que soit la dur\u00e9e de votre location (jour, semaine ou mois), nous avons une solution pour r\u00e9pondre \u00e0 vos besoins.<\/p>\n<p>Nos voitures sont les plus r\u00e9centes et disposent de fonctionnalit\u00e9s suppl\u00e9mentaires pour le confort et la s\u00e9curit\u00e9 \u00e0 l&#8217;int\u00e9rieur afin de vous offrir la meilleure exp\u00e9rience possible. De plus, des tarifs raisonnables et flexibles, ainsi que nos services de relations clients exceptionnels, garantissent que votre location de voiture se d\u00e9roule aussi bien que possible.<\/p>\n<p>Visitez Contact Driver Car Rental maintenant et louez votre Accent 2020 maintenant pour le meilleur service de location de voiture \u00e0 Duba\u00ef et Sharjah.<\/p>\n<h2>FAQ<\/h2>\n<p><strong>1. Quels papiers sont n\u00e9cessaires \u00e0 fournir pour louer une voiture \u00e0 Duba\u00ef ?<\/strong><\/p>\n<p>Les documents indispensables pour les r\u00e9sidents des \u00c9mirats arabes unis sont une copie du passeport, une copie de la carte d&#8217;identit\u00e9 des \u00c9mirats et une copie du permis de conduire des \u00c9mirats. Les visiteurs \u00e9trangers doivent fournir une photocopie de leur passeport titulaire d&#8217;un visa de visite et une photocopie du permis de conduire international.<\/p>\n<p><strong>2. Quels sont les modes de paiement possibles et acceptables ?<\/strong><\/p>\n<p>Vous r\u00e9glerez votre location en esp\u00e8ces ou par carte de cr\u00e9dit. Un d\u00e9p\u00f4t de garantie est \u00e9galement exig\u00e9 et s&#8217;\u00e9l\u00e8ve \u00e0 1 500 AED par unit\u00e9.<\/p>\n<p><strong>3. Y a-t-il des frais suppl\u00e9mentaires li\u00e9s au p\u00e9age ?<\/strong><\/p>\n<p>Oui, les frais de Salik\/p\u00e9age s&#8217;\u00e9l\u00e8vent \u00e0 5 AED. Tous ces frais seront factur\u00e9s sur votre facture totale si vous louez la voiture.<\/p>\n","protected":false},"excerpt":{"rendered":"<p>La Hyundai Accent 2020 est \u00e9quip\u00e9e d&#8217;un moteur puissant, dynamique et \u00e9conome en carburant : un moteur \u00e0 essence de 1,6 L et 1591 cm3 qui est assez puissant pour le v\u00e9hicule tout en \u00e9tant efficace en termes de consommation de carburant. Cela le rend adapt\u00e9 \u00e0 une utilisation urbaine o\u00f9 il est possible d&#8217;obtenir [&hellip;]<\/p>\n","protected":false},"featured_media":12220,"template":"","meta":{"_acf_changed":false},"product_cat":[73],"product_tag":[],"acf":[],"yoast_head":"<!-- This site is optimized with the Yoast SEO plugin v23.7 - https:\/\/yoast.com\/wordpress\/plugins\/seo\/ -->\n<title>Hyundai Accent 2020: Sleek Design and Reliable Performance<\/title>\n<meta name=\"description\" content=\"Explore the Hyundai Accent 2020 model with its sleek design, reliable performance, advanced features, and enhanced comfort for an exceptional.\" \/>\n<meta name=\"robots\" content=\"noindex, nofollow\" \/>\n<meta property=\"og:locale\" content=\"en_US\" \/>\n<meta property=\"og:type\" content=\"article\" \/>\n<meta property=\"og:title\" content=\"Hyundai Accent 2020: Sleek Design and Reliable Performance\" \/>\n<meta property=\"og:description\" content=\"Explore the Hyundai Accent 2020 model with its sleek design, reliable performance, advanced features, and enhanced comfort for an exceptional.\" \/>\n<meta property=\"og:url\" content=\"https:\/\/drivercarrental.ae\/fr\/product\/hyundai-accent-2020\/\" \/>\n<meta property=\"og:site_name\" content=\"DCR\" \/>\n<meta property=\"article:publisher\" content=\"https:\/\/www.facebook.com\/DriverCarRentalUAE\" \/>\n<meta property=\"article:modified_time\" content=\"2024-12-04T13:04:11+00:00\" \/>\n<meta property=\"og:image\" content=\"https:\/\/drivercarrental.ae\/fr\/wp-content\/uploads\/2024\/06\/HYUNDAI-ACCENT-2020-Dubai.png\" \/>\n\t<meta property=\"og:image:width\" content=\"634\" \/>\n\t<meta property=\"og:image:height\" content=\"396\" \/>\n\t<meta property=\"og:image:type\" content=\"image\/png\" \/>\n<meta name=\"twitter:card\" content=\"summary_large_image\" \/>\n<meta name=\"twitter:label1\" content=\"Est. reading time\" \/>\n\t<meta name=\"twitter:data1\" content=\"3 minutes\" \/>\n<script type=\"application\/ld+json\" class=\"yoast-schema-graph\">{\"@context\":\"https:\/\/schema.org\",\"@graph\":[{\"@type\":\"WebPage\",\"@id\":\"https:\/\/drivercarrental.ae\/fr\/product\/hyundai-accent-2020\/\",\"url\":\"https:\/\/drivercarrental.ae\/fr\/product\/hyundai-accent-2020\/\",\"name\":\"Hyundai Accent 2020: Sleek Design and Reliable Performance\",\"isPartOf\":{\"@id\":\"https:\/\/drivercarrental.ae\/fr\/#website\"},\"primaryImageOfPage\":{\"@id\":\"https:\/\/drivercarrental.ae\/fr\/product\/hyundai-accent-2020\/#primaryimage\"},\"image\":{\"@id\":\"https:\/\/drivercarrental.ae\/fr\/product\/hyundai-accent-2020\/#primaryimage\"},\"thumbnailUrl\":\"https:\/\/drivercarrental.ae\/fr\/wp-content\/uploads\/2024\/06\/HYUNDAI-ACCENT-2020-Dubai.png\",\"datePublished\":\"2024-06-12T13:49:13+00:00\",\"dateModified\":\"2024-12-04T13:04:11+00:00\",\"description\":\"Explore the Hyundai Accent 2020 model with its sleek design, reliable performance, advanced features, and enhanced comfort for an exceptional.\",\"breadcrumb\":{\"@id\":\"https:\/\/drivercarrental.ae\/fr\/product\/hyundai-accent-2020\/#breadcrumb\"},\"inLanguage\":\"en-US\",\"potentialAction\":[{\"@type\":\"ReadAction\",\"target\":[\"https:\/\/drivercarrental.ae\/fr\/product\/hyundai-accent-2020\/\"]}]},{\"@type\":\"ImageObject\",\"inLanguage\":\"en-US\",\"@id\":\"https:\/\/drivercarrental.ae\/fr\/product\/hyundai-accent-2020\/#primaryimage\",\"url\":\"https:\/\/drivercarrental.ae\/fr\/wp-content\/uploads\/2024\/06\/HYUNDAI-ACCENT-2020-Dubai.png\",\"contentUrl\":\"https:\/\/drivercarrental.ae\/fr\/wp-content\/uploads\/2024\/06\/HYUNDAI-ACCENT-2020-Dubai.png\",\"width\":634,\"height\":396,\"caption\":\"HYUNDAI ACCENT 2020\"},{\"@type\":\"BreadcrumbList\",\"@id\":\"https:\/\/drivercarrental.ae\/fr\/product\/hyundai-accent-2020\/#breadcrumb\",\"itemListElement\":[{\"@type\":\"ListItem\",\"position\":1,\"name\":\"Home\",\"item\":\"https:\/\/drivercarrental.ae\/fr\/\"},{\"@type\":\"ListItem\",\"position\":2,\"name\":\"Store\",\"item\":\"https:\/\/drivercarrental.ae\/fr\/shop\/\"},{\"@type\":\"ListItem\",\"position\":3,\"name\":\"Hyundai Accent 2020\"}]},{\"@type\":\"WebSite\",\"@id\":\"https:\/\/drivercarrental.ae\/fr\/#website\",\"url\":\"https:\/\/drivercarrental.ae\/fr\/\",\"name\":\"Driver Car Rental Dubai\",\"description\":\"Driver Car Rental  Dubai\",\"publisher\":{\"@id\":\"https:\/\/drivercarrental.ae\/fr\/#organization\"},\"alternateName\":\"Cheapest Car Rental Dubai\",\"potentialAction\":[{\"@type\":\"SearchAction\",\"target\":{\"@type\":\"EntryPoint\",\"urlTemplate\":\"https:\/\/drivercarrental.ae\/fr\/?s={search_term_string}\"},\"query-input\":{\"@type\":\"PropertyValueSpecification\",\"valueRequired\":true,\"valueName\":\"search_term_string\"}}],\"inLanguage\":\"en-US\"},{\"@type\":\"Organization\",\"@id\":\"https:\/\/drivercarrental.ae\/fr\/#organization\",\"name\":\"Driver Car Rental Dubai\",\"alternateName\":\"Cheapest Car Rental Dubai\",\"url\":\"https:\/\/drivercarrental.ae\/fr\/\",\"logo\":{\"@type\":\"ImageObject\",\"inLanguage\":\"en-US\",\"@id\":\"https:\/\/drivercarrental.ae\/fr\/#\/schema\/logo\/image\/\",\"url\":\"https:\/\/drivercarrental.ae\/fr\/wp-content\/uploads\/2024\/07\/5001-1oo09iuh.png\",\"contentUrl\":\"https:\/\/drivercarrental.ae\/fr\/wp-content\/uploads\/2024\/07\/5001-1oo09iuh.png\",\"width\":500,\"height\":500,\"caption\":\"Driver Car Rental Dubai\"},\"image\":{\"@id\":\"https:\/\/drivercarrental.ae\/fr\/#\/schema\/logo\/image\/\"},\"sameAs\":[\"https:\/\/www.facebook.com\/DriverCarRentalUAE\"]}]}<\/script>\n<!-- \/ Yoast SEO plugin. -->","yoast_head_json":{"title":"Hyundai Accent 2020: Sleek Design and Reliable Performance","description":"Explore the Hyundai Accent 2020 model with its sleek design, reliable performance, advanced features, and enhanced comfort for an exceptional.","robots":{"index":"noindex","follow":"nofollow"},"og_locale":"en_US","og_type":"article","og_title":"Hyundai Accent 2020: Sleek Design and Reliable Performance","og_description":"Explore the Hyundai Accent 2020 model with its sleek design, reliable performance, advanced features, and enhanced comfort for an exceptional.","og_url":"https:\/\/drivercarrental.ae\/fr\/product\/hyundai-accent-2020\/","og_site_name":"DCR","article_publisher":"https:\/\/www.facebook.com\/DriverCarRentalUAE","article_modified_time":"2024-12-04T13:04:11+00:00","og_image":[{"width":634,"height":396,"url":"https:\/\/drivercarrental.ae\/fr\/wp-content\/uploads\/2024\/06\/HYUNDAI-ACCENT-2020-Dubai.png","type":"image\/png"}],"twitter_card":"summary_large_image","twitter_misc":{"Est. reading time":"3 minutes"},"schema":{"@context":"https:\/\/schema.org","@graph":[{"@type":"WebPage","@id":"https:\/\/drivercarrental.ae\/fr\/product\/hyundai-accent-2020\/","url":"https:\/\/drivercarrental.ae\/fr\/product\/hyundai-accent-2020\/","name":"Hyundai Accent 2020: Sleek Design and Reliable Performance","isPartOf":{"@id":"https:\/\/drivercarrental.ae\/fr\/#website"},"primaryImageOfPage":{"@id":"https:\/\/drivercarrental.ae\/fr\/product\/hyundai-accent-2020\/#primaryimage"},"image":{"@id":"https:\/\/drivercarrental.ae\/fr\/product\/hyundai-accent-2020\/#primaryimage"},"thumbnailUrl":"https:\/\/drivercarrental.ae\/fr\/wp-content\/uploads\/2024\/06\/HYUNDAI-ACCENT-2020-Dubai.png","datePublished":"2024-06-12T13:49:13+00:00","dateModified":"2024-12-04T13:04:11+00:00","description":"Explore the Hyundai Accent 2020 model with its sleek design, reliable performance, advanced features, and enhanced comfort for an exceptional.","breadcrumb":{"@id":"https:\/\/drivercarrental.ae\/fr\/product\/hyundai-accent-2020\/#breadcrumb"},"inLanguage":"en-US","potentialAction":[{"@type":"ReadAction","target":["https:\/\/drivercarrental.ae\/fr\/product\/hyundai-accent-2020\/"]}]},{"@type":"ImageObject","inLanguage":"en-US","@id":"https:\/\/drivercarrental.ae\/fr\/product\/hyundai-accent-2020\/#primaryimage","url":"https:\/\/drivercarrental.ae\/fr\/wp-content\/uploads\/2024\/06\/HYUNDAI-ACCENT-2020-Dubai.png","contentUrl":"https:\/\/drivercarrental.ae\/fr\/wp-content\/uploads\/2024\/06\/HYUNDAI-ACCENT-2020-Dubai.png","width":634,"height":396,"caption":"HYUNDAI ACCENT 2020"},{"@type":"BreadcrumbList","@id":"https:\/\/drivercarrental.ae\/fr\/product\/hyundai-accent-2020\/#breadcrumb","itemListElement":[{"@type":"ListItem","position":1,"name":"Home","item":"https:\/\/drivercarrental.ae\/fr\/"},{"@type":"ListItem","position":2,"name":"Store","item":"https:\/\/drivercarrental.ae\/fr\/shop\/"},{"@type":"ListItem","position":3,"name":"Hyundai Accent 2020"}]},{"@type":"WebSite","@id":"https:\/\/drivercarrental.ae\/fr\/#website","url":"https:\/\/drivercarrental.ae\/fr\/","name":"Driver Car Rental Dubai","description":"Driver Car Rental  Dubai","publisher":{"@id":"https:\/\/drivercarrental.ae\/fr\/#organization"},"alternateName":"Cheapest Car Rental Dubai","potentialAction":[{"@type":"SearchAction","target":{"@type":"EntryPoint","urlTemplate":"https:\/\/drivercarrental.ae\/fr\/?s={search_term_string}"},"query-input":{"@type":"PropertyValueSpecification","valueRequired":true,"valueName":"search_term_string"}}],"inLanguage":"en-US"},{"@type":"Organization","@id":"https:\/\/drivercarrental.ae\/fr\/#organization","name":"Driver Car Rental Dubai","alternateName":"Cheapest Car Rental Dubai","url":"https:\/\/drivercarrental.ae\/fr\/","logo":{"@type":"ImageObject","inLanguage":"en-US","@id":"https:\/\/drivercarrental.ae\/fr\/#\/schema\/logo\/image\/","url":"https:\/\/drivercarrental.ae\/fr\/wp-content\/uploads\/2024\/07\/5001-1oo09iuh.png","contentUrl":"https:\/\/drivercarrental.ae\/fr\/wp-content\/uploads\/2024\/07\/5001-1oo09iuh.png","width":500,"height":500,"caption":"Driver Car Rental Dubai"},"image":{"@id":"https:\/\/drivercarrental.ae\/fr\/#\/schema\/logo\/image\/"},"sameAs":["https:\/\/www.facebook.com\/DriverCarRentalUAE"]}]}},"_links":{"self":[{"href":"https:\/\/drivercarrental.ae\/fr\/wp-json\/wp\/v2\/product\/11446"}],"collection":[{"href":"https:\/\/drivercarrental.ae\/fr\/wp-json\/wp\/v2\/product"}],"about":[{"href":"https:\/\/drivercarrental.ae\/fr\/wp-json\/wp\/v2\/types\/product"}],"wp:featuredmedia":[{"embeddable":true,"href":"https:\/\/drivercarrental.ae\/fr\/wp-json\/wp\/v2\/media\/12220"}],"wp:attachment":[{"href":"https:\/\/drivercarrental.ae\/fr\/wp-json\/wp\/v2\/media?parent=11446"}],"wp:term":[{"taxonomy":"product_cat","embeddable":true,"href":"https:\/\/drivercarrental.ae\/fr\/wp-json\/wp\/v2\/product_cat?post=11446"},{"taxonomy":"product_tag","embeddable":true,"href":"https:\/\/drivercarrental.ae\/fr\/wp-json\/wp\/v2\/product_tag?post=11446"}],"curies":[{"name":"wp","href":"https:\/\/api.w.org\/{rel}","templated":true}]}}