{"id":11478,"date":"2024-06-12T21:41:00","date_gmt":"2024-06-12T17:41:00","guid":{"rendered":"https:\/\/drivercarrental.ae\/fr\/?post_type=product&#038;p=11478"},"modified":"2024-12-04T17:03:49","modified_gmt":"2024-12-04T13:03:49","slug":"chevrolet-malibu-2020","status":"publish","type":"product","link":"https:\/\/drivercarrental.ae\/fr\/product\/chevrolet-malibu-2020\/","title":{"rendered":"CHEVROLET\u00a0MALIBU 2020"},"content":{"rendered":"<p><span class=\"\">D\u00e9couvrez la classe et la puissance de la Chevrolet Malibu 2020 d&#8217;une mani\u00e8re \u00e0 la fois gracieuse et solide. C&#8217;est une berline \u00e9l\u00e9gante qui vous permettra de profiter d&#8217;une conduite confortable et fluide, que vous conduisiez pour affaires ou pour le plaisir \u00e0 Duba\u00ef.<\/span><\/p>\n<p>B\u00e9n\u00e9ficiez de l&#8217;exp\u00e9rience d&#8217;une voiture haut de gamme en achetant la Malibu 2020 \u00e0 moteur en cuir pouvant accueillir jusqu&#8217;\u00e0 cinq personnes. Les commodit\u00e9s du v\u00e9hicule comprennent : vitres \u00e9lectriques, Bluetooth, lecteur FM\/CD et fonction de stationnement en marche arri\u00e8re. Les caract\u00e9ristiques de s\u00e9curit\u00e9 de production comprennent l&#8217;ABS, les airbags SRS et les phares antibrouillard qui garantissent la s\u00e9curit\u00e9 et le confort pendant la conduite.<\/p>\n<p>Performance et efficacit\u00e9 : Avec la Chevrolet Malibu 2020, le moteur utilis\u00e9 est un moteur \u00e0 essence de 1,5 L, 1490 cc qui fournit une transmission automatique offrant une conduite efficace et confortable. La voiture a une conception de moteur moderne, ce qui rend ce mod\u00e8le \u00e9conome en carburant et en fait une voiture agr\u00e9able et efficace \u00e0 conduire.<\/p>\n<h2>Pourquoi choisir Driver Car Rental ?<\/h2>\n<p>Chez Driver Car Rental, nous disposons de voitures bien entretenues, \u00e0 des prix raisonnables et nous nous assurons que nos clients sont bien pris en charge. Nous nous fixons comme objectif la satisfaction de nos clients afin d&#8217;\u00eatre votre premier choix en mati\u00e8re de service de location de voitures \u00e0 Duba\u00ef.<\/p>\n<p><strong>Tarifs de location<\/strong><\/p>\n<ul>\n<li>Quotidien : 110 AED<\/li>\n<li>Hebdomadaire : 650 AED<\/li>\n<li>Mensuel : 2100 AED<\/li>\n<\/ul>\n<p>Des d\u00e9p\u00f4ts de garantie d&#8217;un montant de 1 500 AED sont \u00e9galement exig\u00e9s. Le paiement peut \u00eatre effectu\u00e9 en esp\u00e8ces ou par carte de cr\u00e9dit.<\/p>\n<h2>FAQ<\/h2>\n<p><strong>1. \u00c0 quel type d\u2019exp\u00e9rience de conduite puis-je m\u2019attendre avec la Chevrolet Malibu 2020\u00a0?<\/strong><\/p>\n<p>Cette Chevrolet offre une conduite confortable et douce car elle est propuls\u00e9e par un moteur efficace avec une maniabilit\u00e9 \u00e9poustouflante sur les routes urbaines et interurbaines.<\/p>\n<p><strong>2. La Chevrolet Malibu 2020 est-elle \u00e9quip\u00e9e des derni\u00e8res fonctionnalit\u00e9s de s\u00e9curit\u00e9 ?<\/strong><\/p>\n<p>Oui, il dispose d&#8217;une s\u00e9curit\u00e9 de base telle qu&#8217;un syst\u00e8me de freinage antiblocage (ABS), un syst\u00e8me de retenue suppl\u00e9mentaire (SRS), des airbags et il dispose \u00e9galement de feux antibrouillard.<\/p>\n<p><strong>3. Existe-t-il des services suppl\u00e9mentaires ou optionnels tels que la SCDW ou un si\u00e8ge b\u00e9b\u00e9 que je peux inclure dans ma location ?<\/strong><\/p>\n<p>Oui, des options suppl\u00e9mentaires comme le SCDW et un si\u00e8ge b\u00e9b\u00e9 peuvent \u00eatre command\u00e9es au moment de la r\u00e9servation de la voiture ou ult\u00e9rieurement sur demande.<\/p>\n","protected":false},"excerpt":{"rendered":"<p>D\u00e9couvrez la classe et la puissance de la Chevrolet Malibu 2020 d&#8217;une mani\u00e8re \u00e0 la fois gracieuse et solide. C&#8217;est une berline \u00e9l\u00e9gante qui vous permettra de profiter d&#8217;une conduite confortable et fluide, que vous conduisiez pour affaires ou pour le plaisir \u00e0 Duba\u00ef. B\u00e9n\u00e9ficiez de l&#8217;exp\u00e9rience d&#8217;une voiture haut de gamme en achetant la [&hellip;]<\/p>\n","protected":false},"featured_media":12219,"template":"","meta":{"_acf_changed":false},"product_cat":[73],"product_tag":[],"acf":[],"yoast_head":"<!-- This site is optimized with the Yoast SEO plugin v23.7 - https:\/\/yoast.com\/wordpress\/plugins\/seo\/ -->\n<title>Explore the Chevrolet Malibu 2020 for the rent<\/title>\n<meta name=\"description\" content=\"Discover the Chevrolet Malibu 2020, a blend of elegance and efficiency. Dive into its sleek design, spacious interiors, and advanced features.\" \/>\n<meta name=\"robots\" content=\"noindex, nofollow\" \/>\n<meta property=\"og:locale\" content=\"en_US\" \/>\n<meta property=\"og:type\" content=\"article\" \/>\n<meta property=\"og:title\" content=\"Explore the Chevrolet Malibu 2020 for the rent\" \/>\n<meta property=\"og:description\" content=\"Discover the Chevrolet Malibu 2020, a blend of elegance and efficiency. Dive into its sleek design, spacious interiors, and advanced features.\" \/>\n<meta property=\"og:url\" content=\"https:\/\/drivercarrental.ae\/fr\/product\/chevrolet-malibu-2020\/\" \/>\n<meta property=\"og:site_name\" content=\"DCR\" \/>\n<meta property=\"article:publisher\" content=\"https:\/\/www.facebook.com\/DriverCarRentalUAE\" \/>\n<meta property=\"article:modified_time\" content=\"2024-12-04T13:03:49+00:00\" \/>\n<meta property=\"og:image\" content=\"https:\/\/drivercarrental.ae\/fr\/wp-content\/uploads\/2024\/06\/CHEVROLET-MALIBU-2020-Dubai.png\" \/>\n\t<meta property=\"og:image:width\" content=\"634\" \/>\n\t<meta property=\"og:image:height\" content=\"396\" \/>\n\t<meta property=\"og:image:type\" content=\"image\/png\" \/>\n<meta name=\"twitter:card\" content=\"summary_large_image\" \/>\n<meta name=\"twitter:label1\" content=\"Est. reading time\" \/>\n\t<meta name=\"twitter:data1\" content=\"2 minutes\" \/>\n<script type=\"application\/ld+json\" class=\"yoast-schema-graph\">{\"@context\":\"https:\/\/schema.org\",\"@graph\":[{\"@type\":\"WebPage\",\"@id\":\"https:\/\/drivercarrental.ae\/fr\/product\/chevrolet-malibu-2020\/\",\"url\":\"https:\/\/drivercarrental.ae\/fr\/product\/chevrolet-malibu-2020\/\",\"name\":\"Explore the Chevrolet Malibu 2020 for the rent\",\"isPartOf\":{\"@id\":\"https:\/\/drivercarrental.ae\/fr\/#website\"},\"primaryImageOfPage\":{\"@id\":\"https:\/\/drivercarrental.ae\/fr\/product\/chevrolet-malibu-2020\/#primaryimage\"},\"image\":{\"@id\":\"https:\/\/drivercarrental.ae\/fr\/product\/chevrolet-malibu-2020\/#primaryimage\"},\"thumbnailUrl\":\"https:\/\/drivercarrental.ae\/fr\/wp-content\/uploads\/2024\/06\/CHEVROLET-MALIBU-2020-Dubai.png\",\"datePublished\":\"2024-06-12T17:41:00+00:00\",\"dateModified\":\"2024-12-04T13:03:49+00:00\",\"description\":\"Discover the Chevrolet Malibu 2020, a blend of elegance and efficiency. Dive into its sleek design, spacious interiors, and advanced features.\",\"breadcrumb\":{\"@id\":\"https:\/\/drivercarrental.ae\/fr\/product\/chevrolet-malibu-2020\/#breadcrumb\"},\"inLanguage\":\"en-US\",\"potentialAction\":[{\"@type\":\"ReadAction\",\"target\":[\"https:\/\/drivercarrental.ae\/fr\/product\/chevrolet-malibu-2020\/\"]}]},{\"@type\":\"ImageObject\",\"inLanguage\":\"en-US\",\"@id\":\"https:\/\/drivercarrental.ae\/fr\/product\/chevrolet-malibu-2020\/#primaryimage\",\"url\":\"https:\/\/drivercarrental.ae\/fr\/wp-content\/uploads\/2024\/06\/CHEVROLET-MALIBU-2020-Dubai.png\",\"contentUrl\":\"https:\/\/drivercarrental.ae\/fr\/wp-content\/uploads\/2024\/06\/CHEVROLET-MALIBU-2020-Dubai.png\",\"width\":634,\"height\":396,\"caption\":\"CHEVROLET MALIBU 2020\"},{\"@type\":\"BreadcrumbList\",\"@id\":\"https:\/\/drivercarrental.ae\/fr\/product\/chevrolet-malibu-2020\/#breadcrumb\",\"itemListElement\":[{\"@type\":\"ListItem\",\"position\":1,\"name\":\"Home\",\"item\":\"https:\/\/drivercarrental.ae\/fr\/\"},{\"@type\":\"ListItem\",\"position\":2,\"name\":\"Store\",\"item\":\"https:\/\/drivercarrental.ae\/fr\/shop\/\"},{\"@type\":\"ListItem\",\"position\":3,\"name\":\"CHEVROLET\u00a0MALIBU 2020\"}]},{\"@type\":\"WebSite\",\"@id\":\"https:\/\/drivercarrental.ae\/fr\/#website\",\"url\":\"https:\/\/drivercarrental.ae\/fr\/\",\"name\":\"Driver Car Rental Dubai\",\"description\":\"Driver Car Rental  Dubai\",\"publisher\":{\"@id\":\"https:\/\/drivercarrental.ae\/fr\/#organization\"},\"alternateName\":\"Cheapest Car Rental Dubai\",\"potentialAction\":[{\"@type\":\"SearchAction\",\"target\":{\"@type\":\"EntryPoint\",\"urlTemplate\":\"https:\/\/drivercarrental.ae\/fr\/?s={search_term_string}\"},\"query-input\":{\"@type\":\"PropertyValueSpecification\",\"valueRequired\":true,\"valueName\":\"search_term_string\"}}],\"inLanguage\":\"en-US\"},{\"@type\":\"Organization\",\"@id\":\"https:\/\/drivercarrental.ae\/fr\/#organization\",\"name\":\"Driver Car Rental Dubai\",\"alternateName\":\"Cheapest Car Rental Dubai\",\"url\":\"https:\/\/drivercarrental.ae\/fr\/\",\"logo\":{\"@type\":\"ImageObject\",\"inLanguage\":\"en-US\",\"@id\":\"https:\/\/drivercarrental.ae\/fr\/#\/schema\/logo\/image\/\",\"url\":\"https:\/\/drivercarrental.ae\/fr\/wp-content\/uploads\/2024\/07\/5001-1oo09iuh.png\",\"contentUrl\":\"https:\/\/drivercarrental.ae\/fr\/wp-content\/uploads\/2024\/07\/5001-1oo09iuh.png\",\"width\":500,\"height\":500,\"caption\":\"Driver Car Rental Dubai\"},\"image\":{\"@id\":\"https:\/\/drivercarrental.ae\/fr\/#\/schema\/logo\/image\/\"},\"sameAs\":[\"https:\/\/www.facebook.com\/DriverCarRentalUAE\"]}]}<\/script>\n<!-- \/ Yoast SEO plugin. -->","yoast_head_json":{"title":"Explore the Chevrolet Malibu 2020 for the rent","description":"Discover the Chevrolet Malibu 2020, a blend of elegance and efficiency. Dive into its sleek design, spacious interiors, and advanced features.","robots":{"index":"noindex","follow":"nofollow"},"og_locale":"en_US","og_type":"article","og_title":"Explore the Chevrolet Malibu 2020 for the rent","og_description":"Discover the Chevrolet Malibu 2020, a blend of elegance and efficiency. Dive into its sleek design, spacious interiors, and advanced features.","og_url":"https:\/\/drivercarrental.ae\/fr\/product\/chevrolet-malibu-2020\/","og_site_name":"DCR","article_publisher":"https:\/\/www.facebook.com\/DriverCarRentalUAE","article_modified_time":"2024-12-04T13:03:49+00:00","og_image":[{"width":634,"height":396,"url":"https:\/\/drivercarrental.ae\/fr\/wp-content\/uploads\/2024\/06\/CHEVROLET-MALIBU-2020-Dubai.png","type":"image\/png"}],"twitter_card":"summary_large_image","twitter_misc":{"Est. reading time":"2 minutes"},"schema":{"@context":"https:\/\/schema.org","@graph":[{"@type":"WebPage","@id":"https:\/\/drivercarrental.ae\/fr\/product\/chevrolet-malibu-2020\/","url":"https:\/\/drivercarrental.ae\/fr\/product\/chevrolet-malibu-2020\/","name":"Explore the Chevrolet Malibu 2020 for the rent","isPartOf":{"@id":"https:\/\/drivercarrental.ae\/fr\/#website"},"primaryImageOfPage":{"@id":"https:\/\/drivercarrental.ae\/fr\/product\/chevrolet-malibu-2020\/#primaryimage"},"image":{"@id":"https:\/\/drivercarrental.ae\/fr\/product\/chevrolet-malibu-2020\/#primaryimage"},"thumbnailUrl":"https:\/\/drivercarrental.ae\/fr\/wp-content\/uploads\/2024\/06\/CHEVROLET-MALIBU-2020-Dubai.png","datePublished":"2024-06-12T17:41:00+00:00","dateModified":"2024-12-04T13:03:49+00:00","description":"Discover the Chevrolet Malibu 2020, a blend of elegance and efficiency. Dive into its sleek design, spacious interiors, and advanced features.","breadcrumb":{"@id":"https:\/\/drivercarrental.ae\/fr\/product\/chevrolet-malibu-2020\/#breadcrumb"},"inLanguage":"en-US","potentialAction":[{"@type":"ReadAction","target":["https:\/\/drivercarrental.ae\/fr\/product\/chevrolet-malibu-2020\/"]}]},{"@type":"ImageObject","inLanguage":"en-US","@id":"https:\/\/drivercarrental.ae\/fr\/product\/chevrolet-malibu-2020\/#primaryimage","url":"https:\/\/drivercarrental.ae\/fr\/wp-content\/uploads\/2024\/06\/CHEVROLET-MALIBU-2020-Dubai.png","contentUrl":"https:\/\/drivercarrental.ae\/fr\/wp-content\/uploads\/2024\/06\/CHEVROLET-MALIBU-2020-Dubai.png","width":634,"height":396,"caption":"CHEVROLET MALIBU 2020"},{"@type":"BreadcrumbList","@id":"https:\/\/drivercarrental.ae\/fr\/product\/chevrolet-malibu-2020\/#breadcrumb","itemListElement":[{"@type":"ListItem","position":1,"name":"Home","item":"https:\/\/drivercarrental.ae\/fr\/"},{"@type":"ListItem","position":2,"name":"Store","item":"https:\/\/drivercarrental.ae\/fr\/shop\/"},{"@type":"ListItem","position":3,"name":"CHEVROLET\u00a0MALIBU 2020"}]},{"@type":"WebSite","@id":"https:\/\/drivercarrental.ae\/fr\/#website","url":"https:\/\/drivercarrental.ae\/fr\/","name":"Driver Car Rental Dubai","description":"Driver Car Rental  Dubai","publisher":{"@id":"https:\/\/drivercarrental.ae\/fr\/#organization"},"alternateName":"Cheapest Car Rental Dubai","potentialAction":[{"@type":"SearchAction","target":{"@type":"EntryPoint","urlTemplate":"https:\/\/drivercarrental.ae\/fr\/?s={search_term_string}"},"query-input":{"@type":"PropertyValueSpecification","valueRequired":true,"valueName":"search_term_string"}}],"inLanguage":"en-US"},{"@type":"Organization","@id":"https:\/\/drivercarrental.ae\/fr\/#organization","name":"Driver Car Rental Dubai","alternateName":"Cheapest Car Rental Dubai","url":"https:\/\/drivercarrental.ae\/fr\/","logo":{"@type":"ImageObject","inLanguage":"en-US","@id":"https:\/\/drivercarrental.ae\/fr\/#\/schema\/logo\/image\/","url":"https:\/\/drivercarrental.ae\/fr\/wp-content\/uploads\/2024\/07\/5001-1oo09iuh.png","contentUrl":"https:\/\/drivercarrental.ae\/fr\/wp-content\/uploads\/2024\/07\/5001-1oo09iuh.png","width":500,"height":500,"caption":"Driver Car Rental Dubai"},"image":{"@id":"https:\/\/drivercarrental.ae\/fr\/#\/schema\/logo\/image\/"},"sameAs":["https:\/\/www.facebook.com\/DriverCarRentalUAE"]}]}},"_links":{"self":[{"href":"https:\/\/drivercarrental.ae\/fr\/wp-json\/wp\/v2\/product\/11478"}],"collection":[{"href":"https:\/\/drivercarrental.ae\/fr\/wp-json\/wp\/v2\/product"}],"about":[{"href":"https:\/\/drivercarrental.ae\/fr\/wp-json\/wp\/v2\/types\/product"}],"wp:featuredmedia":[{"embeddable":true,"href":"https:\/\/drivercarrental.ae\/fr\/wp-json\/wp\/v2\/media\/12219"}],"wp:attachment":[{"href":"https:\/\/drivercarrental.ae\/fr\/wp-json\/wp\/v2\/media?parent=11478"}],"wp:term":[{"taxonomy":"product_cat","embeddable":true,"href":"https:\/\/drivercarrental.ae\/fr\/wp-json\/wp\/v2\/product_cat?post=11478"},{"taxonomy":"product_tag","embeddable":true,"href":"https:\/\/drivercarrental.ae\/fr\/wp-json\/wp\/v2\/product_tag?post=11478"}],"curies":[{"name":"wp","href":"https:\/\/api.w.org\/{rel}","templated":true}]}}