{"id":11480,"date":"2024-06-12T21:53:44","date_gmt":"2024-06-12T17:53:44","guid":{"rendered":"https:\/\/drivercarrental.ae\/fr\/?post_type=product&#038;p=11480"},"modified":"2024-12-04T17:03:24","modified_gmt":"2024-12-04T13:03:24","slug":"jac-s3-2023","status":"publish","type":"product","link":"https:\/\/drivercarrental.ae\/fr\/product\/jac-s3-2023\/","title":{"rendered":"JAC\u00a0S3 2023"},"content":{"rendered":"<p>D\u00e9couvrez le JAC S3 2023, un fantastique mod\u00e8le de SUV compact qui allie parfaitement confort, efficacit\u00e9 et commodit\u00e9. Bien adapt\u00e9 \u00e0 la conduite dans les rues encombr\u00e9es de Duba\u00ef et aux voyages de week-end, ce v\u00e9hicule est tr\u00e8s abordable aussi bien pour une location de voiture \u00e0 la journ\u00e9e qu&#8217;\u00e0 la semaine.<\/p>\n<p>Performances et efficacit\u00e9 : Pour garantir des performances optimales, ce mod\u00e8le de JAC S3 est \u00e9quip\u00e9 d&#8217;un moteur \u00e0 essence de 1,6 L et 1 590 cm3 avec un syst\u00e8me de transmission automatique efficace qui conf\u00e8re \u00e0 la voiture un immense confort de conduite. Il est construit \u00e0 partir de mat\u00e9riaux tr\u00e8s r\u00e9sistants, ce qui le rend tr\u00e8s fiable en mati\u00e8re de maniabilit\u00e9, aussi bien en ville que sur de longs trajets.<\/p>\n<p>L&#8217;int\u00e9rieur du JAC S3 est dot\u00e9 de si\u00e8ges en cuir et offre suffisamment d&#8217;espace pour une famille de cinq personnes. Ils ont \u00e9galement divis\u00e9 les caract\u00e9ristiques du v\u00e9hicule en finitions int\u00e9rieures et ext\u00e9rieures ; les finitions int\u00e9rieures comprennent ; les vitres \u00e9lectriques, le Bluetooth, le lecteur FM et CD et les capteurs de stationnement. Il y a des disques avec ABS, des airbags SRS et, bien s\u00fbr, des phares antibrouillard qui garantissent une conduite s\u00fbre et confortable.<\/p>\n<h2>Pourquoi choisir Driver Car Rental ?<\/h2>\n<p>Driver Car Rental a pour objectif de proposer les meilleurs v\u00e9hicules et des services exceptionnels \u00e0 des prix abordables pour la location de voitures \u00e0 Duba\u00ef. Nous disposons d&#8217;une vaste flotte de v\u00e9hicules \u00e0 louer et de solutions de location personnalisables qui rendront votre exp\u00e9rience de location sans stress.<\/p>\n<p>Il existe des services suppl\u00e9mentaires comme le SCDW \u00e0 300 AED et la disponibilit\u00e9 d&#8217;un si\u00e8ge b\u00e9b\u00e9 \u00e0 150 AED par mois.<\/p>\n<h2>FAQ<\/h2>\n<p><strong>1. Quelle est la consommation de carburant du JAC S3 ?<\/strong><\/p>\n<p>Cette voiture est tr\u00e8s efficace et peut vous rapporter un rendement \u00e9nerg\u00e9tique tr\u00e8s \u00e9lev\u00e9 pendant la p\u00e9riode de location de voiture, vous ne d\u00e9penserez donc pas beaucoup en carburant.<\/p>\n<p><strong>2. Ce mod\u00e8le JAC S3 2023 est-il disponible \u00e0 la location pour une longue p\u00e9riode ?<\/strong><\/p>\n<p>Oui, il est important de pr\u00e9ciser que le JAC S3 est disponible \u00e0 court terme ainsi qu&#8217;\u00e0 long terme, que ce soit sur une base quotidienne, hebdomadaire ou m\u00eame mensuelle.<\/p>\n<p><strong>3. Un syst\u00e8me de navigation GPS est-il install\u00e9 dans le JAC S3 2023 ?<\/strong><\/p>\n<p>Malheureusement, il n&#8217;y a pas de GPS int\u00e9gr\u00e9 \u00e0 cette flotte mais vous pouvez utiliser le GPS de votre smartphone connect\u00e9 via Bluetooth.<\/p>\n<p><strong>4. Que se passe-t-il si je d\u00e9passe cette limite de kilom\u00e8tres ?<\/strong><\/p>\n<p>Les kilom\u00e8tres suppl\u00e9mentaires sont factur\u00e9s 0,50 AED par km. N&#8217;oubliez pas de v\u00e9rifier aupr\u00e8s de notre \u00e9quipe vos projets de voyage pour \u00e9viter des frais suppl\u00e9mentaires.<\/p>\n","protected":false},"excerpt":{"rendered":"<p>D\u00e9couvrez le JAC S3 2023, un fantastique mod\u00e8le de SUV compact qui allie parfaitement confort, efficacit\u00e9 et commodit\u00e9. Bien adapt\u00e9 \u00e0 la conduite dans les rues encombr\u00e9es de Duba\u00ef et aux voyages de week-end, ce v\u00e9hicule est tr\u00e8s abordable aussi bien pour une location de voiture \u00e0 la journ\u00e9e qu&#8217;\u00e0 la semaine. Performances et efficacit\u00e9 [&hellip;]<\/p>\n","protected":false},"featured_media":12218,"template":"","meta":{"_acf_changed":false},"product_cat":[73],"product_tag":[],"acf":[],"yoast_head":"<!-- This site is optimized with the Yoast SEO plugin v23.7 - https:\/\/yoast.com\/wordpress\/plugins\/seo\/ -->\n<title>Exceptional JAC S3 2023 for rent, Compact and agile.<\/title>\n<meta name=\"description\" content=\"Discover the JAC S3 2023, a compact SUV offering advanced features, stylish design, and remarkable fuel efficiency for modern drivers.\" \/>\n<meta name=\"robots\" content=\"noindex, nofollow\" \/>\n<meta property=\"og:locale\" content=\"en_US\" \/>\n<meta property=\"og:type\" content=\"article\" \/>\n<meta property=\"og:title\" content=\"Exceptional JAC S3 2023 for rent, Compact and agile.\" \/>\n<meta property=\"og:description\" content=\"Discover the JAC S3 2023, a compact SUV offering advanced features, stylish design, and remarkable fuel efficiency for modern drivers.\" \/>\n<meta property=\"og:url\" content=\"https:\/\/drivercarrental.ae\/fr\/product\/jac-s3-2023\/\" \/>\n<meta property=\"og:site_name\" content=\"DCR\" \/>\n<meta property=\"article:publisher\" content=\"https:\/\/www.facebook.com\/DriverCarRentalUAE\" \/>\n<meta property=\"article:modified_time\" content=\"2024-12-04T13:03:24+00:00\" \/>\n<meta property=\"og:image\" content=\"https:\/\/drivercarrental.ae\/fr\/wp-content\/uploads\/2024\/06\/JAC-S3-2023-Dubai.png\" \/>\n\t<meta property=\"og:image:width\" content=\"634\" \/>\n\t<meta property=\"og:image:height\" content=\"396\" \/>\n\t<meta property=\"og:image:type\" content=\"image\/png\" \/>\n<meta name=\"twitter:card\" content=\"summary_large_image\" \/>\n<meta name=\"twitter:label1\" content=\"Est. reading time\" \/>\n\t<meta name=\"twitter:data1\" content=\"3 minutes\" \/>\n<script type=\"application\/ld+json\" class=\"yoast-schema-graph\">{\"@context\":\"https:\/\/schema.org\",\"@graph\":[{\"@type\":\"WebPage\",\"@id\":\"https:\/\/drivercarrental.ae\/fr\/product\/jac-s3-2023\/\",\"url\":\"https:\/\/drivercarrental.ae\/fr\/product\/jac-s3-2023\/\",\"name\":\"Exceptional JAC S3 2023 for rent, Compact and agile.\",\"isPartOf\":{\"@id\":\"https:\/\/drivercarrental.ae\/fr\/#website\"},\"primaryImageOfPage\":{\"@id\":\"https:\/\/drivercarrental.ae\/fr\/product\/jac-s3-2023\/#primaryimage\"},\"image\":{\"@id\":\"https:\/\/drivercarrental.ae\/fr\/product\/jac-s3-2023\/#primaryimage\"},\"thumbnailUrl\":\"https:\/\/drivercarrental.ae\/fr\/wp-content\/uploads\/2024\/06\/JAC-S3-2023-Dubai.png\",\"datePublished\":\"2024-06-12T17:53:44+00:00\",\"dateModified\":\"2024-12-04T13:03:24+00:00\",\"description\":\"Discover the JAC S3 2023, a compact SUV offering advanced features, stylish design, and remarkable fuel efficiency for modern drivers.\",\"breadcrumb\":{\"@id\":\"https:\/\/drivercarrental.ae\/fr\/product\/jac-s3-2023\/#breadcrumb\"},\"inLanguage\":\"en-US\",\"potentialAction\":[{\"@type\":\"ReadAction\",\"target\":[\"https:\/\/drivercarrental.ae\/fr\/product\/jac-s3-2023\/\"]}]},{\"@type\":\"ImageObject\",\"inLanguage\":\"en-US\",\"@id\":\"https:\/\/drivercarrental.ae\/fr\/product\/jac-s3-2023\/#primaryimage\",\"url\":\"https:\/\/drivercarrental.ae\/fr\/wp-content\/uploads\/2024\/06\/JAC-S3-2023-Dubai.png\",\"contentUrl\":\"https:\/\/drivercarrental.ae\/fr\/wp-content\/uploads\/2024\/06\/JAC-S3-2023-Dubai.png\",\"width\":634,\"height\":396,\"caption\":\"JAC S3 2023\"},{\"@type\":\"BreadcrumbList\",\"@id\":\"https:\/\/drivercarrental.ae\/fr\/product\/jac-s3-2023\/#breadcrumb\",\"itemListElement\":[{\"@type\":\"ListItem\",\"position\":1,\"name\":\"Home\",\"item\":\"https:\/\/drivercarrental.ae\/fr\/\"},{\"@type\":\"ListItem\",\"position\":2,\"name\":\"Store\",\"item\":\"https:\/\/drivercarrental.ae\/fr\/shop\/\"},{\"@type\":\"ListItem\",\"position\":3,\"name\":\"JAC\u00a0S3 2023\"}]},{\"@type\":\"WebSite\",\"@id\":\"https:\/\/drivercarrental.ae\/fr\/#website\",\"url\":\"https:\/\/drivercarrental.ae\/fr\/\",\"name\":\"Driver Car Rental Dubai\",\"description\":\"Driver Car Rental  Dubai\",\"publisher\":{\"@id\":\"https:\/\/drivercarrental.ae\/fr\/#organization\"},\"alternateName\":\"Cheapest Car Rental Dubai\",\"potentialAction\":[{\"@type\":\"SearchAction\",\"target\":{\"@type\":\"EntryPoint\",\"urlTemplate\":\"https:\/\/drivercarrental.ae\/fr\/?s={search_term_string}\"},\"query-input\":{\"@type\":\"PropertyValueSpecification\",\"valueRequired\":true,\"valueName\":\"search_term_string\"}}],\"inLanguage\":\"en-US\"},{\"@type\":\"Organization\",\"@id\":\"https:\/\/drivercarrental.ae\/fr\/#organization\",\"name\":\"Driver Car Rental Dubai\",\"alternateName\":\"Cheapest Car Rental Dubai\",\"url\":\"https:\/\/drivercarrental.ae\/fr\/\",\"logo\":{\"@type\":\"ImageObject\",\"inLanguage\":\"en-US\",\"@id\":\"https:\/\/drivercarrental.ae\/fr\/#\/schema\/logo\/image\/\",\"url\":\"https:\/\/drivercarrental.ae\/fr\/wp-content\/uploads\/2024\/07\/5001-1oo09iuh.png\",\"contentUrl\":\"https:\/\/drivercarrental.ae\/fr\/wp-content\/uploads\/2024\/07\/5001-1oo09iuh.png\",\"width\":500,\"height\":500,\"caption\":\"Driver Car Rental Dubai\"},\"image\":{\"@id\":\"https:\/\/drivercarrental.ae\/fr\/#\/schema\/logo\/image\/\"},\"sameAs\":[\"https:\/\/www.facebook.com\/DriverCarRentalUAE\"]}]}<\/script>\n<!-- \/ Yoast SEO plugin. -->","yoast_head_json":{"title":"Exceptional JAC S3 2023 for rent, Compact and agile.","description":"Discover the JAC S3 2023, a compact SUV offering advanced features, stylish design, and remarkable fuel efficiency for modern drivers.","robots":{"index":"noindex","follow":"nofollow"},"og_locale":"en_US","og_type":"article","og_title":"Exceptional JAC S3 2023 for rent, Compact and agile.","og_description":"Discover the JAC S3 2023, a compact SUV offering advanced features, stylish design, and remarkable fuel efficiency for modern drivers.","og_url":"https:\/\/drivercarrental.ae\/fr\/product\/jac-s3-2023\/","og_site_name":"DCR","article_publisher":"https:\/\/www.facebook.com\/DriverCarRentalUAE","article_modified_time":"2024-12-04T13:03:24+00:00","og_image":[{"width":634,"height":396,"url":"https:\/\/drivercarrental.ae\/fr\/wp-content\/uploads\/2024\/06\/JAC-S3-2023-Dubai.png","type":"image\/png"}],"twitter_card":"summary_large_image","twitter_misc":{"Est. reading time":"3 minutes"},"schema":{"@context":"https:\/\/schema.org","@graph":[{"@type":"WebPage","@id":"https:\/\/drivercarrental.ae\/fr\/product\/jac-s3-2023\/","url":"https:\/\/drivercarrental.ae\/fr\/product\/jac-s3-2023\/","name":"Exceptional JAC S3 2023 for rent, Compact and agile.","isPartOf":{"@id":"https:\/\/drivercarrental.ae\/fr\/#website"},"primaryImageOfPage":{"@id":"https:\/\/drivercarrental.ae\/fr\/product\/jac-s3-2023\/#primaryimage"},"image":{"@id":"https:\/\/drivercarrental.ae\/fr\/product\/jac-s3-2023\/#primaryimage"},"thumbnailUrl":"https:\/\/drivercarrental.ae\/fr\/wp-content\/uploads\/2024\/06\/JAC-S3-2023-Dubai.png","datePublished":"2024-06-12T17:53:44+00:00","dateModified":"2024-12-04T13:03:24+00:00","description":"Discover the JAC S3 2023, a compact SUV offering advanced features, stylish design, and remarkable fuel efficiency for modern drivers.","breadcrumb":{"@id":"https:\/\/drivercarrental.ae\/fr\/product\/jac-s3-2023\/#breadcrumb"},"inLanguage":"en-US","potentialAction":[{"@type":"ReadAction","target":["https:\/\/drivercarrental.ae\/fr\/product\/jac-s3-2023\/"]}]},{"@type":"ImageObject","inLanguage":"en-US","@id":"https:\/\/drivercarrental.ae\/fr\/product\/jac-s3-2023\/#primaryimage","url":"https:\/\/drivercarrental.ae\/fr\/wp-content\/uploads\/2024\/06\/JAC-S3-2023-Dubai.png","contentUrl":"https:\/\/drivercarrental.ae\/fr\/wp-content\/uploads\/2024\/06\/JAC-S3-2023-Dubai.png","width":634,"height":396,"caption":"JAC S3 2023"},{"@type":"BreadcrumbList","@id":"https:\/\/drivercarrental.ae\/fr\/product\/jac-s3-2023\/#breadcrumb","itemListElement":[{"@type":"ListItem","position":1,"name":"Home","item":"https:\/\/drivercarrental.ae\/fr\/"},{"@type":"ListItem","position":2,"name":"Store","item":"https:\/\/drivercarrental.ae\/fr\/shop\/"},{"@type":"ListItem","position":3,"name":"JAC\u00a0S3 2023"}]},{"@type":"WebSite","@id":"https:\/\/drivercarrental.ae\/fr\/#website","url":"https:\/\/drivercarrental.ae\/fr\/","name":"Driver Car Rental Dubai","description":"Driver Car Rental  Dubai","publisher":{"@id":"https:\/\/drivercarrental.ae\/fr\/#organization"},"alternateName":"Cheapest Car Rental Dubai","potentialAction":[{"@type":"SearchAction","target":{"@type":"EntryPoint","urlTemplate":"https:\/\/drivercarrental.ae\/fr\/?s={search_term_string}"},"query-input":{"@type":"PropertyValueSpecification","valueRequired":true,"valueName":"search_term_string"}}],"inLanguage":"en-US"},{"@type":"Organization","@id":"https:\/\/drivercarrental.ae\/fr\/#organization","name":"Driver Car Rental Dubai","alternateName":"Cheapest Car Rental Dubai","url":"https:\/\/drivercarrental.ae\/fr\/","logo":{"@type":"ImageObject","inLanguage":"en-US","@id":"https:\/\/drivercarrental.ae\/fr\/#\/schema\/logo\/image\/","url":"https:\/\/drivercarrental.ae\/fr\/wp-content\/uploads\/2024\/07\/5001-1oo09iuh.png","contentUrl":"https:\/\/drivercarrental.ae\/fr\/wp-content\/uploads\/2024\/07\/5001-1oo09iuh.png","width":500,"height":500,"caption":"Driver Car Rental Dubai"},"image":{"@id":"https:\/\/drivercarrental.ae\/fr\/#\/schema\/logo\/image\/"},"sameAs":["https:\/\/www.facebook.com\/DriverCarRentalUAE"]}]}},"_links":{"self":[{"href":"https:\/\/drivercarrental.ae\/fr\/wp-json\/wp\/v2\/product\/11480"}],"collection":[{"href":"https:\/\/drivercarrental.ae\/fr\/wp-json\/wp\/v2\/product"}],"about":[{"href":"https:\/\/drivercarrental.ae\/fr\/wp-json\/wp\/v2\/types\/product"}],"wp:featuredmedia":[{"embeddable":true,"href":"https:\/\/drivercarrental.ae\/fr\/wp-json\/wp\/v2\/media\/12218"}],"wp:attachment":[{"href":"https:\/\/drivercarrental.ae\/fr\/wp-json\/wp\/v2\/media?parent=11480"}],"wp:term":[{"taxonomy":"product_cat","embeddable":true,"href":"https:\/\/drivercarrental.ae\/fr\/wp-json\/wp\/v2\/product_cat?post=11480"},{"taxonomy":"product_tag","embeddable":true,"href":"https:\/\/drivercarrental.ae\/fr\/wp-json\/wp\/v2\/product_tag?post=11480"}],"curies":[{"name":"wp","href":"https:\/\/api.w.org\/{rel}","templated":true}]}}