{"id":11482,"date":"2024-06-12T22:01:31","date_gmt":"2024-06-12T18:01:31","guid":{"rendered":"https:\/\/drivercarrental.ae\/fr\/?post_type=product&#038;p=11482"},"modified":"2024-12-04T17:03:01","modified_gmt":"2024-12-04T13:03:01","slug":"chevrolet-trax-2020","status":"publish","type":"product","link":"https:\/\/drivercarrental.ae\/fr\/product\/chevrolet-trax-2020\/","title":{"rendered":"CHEVROLET\u00a0TRAX 2020"},"content":{"rendered":"<p><span class=\"\">Conduisez le nouveau Chevrolet Trax 2020 et profitez de l&#8217;opportunit\u00e9 et du style lors de votre location chez Driver Car Rental \u00e0 Duba\u00ef. Que vous soyez en ville pour affaires ou pour des vacances, le Trax 2020 s&#8217;assure de r\u00e9pondre \u00e0 tous vos besoins dans le monde moderne avec ses \u00e9quipements intelligents et ses performances constantes.<\/span><\/p>\n<p>Confort et performance : Les performances exceptionnelles sont \u00e9galement une caract\u00e9ristique du Chevrolet Trax 2020 puisqu&#8217;il est \u00e9quip\u00e9 d&#8217;un moteur de 1,4 L avec une cylindr\u00e9e de 1399 cm3, ce qui rend la voiture efficace \u00e0 conduire. Cette caract\u00e9ristique particuli\u00e8re permet de traverser le trafic urbain complexe, en particulier celui de Duba\u00ef, gr\u00e2ce \u00e0 des trajets confortables gr\u00e2ce \u00e0 la transmission automatique. Le Trax est ouvert avec 5 si\u00e8ges et cuir, qui offrent un espace suffisamment grand et confortable pour les personnes \u00e0 l&#8217;int\u00e9rieur de la voiture.<\/p>\n<p>Les caract\u00e9ristiques confortables du nouveau Chevrolet Trax 2020 sont la vitre \u00e9lectrique, le syst\u00e8me de freinage antiblocage, le Bluetooth, le capteur de stationnement, le feu antibrouillard et l&#8217;airbag SRS. Bien qu&#8217;il ne dispose pas de toit ouvrant ni de cam\u00e9ra de recul, il compense par sa meilleure qualit\u00e9 de fabrication et ses touches agr\u00e9ables. \u00c9coutez de la musique avec le lecteur FM\/CD pendant que vous conduisez en ville sur le SUV ou que vous faites du shopping.<\/p>\n<h2>Pourquoi devrions-nous louer une voiture chez Driver Car Rental ?<\/h2>\n<p>Driver Car Rental est l&#8217;une des soci\u00e9t\u00e9s de location de voitures les plus r\u00e9put\u00e9es de Duba\u00ef, qui propose d&#8217;excellents services de location de voitures. La qualit\u00e9 du service et la satisfaction du client sont au c\u0153ur de nos pr\u00e9occupations. Venez chez nous pour louer une voiture en toute tranquillit\u00e9 et en toute s\u00e9curit\u00e9.<\/p>\n<p>Louez la Chevrolet \u00e0 des tarifs comp\u00e9titifs : deux cent quinze dollars par jour, mille deux cent cinquante dollars par semaine ou trois mille cent cinquante dollars par mois. Une caution remboursable de 1 500 AED n&#8217;est pas remboursable et des modes de paiement flexibles sont accept\u00e9s, notamment le paiement en esp\u00e8ces ou par carte de cr\u00e9dit.<\/p>\n<h2>FAQ<\/h2>\n<p><strong>1. Est-il possible de conduire un aller simple en Chevrolet 2020 ?<\/strong><\/p>\n<p>Oui, pour certaines destinations \u00e0 Duba\u00ef, nous pouvons proposer des locations de v\u00e9hicules en aller simple. Pour conna\u00eetre la disponibilit\u00e9 et les autres tarifs, veuillez contacter notre service client.<\/p>\n<p><strong>2. Existe-t-il des limites quant au nombre de kilom\u00e8tres que l&#8217;on peut utiliser avec cette voiture Trax pour une location ?<\/strong><\/p>\n<p>Le kilom\u00e9trage est limit\u00e9 et un certain nombre de kilom\u00e8tres de voiture de location est inclus dans le prix de la location. Les kilom\u00e8tres suppl\u00e9mentaires entra\u00eeneront un co\u00fbt suppl\u00e9mentaire de 0,50 AED par km.<\/p>\n<p><strong>3. Que dois-je faire pour obtenir le remboursement de ma caution ?<\/strong><\/p>\n<p>La caution peut \u00eatre rembours\u00e9e apr\u00e8s 14 jours \u00e0 compter de la restitution du v\u00e9hicule \u00e0 condition que la voiture ne soit pas restitu\u00e9e avec des dommages ou avec des frais de solde.<\/p>\n","protected":false},"excerpt":{"rendered":"<p>Conduisez le nouveau Chevrolet Trax 2020 et profitez de l&#8217;opportunit\u00e9 et du style lors de votre location chez Driver Car Rental \u00e0 Duba\u00ef. Que vous soyez en ville pour affaires ou pour des vacances, le Trax 2020 s&#8217;assure de r\u00e9pondre \u00e0 tous vos besoins dans le monde moderne avec ses \u00e9quipements intelligents et ses performances [&hellip;]<\/p>\n","protected":false},"featured_media":12217,"template":"","meta":{"_acf_changed":false},"product_cat":[73],"product_tag":[],"acf":[],"yoast_head":"<!-- This site is optimized with the Yoast SEO plugin v23.7 - https:\/\/yoast.com\/wordpress\/plugins\/seo\/ -->\n<title>Compact versatility is the focus of the Chevrolet Trax 2020.<\/title>\n<meta name=\"description\" content=\"The 2020 Chevrolet Trax offers a versatile, compact design with modern features and efficient performance, ideal for urban driving.\" \/>\n<meta name=\"robots\" content=\"noindex, nofollow\" \/>\n<meta property=\"og:locale\" content=\"en_US\" \/>\n<meta property=\"og:type\" content=\"article\" \/>\n<meta property=\"og:title\" content=\"Compact versatility is the focus of the Chevrolet Trax 2020.\" \/>\n<meta property=\"og:description\" content=\"The 2020 Chevrolet Trax offers a versatile, compact design with modern features and efficient performance, ideal for urban driving.\" \/>\n<meta property=\"og:url\" content=\"https:\/\/drivercarrental.ae\/fr\/product\/chevrolet-trax-2020\/\" \/>\n<meta property=\"og:site_name\" content=\"DCR\" \/>\n<meta property=\"article:publisher\" content=\"https:\/\/www.facebook.com\/DriverCarRentalUAE\" \/>\n<meta property=\"article:modified_time\" content=\"2024-12-04T13:03:01+00:00\" \/>\n<meta property=\"og:image\" content=\"https:\/\/drivercarrental.ae\/fr\/wp-content\/uploads\/2024\/06\/CHEVROLET-TRAX-2020-Dubai.png\" \/>\n\t<meta property=\"og:image:width\" content=\"634\" \/>\n\t<meta property=\"og:image:height\" content=\"396\" \/>\n\t<meta property=\"og:image:type\" content=\"image\/png\" \/>\n<meta name=\"twitter:card\" content=\"summary_large_image\" \/>\n<meta name=\"twitter:label1\" content=\"Est. reading time\" \/>\n\t<meta name=\"twitter:data1\" content=\"3 minutes\" \/>\n<script type=\"application\/ld+json\" class=\"yoast-schema-graph\">{\"@context\":\"https:\/\/schema.org\",\"@graph\":[{\"@type\":\"WebPage\",\"@id\":\"https:\/\/drivercarrental.ae\/fr\/product\/chevrolet-trax-2020\/\",\"url\":\"https:\/\/drivercarrental.ae\/fr\/product\/chevrolet-trax-2020\/\",\"name\":\"Compact versatility is the focus of the Chevrolet Trax 2020.\",\"isPartOf\":{\"@id\":\"https:\/\/drivercarrental.ae\/fr\/#website\"},\"primaryImageOfPage\":{\"@id\":\"https:\/\/drivercarrental.ae\/fr\/product\/chevrolet-trax-2020\/#primaryimage\"},\"image\":{\"@id\":\"https:\/\/drivercarrental.ae\/fr\/product\/chevrolet-trax-2020\/#primaryimage\"},\"thumbnailUrl\":\"https:\/\/drivercarrental.ae\/fr\/wp-content\/uploads\/2024\/06\/CHEVROLET-TRAX-2020-Dubai.png\",\"datePublished\":\"2024-06-12T18:01:31+00:00\",\"dateModified\":\"2024-12-04T13:03:01+00:00\",\"description\":\"The 2020 Chevrolet Trax offers a versatile, compact design with modern features and efficient performance, ideal for urban driving.\",\"breadcrumb\":{\"@id\":\"https:\/\/drivercarrental.ae\/fr\/product\/chevrolet-trax-2020\/#breadcrumb\"},\"inLanguage\":\"en-US\",\"potentialAction\":[{\"@type\":\"ReadAction\",\"target\":[\"https:\/\/drivercarrental.ae\/fr\/product\/chevrolet-trax-2020\/\"]}]},{\"@type\":\"ImageObject\",\"inLanguage\":\"en-US\",\"@id\":\"https:\/\/drivercarrental.ae\/fr\/product\/chevrolet-trax-2020\/#primaryimage\",\"url\":\"https:\/\/drivercarrental.ae\/fr\/wp-content\/uploads\/2024\/06\/CHEVROLET-TRAX-2020-Dubai.png\",\"contentUrl\":\"https:\/\/drivercarrental.ae\/fr\/wp-content\/uploads\/2024\/06\/CHEVROLET-TRAX-2020-Dubai.png\",\"width\":634,\"height\":396,\"caption\":\"CHEVROLET TRAX 2020\"},{\"@type\":\"BreadcrumbList\",\"@id\":\"https:\/\/drivercarrental.ae\/fr\/product\/chevrolet-trax-2020\/#breadcrumb\",\"itemListElement\":[{\"@type\":\"ListItem\",\"position\":1,\"name\":\"Home\",\"item\":\"https:\/\/drivercarrental.ae\/fr\/\"},{\"@type\":\"ListItem\",\"position\":2,\"name\":\"Store\",\"item\":\"https:\/\/drivercarrental.ae\/fr\/shop\/\"},{\"@type\":\"ListItem\",\"position\":3,\"name\":\"CHEVROLET\u00a0TRAX 2020\"}]},{\"@type\":\"WebSite\",\"@id\":\"https:\/\/drivercarrental.ae\/fr\/#website\",\"url\":\"https:\/\/drivercarrental.ae\/fr\/\",\"name\":\"Driver Car Rental Dubai\",\"description\":\"Driver Car Rental  Dubai\",\"publisher\":{\"@id\":\"https:\/\/drivercarrental.ae\/fr\/#organization\"},\"alternateName\":\"Cheapest Car Rental Dubai\",\"potentialAction\":[{\"@type\":\"SearchAction\",\"target\":{\"@type\":\"EntryPoint\",\"urlTemplate\":\"https:\/\/drivercarrental.ae\/fr\/?s={search_term_string}\"},\"query-input\":{\"@type\":\"PropertyValueSpecification\",\"valueRequired\":true,\"valueName\":\"search_term_string\"}}],\"inLanguage\":\"en-US\"},{\"@type\":\"Organization\",\"@id\":\"https:\/\/drivercarrental.ae\/fr\/#organization\",\"name\":\"Driver Car Rental Dubai\",\"alternateName\":\"Cheapest Car Rental Dubai\",\"url\":\"https:\/\/drivercarrental.ae\/fr\/\",\"logo\":{\"@type\":\"ImageObject\",\"inLanguage\":\"en-US\",\"@id\":\"https:\/\/drivercarrental.ae\/fr\/#\/schema\/logo\/image\/\",\"url\":\"https:\/\/drivercarrental.ae\/fr\/wp-content\/uploads\/2024\/07\/5001-1oo09iuh.png\",\"contentUrl\":\"https:\/\/drivercarrental.ae\/fr\/wp-content\/uploads\/2024\/07\/5001-1oo09iuh.png\",\"width\":500,\"height\":500,\"caption\":\"Driver Car Rental Dubai\"},\"image\":{\"@id\":\"https:\/\/drivercarrental.ae\/fr\/#\/schema\/logo\/image\/\"},\"sameAs\":[\"https:\/\/www.facebook.com\/DriverCarRentalUAE\"]}]}<\/script>\n<!-- \/ Yoast SEO plugin. -->","yoast_head_json":{"title":"Compact versatility is the focus of the Chevrolet Trax 2020.","description":"The 2020 Chevrolet Trax offers a versatile, compact design with modern features and efficient performance, ideal for urban driving.","robots":{"index":"noindex","follow":"nofollow"},"og_locale":"en_US","og_type":"article","og_title":"Compact versatility is the focus of the Chevrolet Trax 2020.","og_description":"The 2020 Chevrolet Trax offers a versatile, compact design with modern features and efficient performance, ideal for urban driving.","og_url":"https:\/\/drivercarrental.ae\/fr\/product\/chevrolet-trax-2020\/","og_site_name":"DCR","article_publisher":"https:\/\/www.facebook.com\/DriverCarRentalUAE","article_modified_time":"2024-12-04T13:03:01+00:00","og_image":[{"width":634,"height":396,"url":"https:\/\/drivercarrental.ae\/fr\/wp-content\/uploads\/2024\/06\/CHEVROLET-TRAX-2020-Dubai.png","type":"image\/png"}],"twitter_card":"summary_large_image","twitter_misc":{"Est. reading time":"3 minutes"},"schema":{"@context":"https:\/\/schema.org","@graph":[{"@type":"WebPage","@id":"https:\/\/drivercarrental.ae\/fr\/product\/chevrolet-trax-2020\/","url":"https:\/\/drivercarrental.ae\/fr\/product\/chevrolet-trax-2020\/","name":"Compact versatility is the focus of the Chevrolet Trax 2020.","isPartOf":{"@id":"https:\/\/drivercarrental.ae\/fr\/#website"},"primaryImageOfPage":{"@id":"https:\/\/drivercarrental.ae\/fr\/product\/chevrolet-trax-2020\/#primaryimage"},"image":{"@id":"https:\/\/drivercarrental.ae\/fr\/product\/chevrolet-trax-2020\/#primaryimage"},"thumbnailUrl":"https:\/\/drivercarrental.ae\/fr\/wp-content\/uploads\/2024\/06\/CHEVROLET-TRAX-2020-Dubai.png","datePublished":"2024-06-12T18:01:31+00:00","dateModified":"2024-12-04T13:03:01+00:00","description":"The 2020 Chevrolet Trax offers a versatile, compact design with modern features and efficient performance, ideal for urban driving.","breadcrumb":{"@id":"https:\/\/drivercarrental.ae\/fr\/product\/chevrolet-trax-2020\/#breadcrumb"},"inLanguage":"en-US","potentialAction":[{"@type":"ReadAction","target":["https:\/\/drivercarrental.ae\/fr\/product\/chevrolet-trax-2020\/"]}]},{"@type":"ImageObject","inLanguage":"en-US","@id":"https:\/\/drivercarrental.ae\/fr\/product\/chevrolet-trax-2020\/#primaryimage","url":"https:\/\/drivercarrental.ae\/fr\/wp-content\/uploads\/2024\/06\/CHEVROLET-TRAX-2020-Dubai.png","contentUrl":"https:\/\/drivercarrental.ae\/fr\/wp-content\/uploads\/2024\/06\/CHEVROLET-TRAX-2020-Dubai.png","width":634,"height":396,"caption":"CHEVROLET TRAX 2020"},{"@type":"BreadcrumbList","@id":"https:\/\/drivercarrental.ae\/fr\/product\/chevrolet-trax-2020\/#breadcrumb","itemListElement":[{"@type":"ListItem","position":1,"name":"Home","item":"https:\/\/drivercarrental.ae\/fr\/"},{"@type":"ListItem","position":2,"name":"Store","item":"https:\/\/drivercarrental.ae\/fr\/shop\/"},{"@type":"ListItem","position":3,"name":"CHEVROLET\u00a0TRAX 2020"}]},{"@type":"WebSite","@id":"https:\/\/drivercarrental.ae\/fr\/#website","url":"https:\/\/drivercarrental.ae\/fr\/","name":"Driver Car Rental Dubai","description":"Driver Car Rental  Dubai","publisher":{"@id":"https:\/\/drivercarrental.ae\/fr\/#organization"},"alternateName":"Cheapest Car Rental Dubai","potentialAction":[{"@type":"SearchAction","target":{"@type":"EntryPoint","urlTemplate":"https:\/\/drivercarrental.ae\/fr\/?s={search_term_string}"},"query-input":{"@type":"PropertyValueSpecification","valueRequired":true,"valueName":"search_term_string"}}],"inLanguage":"en-US"},{"@type":"Organization","@id":"https:\/\/drivercarrental.ae\/fr\/#organization","name":"Driver Car Rental Dubai","alternateName":"Cheapest Car Rental Dubai","url":"https:\/\/drivercarrental.ae\/fr\/","logo":{"@type":"ImageObject","inLanguage":"en-US","@id":"https:\/\/drivercarrental.ae\/fr\/#\/schema\/logo\/image\/","url":"https:\/\/drivercarrental.ae\/fr\/wp-content\/uploads\/2024\/07\/5001-1oo09iuh.png","contentUrl":"https:\/\/drivercarrental.ae\/fr\/wp-content\/uploads\/2024\/07\/5001-1oo09iuh.png","width":500,"height":500,"caption":"Driver Car Rental Dubai"},"image":{"@id":"https:\/\/drivercarrental.ae\/fr\/#\/schema\/logo\/image\/"},"sameAs":["https:\/\/www.facebook.com\/DriverCarRentalUAE"]}]}},"_links":{"self":[{"href":"https:\/\/drivercarrental.ae\/fr\/wp-json\/wp\/v2\/product\/11482"}],"collection":[{"href":"https:\/\/drivercarrental.ae\/fr\/wp-json\/wp\/v2\/product"}],"about":[{"href":"https:\/\/drivercarrental.ae\/fr\/wp-json\/wp\/v2\/types\/product"}],"wp:featuredmedia":[{"embeddable":true,"href":"https:\/\/drivercarrental.ae\/fr\/wp-json\/wp\/v2\/media\/12217"}],"wp:attachment":[{"href":"https:\/\/drivercarrental.ae\/fr\/wp-json\/wp\/v2\/media?parent=11482"}],"wp:term":[{"taxonomy":"product_cat","embeddable":true,"href":"https:\/\/drivercarrental.ae\/fr\/wp-json\/wp\/v2\/product_cat?post=11482"},{"taxonomy":"product_tag","embeddable":true,"href":"https:\/\/drivercarrental.ae\/fr\/wp-json\/wp\/v2\/product_tag?post=11482"}],"curies":[{"name":"wp","href":"https:\/\/api.w.org\/{rel}","templated":true}]}}