{"id":11484,"date":"2024-06-12T22:08:31","date_gmt":"2024-06-12T18:08:31","guid":{"rendered":"https:\/\/drivercarrental.ae\/fr\/?post_type=product&#038;p=11484"},"modified":"2024-12-04T17:01:50","modified_gmt":"2024-12-04T13:01:50","slug":"ford-ecosport-2020","status":"publish","type":"product","link":"https:\/\/drivercarrental.ae\/fr\/product\/ford-ecosport-2020\/","title":{"rendered":"FORD\u00a0ECOSPORT 2020"},"content":{"rendered":"<p>Pr\u00e9sentation du Ford EcoSport 2020 ; un SUV qui est non seulement \u00e9l\u00e9gant, fiable et \u00e9conome en carburant, mais aussi suffisamment polyvalent pour toutes les occasions, disponible \u00e0 la location chez Driver Car Rental, Duba\u00ef. C&#8217;est pourquoi ce SUV compact est sp\u00e9cialement cr\u00e9\u00e9 dans le but de rendre tout voyage confortable et agr\u00e9able, aussi bien pour les d\u00e9placements quotidiens en ville que pour les voyages lointains.<\/p>\n<p>Cette Ford est propos\u00e9e avec deux options de moteur : le 1,0 L EcoBoost et le 1,5 litre Ti-VCT, ainsi que le 3,5 L Ti-VCT, tous deux offrant un plaisir de conduite. La puissance de l&#8217;automobile ainsi que la maniabilit\u00e9 souple de la transmission automatique sont parfaites pour conduire dans le trafic encombr\u00e9 de Duba\u00ef. L&#8217;EcoSport allie efficacit\u00e9 \u00e9nerg\u00e9tique pour maintenir vos co\u00fbts de d\u00e9placement aussi bas que possible.<\/p>\n<p>Confort et commodit\u00e9 \u00c0 l&#8217;int\u00e9rieur, cette flotte dispose d&#8217;un int\u00e9rieur en cuir de luxe et a la capacit\u00e9 d&#8217;offrir du confort \u00e0 jusqu&#8217;\u00e0 cinq personnes. Elle dispose de vitres \u00e9lectriques et du toucher d&#8217;un monde avanc\u00e9 comme la connexion Bluetooth, le lecteur FM\/CD et le capteur de stationnement. La s\u00e9curit\u00e9 est importante avec l&#8217;ABS, les airbags SRS, les feux antibrouillard et bien d&#8217;autres.<\/p>\n<h2>Pourquoi choisir Driver Car Rental ?<\/h2>\n<p>Driver Car Rental est une entreprise qui se concentre sur la satisfaction de ses clients en leur offrant le meilleur service et les meilleures voitures. Ces qualit\u00e9s garantissent que nos services de location sont abordables, fiables et agr\u00e9ables \u00e0 utiliser. Venez r\u00e9server avec nous et d\u00e9couvrez pourquoi nous sommes parmi les principaux fournisseurs de services de location de voitures \u00e0 Duba\u00ef.<\/p>\n<h2>FAQ<\/h2>\n<p><strong>1. Qu&#8217;est-ce qui est couvert dans le prix de location du Ford EcoSport 2020 ?<\/strong><\/p>\n<p>Ce service comprend certaines couvertures d&#8217;assurance et un tarif kilom\u00e9trique fixe dans les prix de location. Des frais suppl\u00e9mentaires pour la distance au-del\u00e0 des kilom\u00e8tres contractuels, les p\u00e9ages, etc. et certains des services optionnels inclus sont la SCDW et le si\u00e8ge b\u00e9b\u00e9.<\/p>\n<p><strong>2. Comment puis-je louer cette flotte abordable \u00e0 Sharjah ?<\/strong><\/p>\n<p>Vous pouvez r\u00e9server cette voiture \u00e9conomique sur notre site internet ou en utilisant le num\u00e9ro de t\u00e9l\u00e9phone fourni sur notre site internet. Merci de nous faire parvenir vos dates de location, vos coordonn\u00e9es et vos documents n\u00e9cessaires pour valider votre r\u00e9servation.<\/p>\n<p><strong>3. Est-il possible de louer ce mod\u00e8le 2020 pour un aller simple ?<\/strong><\/p>\n<p>Oui, il est possible de louer un v\u00e9hicule en aller simple dans certaines zones sp\u00e9cifiques de Duba\u00ef. Nous vous invitons \u00e0 prendre contact avec notre service client pour vous renseigner sur nos disponibilit\u00e9s et sur les \u00e9ventuels frais suppl\u00e9mentaires.<\/p>\n","protected":false},"excerpt":{"rendered":"<p>Pr\u00e9sentation du Ford EcoSport 2020 ; un SUV qui est non seulement \u00e9l\u00e9gant, fiable et \u00e9conome en carburant, mais aussi suffisamment polyvalent pour toutes les occasions, disponible \u00e0 la location chez Driver Car Rental, Duba\u00ef. C&#8217;est pourquoi ce SUV compact est sp\u00e9cialement cr\u00e9\u00e9 dans le but de rendre tout voyage confortable et agr\u00e9able, aussi bien [&hellip;]<\/p>\n","protected":false},"featured_media":12917,"template":"","meta":{"_acf_changed":false},"product_cat":[73],"product_tag":[],"acf":[],"yoast_head":"<!-- This site is optimized with the Yoast SEO plugin v23.7 - https:\/\/yoast.com\/wordpress\/plugins\/seo\/ -->\n<title>A compact and capable vehicle, the Ford EcoSport 2020.<\/title>\n<meta name=\"description\" content=\"Discover the Ford EcoSport 2020, a versatile compact SUV with modern features, efficient performance, and stylish design.\" \/>\n<meta name=\"robots\" content=\"noindex, nofollow\" \/>\n<meta property=\"og:locale\" content=\"en_US\" \/>\n<meta property=\"og:type\" content=\"article\" \/>\n<meta property=\"og:title\" content=\"A compact and capable vehicle, the Ford EcoSport 2020.\" \/>\n<meta property=\"og:description\" content=\"Discover the Ford EcoSport 2020, a versatile compact SUV with modern features, efficient performance, and stylish design.\" \/>\n<meta property=\"og:url\" content=\"https:\/\/drivercarrental.ae\/fr\/product\/ford-ecosport-2020\/\" \/>\n<meta property=\"og:site_name\" content=\"DCR\" \/>\n<meta property=\"article:publisher\" content=\"https:\/\/www.facebook.com\/DriverCarRentalUAE\" \/>\n<meta property=\"article:modified_time\" content=\"2024-12-04T13:01:50+00:00\" \/>\n<meta property=\"og:image\" content=\"https:\/\/drivercarrental.ae\/fr\/wp-content\/uploads\/2024\/06\/Ford-EcoSport-1.jpg\" \/>\n\t<meta property=\"og:image:width\" content=\"750\" \/>\n\t<meta property=\"og:image:height\" content=\"500\" \/>\n\t<meta property=\"og:image:type\" content=\"image\/jpeg\" \/>\n<meta name=\"twitter:card\" content=\"summary_large_image\" \/>\n<meta name=\"twitter:label1\" content=\"Est. reading time\" \/>\n\t<meta name=\"twitter:data1\" content=\"3 minutes\" \/>\n<script type=\"application\/ld+json\" class=\"yoast-schema-graph\">{\"@context\":\"https:\/\/schema.org\",\"@graph\":[{\"@type\":\"WebPage\",\"@id\":\"https:\/\/drivercarrental.ae\/fr\/product\/ford-ecosport-2020\/\",\"url\":\"https:\/\/drivercarrental.ae\/fr\/product\/ford-ecosport-2020\/\",\"name\":\"A compact and capable vehicle, the Ford EcoSport 2020.\",\"isPartOf\":{\"@id\":\"https:\/\/drivercarrental.ae\/fr\/#website\"},\"primaryImageOfPage\":{\"@id\":\"https:\/\/drivercarrental.ae\/fr\/product\/ford-ecosport-2020\/#primaryimage\"},\"image\":{\"@id\":\"https:\/\/drivercarrental.ae\/fr\/product\/ford-ecosport-2020\/#primaryimage\"},\"thumbnailUrl\":\"https:\/\/drivercarrental.ae\/fr\/wp-content\/uploads\/2024\/06\/Ford-EcoSport-1.jpg\",\"datePublished\":\"2024-06-12T18:08:31+00:00\",\"dateModified\":\"2024-12-04T13:01:50+00:00\",\"description\":\"Discover the Ford EcoSport 2020, a versatile compact SUV with modern features, efficient performance, and stylish design.\",\"breadcrumb\":{\"@id\":\"https:\/\/drivercarrental.ae\/fr\/product\/ford-ecosport-2020\/#breadcrumb\"},\"inLanguage\":\"en-US\",\"potentialAction\":[{\"@type\":\"ReadAction\",\"target\":[\"https:\/\/drivercarrental.ae\/fr\/product\/ford-ecosport-2020\/\"]}]},{\"@type\":\"ImageObject\",\"inLanguage\":\"en-US\",\"@id\":\"https:\/\/drivercarrental.ae\/fr\/product\/ford-ecosport-2020\/#primaryimage\",\"url\":\"https:\/\/drivercarrental.ae\/fr\/wp-content\/uploads\/2024\/06\/Ford-EcoSport-1.jpg\",\"contentUrl\":\"https:\/\/drivercarrental.ae\/fr\/wp-content\/uploads\/2024\/06\/Ford-EcoSport-1.jpg\",\"width\":750,\"height\":500},{\"@type\":\"BreadcrumbList\",\"@id\":\"https:\/\/drivercarrental.ae\/fr\/product\/ford-ecosport-2020\/#breadcrumb\",\"itemListElement\":[{\"@type\":\"ListItem\",\"position\":1,\"name\":\"Home\",\"item\":\"https:\/\/drivercarrental.ae\/fr\/\"},{\"@type\":\"ListItem\",\"position\":2,\"name\":\"Store\",\"item\":\"https:\/\/drivercarrental.ae\/fr\/shop\/\"},{\"@type\":\"ListItem\",\"position\":3,\"name\":\"FORD\u00a0ECOSPORT 2020\"}]},{\"@type\":\"WebSite\",\"@id\":\"https:\/\/drivercarrental.ae\/fr\/#website\",\"url\":\"https:\/\/drivercarrental.ae\/fr\/\",\"name\":\"Driver Car Rental Dubai\",\"description\":\"Driver Car Rental  Dubai\",\"publisher\":{\"@id\":\"https:\/\/drivercarrental.ae\/fr\/#organization\"},\"alternateName\":\"Cheapest Car Rental Dubai\",\"potentialAction\":[{\"@type\":\"SearchAction\",\"target\":{\"@type\":\"EntryPoint\",\"urlTemplate\":\"https:\/\/drivercarrental.ae\/fr\/?s={search_term_string}\"},\"query-input\":{\"@type\":\"PropertyValueSpecification\",\"valueRequired\":true,\"valueName\":\"search_term_string\"}}],\"inLanguage\":\"en-US\"},{\"@type\":\"Organization\",\"@id\":\"https:\/\/drivercarrental.ae\/fr\/#organization\",\"name\":\"Driver Car Rental Dubai\",\"alternateName\":\"Cheapest Car Rental Dubai\",\"url\":\"https:\/\/drivercarrental.ae\/fr\/\",\"logo\":{\"@type\":\"ImageObject\",\"inLanguage\":\"en-US\",\"@id\":\"https:\/\/drivercarrental.ae\/fr\/#\/schema\/logo\/image\/\",\"url\":\"https:\/\/drivercarrental.ae\/fr\/wp-content\/uploads\/2024\/07\/5001-1oo09iuh.png\",\"contentUrl\":\"https:\/\/drivercarrental.ae\/fr\/wp-content\/uploads\/2024\/07\/5001-1oo09iuh.png\",\"width\":500,\"height\":500,\"caption\":\"Driver Car Rental Dubai\"},\"image\":{\"@id\":\"https:\/\/drivercarrental.ae\/fr\/#\/schema\/logo\/image\/\"},\"sameAs\":[\"https:\/\/www.facebook.com\/DriverCarRentalUAE\"]}]}<\/script>\n<!-- \/ Yoast SEO plugin. -->","yoast_head_json":{"title":"A compact and capable vehicle, the Ford EcoSport 2020.","description":"Discover the Ford EcoSport 2020, a versatile compact SUV with modern features, efficient performance, and stylish design.","robots":{"index":"noindex","follow":"nofollow"},"og_locale":"en_US","og_type":"article","og_title":"A compact and capable vehicle, the Ford EcoSport 2020.","og_description":"Discover the Ford EcoSport 2020, a versatile compact SUV with modern features, efficient performance, and stylish design.","og_url":"https:\/\/drivercarrental.ae\/fr\/product\/ford-ecosport-2020\/","og_site_name":"DCR","article_publisher":"https:\/\/www.facebook.com\/DriverCarRentalUAE","article_modified_time":"2024-12-04T13:01:50+00:00","og_image":[{"width":750,"height":500,"url":"https:\/\/drivercarrental.ae\/fr\/wp-content\/uploads\/2024\/06\/Ford-EcoSport-1.jpg","type":"image\/jpeg"}],"twitter_card":"summary_large_image","twitter_misc":{"Est. reading time":"3 minutes"},"schema":{"@context":"https:\/\/schema.org","@graph":[{"@type":"WebPage","@id":"https:\/\/drivercarrental.ae\/fr\/product\/ford-ecosport-2020\/","url":"https:\/\/drivercarrental.ae\/fr\/product\/ford-ecosport-2020\/","name":"A compact and capable vehicle, the Ford EcoSport 2020.","isPartOf":{"@id":"https:\/\/drivercarrental.ae\/fr\/#website"},"primaryImageOfPage":{"@id":"https:\/\/drivercarrental.ae\/fr\/product\/ford-ecosport-2020\/#primaryimage"},"image":{"@id":"https:\/\/drivercarrental.ae\/fr\/product\/ford-ecosport-2020\/#primaryimage"},"thumbnailUrl":"https:\/\/drivercarrental.ae\/fr\/wp-content\/uploads\/2024\/06\/Ford-EcoSport-1.jpg","datePublished":"2024-06-12T18:08:31+00:00","dateModified":"2024-12-04T13:01:50+00:00","description":"Discover the Ford EcoSport 2020, a versatile compact SUV with modern features, efficient performance, and stylish design.","breadcrumb":{"@id":"https:\/\/drivercarrental.ae\/fr\/product\/ford-ecosport-2020\/#breadcrumb"},"inLanguage":"en-US","potentialAction":[{"@type":"ReadAction","target":["https:\/\/drivercarrental.ae\/fr\/product\/ford-ecosport-2020\/"]}]},{"@type":"ImageObject","inLanguage":"en-US","@id":"https:\/\/drivercarrental.ae\/fr\/product\/ford-ecosport-2020\/#primaryimage","url":"https:\/\/drivercarrental.ae\/fr\/wp-content\/uploads\/2024\/06\/Ford-EcoSport-1.jpg","contentUrl":"https:\/\/drivercarrental.ae\/fr\/wp-content\/uploads\/2024\/06\/Ford-EcoSport-1.jpg","width":750,"height":500},{"@type":"BreadcrumbList","@id":"https:\/\/drivercarrental.ae\/fr\/product\/ford-ecosport-2020\/#breadcrumb","itemListElement":[{"@type":"ListItem","position":1,"name":"Home","item":"https:\/\/drivercarrental.ae\/fr\/"},{"@type":"ListItem","position":2,"name":"Store","item":"https:\/\/drivercarrental.ae\/fr\/shop\/"},{"@type":"ListItem","position":3,"name":"FORD\u00a0ECOSPORT 2020"}]},{"@type":"WebSite","@id":"https:\/\/drivercarrental.ae\/fr\/#website","url":"https:\/\/drivercarrental.ae\/fr\/","name":"Driver Car Rental Dubai","description":"Driver Car Rental  Dubai","publisher":{"@id":"https:\/\/drivercarrental.ae\/fr\/#organization"},"alternateName":"Cheapest Car Rental Dubai","potentialAction":[{"@type":"SearchAction","target":{"@type":"EntryPoint","urlTemplate":"https:\/\/drivercarrental.ae\/fr\/?s={search_term_string}"},"query-input":{"@type":"PropertyValueSpecification","valueRequired":true,"valueName":"search_term_string"}}],"inLanguage":"en-US"},{"@type":"Organization","@id":"https:\/\/drivercarrental.ae\/fr\/#organization","name":"Driver Car Rental Dubai","alternateName":"Cheapest Car Rental Dubai","url":"https:\/\/drivercarrental.ae\/fr\/","logo":{"@type":"ImageObject","inLanguage":"en-US","@id":"https:\/\/drivercarrental.ae\/fr\/#\/schema\/logo\/image\/","url":"https:\/\/drivercarrental.ae\/fr\/wp-content\/uploads\/2024\/07\/5001-1oo09iuh.png","contentUrl":"https:\/\/drivercarrental.ae\/fr\/wp-content\/uploads\/2024\/07\/5001-1oo09iuh.png","width":500,"height":500,"caption":"Driver Car Rental Dubai"},"image":{"@id":"https:\/\/drivercarrental.ae\/fr\/#\/schema\/logo\/image\/"},"sameAs":["https:\/\/www.facebook.com\/DriverCarRentalUAE"]}]}},"_links":{"self":[{"href":"https:\/\/drivercarrental.ae\/fr\/wp-json\/wp\/v2\/product\/11484"}],"collection":[{"href":"https:\/\/drivercarrental.ae\/fr\/wp-json\/wp\/v2\/product"}],"about":[{"href":"https:\/\/drivercarrental.ae\/fr\/wp-json\/wp\/v2\/types\/product"}],"wp:featuredmedia":[{"embeddable":true,"href":"https:\/\/drivercarrental.ae\/fr\/wp-json\/wp\/v2\/media\/12917"}],"wp:attachment":[{"href":"https:\/\/drivercarrental.ae\/fr\/wp-json\/wp\/v2\/media?parent=11484"}],"wp:term":[{"taxonomy":"product_cat","embeddable":true,"href":"https:\/\/drivercarrental.ae\/fr\/wp-json\/wp\/v2\/product_cat?post=11484"},{"taxonomy":"product_tag","embeddable":true,"href":"https:\/\/drivercarrental.ae\/fr\/wp-json\/wp\/v2\/product_tag?post=11484"}],"curies":[{"name":"wp","href":"https:\/\/api.w.org\/{rel}","templated":true}]}}