{"id":11488,"date":"2024-06-12T22:16:01","date_gmt":"2024-06-12T18:16:01","guid":{"rendered":"https:\/\/drivercarrental.ae\/fr\/?post_type=product&#038;p=11488"},"modified":"2024-12-04T17:01:23","modified_gmt":"2024-12-04T13:01:23","slug":"nissan-sunny-2021","status":"publish","type":"product","link":"https:\/\/drivercarrental.ae\/fr\/product\/nissan-sunny-2021\/","title":{"rendered":"NISSAN\u00a0SUNNY 2021"},"content":{"rendered":"<p>D\u00e9couvrez l&#8217;\u00e9quilibre parfait entre confort, \u00e9conomie de carburant et design dernier cri avec la Nissan Sunny 2021 de Driver Car Rental. Cette berline compacte est pr\u00eate \u00e0 r\u00e9pondre \u00e0 tous vos d\u00e9sirs de conduite et est donc parfaite pour la ville et les croisi\u00e8res \u00e0 grande vitesse.<\/p>\n<h2>Performance et efficacit\u00e9 :<\/h2>\n<p>Le Nissan Sunny 2021 est \u00e9quip\u00e9 d&#8217;un moteur de 1,6 L, 1598 cc et d&#8217;une bo\u00eete de vitesses automatique qui rendent la conduite tr\u00e8s douce et confortable. Dot\u00e9 d&#8217;un moteur \u00e0 essence \u00e9conome en carburant, il vous permet d&#8217;\u00e9conomiser de l&#8217;argent sur vos d\u00e9placements \u00e0 Duba\u00ef.<\/p>\n<p>Si vous d\u00e9cidez de monter dans cette voiture abordable, vous profiterez d&#8217;un si\u00e8ge en cuir parfait qui garantit un h\u00e9bergement pour cinq personnes. Elle est dot\u00e9e de certaines des derni\u00e8res fonctionnalit\u00e9s telles que les vitres \u00e9lectriques, le Bluetooth, le lecteur FM\/CD, les capteurs de stationnement et des \u00e9l\u00e9ments essentiels tels qu&#8217;un syst\u00e8me de freinage antiblocage, des airbags du syst\u00e8me de retenue suppl\u00e9mentaire et des phares antibrouillard. Elle ne dispose pas de toit ouvrant ni de cam\u00e9ra de recul, mais la Nissan Sunny offre une exp\u00e9rience de conduite robuste et les si\u00e8ges sont assez confortables.<\/p>\n<h2>Pourquoi choisir Driver Car Rental ?<\/h2>\n<p>Driver Car Rental a pour objectif d&#8217;offrir \u00e0 ses clients des voitures de qualit\u00e9 et des services d&#8217;assistance \u00e0 la client\u00e8le aux tarifs les plus comp\u00e9titifs. Notre gamme de location est bas\u00e9e sur les voitures les plus fiables et notre priorit\u00e9 absolue est le confort du client dans chaque situation de location de voiture \u00e0 Duba\u00ef.<\/p>\n<p>Les loyers que nous facturons \u00e0 nos clients sont raisonnables dans la mesure du march\u00e9 et autour de notre emplacement. Louez des v\u00e9hicules confortables selon les prix de location comp\u00e9titifs. Les installations de base n\u00e9cessitent une caution de 1 500 AED qui peut \u00eatre pay\u00e9e en esp\u00e8ces ou par carte de cr\u00e9dit.<\/p>\n<h2>FAQ<\/h2>\n<p><strong>1. Que comprend le prix de location du Nissan Sunny 2021 ?<\/strong><\/p>\n<p>Le prix de location comprend une assurance et une allocation pour un certain nombre de kilom\u00e8tres. Les frais suppl\u00e9mentaires pour les kilom\u00e8tres, les p\u00e9ages et d&#8217;autres services comme la SCDW et le si\u00e8ge b\u00e9b\u00e9 sont un peu plus \u00e9lev\u00e9s.<\/p>\n<p><strong>2. O\u00f9 puis-je faire une r\u00e9servation pour cette flotte 2021 ?<\/strong><\/p>\n<p>Pour r\u00e9server cette flotte, vous pouvez effectuer votre r\u00e9servation sur notre site ou communiquer avec l&#8217;\u00e9quipe de support client. Remplissez les informations n\u00e9cessaires, notamment vos dates de location, vos coordonn\u00e9es et les documents n\u00e9cessaires pour finaliser la r\u00e9servation.<\/p>\n<p><strong>3. Offrez-vous une assistance routi\u00e8re ?<\/strong><\/p>\n<p>Oui, nous offrons une assistance routi\u00e8re 24h\/24 et 7j\/7 \u00e0 nos clients.<\/p>\n","protected":false},"excerpt":{"rendered":"<p>D\u00e9couvrez l&#8217;\u00e9quilibre parfait entre confort, \u00e9conomie de carburant et design dernier cri avec la Nissan Sunny 2021 de Driver Car Rental. Cette berline compacte est pr\u00eate \u00e0 r\u00e9pondre \u00e0 tous vos d\u00e9sirs de conduite et est donc parfaite pour la ville et les croisi\u00e8res \u00e0 grande vitesse. Performance et efficacit\u00e9 : Le Nissan Sunny 2021 [&hellip;]<\/p>\n","protected":false},"featured_media":12952,"template":"","meta":{"_acf_changed":false},"product_cat":[73],"product_tag":[],"acf":[],"yoast_head":"<!-- This site is optimized with the Yoast SEO plugin v23.7 - https:\/\/yoast.com\/wordpress\/plugins\/seo\/ -->\n<title>Nissan Sunny 2021 Compact Elegance Redefined<\/title>\n<meta name=\"description\" content=\"The Nissan Sunny 2021 blends modern design, advanced technology, and exceptional fuel efficiency for a smooth, stylish ride.\" \/>\n<meta name=\"robots\" content=\"noindex, nofollow\" \/>\n<meta property=\"og:locale\" content=\"en_US\" \/>\n<meta property=\"og:type\" content=\"article\" \/>\n<meta property=\"og:title\" content=\"Nissan Sunny 2021 Compact Elegance Redefined\" \/>\n<meta property=\"og:description\" content=\"The Nissan Sunny 2021 blends modern design, advanced technology, and exceptional fuel efficiency for a smooth, stylish ride.\" \/>\n<meta property=\"og:url\" content=\"https:\/\/drivercarrental.ae\/fr\/product\/nissan-sunny-2021\/\" \/>\n<meta property=\"og:site_name\" content=\"DCR\" \/>\n<meta property=\"article:publisher\" content=\"https:\/\/www.facebook.com\/DriverCarRentalUAE\" \/>\n<meta property=\"article:modified_time\" content=\"2024-12-04T13:01:23+00:00\" \/>\n<meta property=\"og:image\" content=\"https:\/\/drivercarrental.ae\/fr\/wp-content\/uploads\/2024\/06\/Nissan_Sunny_2021-2.jpg\" \/>\n\t<meta property=\"og:image:width\" content=\"450\" \/>\n\t<meta property=\"og:image:height\" content=\"395\" \/>\n\t<meta property=\"og:image:type\" content=\"image\/jpeg\" \/>\n<meta name=\"twitter:card\" content=\"summary_large_image\" \/>\n<meta name=\"twitter:label1\" content=\"Est. reading time\" \/>\n\t<meta name=\"twitter:data1\" content=\"3 minutes\" \/>\n<script type=\"application\/ld+json\" class=\"yoast-schema-graph\">{\"@context\":\"https:\/\/schema.org\",\"@graph\":[{\"@type\":\"WebPage\",\"@id\":\"https:\/\/drivercarrental.ae\/fr\/product\/nissan-sunny-2021\/\",\"url\":\"https:\/\/drivercarrental.ae\/fr\/product\/nissan-sunny-2021\/\",\"name\":\"Nissan Sunny 2021 Compact Elegance Redefined\",\"isPartOf\":{\"@id\":\"https:\/\/drivercarrental.ae\/fr\/#website\"},\"primaryImageOfPage\":{\"@id\":\"https:\/\/drivercarrental.ae\/fr\/product\/nissan-sunny-2021\/#primaryimage\"},\"image\":{\"@id\":\"https:\/\/drivercarrental.ae\/fr\/product\/nissan-sunny-2021\/#primaryimage\"},\"thumbnailUrl\":\"https:\/\/drivercarrental.ae\/fr\/wp-content\/uploads\/2024\/06\/Nissan_Sunny_2021-2.jpg\",\"datePublished\":\"2024-06-12T18:16:01+00:00\",\"dateModified\":\"2024-12-04T13:01:23+00:00\",\"description\":\"The Nissan Sunny 2021 blends modern design, advanced technology, and exceptional fuel efficiency for a smooth, stylish ride.\",\"breadcrumb\":{\"@id\":\"https:\/\/drivercarrental.ae\/fr\/product\/nissan-sunny-2021\/#breadcrumb\"},\"inLanguage\":\"en-US\",\"potentialAction\":[{\"@type\":\"ReadAction\",\"target\":[\"https:\/\/drivercarrental.ae\/fr\/product\/nissan-sunny-2021\/\"]}]},{\"@type\":\"ImageObject\",\"inLanguage\":\"en-US\",\"@id\":\"https:\/\/drivercarrental.ae\/fr\/product\/nissan-sunny-2021\/#primaryimage\",\"url\":\"https:\/\/drivercarrental.ae\/fr\/wp-content\/uploads\/2024\/06\/Nissan_Sunny_2021-2.jpg\",\"contentUrl\":\"https:\/\/drivercarrental.ae\/fr\/wp-content\/uploads\/2024\/06\/Nissan_Sunny_2021-2.jpg\",\"width\":450,\"height\":395},{\"@type\":\"BreadcrumbList\",\"@id\":\"https:\/\/drivercarrental.ae\/fr\/product\/nissan-sunny-2021\/#breadcrumb\",\"itemListElement\":[{\"@type\":\"ListItem\",\"position\":1,\"name\":\"Home\",\"item\":\"https:\/\/drivercarrental.ae\/fr\/\"},{\"@type\":\"ListItem\",\"position\":2,\"name\":\"Store\",\"item\":\"https:\/\/drivercarrental.ae\/fr\/shop\/\"},{\"@type\":\"ListItem\",\"position\":3,\"name\":\"NISSAN\u00a0SUNNY 2021\"}]},{\"@type\":\"WebSite\",\"@id\":\"https:\/\/drivercarrental.ae\/fr\/#website\",\"url\":\"https:\/\/drivercarrental.ae\/fr\/\",\"name\":\"Driver Car Rental Dubai\",\"description\":\"Driver Car Rental  Dubai\",\"publisher\":{\"@id\":\"https:\/\/drivercarrental.ae\/fr\/#organization\"},\"alternateName\":\"Cheapest Car Rental Dubai\",\"potentialAction\":[{\"@type\":\"SearchAction\",\"target\":{\"@type\":\"EntryPoint\",\"urlTemplate\":\"https:\/\/drivercarrental.ae\/fr\/?s={search_term_string}\"},\"query-input\":{\"@type\":\"PropertyValueSpecification\",\"valueRequired\":true,\"valueName\":\"search_term_string\"}}],\"inLanguage\":\"en-US\"},{\"@type\":\"Organization\",\"@id\":\"https:\/\/drivercarrental.ae\/fr\/#organization\",\"name\":\"Driver Car Rental Dubai\",\"alternateName\":\"Cheapest Car Rental Dubai\",\"url\":\"https:\/\/drivercarrental.ae\/fr\/\",\"logo\":{\"@type\":\"ImageObject\",\"inLanguage\":\"en-US\",\"@id\":\"https:\/\/drivercarrental.ae\/fr\/#\/schema\/logo\/image\/\",\"url\":\"https:\/\/drivercarrental.ae\/fr\/wp-content\/uploads\/2024\/07\/5001-1oo09iuh.png\",\"contentUrl\":\"https:\/\/drivercarrental.ae\/fr\/wp-content\/uploads\/2024\/07\/5001-1oo09iuh.png\",\"width\":500,\"height\":500,\"caption\":\"Driver Car Rental Dubai\"},\"image\":{\"@id\":\"https:\/\/drivercarrental.ae\/fr\/#\/schema\/logo\/image\/\"},\"sameAs\":[\"https:\/\/www.facebook.com\/DriverCarRentalUAE\"]}]}<\/script>\n<!-- \/ Yoast SEO plugin. -->","yoast_head_json":{"title":"Nissan Sunny 2021 Compact Elegance Redefined","description":"The Nissan Sunny 2021 blends modern design, advanced technology, and exceptional fuel efficiency for a smooth, stylish ride.","robots":{"index":"noindex","follow":"nofollow"},"og_locale":"en_US","og_type":"article","og_title":"Nissan Sunny 2021 Compact Elegance Redefined","og_description":"The Nissan Sunny 2021 blends modern design, advanced technology, and exceptional fuel efficiency for a smooth, stylish ride.","og_url":"https:\/\/drivercarrental.ae\/fr\/product\/nissan-sunny-2021\/","og_site_name":"DCR","article_publisher":"https:\/\/www.facebook.com\/DriverCarRentalUAE","article_modified_time":"2024-12-04T13:01:23+00:00","og_image":[{"width":450,"height":395,"url":"https:\/\/drivercarrental.ae\/fr\/wp-content\/uploads\/2024\/06\/Nissan_Sunny_2021-2.jpg","type":"image\/jpeg"}],"twitter_card":"summary_large_image","twitter_misc":{"Est. reading time":"3 minutes"},"schema":{"@context":"https:\/\/schema.org","@graph":[{"@type":"WebPage","@id":"https:\/\/drivercarrental.ae\/fr\/product\/nissan-sunny-2021\/","url":"https:\/\/drivercarrental.ae\/fr\/product\/nissan-sunny-2021\/","name":"Nissan Sunny 2021 Compact Elegance Redefined","isPartOf":{"@id":"https:\/\/drivercarrental.ae\/fr\/#website"},"primaryImageOfPage":{"@id":"https:\/\/drivercarrental.ae\/fr\/product\/nissan-sunny-2021\/#primaryimage"},"image":{"@id":"https:\/\/drivercarrental.ae\/fr\/product\/nissan-sunny-2021\/#primaryimage"},"thumbnailUrl":"https:\/\/drivercarrental.ae\/fr\/wp-content\/uploads\/2024\/06\/Nissan_Sunny_2021-2.jpg","datePublished":"2024-06-12T18:16:01+00:00","dateModified":"2024-12-04T13:01:23+00:00","description":"The Nissan Sunny 2021 blends modern design, advanced technology, and exceptional fuel efficiency for a smooth, stylish ride.","breadcrumb":{"@id":"https:\/\/drivercarrental.ae\/fr\/product\/nissan-sunny-2021\/#breadcrumb"},"inLanguage":"en-US","potentialAction":[{"@type":"ReadAction","target":["https:\/\/drivercarrental.ae\/fr\/product\/nissan-sunny-2021\/"]}]},{"@type":"ImageObject","inLanguage":"en-US","@id":"https:\/\/drivercarrental.ae\/fr\/product\/nissan-sunny-2021\/#primaryimage","url":"https:\/\/drivercarrental.ae\/fr\/wp-content\/uploads\/2024\/06\/Nissan_Sunny_2021-2.jpg","contentUrl":"https:\/\/drivercarrental.ae\/fr\/wp-content\/uploads\/2024\/06\/Nissan_Sunny_2021-2.jpg","width":450,"height":395},{"@type":"BreadcrumbList","@id":"https:\/\/drivercarrental.ae\/fr\/product\/nissan-sunny-2021\/#breadcrumb","itemListElement":[{"@type":"ListItem","position":1,"name":"Home","item":"https:\/\/drivercarrental.ae\/fr\/"},{"@type":"ListItem","position":2,"name":"Store","item":"https:\/\/drivercarrental.ae\/fr\/shop\/"},{"@type":"ListItem","position":3,"name":"NISSAN\u00a0SUNNY 2021"}]},{"@type":"WebSite","@id":"https:\/\/drivercarrental.ae\/fr\/#website","url":"https:\/\/drivercarrental.ae\/fr\/","name":"Driver Car Rental Dubai","description":"Driver Car Rental  Dubai","publisher":{"@id":"https:\/\/drivercarrental.ae\/fr\/#organization"},"alternateName":"Cheapest Car Rental Dubai","potentialAction":[{"@type":"SearchAction","target":{"@type":"EntryPoint","urlTemplate":"https:\/\/drivercarrental.ae\/fr\/?s={search_term_string}"},"query-input":{"@type":"PropertyValueSpecification","valueRequired":true,"valueName":"search_term_string"}}],"inLanguage":"en-US"},{"@type":"Organization","@id":"https:\/\/drivercarrental.ae\/fr\/#organization","name":"Driver Car Rental Dubai","alternateName":"Cheapest Car Rental Dubai","url":"https:\/\/drivercarrental.ae\/fr\/","logo":{"@type":"ImageObject","inLanguage":"en-US","@id":"https:\/\/drivercarrental.ae\/fr\/#\/schema\/logo\/image\/","url":"https:\/\/drivercarrental.ae\/fr\/wp-content\/uploads\/2024\/07\/5001-1oo09iuh.png","contentUrl":"https:\/\/drivercarrental.ae\/fr\/wp-content\/uploads\/2024\/07\/5001-1oo09iuh.png","width":500,"height":500,"caption":"Driver Car Rental Dubai"},"image":{"@id":"https:\/\/drivercarrental.ae\/fr\/#\/schema\/logo\/image\/"},"sameAs":["https:\/\/www.facebook.com\/DriverCarRentalUAE"]}]}},"_links":{"self":[{"href":"https:\/\/drivercarrental.ae\/fr\/wp-json\/wp\/v2\/product\/11488"}],"collection":[{"href":"https:\/\/drivercarrental.ae\/fr\/wp-json\/wp\/v2\/product"}],"about":[{"href":"https:\/\/drivercarrental.ae\/fr\/wp-json\/wp\/v2\/types\/product"}],"wp:featuredmedia":[{"embeddable":true,"href":"https:\/\/drivercarrental.ae\/fr\/wp-json\/wp\/v2\/media\/12952"}],"wp:attachment":[{"href":"https:\/\/drivercarrental.ae\/fr\/wp-json\/wp\/v2\/media?parent=11488"}],"wp:term":[{"taxonomy":"product_cat","embeddable":true,"href":"https:\/\/drivercarrental.ae\/fr\/wp-json\/wp\/v2\/product_cat?post=11488"},{"taxonomy":"product_tag","embeddable":true,"href":"https:\/\/drivercarrental.ae\/fr\/wp-json\/wp\/v2\/product_tag?post=11488"}],"curies":[{"name":"wp","href":"https:\/\/api.w.org\/{rel}","templated":true}]}}