{"id":11490,"date":"2024-06-12T22:19:39","date_gmt":"2024-06-12T18:19:39","guid":{"rendered":"https:\/\/drivercarrental.ae\/fr\/?post_type=product&#038;p=11490"},"modified":"2024-12-04T16:59:08","modified_gmt":"2024-12-04T12:59:08","slug":"nissan-versa-2020","status":"publish","type":"product","link":"https:\/\/drivercarrental.ae\/fr\/product\/nissan-versa-2020\/","title":{"rendered":"NISSAN\u00a0VERSA 2020"},"content":{"rendered":"<p>Procurez-vous d\u00e8s aujourd&#8217;hui la Nissan Versa 2020 pour vos besoins de conduite \u00e0 Duba\u00ef aupr\u00e8s de Driver Car Rental. Cette voiture a une bonne \u00e9conomie de carburant, un bon int\u00e9rieur, est tr\u00e8s confortable et est dot\u00e9e des derni\u00e8res fonctionnalit\u00e9s technologiques et est parfaite pour les longs trajets ainsi que pour une utilisation quotidienne.<\/p>\n<p>La Nissan Versa 2020 dispose \u00e9galement d&#8217;un int\u00e9rieur en cuir riche et \u00e9l\u00e9gant qui offre un confort tout en pouvant accueillir cinq passagers. Les \u00e9quipements de base dont dispose la voiture sont les vitres \u00e9lectriques, le Bluetooth, le lecteur FM\/CD, les capteurs de stationnement et les phares antibrouillard. La s\u00e9curit\u00e9 est \u00e9galement disponible avec les airbags ABS et SRS. Bien qu&#8217;elle ne dispose pas de toit ouvrant ni de cam\u00e9ra de recul, la Versa compense ces lacunes par sa durabilit\u00e9 et sa qualit\u00e9 de conduite agr\u00e9able.<\/p>\n<h2>Pourquoi nous choisir?<\/h2>\n<p>Driver Car Rental a pour objectif de proposer les meilleurs mod\u00e8les de voitures et les meilleurs services \u00e0 ses clients au meilleur prix. Notre exp\u00e9rience dans le domaine et notre flotte fiable nous permettent de fournir un service de location orient\u00e9 client pour tout type de besoin que vous pourriez avoir \u00e0 Duba\u00ef.<\/p>\n<p><span class=\"\">Tarifs de location abordables : Profitez de la Nissan Versa 2020 \u00e0 des tarifs de location comp\u00e9titifs : Pour une base journali\u00e8re, le co\u00fbt s&#8217;\u00e9l\u00e8ve \u00e0 80 AED tandis que les co\u00fbts hebdomadaires sont \u00e9valu\u00e9s \u00e0 530 AED et le co\u00fbt mensuel \u00e0 une moyenne de 1400 AED. Il est essentiel de soumettre un d\u00e9p\u00f4t de garantie initial de 1500 AED, qui peut \u00eatre effectu\u00e9 en esp\u00e8ces ou en utilisant une carte de cr\u00e9dit.<\/span><\/p>\n<p>Les autres frais comprennent les \u00ab kilom\u00e8tres suppl\u00e9mentaires \u00bb au tarif standard de 0,50 AED par kilom\u00e8tre et les frais de p\u00e9age de 5 AED. Les autres services suppl\u00e9mentaires comprennent le SCDW \u00e0 300 AED et le si\u00e8ge b\u00e9b\u00e9 \u00e0 150 AED par mois.<\/p>\n<h2>FAQ<\/h2>\n<p><strong>1. Est-il possible de restituer la voiture \u00e0 un autre endroit ?<\/strong><\/p>\n<p>Oui, nous avons des politiques de retour flexibles, ouvertes et diversifi\u00e9es. Nous encourageons les clients \u00e0 contacter notre service client pour voir s&#8217;il y a un changement dans notre adresse de retour et confirmer les frais suppl\u00e9mentaires.<\/p>\n<p><strong>2. L\u2019assistance routi\u00e8re est-elle disponible ?<\/strong><\/p>\n<p>Oui, nous disposons d&#8217;une assistance routi\u00e8re disponible 24 heures sur 24 pour garantir que vous soyez assist\u00e9 en cas de complications tout au long de votre p\u00e9riode de location.<\/p>\n<p><strong>3. Puis-je prolonger la dur\u00e9e de location ?<\/strong><\/p>\n<p>Oui, vous pouvez prolonger la p\u00e9riode de location selon vos besoins, \u00e0 condition que d&#8217;autres clients n&#8217;aient pas r\u00e9serv\u00e9 la ressource. Vous devez contacter le service client et vous renseigner sur la possibilit\u00e9 d&#8217;une prolongation ainsi que sur les co\u00fbts impliqu\u00e9s.<\/p>\n","protected":false},"excerpt":{"rendered":"<p>Procurez-vous d\u00e8s aujourd&#8217;hui la Nissan Versa 2020 pour vos besoins de conduite \u00e0 Duba\u00ef aupr\u00e8s de Driver Car Rental. Cette voiture a une bonne \u00e9conomie de carburant, un bon int\u00e9rieur, est tr\u00e8s confortable et est dot\u00e9e des derni\u00e8res fonctionnalit\u00e9s technologiques et est parfaite pour les longs trajets ainsi que pour une utilisation quotidienne. La Nissan [&hellip;]<\/p>\n","protected":false},"featured_media":12649,"template":"","meta":{"_acf_changed":false},"product_cat":[73],"product_tag":[],"acf":[],"yoast_head":"<!-- This site is optimized with the Yoast SEO plugin v23.7 - https:\/\/yoast.com\/wordpress\/plugins\/seo\/ -->\n<title>The compact and efficient Nissan Versa 2020.<\/title>\n<meta name=\"description\" content=\"Discover the 2020 Nissan Versa, a compact car that offers impressive fuel efficiency, modern tech features, and a comfortable ride.\" \/>\n<meta name=\"robots\" content=\"noindex, nofollow\" \/>\n<meta property=\"og:locale\" content=\"en_US\" \/>\n<meta property=\"og:type\" content=\"article\" \/>\n<meta property=\"og:title\" content=\"The compact and efficient Nissan Versa 2020.\" \/>\n<meta property=\"og:description\" content=\"Discover the 2020 Nissan Versa, a compact car that offers impressive fuel efficiency, modern tech features, and a comfortable ride.\" \/>\n<meta property=\"og:url\" content=\"https:\/\/drivercarrental.ae\/fr\/product\/nissan-versa-2020\/\" \/>\n<meta property=\"og:site_name\" content=\"DCR\" \/>\n<meta property=\"article:publisher\" content=\"https:\/\/www.facebook.com\/DriverCarRentalUAE\" \/>\n<meta property=\"article:modified_time\" content=\"2024-12-04T12:59:08+00:00\" \/>\n<meta property=\"og:image\" content=\"https:\/\/drivercarrental.ae\/fr\/wp-content\/uploads\/2024\/06\/NISSAN-VERSA-2020-red-Dubai.webp\" \/>\n\t<meta property=\"og:image:width\" content=\"634\" \/>\n\t<meta property=\"og:image:height\" content=\"396\" \/>\n\t<meta property=\"og:image:type\" content=\"image\/webp\" \/>\n<meta name=\"twitter:card\" content=\"summary_large_image\" \/>\n<meta name=\"twitter:label1\" content=\"Est. reading time\" \/>\n\t<meta name=\"twitter:data1\" content=\"3 minutes\" \/>\n<script type=\"application\/ld+json\" class=\"yoast-schema-graph\">{\"@context\":\"https:\/\/schema.org\",\"@graph\":[{\"@type\":\"WebPage\",\"@id\":\"https:\/\/drivercarrental.ae\/fr\/product\/nissan-versa-2020\/\",\"url\":\"https:\/\/drivercarrental.ae\/fr\/product\/nissan-versa-2020\/\",\"name\":\"The compact and efficient Nissan Versa 2020.\",\"isPartOf\":{\"@id\":\"https:\/\/drivercarrental.ae\/fr\/#website\"},\"primaryImageOfPage\":{\"@id\":\"https:\/\/drivercarrental.ae\/fr\/product\/nissan-versa-2020\/#primaryimage\"},\"image\":{\"@id\":\"https:\/\/drivercarrental.ae\/fr\/product\/nissan-versa-2020\/#primaryimage\"},\"thumbnailUrl\":\"https:\/\/drivercarrental.ae\/fr\/wp-content\/uploads\/2024\/06\/NISSAN-VERSA-2020-red-Dubai.webp\",\"datePublished\":\"2024-06-12T18:19:39+00:00\",\"dateModified\":\"2024-12-04T12:59:08+00:00\",\"description\":\"Discover the 2020 Nissan Versa, a compact car that offers impressive fuel efficiency, modern tech features, and a comfortable ride.\",\"breadcrumb\":{\"@id\":\"https:\/\/drivercarrental.ae\/fr\/product\/nissan-versa-2020\/#breadcrumb\"},\"inLanguage\":\"en-US\",\"potentialAction\":[{\"@type\":\"ReadAction\",\"target\":[\"https:\/\/drivercarrental.ae\/fr\/product\/nissan-versa-2020\/\"]}]},{\"@type\":\"ImageObject\",\"inLanguage\":\"en-US\",\"@id\":\"https:\/\/drivercarrental.ae\/fr\/product\/nissan-versa-2020\/#primaryimage\",\"url\":\"https:\/\/drivercarrental.ae\/fr\/wp-content\/uploads\/2024\/06\/NISSAN-VERSA-2020-red-Dubai.webp\",\"contentUrl\":\"https:\/\/drivercarrental.ae\/fr\/wp-content\/uploads\/2024\/06\/NISSAN-VERSA-2020-red-Dubai.webp\",\"width\":634,\"height\":396,\"caption\":\"NISSAN VERSA 2020 red Dubai\"},{\"@type\":\"BreadcrumbList\",\"@id\":\"https:\/\/drivercarrental.ae\/fr\/product\/nissan-versa-2020\/#breadcrumb\",\"itemListElement\":[{\"@type\":\"ListItem\",\"position\":1,\"name\":\"Home\",\"item\":\"https:\/\/drivercarrental.ae\/fr\/\"},{\"@type\":\"ListItem\",\"position\":2,\"name\":\"Store\",\"item\":\"https:\/\/drivercarrental.ae\/fr\/shop\/\"},{\"@type\":\"ListItem\",\"position\":3,\"name\":\"NISSAN\u00a0VERSA 2020\"}]},{\"@type\":\"WebSite\",\"@id\":\"https:\/\/drivercarrental.ae\/fr\/#website\",\"url\":\"https:\/\/drivercarrental.ae\/fr\/\",\"name\":\"Driver Car Rental Dubai\",\"description\":\"Driver Car Rental  Dubai\",\"publisher\":{\"@id\":\"https:\/\/drivercarrental.ae\/fr\/#organization\"},\"alternateName\":\"Cheapest Car Rental Dubai\",\"potentialAction\":[{\"@type\":\"SearchAction\",\"target\":{\"@type\":\"EntryPoint\",\"urlTemplate\":\"https:\/\/drivercarrental.ae\/fr\/?s={search_term_string}\"},\"query-input\":{\"@type\":\"PropertyValueSpecification\",\"valueRequired\":true,\"valueName\":\"search_term_string\"}}],\"inLanguage\":\"en-US\"},{\"@type\":\"Organization\",\"@id\":\"https:\/\/drivercarrental.ae\/fr\/#organization\",\"name\":\"Driver Car Rental Dubai\",\"alternateName\":\"Cheapest Car Rental Dubai\",\"url\":\"https:\/\/drivercarrental.ae\/fr\/\",\"logo\":{\"@type\":\"ImageObject\",\"inLanguage\":\"en-US\",\"@id\":\"https:\/\/drivercarrental.ae\/fr\/#\/schema\/logo\/image\/\",\"url\":\"https:\/\/drivercarrental.ae\/fr\/wp-content\/uploads\/2024\/07\/5001-1oo09iuh.png\",\"contentUrl\":\"https:\/\/drivercarrental.ae\/fr\/wp-content\/uploads\/2024\/07\/5001-1oo09iuh.png\",\"width\":500,\"height\":500,\"caption\":\"Driver Car Rental Dubai\"},\"image\":{\"@id\":\"https:\/\/drivercarrental.ae\/fr\/#\/schema\/logo\/image\/\"},\"sameAs\":[\"https:\/\/www.facebook.com\/DriverCarRentalUAE\"]}]}<\/script>\n<!-- \/ Yoast SEO plugin. -->","yoast_head_json":{"title":"The compact and efficient Nissan Versa 2020.","description":"Discover the 2020 Nissan Versa, a compact car that offers impressive fuel efficiency, modern tech features, and a comfortable ride.","robots":{"index":"noindex","follow":"nofollow"},"og_locale":"en_US","og_type":"article","og_title":"The compact and efficient Nissan Versa 2020.","og_description":"Discover the 2020 Nissan Versa, a compact car that offers impressive fuel efficiency, modern tech features, and a comfortable ride.","og_url":"https:\/\/drivercarrental.ae\/fr\/product\/nissan-versa-2020\/","og_site_name":"DCR","article_publisher":"https:\/\/www.facebook.com\/DriverCarRentalUAE","article_modified_time":"2024-12-04T12:59:08+00:00","og_image":[{"width":634,"height":396,"url":"https:\/\/drivercarrental.ae\/fr\/wp-content\/uploads\/2024\/06\/NISSAN-VERSA-2020-red-Dubai.webp","type":"image\/webp"}],"twitter_card":"summary_large_image","twitter_misc":{"Est. reading time":"3 minutes"},"schema":{"@context":"https:\/\/schema.org","@graph":[{"@type":"WebPage","@id":"https:\/\/drivercarrental.ae\/fr\/product\/nissan-versa-2020\/","url":"https:\/\/drivercarrental.ae\/fr\/product\/nissan-versa-2020\/","name":"The compact and efficient Nissan Versa 2020.","isPartOf":{"@id":"https:\/\/drivercarrental.ae\/fr\/#website"},"primaryImageOfPage":{"@id":"https:\/\/drivercarrental.ae\/fr\/product\/nissan-versa-2020\/#primaryimage"},"image":{"@id":"https:\/\/drivercarrental.ae\/fr\/product\/nissan-versa-2020\/#primaryimage"},"thumbnailUrl":"https:\/\/drivercarrental.ae\/fr\/wp-content\/uploads\/2024\/06\/NISSAN-VERSA-2020-red-Dubai.webp","datePublished":"2024-06-12T18:19:39+00:00","dateModified":"2024-12-04T12:59:08+00:00","description":"Discover the 2020 Nissan Versa, a compact car that offers impressive fuel efficiency, modern tech features, and a comfortable ride.","breadcrumb":{"@id":"https:\/\/drivercarrental.ae\/fr\/product\/nissan-versa-2020\/#breadcrumb"},"inLanguage":"en-US","potentialAction":[{"@type":"ReadAction","target":["https:\/\/drivercarrental.ae\/fr\/product\/nissan-versa-2020\/"]}]},{"@type":"ImageObject","inLanguage":"en-US","@id":"https:\/\/drivercarrental.ae\/fr\/product\/nissan-versa-2020\/#primaryimage","url":"https:\/\/drivercarrental.ae\/fr\/wp-content\/uploads\/2024\/06\/NISSAN-VERSA-2020-red-Dubai.webp","contentUrl":"https:\/\/drivercarrental.ae\/fr\/wp-content\/uploads\/2024\/06\/NISSAN-VERSA-2020-red-Dubai.webp","width":634,"height":396,"caption":"NISSAN VERSA 2020 red Dubai"},{"@type":"BreadcrumbList","@id":"https:\/\/drivercarrental.ae\/fr\/product\/nissan-versa-2020\/#breadcrumb","itemListElement":[{"@type":"ListItem","position":1,"name":"Home","item":"https:\/\/drivercarrental.ae\/fr\/"},{"@type":"ListItem","position":2,"name":"Store","item":"https:\/\/drivercarrental.ae\/fr\/shop\/"},{"@type":"ListItem","position":3,"name":"NISSAN\u00a0VERSA 2020"}]},{"@type":"WebSite","@id":"https:\/\/drivercarrental.ae\/fr\/#website","url":"https:\/\/drivercarrental.ae\/fr\/","name":"Driver Car Rental Dubai","description":"Driver Car Rental  Dubai","publisher":{"@id":"https:\/\/drivercarrental.ae\/fr\/#organization"},"alternateName":"Cheapest Car Rental Dubai","potentialAction":[{"@type":"SearchAction","target":{"@type":"EntryPoint","urlTemplate":"https:\/\/drivercarrental.ae\/fr\/?s={search_term_string}"},"query-input":{"@type":"PropertyValueSpecification","valueRequired":true,"valueName":"search_term_string"}}],"inLanguage":"en-US"},{"@type":"Organization","@id":"https:\/\/drivercarrental.ae\/fr\/#organization","name":"Driver Car Rental Dubai","alternateName":"Cheapest Car Rental Dubai","url":"https:\/\/drivercarrental.ae\/fr\/","logo":{"@type":"ImageObject","inLanguage":"en-US","@id":"https:\/\/drivercarrental.ae\/fr\/#\/schema\/logo\/image\/","url":"https:\/\/drivercarrental.ae\/fr\/wp-content\/uploads\/2024\/07\/5001-1oo09iuh.png","contentUrl":"https:\/\/drivercarrental.ae\/fr\/wp-content\/uploads\/2024\/07\/5001-1oo09iuh.png","width":500,"height":500,"caption":"Driver Car Rental Dubai"},"image":{"@id":"https:\/\/drivercarrental.ae\/fr\/#\/schema\/logo\/image\/"},"sameAs":["https:\/\/www.facebook.com\/DriverCarRentalUAE"]}]}},"_links":{"self":[{"href":"https:\/\/drivercarrental.ae\/fr\/wp-json\/wp\/v2\/product\/11490"}],"collection":[{"href":"https:\/\/drivercarrental.ae\/fr\/wp-json\/wp\/v2\/product"}],"about":[{"href":"https:\/\/drivercarrental.ae\/fr\/wp-json\/wp\/v2\/types\/product"}],"wp:featuredmedia":[{"embeddable":true,"href":"https:\/\/drivercarrental.ae\/fr\/wp-json\/wp\/v2\/media\/12649"}],"wp:attachment":[{"href":"https:\/\/drivercarrental.ae\/fr\/wp-json\/wp\/v2\/media?parent=11490"}],"wp:term":[{"taxonomy":"product_cat","embeddable":true,"href":"https:\/\/drivercarrental.ae\/fr\/wp-json\/wp\/v2\/product_cat?post=11490"},{"taxonomy":"product_tag","embeddable":true,"href":"https:\/\/drivercarrental.ae\/fr\/wp-json\/wp\/v2\/product_tag?post=11490"}],"curies":[{"name":"wp","href":"https:\/\/api.w.org\/{rel}","templated":true}]}}