{"id":11492,"date":"2024-06-12T22:23:48","date_gmt":"2024-06-12T18:23:48","guid":{"rendered":"https:\/\/drivercarrental.ae\/fr\/?post_type=product&#038;p=11492"},"modified":"2024-12-04T16:58:33","modified_gmt":"2024-12-04T12:58:33","slug":"mitsubishi-attrage-2024","status":"publish","type":"product","link":"https:\/\/drivercarrental.ae\/fr\/product\/mitsubishi-attrage-2024\/","title":{"rendered":"MITSUBISHI\u00a0ATTRAGE 2024"},"content":{"rendered":"<p>Driver Car Rental propose la location de la Mitsubishi Attrage 2024 pour une exp\u00e9rience de conduite parfaite \u00e0 Duba\u00ef, aux \u00c9mirats arabes unis. Ce mod\u00e8le est une option de location de voiture \u00e9l\u00e9gante, en particulier si le locataire recherche une berline compacte efficace, dot\u00e9e de gadgets et de fonctionnalit\u00e9s modernes et d&#8217;int\u00e9rieurs confortables pour les locations de voiture \u00e0 court ou \u00e0 long terme.<\/p>\n<p>Le Mitsubishi Attrage 2024 est \u00e9quip\u00e9 d&#8217;un moteur coupl\u00e9 \u00e0 un syst\u00e8me de transmission automatique. Cette beaut\u00e9 est \u00e9quip\u00e9e d&#8217;un moteur \u00e0 essence \u00e9conome en carburant qui vous offre une conduite en douceur, que ce soit pour la ville ou pour d&#8217;autres excursions d&#8217;une journ\u00e9e, \u00e0 un prix abordable.<\/p>\n<p>L&#8217;Attrage 2024 est livr\u00e9 avec des si\u00e8ges en cuir \u00e9l\u00e9gants et spacieux pour 5 passagers, dans lesquels ils peuvent s&#8217;asseoir confortablement. La voiture poss\u00e8de des caract\u00e9ristiques g\u00e9n\u00e9ralement associ\u00e9es aux voitures d&#8217;une cat\u00e9gorie sup\u00e9rieure, notamment\u00a0:<\/p>\n<h2>Pourquoi choisir Driver Car Rental ?<\/h2>\n<p>Driver Car Rental s&#8217;engage \u00e0 poss\u00e9der les flottes les plus r\u00e9centes et les meilleurs services \u00e0 des prix adapt\u00e9s. Nous disposons d&#8217;une flotte fiable de limousines, de voitures, de bus de f\u00eate et de SUV \u00e0 louer, tout en offrant un service de location centr\u00e9 sur le client \u00e0 Duba\u00ef.<\/p>\n<p>Profitez de la location du Mitsubishi Attrage 2024 \u00e0 des tarifs comp\u00e9titifs : il co\u00fbte 95 AED par jour, 530 AED par semaine et 1 500 AED par mois. Un d\u00e9p\u00f4t de garantie de 1 500 AED est requis ; vous pouvez facilement payer en esp\u00e8ces ou par carte de cr\u00e9dit. Les autres frais sont les kilom\u00e8tres suppl\u00e9mentaires au retour \u00e0 0,50 AED par kilom\u00e8tre et les frais de p\u00e9age\/Salik \u00e0 5 AED.<\/p>\n<h2>FAQ<\/h2>\n<p><strong>1. Que comprend la location du Mitsubishi Attrage 2024 ?<\/strong><\/p>\n<p>L&#8217;assurance et un kilom\u00e9trage limit\u00e9 sont inclus dans le prix de location, mais des options suppl\u00e9mentaires sont disponibles \u00e0 l&#8217;achat. Des frais suppl\u00e9mentaires sont factur\u00e9s pour les frais de service kilom\u00e9trique, les frais de p\u00e9age et les services suppl\u00e9mentaires tels que la SCDW et le si\u00e8ge b\u00e9b\u00e9.<\/p>\n<p><strong>2. Comment r\u00e9server Mitsubishi Attrage 2024 ?<\/strong><\/p>\n<p>Pour acheter le mod\u00e8le Mitsubishi Attrage 2024, vous pouvez le commander sur notre site Web ou avec l&#8217;aide de notre centre de contact. Fournissez vos dates de location, vos num\u00e9ros de t\u00e9l\u00e9phone et les documents qui seront n\u00e9cessaires pour finaliser le processus de r\u00e9servation.<\/p>\n<p><strong>3. Y a-t-il des frais suppl\u00e9mentaires ?<\/strong><\/p>\n<p>Non, tous les frais et charges sont clairement indiqu\u00e9s. Les autres d\u00e9penses sont les kilom\u00e8tres suppl\u00e9mentaires, les p\u00e9ages et d&#8217;autres services qui peuvent \u00eatre propos\u00e9s moyennant un co\u00fbt suppl\u00e9mentaire. Vous pouvez vous r\u00e9f\u00e9rer aux conditions g\u00e9n\u00e9rales pour des informations plus compl\u00e8tes.<\/p>\n","protected":false},"excerpt":{"rendered":"<p>Driver Car Rental propose la location de la Mitsubishi Attrage 2024 pour une exp\u00e9rience de conduite parfaite \u00e0 Duba\u00ef, aux \u00c9mirats arabes unis. Ce mod\u00e8le est une option de location de voiture \u00e9l\u00e9gante, en particulier si le locataire recherche une berline compacte efficace, dot\u00e9e de gadgets et de fonctionnalit\u00e9s modernes et d&#8217;int\u00e9rieurs confortables pour les [&hellip;]<\/p>\n","protected":false},"featured_media":12213,"template":"","meta":{"_acf_changed":false},"product_cat":[73],"product_tag":[],"acf":[],"yoast_head":"<!-- This site is optimized with the Yoast SEO plugin v23.7 - https:\/\/yoast.com\/wordpress\/plugins\/seo\/ -->\n<title>Mitsubishi Attrage 2024 Compact Efficiency<\/title>\n<meta name=\"description\" content=\"Discover the 2024 Mitsubishi Attrage, a fuel-efficient compact sedan that offers modern features, excellent mileage, and a sleek design.\" \/>\n<meta name=\"robots\" content=\"noindex, nofollow\" \/>\n<meta property=\"og:locale\" content=\"en_US\" \/>\n<meta property=\"og:type\" content=\"article\" \/>\n<meta property=\"og:title\" content=\"Mitsubishi Attrage 2024 Compact Efficiency\" \/>\n<meta property=\"og:description\" content=\"Discover the 2024 Mitsubishi Attrage, a fuel-efficient compact sedan that offers modern features, excellent mileage, and a sleek design.\" \/>\n<meta property=\"og:url\" content=\"https:\/\/drivercarrental.ae\/fr\/product\/mitsubishi-attrage-2024\/\" \/>\n<meta property=\"og:site_name\" content=\"DCR\" \/>\n<meta property=\"article:publisher\" content=\"https:\/\/www.facebook.com\/DriverCarRentalUAE\" \/>\n<meta property=\"article:modified_time\" content=\"2024-12-04T12:58:33+00:00\" \/>\n<meta property=\"og:image\" content=\"https:\/\/drivercarrental.ae\/fr\/wp-content\/uploads\/2024\/06\/MITSUBISHI-ATTRAGE-2024-Dubai.png\" \/>\n\t<meta property=\"og:image:width\" content=\"634\" \/>\n\t<meta property=\"og:image:height\" content=\"396\" \/>\n\t<meta property=\"og:image:type\" content=\"image\/png\" \/>\n<meta name=\"twitter:card\" content=\"summary_large_image\" \/>\n<meta name=\"twitter:label1\" content=\"Est. reading time\" \/>\n\t<meta name=\"twitter:data1\" content=\"3 minutes\" \/>\n<script type=\"application\/ld+json\" class=\"yoast-schema-graph\">{\"@context\":\"https:\/\/schema.org\",\"@graph\":[{\"@type\":\"WebPage\",\"@id\":\"https:\/\/drivercarrental.ae\/fr\/product\/mitsubishi-attrage-2024\/\",\"url\":\"https:\/\/drivercarrental.ae\/fr\/product\/mitsubishi-attrage-2024\/\",\"name\":\"Mitsubishi Attrage 2024 Compact Efficiency\",\"isPartOf\":{\"@id\":\"https:\/\/drivercarrental.ae\/fr\/#website\"},\"primaryImageOfPage\":{\"@id\":\"https:\/\/drivercarrental.ae\/fr\/product\/mitsubishi-attrage-2024\/#primaryimage\"},\"image\":{\"@id\":\"https:\/\/drivercarrental.ae\/fr\/product\/mitsubishi-attrage-2024\/#primaryimage\"},\"thumbnailUrl\":\"https:\/\/drivercarrental.ae\/fr\/wp-content\/uploads\/2024\/06\/MITSUBISHI-ATTRAGE-2024-Dubai.png\",\"datePublished\":\"2024-06-12T18:23:48+00:00\",\"dateModified\":\"2024-12-04T12:58:33+00:00\",\"description\":\"Discover the 2024 Mitsubishi Attrage, a fuel-efficient compact sedan that offers modern features, excellent mileage, and a sleek design.\",\"breadcrumb\":{\"@id\":\"https:\/\/drivercarrental.ae\/fr\/product\/mitsubishi-attrage-2024\/#breadcrumb\"},\"inLanguage\":\"en-US\",\"potentialAction\":[{\"@type\":\"ReadAction\",\"target\":[\"https:\/\/drivercarrental.ae\/fr\/product\/mitsubishi-attrage-2024\/\"]}]},{\"@type\":\"ImageObject\",\"inLanguage\":\"en-US\",\"@id\":\"https:\/\/drivercarrental.ae\/fr\/product\/mitsubishi-attrage-2024\/#primaryimage\",\"url\":\"https:\/\/drivercarrental.ae\/fr\/wp-content\/uploads\/2024\/06\/MITSUBISHI-ATTRAGE-2024-Dubai.png\",\"contentUrl\":\"https:\/\/drivercarrental.ae\/fr\/wp-content\/uploads\/2024\/06\/MITSUBISHI-ATTRAGE-2024-Dubai.png\",\"width\":634,\"height\":396,\"caption\":\"MITSUBISHI ATTRAGE 2024\"},{\"@type\":\"BreadcrumbList\",\"@id\":\"https:\/\/drivercarrental.ae\/fr\/product\/mitsubishi-attrage-2024\/#breadcrumb\",\"itemListElement\":[{\"@type\":\"ListItem\",\"position\":1,\"name\":\"Home\",\"item\":\"https:\/\/drivercarrental.ae\/fr\/\"},{\"@type\":\"ListItem\",\"position\":2,\"name\":\"Store\",\"item\":\"https:\/\/drivercarrental.ae\/fr\/shop\/\"},{\"@type\":\"ListItem\",\"position\":3,\"name\":\"MITSUBISHI\u00a0ATTRAGE 2024\"}]},{\"@type\":\"WebSite\",\"@id\":\"https:\/\/drivercarrental.ae\/fr\/#website\",\"url\":\"https:\/\/drivercarrental.ae\/fr\/\",\"name\":\"Driver Car Rental Dubai\",\"description\":\"Driver Car Rental  Dubai\",\"publisher\":{\"@id\":\"https:\/\/drivercarrental.ae\/fr\/#organization\"},\"alternateName\":\"Cheapest Car Rental Dubai\",\"potentialAction\":[{\"@type\":\"SearchAction\",\"target\":{\"@type\":\"EntryPoint\",\"urlTemplate\":\"https:\/\/drivercarrental.ae\/fr\/?s={search_term_string}\"},\"query-input\":{\"@type\":\"PropertyValueSpecification\",\"valueRequired\":true,\"valueName\":\"search_term_string\"}}],\"inLanguage\":\"en-US\"},{\"@type\":\"Organization\",\"@id\":\"https:\/\/drivercarrental.ae\/fr\/#organization\",\"name\":\"Driver Car Rental Dubai\",\"alternateName\":\"Cheapest Car Rental Dubai\",\"url\":\"https:\/\/drivercarrental.ae\/fr\/\",\"logo\":{\"@type\":\"ImageObject\",\"inLanguage\":\"en-US\",\"@id\":\"https:\/\/drivercarrental.ae\/fr\/#\/schema\/logo\/image\/\",\"url\":\"https:\/\/drivercarrental.ae\/fr\/wp-content\/uploads\/2024\/07\/5001-1oo09iuh.png\",\"contentUrl\":\"https:\/\/drivercarrental.ae\/fr\/wp-content\/uploads\/2024\/07\/5001-1oo09iuh.png\",\"width\":500,\"height\":500,\"caption\":\"Driver Car Rental Dubai\"},\"image\":{\"@id\":\"https:\/\/drivercarrental.ae\/fr\/#\/schema\/logo\/image\/\"},\"sameAs\":[\"https:\/\/www.facebook.com\/DriverCarRentalUAE\"]}]}<\/script>\n<!-- \/ Yoast SEO plugin. -->","yoast_head_json":{"title":"Mitsubishi Attrage 2024 Compact Efficiency","description":"Discover the 2024 Mitsubishi Attrage, a fuel-efficient compact sedan that offers modern features, excellent mileage, and a sleek design.","robots":{"index":"noindex","follow":"nofollow"},"og_locale":"en_US","og_type":"article","og_title":"Mitsubishi Attrage 2024 Compact Efficiency","og_description":"Discover the 2024 Mitsubishi Attrage, a fuel-efficient compact sedan that offers modern features, excellent mileage, and a sleek design.","og_url":"https:\/\/drivercarrental.ae\/fr\/product\/mitsubishi-attrage-2024\/","og_site_name":"DCR","article_publisher":"https:\/\/www.facebook.com\/DriverCarRentalUAE","article_modified_time":"2024-12-04T12:58:33+00:00","og_image":[{"width":634,"height":396,"url":"https:\/\/drivercarrental.ae\/fr\/wp-content\/uploads\/2024\/06\/MITSUBISHI-ATTRAGE-2024-Dubai.png","type":"image\/png"}],"twitter_card":"summary_large_image","twitter_misc":{"Est. reading time":"3 minutes"},"schema":{"@context":"https:\/\/schema.org","@graph":[{"@type":"WebPage","@id":"https:\/\/drivercarrental.ae\/fr\/product\/mitsubishi-attrage-2024\/","url":"https:\/\/drivercarrental.ae\/fr\/product\/mitsubishi-attrage-2024\/","name":"Mitsubishi Attrage 2024 Compact Efficiency","isPartOf":{"@id":"https:\/\/drivercarrental.ae\/fr\/#website"},"primaryImageOfPage":{"@id":"https:\/\/drivercarrental.ae\/fr\/product\/mitsubishi-attrage-2024\/#primaryimage"},"image":{"@id":"https:\/\/drivercarrental.ae\/fr\/product\/mitsubishi-attrage-2024\/#primaryimage"},"thumbnailUrl":"https:\/\/drivercarrental.ae\/fr\/wp-content\/uploads\/2024\/06\/MITSUBISHI-ATTRAGE-2024-Dubai.png","datePublished":"2024-06-12T18:23:48+00:00","dateModified":"2024-12-04T12:58:33+00:00","description":"Discover the 2024 Mitsubishi Attrage, a fuel-efficient compact sedan that offers modern features, excellent mileage, and a sleek design.","breadcrumb":{"@id":"https:\/\/drivercarrental.ae\/fr\/product\/mitsubishi-attrage-2024\/#breadcrumb"},"inLanguage":"en-US","potentialAction":[{"@type":"ReadAction","target":["https:\/\/drivercarrental.ae\/fr\/product\/mitsubishi-attrage-2024\/"]}]},{"@type":"ImageObject","inLanguage":"en-US","@id":"https:\/\/drivercarrental.ae\/fr\/product\/mitsubishi-attrage-2024\/#primaryimage","url":"https:\/\/drivercarrental.ae\/fr\/wp-content\/uploads\/2024\/06\/MITSUBISHI-ATTRAGE-2024-Dubai.png","contentUrl":"https:\/\/drivercarrental.ae\/fr\/wp-content\/uploads\/2024\/06\/MITSUBISHI-ATTRAGE-2024-Dubai.png","width":634,"height":396,"caption":"MITSUBISHI ATTRAGE 2024"},{"@type":"BreadcrumbList","@id":"https:\/\/drivercarrental.ae\/fr\/product\/mitsubishi-attrage-2024\/#breadcrumb","itemListElement":[{"@type":"ListItem","position":1,"name":"Home","item":"https:\/\/drivercarrental.ae\/fr\/"},{"@type":"ListItem","position":2,"name":"Store","item":"https:\/\/drivercarrental.ae\/fr\/shop\/"},{"@type":"ListItem","position":3,"name":"MITSUBISHI\u00a0ATTRAGE 2024"}]},{"@type":"WebSite","@id":"https:\/\/drivercarrental.ae\/fr\/#website","url":"https:\/\/drivercarrental.ae\/fr\/","name":"Driver Car Rental Dubai","description":"Driver Car Rental  Dubai","publisher":{"@id":"https:\/\/drivercarrental.ae\/fr\/#organization"},"alternateName":"Cheapest Car Rental Dubai","potentialAction":[{"@type":"SearchAction","target":{"@type":"EntryPoint","urlTemplate":"https:\/\/drivercarrental.ae\/fr\/?s={search_term_string}"},"query-input":{"@type":"PropertyValueSpecification","valueRequired":true,"valueName":"search_term_string"}}],"inLanguage":"en-US"},{"@type":"Organization","@id":"https:\/\/drivercarrental.ae\/fr\/#organization","name":"Driver Car Rental Dubai","alternateName":"Cheapest Car Rental Dubai","url":"https:\/\/drivercarrental.ae\/fr\/","logo":{"@type":"ImageObject","inLanguage":"en-US","@id":"https:\/\/drivercarrental.ae\/fr\/#\/schema\/logo\/image\/","url":"https:\/\/drivercarrental.ae\/fr\/wp-content\/uploads\/2024\/07\/5001-1oo09iuh.png","contentUrl":"https:\/\/drivercarrental.ae\/fr\/wp-content\/uploads\/2024\/07\/5001-1oo09iuh.png","width":500,"height":500,"caption":"Driver Car Rental Dubai"},"image":{"@id":"https:\/\/drivercarrental.ae\/fr\/#\/schema\/logo\/image\/"},"sameAs":["https:\/\/www.facebook.com\/DriverCarRentalUAE"]}]}},"_links":{"self":[{"href":"https:\/\/drivercarrental.ae\/fr\/wp-json\/wp\/v2\/product\/11492"}],"collection":[{"href":"https:\/\/drivercarrental.ae\/fr\/wp-json\/wp\/v2\/product"}],"about":[{"href":"https:\/\/drivercarrental.ae\/fr\/wp-json\/wp\/v2\/types\/product"}],"wp:featuredmedia":[{"embeddable":true,"href":"https:\/\/drivercarrental.ae\/fr\/wp-json\/wp\/v2\/media\/12213"}],"wp:attachment":[{"href":"https:\/\/drivercarrental.ae\/fr\/wp-json\/wp\/v2\/media?parent=11492"}],"wp:term":[{"taxonomy":"product_cat","embeddable":true,"href":"https:\/\/drivercarrental.ae\/fr\/wp-json\/wp\/v2\/product_cat?post=11492"},{"taxonomy":"product_tag","embeddable":true,"href":"https:\/\/drivercarrental.ae\/fr\/wp-json\/wp\/v2\/product_tag?post=11492"}],"curies":[{"name":"wp","href":"https:\/\/api.w.org\/{rel}","templated":true}]}}