{"id":11496,"date":"2024-06-12T22:35:26","date_gmt":"2024-06-12T18:35:26","guid":{"rendered":"https:\/\/drivercarrental.ae\/fr\/?post_type=product&#038;p=11496"},"modified":"2024-12-04T16:58:04","modified_gmt":"2024-12-04T12:58:04","slug":"mitsubishi-attrage-2023","status":"publish","type":"product","link":"https:\/\/drivercarrental.ae\/fr\/product\/mitsubishi-attrage-2023\/","title":{"rendered":"MITSUBISHI\u00a0ATTRAGE 2023"},"content":{"rendered":"<p>Faites l&#8217;exp\u00e9rience d&#8217;un niveau de conduite \u00e9lev\u00e9 avec la nouvelle Mitsubishi Attrage 2023; c&#8217;est un mod\u00e8le \u00e9l\u00e9gant qui offre efficacit\u00e9 et fonctionnalit\u00e9s innovantes. Ap203 Gestion automatique Le v\u00e9hicule id\u00e9al de cette entreprise pour les privil\u00e8ges de libre-service \u00e0 court et \u00e0 long terme, car il assure un m\u00e9lange de confort et de praticit\u00e9 d&#8217;une berline.<\/p>\n<p>La Mitsubishi Attrage 2023 est \u00e9quip\u00e9e d&#8217;un moteur \u00e0 essence de 1,2 litre et 1193 cm3 accompagn\u00e9 d&#8217;un syst\u00e8me de transmission automatique. Elle pr\u00e9sente une \u00e9conomie de carburant impressionnante, ce qui signifie que vous \u00eates assur\u00e9 d&#8217;une efficacit\u00e9 et d&#8217;une fiabilit\u00e9 tout en ayant \u00e0 d\u00e9penser une somme raisonnable en carburant. La maniabilit\u00e9 de l&#8217;Attrage sur les routes, en particulier dans les zones urbaines, ainsi que sur les autres autoroutes principales, est impressionnante.<\/p>\n<p>Jetez un \u0153il \u00e0 l&#8217;int\u00e9rieur de l&#8217;Attrage 2023, il est magnifique, il est fait de cuir de qualit\u00e9 et il offre suffisamment d&#8217;espace pour cinq passagers. Les caract\u00e9ristiques de confort comprennent des vitres \u00e9lectriques, une connectivit\u00e9 Bluetooth et un lecteur FM\/CD, ainsi que des capteurs de stationnement.<\/p>\n<h2>Pourquoi choisir la location de voiture avec chauffeur ?<\/h2>\n<p>Driver Car Rental est reconnu pour offrir des voitures bien entretenues ainsi que des services attrayants \u00e0 des prix raisonnables. Notre large flotte et notre d\u00e9vouement envers le locataire garantiront les meilleurs services de location en fonction de vos besoins.<\/p>\n<p>R\u00e9servez le Mitsubishi Attrage 2023 \u00e0 des tarifs comp\u00e9titifs : 75 AED par jour, 500 AED par semaine ou 1450 AED par mois. Un d\u00e9p\u00f4t de garantie de 1500 $ est requis et le mode de paiement est en esp\u00e8ces ou par carte de cr\u00e9dit. Les autres d\u00e9penses sont de 0 AED. Un suppl\u00e9ment de 50 par kilom\u00e8tre pour une distance d\u00e9passant un certain kilom\u00e8tre et 5 AED pour les frais de p\u00e9age\/Salik.<\/p>\n<h2>FAQ<\/h2>\n<p><strong>1. Quelles fonctionnalit\u00e9s sont fournies dans le forfait lors de la location du Mitsubishi Attrage 2023 ?<\/strong><\/p>\n<p>Le prix de location comprend \u00e9galement une assurance limit\u00e9e et des tarifs raisonnables pour les d\u00e9placements au kilom\u00e8tre. Des suppl\u00e9ments sont appliqu\u00e9s en cas de d\u00e9passement du kilom\u00e9trage convenu, de frais de p\u00e9age et d&#8217;autres services pouvant \u00eatre demand\u00e9s.<\/p>\n<p><strong>2. Comment puis-je louer le Mitsubishi Attrage 2023 ?<\/strong><\/p>\n<p>Vous pouvez r\u00e9server facilement sur notre site Internet et vous pouvez \u00e9galement appeler directement notre service client. Saisissez la p\u00e9riode pendant laquelle vous souhaitez louer la maison, vous, vos coordonn\u00e9es ainsi que d&#8217;autres documents importants pour finaliser une r\u00e9servation.<\/p>\n<p><strong>3. Y a-t-il d\u2019autres frais que je dois conna\u00eetre ?<\/strong><\/p>\n<p>Tous les co\u00fbts et prix sont indiqu\u00e9s et ne comportent aucun frais cach\u00e9. Les frais suppl\u00e9mentaires comprennent les frais de compteur ou les kilom\u00e8tres suppl\u00e9mentaires, le p\u00e9age et tout autre SCDW ou si\u00e8ge b\u00e9b\u00e9, le cas \u00e9ch\u00e9ant.<\/p>\n","protected":false},"excerpt":{"rendered":"<p>Faites l&#8217;exp\u00e9rience d&#8217;un niveau de conduite \u00e9lev\u00e9 avec la nouvelle Mitsubishi Attrage 2023; c&#8217;est un mod\u00e8le \u00e9l\u00e9gant qui offre efficacit\u00e9 et fonctionnalit\u00e9s innovantes. Ap203 Gestion automatique Le v\u00e9hicule id\u00e9al de cette entreprise pour les privil\u00e8ges de libre-service \u00e0 court et \u00e0 long terme, car il assure un m\u00e9lange de confort et de praticit\u00e9 d&#8217;une berline. [&hellip;]<\/p>\n","protected":false},"featured_media":12948,"template":"","meta":{"_acf_changed":false},"product_cat":[73],"product_tag":[],"acf":[],"yoast_head":"<!-- This site is optimized with the Yoast SEO plugin v23.7 - https:\/\/yoast.com\/wordpress\/plugins\/seo\/ -->\n<title>Mitsubishi Attrage 2023 Stylish and Efficient<\/title>\n<meta name=\"description\" content=\"Discover the Mitsubishi Attrage 2023, a compact sedan offering fuel efficiency, modern design, and advanced features for an exceptional drive.\" \/>\n<meta name=\"robots\" content=\"noindex, nofollow\" \/>\n<meta property=\"og:locale\" content=\"en_US\" \/>\n<meta property=\"og:type\" content=\"article\" \/>\n<meta property=\"og:title\" content=\"Mitsubishi Attrage 2023 Stylish and Efficient\" \/>\n<meta property=\"og:description\" content=\"Discover the Mitsubishi Attrage 2023, a compact sedan offering fuel efficiency, modern design, and advanced features for an exceptional drive.\" \/>\n<meta property=\"og:url\" content=\"https:\/\/drivercarrental.ae\/fr\/product\/mitsubishi-attrage-2023\/\" \/>\n<meta property=\"og:site_name\" content=\"DCR\" \/>\n<meta property=\"article:publisher\" content=\"https:\/\/www.facebook.com\/DriverCarRentalUAE\" \/>\n<meta property=\"article:modified_time\" content=\"2024-12-04T12:58:04+00:00\" \/>\n<meta property=\"og:image\" content=\"https:\/\/drivercarrental.ae\/fr\/wp-content\/uploads\/2024\/06\/Mitsubishi-Attrage-2023-2.jpg\" \/>\n\t<meta property=\"og:image:width\" content=\"450\" \/>\n\t<meta property=\"og:image:height\" content=\"395\" \/>\n\t<meta property=\"og:image:type\" content=\"image\/jpeg\" \/>\n<meta name=\"twitter:card\" content=\"summary_large_image\" \/>\n<meta name=\"twitter:label1\" content=\"Est. reading time\" \/>\n\t<meta name=\"twitter:data1\" content=\"3 minutes\" \/>\n<script type=\"application\/ld+json\" class=\"yoast-schema-graph\">{\"@context\":\"https:\/\/schema.org\",\"@graph\":[{\"@type\":\"WebPage\",\"@id\":\"https:\/\/drivercarrental.ae\/fr\/product\/mitsubishi-attrage-2023\/\",\"url\":\"https:\/\/drivercarrental.ae\/fr\/product\/mitsubishi-attrage-2023\/\",\"name\":\"Mitsubishi Attrage 2023 Stylish and Efficient\",\"isPartOf\":{\"@id\":\"https:\/\/drivercarrental.ae\/fr\/#website\"},\"primaryImageOfPage\":{\"@id\":\"https:\/\/drivercarrental.ae\/fr\/product\/mitsubishi-attrage-2023\/#primaryimage\"},\"image\":{\"@id\":\"https:\/\/drivercarrental.ae\/fr\/product\/mitsubishi-attrage-2023\/#primaryimage\"},\"thumbnailUrl\":\"https:\/\/drivercarrental.ae\/fr\/wp-content\/uploads\/2024\/06\/Mitsubishi-Attrage-2023-2.jpg\",\"datePublished\":\"2024-06-12T18:35:26+00:00\",\"dateModified\":\"2024-12-04T12:58:04+00:00\",\"description\":\"Discover the Mitsubishi Attrage 2023, a compact sedan offering fuel efficiency, modern design, and advanced features for an exceptional drive.\",\"breadcrumb\":{\"@id\":\"https:\/\/drivercarrental.ae\/fr\/product\/mitsubishi-attrage-2023\/#breadcrumb\"},\"inLanguage\":\"en-US\",\"potentialAction\":[{\"@type\":\"ReadAction\",\"target\":[\"https:\/\/drivercarrental.ae\/fr\/product\/mitsubishi-attrage-2023\/\"]}]},{\"@type\":\"ImageObject\",\"inLanguage\":\"en-US\",\"@id\":\"https:\/\/drivercarrental.ae\/fr\/product\/mitsubishi-attrage-2023\/#primaryimage\",\"url\":\"https:\/\/drivercarrental.ae\/fr\/wp-content\/uploads\/2024\/06\/Mitsubishi-Attrage-2023-2.jpg\",\"contentUrl\":\"https:\/\/drivercarrental.ae\/fr\/wp-content\/uploads\/2024\/06\/Mitsubishi-Attrage-2023-2.jpg\",\"width\":450,\"height\":395},{\"@type\":\"BreadcrumbList\",\"@id\":\"https:\/\/drivercarrental.ae\/fr\/product\/mitsubishi-attrage-2023\/#breadcrumb\",\"itemListElement\":[{\"@type\":\"ListItem\",\"position\":1,\"name\":\"Home\",\"item\":\"https:\/\/drivercarrental.ae\/fr\/\"},{\"@type\":\"ListItem\",\"position\":2,\"name\":\"Store\",\"item\":\"https:\/\/drivercarrental.ae\/fr\/shop\/\"},{\"@type\":\"ListItem\",\"position\":3,\"name\":\"MITSUBISHI\u00a0ATTRAGE 2023\"}]},{\"@type\":\"WebSite\",\"@id\":\"https:\/\/drivercarrental.ae\/fr\/#website\",\"url\":\"https:\/\/drivercarrental.ae\/fr\/\",\"name\":\"Driver Car Rental Dubai\",\"description\":\"Driver Car Rental  Dubai\",\"publisher\":{\"@id\":\"https:\/\/drivercarrental.ae\/fr\/#organization\"},\"alternateName\":\"Cheapest Car Rental Dubai\",\"potentialAction\":[{\"@type\":\"SearchAction\",\"target\":{\"@type\":\"EntryPoint\",\"urlTemplate\":\"https:\/\/drivercarrental.ae\/fr\/?s={search_term_string}\"},\"query-input\":{\"@type\":\"PropertyValueSpecification\",\"valueRequired\":true,\"valueName\":\"search_term_string\"}}],\"inLanguage\":\"en-US\"},{\"@type\":\"Organization\",\"@id\":\"https:\/\/drivercarrental.ae\/fr\/#organization\",\"name\":\"Driver Car Rental Dubai\",\"alternateName\":\"Cheapest Car Rental Dubai\",\"url\":\"https:\/\/drivercarrental.ae\/fr\/\",\"logo\":{\"@type\":\"ImageObject\",\"inLanguage\":\"en-US\",\"@id\":\"https:\/\/drivercarrental.ae\/fr\/#\/schema\/logo\/image\/\",\"url\":\"https:\/\/drivercarrental.ae\/fr\/wp-content\/uploads\/2024\/07\/5001-1oo09iuh.png\",\"contentUrl\":\"https:\/\/drivercarrental.ae\/fr\/wp-content\/uploads\/2024\/07\/5001-1oo09iuh.png\",\"width\":500,\"height\":500,\"caption\":\"Driver Car Rental Dubai\"},\"image\":{\"@id\":\"https:\/\/drivercarrental.ae\/fr\/#\/schema\/logo\/image\/\"},\"sameAs\":[\"https:\/\/www.facebook.com\/DriverCarRentalUAE\"]}]}<\/script>\n<!-- \/ Yoast SEO plugin. -->","yoast_head_json":{"title":"Mitsubishi Attrage 2023 Stylish and Efficient","description":"Discover the Mitsubishi Attrage 2023, a compact sedan offering fuel efficiency, modern design, and advanced features for an exceptional drive.","robots":{"index":"noindex","follow":"nofollow"},"og_locale":"en_US","og_type":"article","og_title":"Mitsubishi Attrage 2023 Stylish and Efficient","og_description":"Discover the Mitsubishi Attrage 2023, a compact sedan offering fuel efficiency, modern design, and advanced features for an exceptional drive.","og_url":"https:\/\/drivercarrental.ae\/fr\/product\/mitsubishi-attrage-2023\/","og_site_name":"DCR","article_publisher":"https:\/\/www.facebook.com\/DriverCarRentalUAE","article_modified_time":"2024-12-04T12:58:04+00:00","og_image":[{"width":450,"height":395,"url":"https:\/\/drivercarrental.ae\/fr\/wp-content\/uploads\/2024\/06\/Mitsubishi-Attrage-2023-2.jpg","type":"image\/jpeg"}],"twitter_card":"summary_large_image","twitter_misc":{"Est. reading time":"3 minutes"},"schema":{"@context":"https:\/\/schema.org","@graph":[{"@type":"WebPage","@id":"https:\/\/drivercarrental.ae\/fr\/product\/mitsubishi-attrage-2023\/","url":"https:\/\/drivercarrental.ae\/fr\/product\/mitsubishi-attrage-2023\/","name":"Mitsubishi Attrage 2023 Stylish and Efficient","isPartOf":{"@id":"https:\/\/drivercarrental.ae\/fr\/#website"},"primaryImageOfPage":{"@id":"https:\/\/drivercarrental.ae\/fr\/product\/mitsubishi-attrage-2023\/#primaryimage"},"image":{"@id":"https:\/\/drivercarrental.ae\/fr\/product\/mitsubishi-attrage-2023\/#primaryimage"},"thumbnailUrl":"https:\/\/drivercarrental.ae\/fr\/wp-content\/uploads\/2024\/06\/Mitsubishi-Attrage-2023-2.jpg","datePublished":"2024-06-12T18:35:26+00:00","dateModified":"2024-12-04T12:58:04+00:00","description":"Discover the Mitsubishi Attrage 2023, a compact sedan offering fuel efficiency, modern design, and advanced features for an exceptional drive.","breadcrumb":{"@id":"https:\/\/drivercarrental.ae\/fr\/product\/mitsubishi-attrage-2023\/#breadcrumb"},"inLanguage":"en-US","potentialAction":[{"@type":"ReadAction","target":["https:\/\/drivercarrental.ae\/fr\/product\/mitsubishi-attrage-2023\/"]}]},{"@type":"ImageObject","inLanguage":"en-US","@id":"https:\/\/drivercarrental.ae\/fr\/product\/mitsubishi-attrage-2023\/#primaryimage","url":"https:\/\/drivercarrental.ae\/fr\/wp-content\/uploads\/2024\/06\/Mitsubishi-Attrage-2023-2.jpg","contentUrl":"https:\/\/drivercarrental.ae\/fr\/wp-content\/uploads\/2024\/06\/Mitsubishi-Attrage-2023-2.jpg","width":450,"height":395},{"@type":"BreadcrumbList","@id":"https:\/\/drivercarrental.ae\/fr\/product\/mitsubishi-attrage-2023\/#breadcrumb","itemListElement":[{"@type":"ListItem","position":1,"name":"Home","item":"https:\/\/drivercarrental.ae\/fr\/"},{"@type":"ListItem","position":2,"name":"Store","item":"https:\/\/drivercarrental.ae\/fr\/shop\/"},{"@type":"ListItem","position":3,"name":"MITSUBISHI\u00a0ATTRAGE 2023"}]},{"@type":"WebSite","@id":"https:\/\/drivercarrental.ae\/fr\/#website","url":"https:\/\/drivercarrental.ae\/fr\/","name":"Driver Car Rental Dubai","description":"Driver Car Rental  Dubai","publisher":{"@id":"https:\/\/drivercarrental.ae\/fr\/#organization"},"alternateName":"Cheapest Car Rental Dubai","potentialAction":[{"@type":"SearchAction","target":{"@type":"EntryPoint","urlTemplate":"https:\/\/drivercarrental.ae\/fr\/?s={search_term_string}"},"query-input":{"@type":"PropertyValueSpecification","valueRequired":true,"valueName":"search_term_string"}}],"inLanguage":"en-US"},{"@type":"Organization","@id":"https:\/\/drivercarrental.ae\/fr\/#organization","name":"Driver Car Rental Dubai","alternateName":"Cheapest Car Rental Dubai","url":"https:\/\/drivercarrental.ae\/fr\/","logo":{"@type":"ImageObject","inLanguage":"en-US","@id":"https:\/\/drivercarrental.ae\/fr\/#\/schema\/logo\/image\/","url":"https:\/\/drivercarrental.ae\/fr\/wp-content\/uploads\/2024\/07\/5001-1oo09iuh.png","contentUrl":"https:\/\/drivercarrental.ae\/fr\/wp-content\/uploads\/2024\/07\/5001-1oo09iuh.png","width":500,"height":500,"caption":"Driver Car Rental Dubai"},"image":{"@id":"https:\/\/drivercarrental.ae\/fr\/#\/schema\/logo\/image\/"},"sameAs":["https:\/\/www.facebook.com\/DriverCarRentalUAE"]}]}},"_links":{"self":[{"href":"https:\/\/drivercarrental.ae\/fr\/wp-json\/wp\/v2\/product\/11496"}],"collection":[{"href":"https:\/\/drivercarrental.ae\/fr\/wp-json\/wp\/v2\/product"}],"about":[{"href":"https:\/\/drivercarrental.ae\/fr\/wp-json\/wp\/v2\/types\/product"}],"wp:featuredmedia":[{"embeddable":true,"href":"https:\/\/drivercarrental.ae\/fr\/wp-json\/wp\/v2\/media\/12948"}],"wp:attachment":[{"href":"https:\/\/drivercarrental.ae\/fr\/wp-json\/wp\/v2\/media?parent=11496"}],"wp:term":[{"taxonomy":"product_cat","embeddable":true,"href":"https:\/\/drivercarrental.ae\/fr\/wp-json\/wp\/v2\/product_cat?post=11496"},{"taxonomy":"product_tag","embeddable":true,"href":"https:\/\/drivercarrental.ae\/fr\/wp-json\/wp\/v2\/product_tag?post=11496"}],"curies":[{"name":"wp","href":"https:\/\/api.w.org\/{rel}","templated":true}]}}