{"id":11498,"date":"2024-06-12T22:39:18","date_gmt":"2024-06-12T18:39:18","guid":{"rendered":"https:\/\/drivercarrental.ae\/fr\/?post_type=product&#038;p=11498"},"modified":"2024-12-04T16:57:35","modified_gmt":"2024-12-04T12:57:35","slug":"jac-j7-2023","status":"publish","type":"product","link":"https:\/\/drivercarrental.ae\/fr\/product\/jac-j7-2023\/","title":{"rendered":"JAC\u00a0J7 2023"},"content":{"rendered":"<p><span class=\"\">Am\u00e9liorez votre exp\u00e9rience de conduite avec la nouvelle JAC J7 2023 sophistiqu\u00e9e : louez une voiture chez Driver Car Rental, le meilleur service de location de voitures \u00e0 Duba\u00ef. Ce nouveau mod\u00e8le est sp\u00e9cialement con\u00e7u pour la s\u00e9curit\u00e9 et le confort fiable avec des fonctionnalit\u00e9s adapt\u00e9es \u00e0 une utilisation en zone urbaine et \u00e9galement sur de longs trajets. \u00c9quip\u00e9e d&#8217;un moteur de 1,5 L, 1498 cc et d&#8217;une transmission enti\u00e8rement automatique, la JAC J7 2023 est parfaitement con\u00e7ue pour ceux qui veulent profiter d&#8217;une conduite confortable. Avec une carrosserie \u00e9l\u00e9gante et brillante et de grands si\u00e8ges en cuir confortables \u00e0 l&#8217;int\u00e9rieur, cette voiture est parfaite pour les voyageurs d&#8217;affaires et autres voyageurs de loisirs.<\/span><\/p>\n<h2>Qu&#8217;est-ce qui fait de Driver Car Rental le meilleur pour louer JAC J7 2023 ?<\/h2>\n<p>Driver Car Rental propose une gamme de voitures de qualit\u00e9 et de services de location de voitures \u00e0 des prix abordables sur le march\u00e9. Vous pouvez \u00e9galement louer facilement la JAC J7 2023 car nos r\u00e9servations peuvent \u00eatre effectu\u00e9es en esp\u00e8ces ou par carte de cr\u00e9dit. Pour cet article de transport r\u00e9volutionnaire, le tarif journalier est de 110 AED, le tarif hebdomadaire est de 650 AED tandis que les frais mensuels sont de 2150 AED. Un d\u00e9p\u00f4t de garantie de 1500 AED est attendu, et vous pouvez opter pour SCDW pour 300 AED de plus, et pour le si\u00e8ge b\u00e9b\u00e9, 150 AED suppl\u00e9mentaires par mois. Vous ne regretterez pas de travailler avec Trust Our Car Rental services \u00e0 Duba\u00ef pour vos besoins en voiture lorsque vous voyagez \u00e0 Duba\u00ef, car ils proposent des trajets haut de gamme et efficaces.<\/p>\n<h2>FAQ<\/h2>\n<p><strong>1. Que dois-je faire pour louer le JAC J7 2023 ?<\/strong><\/p>\n<p>Pour les r\u00e9sidents des \u00c9mirats arabes unis, vous devrez num\u00e9riser une copie de votre passeport, une carte d&#8217;identit\u00e9 des \u00c9mirats et une copie de votre permis de conduire des \u00c9mirats arabes unis. Les ressortissants \u00e9trangers ainsi que les touristes locaux sont tenus de soumettre une copie de leur passeport, une copie de leur visa de visite et\/ou une copie de leur permis de conduire international.<\/p>\n<p><strong>2. Le JAC J7 2023 est-il disponible pour une location \u00e0 long terme ?<\/strong><\/p>\n<p>Oui, il est possible de louer avec nous \u00e0 la journ\u00e9e, \u00e0 la semaine et m\u00eame au mois. Le montant de 2150 AED est le tarif mensuel du JAC J7 2023, offrant un excellent rapport qualit\u00e9-prix pour les clients ayant des s\u00e9jours plus longs \u00e0 Duba\u00ef.<\/p>\n<p><strong>3. Ma location comprend-elle une assistance routi\u00e8re gratuite ?<\/strong><\/p>\n<p>Oui, Driver Car Rental dispose de services d&#8217;urgence pour garantir la s\u00e9curit\u00e9 et le confort du client pendant toute la dur\u00e9e du contrat de location.<\/p>\n<p><strong>4. Quels sont les co\u00fbts qui peuvent \u00eatre accumul\u00e9s dans le cadre d\u2019un contrat de location ?<\/strong><\/p>\n<p>Le prix est abordable et n&#8217;inclut aucun extra. TVA incluse, des frais suppl\u00e9mentaires pour les kilom\u00e8tres suppl\u00e9mentaires sont factur\u00e9s au taux de 0,50 AED par kilom\u00e8tre et des frais de Salik\/p\u00e9age \u00e0 5 AED. Cependant, des services suppl\u00e9mentaires tels que le SCDW ou le si\u00e8ge b\u00e9b\u00e9 entra\u00eenent des frais.<\/p>\n<p><strong>5. Comment puis-je commander le JAC J7 2023 ?<\/strong><\/p>\n<p>R\u00e9server est facile ! Vous pouvez commander votre v\u00e9hicule en ligne sur notre site internet ou par t\u00e9l\u00e9phone au +971 54 756 6075 ou au +971 50 473 4471. A partir de vos dates de location, de vos informations personnelles et des documents \u00e0 fournir, notre \u00e9quipe s&#8217;occupera de tout par la suite.<\/p>\n","protected":false},"excerpt":{"rendered":"<p>Am\u00e9liorez votre exp\u00e9rience de conduite avec la nouvelle JAC J7 2023 sophistiqu\u00e9e : louez une voiture chez Driver Car Rental, le meilleur service de location de voitures \u00e0 Duba\u00ef. Ce nouveau mod\u00e8le est sp\u00e9cialement con\u00e7u pour la s\u00e9curit\u00e9 et le confort fiable avec des fonctionnalit\u00e9s adapt\u00e9es \u00e0 une utilisation en zone urbaine et \u00e9galement sur [&hellip;]<\/p>\n","protected":false},"featured_media":12211,"template":"","meta":{"_acf_changed":false},"product_cat":[74],"product_tag":[],"acf":[],"yoast_head":"<!-- This site is optimized with the Yoast SEO plugin v23.7 - https:\/\/yoast.com\/wordpress\/plugins\/seo\/ -->\n<title>Innovative Sedan Excellence style on the JAC J7 2023<\/title>\n<meta name=\"description\" content=\"Discover the JAC J7 2023, a modern sedan blending cutting-edge technology, stylish design, and superior performance for an exceptional driving experience.\" \/>\n<meta name=\"robots\" content=\"noindex, nofollow\" \/>\n<meta property=\"og:locale\" content=\"en_US\" \/>\n<meta property=\"og:type\" content=\"article\" \/>\n<meta property=\"og:title\" content=\"Innovative Sedan Excellence style on the JAC J7 2023\" \/>\n<meta property=\"og:description\" content=\"Discover the JAC J7 2023, a modern sedan blending cutting-edge technology, stylish design, and superior performance for an exceptional driving experience.\" \/>\n<meta property=\"og:url\" content=\"https:\/\/drivercarrental.ae\/fr\/product\/jac-j7-2023\/\" \/>\n<meta property=\"og:site_name\" content=\"DCR\" \/>\n<meta property=\"article:publisher\" content=\"https:\/\/www.facebook.com\/DriverCarRentalUAE\" \/>\n<meta property=\"article:modified_time\" content=\"2024-12-04T12:57:35+00:00\" \/>\n<meta property=\"og:image\" content=\"https:\/\/drivercarrental.ae\/fr\/wp-content\/uploads\/2024\/06\/JAC-J7-2023-Dubai.png\" \/>\n\t<meta property=\"og:image:width\" content=\"634\" \/>\n\t<meta property=\"og:image:height\" content=\"396\" \/>\n\t<meta property=\"og:image:type\" content=\"image\/png\" \/>\n<meta name=\"twitter:card\" content=\"summary_large_image\" \/>\n<meta name=\"twitter:label1\" content=\"Est. reading time\" \/>\n\t<meta name=\"twitter:data1\" content=\"3 minutes\" \/>\n<script type=\"application\/ld+json\" class=\"yoast-schema-graph\">{\"@context\":\"https:\/\/schema.org\",\"@graph\":[{\"@type\":\"WebPage\",\"@id\":\"https:\/\/drivercarrental.ae\/fr\/product\/jac-j7-2023\/\",\"url\":\"https:\/\/drivercarrental.ae\/fr\/product\/jac-j7-2023\/\",\"name\":\"Innovative Sedan Excellence style on the JAC J7 2023\",\"isPartOf\":{\"@id\":\"https:\/\/drivercarrental.ae\/fr\/#website\"},\"primaryImageOfPage\":{\"@id\":\"https:\/\/drivercarrental.ae\/fr\/product\/jac-j7-2023\/#primaryimage\"},\"image\":{\"@id\":\"https:\/\/drivercarrental.ae\/fr\/product\/jac-j7-2023\/#primaryimage\"},\"thumbnailUrl\":\"https:\/\/drivercarrental.ae\/fr\/wp-content\/uploads\/2024\/06\/JAC-J7-2023-Dubai.png\",\"datePublished\":\"2024-06-12T18:39:18+00:00\",\"dateModified\":\"2024-12-04T12:57:35+00:00\",\"description\":\"Discover the JAC J7 2023, a modern sedan blending cutting-edge technology, stylish design, and superior performance for an exceptional driving experience.\",\"breadcrumb\":{\"@id\":\"https:\/\/drivercarrental.ae\/fr\/product\/jac-j7-2023\/#breadcrumb\"},\"inLanguage\":\"en-US\",\"potentialAction\":[{\"@type\":\"ReadAction\",\"target\":[\"https:\/\/drivercarrental.ae\/fr\/product\/jac-j7-2023\/\"]}]},{\"@type\":\"ImageObject\",\"inLanguage\":\"en-US\",\"@id\":\"https:\/\/drivercarrental.ae\/fr\/product\/jac-j7-2023\/#primaryimage\",\"url\":\"https:\/\/drivercarrental.ae\/fr\/wp-content\/uploads\/2024\/06\/JAC-J7-2023-Dubai.png\",\"contentUrl\":\"https:\/\/drivercarrental.ae\/fr\/wp-content\/uploads\/2024\/06\/JAC-J7-2023-Dubai.png\",\"width\":634,\"height\":396,\"caption\":\"JAC J7 2023\"},{\"@type\":\"BreadcrumbList\",\"@id\":\"https:\/\/drivercarrental.ae\/fr\/product\/jac-j7-2023\/#breadcrumb\",\"itemListElement\":[{\"@type\":\"ListItem\",\"position\":1,\"name\":\"Home\",\"item\":\"https:\/\/drivercarrental.ae\/fr\/\"},{\"@type\":\"ListItem\",\"position\":2,\"name\":\"Store\",\"item\":\"https:\/\/drivercarrental.ae\/fr\/shop\/\"},{\"@type\":\"ListItem\",\"position\":3,\"name\":\"JAC\u00a0J7 2023\"}]},{\"@type\":\"WebSite\",\"@id\":\"https:\/\/drivercarrental.ae\/fr\/#website\",\"url\":\"https:\/\/drivercarrental.ae\/fr\/\",\"name\":\"Driver Car Rental Dubai\",\"description\":\"Driver Car Rental  Dubai\",\"publisher\":{\"@id\":\"https:\/\/drivercarrental.ae\/fr\/#organization\"},\"alternateName\":\"Cheapest Car Rental Dubai\",\"potentialAction\":[{\"@type\":\"SearchAction\",\"target\":{\"@type\":\"EntryPoint\",\"urlTemplate\":\"https:\/\/drivercarrental.ae\/fr\/?s={search_term_string}\"},\"query-input\":{\"@type\":\"PropertyValueSpecification\",\"valueRequired\":true,\"valueName\":\"search_term_string\"}}],\"inLanguage\":\"en-US\"},{\"@type\":\"Organization\",\"@id\":\"https:\/\/drivercarrental.ae\/fr\/#organization\",\"name\":\"Driver Car Rental Dubai\",\"alternateName\":\"Cheapest Car Rental Dubai\",\"url\":\"https:\/\/drivercarrental.ae\/fr\/\",\"logo\":{\"@type\":\"ImageObject\",\"inLanguage\":\"en-US\",\"@id\":\"https:\/\/drivercarrental.ae\/fr\/#\/schema\/logo\/image\/\",\"url\":\"https:\/\/drivercarrental.ae\/fr\/wp-content\/uploads\/2024\/07\/5001-1oo09iuh.png\",\"contentUrl\":\"https:\/\/drivercarrental.ae\/fr\/wp-content\/uploads\/2024\/07\/5001-1oo09iuh.png\",\"width\":500,\"height\":500,\"caption\":\"Driver Car Rental Dubai\"},\"image\":{\"@id\":\"https:\/\/drivercarrental.ae\/fr\/#\/schema\/logo\/image\/\"},\"sameAs\":[\"https:\/\/www.facebook.com\/DriverCarRentalUAE\"]}]}<\/script>\n<!-- \/ Yoast SEO plugin. -->","yoast_head_json":{"title":"Innovative Sedan Excellence style on the JAC J7 2023","description":"Discover the JAC J7 2023, a modern sedan blending cutting-edge technology, stylish design, and superior performance for an exceptional driving experience.","robots":{"index":"noindex","follow":"nofollow"},"og_locale":"en_US","og_type":"article","og_title":"Innovative Sedan Excellence style on the JAC J7 2023","og_description":"Discover the JAC J7 2023, a modern sedan blending cutting-edge technology, stylish design, and superior performance for an exceptional driving experience.","og_url":"https:\/\/drivercarrental.ae\/fr\/product\/jac-j7-2023\/","og_site_name":"DCR","article_publisher":"https:\/\/www.facebook.com\/DriverCarRentalUAE","article_modified_time":"2024-12-04T12:57:35+00:00","og_image":[{"width":634,"height":396,"url":"https:\/\/drivercarrental.ae\/fr\/wp-content\/uploads\/2024\/06\/JAC-J7-2023-Dubai.png","type":"image\/png"}],"twitter_card":"summary_large_image","twitter_misc":{"Est. reading time":"3 minutes"},"schema":{"@context":"https:\/\/schema.org","@graph":[{"@type":"WebPage","@id":"https:\/\/drivercarrental.ae\/fr\/product\/jac-j7-2023\/","url":"https:\/\/drivercarrental.ae\/fr\/product\/jac-j7-2023\/","name":"Innovative Sedan Excellence style on the JAC J7 2023","isPartOf":{"@id":"https:\/\/drivercarrental.ae\/fr\/#website"},"primaryImageOfPage":{"@id":"https:\/\/drivercarrental.ae\/fr\/product\/jac-j7-2023\/#primaryimage"},"image":{"@id":"https:\/\/drivercarrental.ae\/fr\/product\/jac-j7-2023\/#primaryimage"},"thumbnailUrl":"https:\/\/drivercarrental.ae\/fr\/wp-content\/uploads\/2024\/06\/JAC-J7-2023-Dubai.png","datePublished":"2024-06-12T18:39:18+00:00","dateModified":"2024-12-04T12:57:35+00:00","description":"Discover the JAC J7 2023, a modern sedan blending cutting-edge technology, stylish design, and superior performance for an exceptional driving experience.","breadcrumb":{"@id":"https:\/\/drivercarrental.ae\/fr\/product\/jac-j7-2023\/#breadcrumb"},"inLanguage":"en-US","potentialAction":[{"@type":"ReadAction","target":["https:\/\/drivercarrental.ae\/fr\/product\/jac-j7-2023\/"]}]},{"@type":"ImageObject","inLanguage":"en-US","@id":"https:\/\/drivercarrental.ae\/fr\/product\/jac-j7-2023\/#primaryimage","url":"https:\/\/drivercarrental.ae\/fr\/wp-content\/uploads\/2024\/06\/JAC-J7-2023-Dubai.png","contentUrl":"https:\/\/drivercarrental.ae\/fr\/wp-content\/uploads\/2024\/06\/JAC-J7-2023-Dubai.png","width":634,"height":396,"caption":"JAC J7 2023"},{"@type":"BreadcrumbList","@id":"https:\/\/drivercarrental.ae\/fr\/product\/jac-j7-2023\/#breadcrumb","itemListElement":[{"@type":"ListItem","position":1,"name":"Home","item":"https:\/\/drivercarrental.ae\/fr\/"},{"@type":"ListItem","position":2,"name":"Store","item":"https:\/\/drivercarrental.ae\/fr\/shop\/"},{"@type":"ListItem","position":3,"name":"JAC\u00a0J7 2023"}]},{"@type":"WebSite","@id":"https:\/\/drivercarrental.ae\/fr\/#website","url":"https:\/\/drivercarrental.ae\/fr\/","name":"Driver Car Rental Dubai","description":"Driver Car Rental  Dubai","publisher":{"@id":"https:\/\/drivercarrental.ae\/fr\/#organization"},"alternateName":"Cheapest Car Rental Dubai","potentialAction":[{"@type":"SearchAction","target":{"@type":"EntryPoint","urlTemplate":"https:\/\/drivercarrental.ae\/fr\/?s={search_term_string}"},"query-input":{"@type":"PropertyValueSpecification","valueRequired":true,"valueName":"search_term_string"}}],"inLanguage":"en-US"},{"@type":"Organization","@id":"https:\/\/drivercarrental.ae\/fr\/#organization","name":"Driver Car Rental Dubai","alternateName":"Cheapest Car Rental Dubai","url":"https:\/\/drivercarrental.ae\/fr\/","logo":{"@type":"ImageObject","inLanguage":"en-US","@id":"https:\/\/drivercarrental.ae\/fr\/#\/schema\/logo\/image\/","url":"https:\/\/drivercarrental.ae\/fr\/wp-content\/uploads\/2024\/07\/5001-1oo09iuh.png","contentUrl":"https:\/\/drivercarrental.ae\/fr\/wp-content\/uploads\/2024\/07\/5001-1oo09iuh.png","width":500,"height":500,"caption":"Driver Car Rental Dubai"},"image":{"@id":"https:\/\/drivercarrental.ae\/fr\/#\/schema\/logo\/image\/"},"sameAs":["https:\/\/www.facebook.com\/DriverCarRentalUAE"]}]}},"_links":{"self":[{"href":"https:\/\/drivercarrental.ae\/fr\/wp-json\/wp\/v2\/product\/11498"}],"collection":[{"href":"https:\/\/drivercarrental.ae\/fr\/wp-json\/wp\/v2\/product"}],"about":[{"href":"https:\/\/drivercarrental.ae\/fr\/wp-json\/wp\/v2\/types\/product"}],"wp:featuredmedia":[{"embeddable":true,"href":"https:\/\/drivercarrental.ae\/fr\/wp-json\/wp\/v2\/media\/12211"}],"wp:attachment":[{"href":"https:\/\/drivercarrental.ae\/fr\/wp-json\/wp\/v2\/media?parent=11498"}],"wp:term":[{"taxonomy":"product_cat","embeddable":true,"href":"https:\/\/drivercarrental.ae\/fr\/wp-json\/wp\/v2\/product_cat?post=11498"},{"taxonomy":"product_tag","embeddable":true,"href":"https:\/\/drivercarrental.ae\/fr\/wp-json\/wp\/v2\/product_tag?post=11498"}],"curies":[{"name":"wp","href":"https:\/\/api.w.org\/{rel}","templated":true}]}}