{"id":11500,"date":"2024-06-12T23:18:04","date_gmt":"2024-06-12T19:18:04","guid":{"rendered":"https:\/\/drivercarrental.ae\/fr\/?post_type=product&#038;p=11500"},"modified":"2024-12-04T16:57:06","modified_gmt":"2024-12-04T12:57:06","slug":"exeed-lx2024","status":"publish","type":"product","link":"https:\/\/drivercarrental.ae\/fr\/product\/exeed-lx2024\/","title":{"rendered":"EXEED\u00a0LX\t2024"},"content":{"rendered":"<p>Le dernier mod\u00e8le de EXEED LX 2024 chez Driver Car Rental n&#8217;est rien de moins qu&#8217;une automobile luxueuse aux performances optimales. Ce mod\u00e8le compl\u00e8te \u00e0 la fois le style et la fonctionnalit\u00e9 ; cette voiture \u00e0 la mode est parfaite aussi bien pour la jungle urbaine que pour la route. \u00c9quip\u00e9e d&#8217;un moteur de 1,5 litres, 1498 cc et d&#8217;une transmission automatique, les acheteurs de EXEED LX 2024 s&#8217;attendent donc \u00e0 une conduite puissante mais \u00e9l\u00e9gante. Les constructeurs automobiles utilisent du cuir pour concevoir l&#8217;int\u00e9rieur et le v\u00e9hicule peut accueillir confortablement cinq personnes, garantissant que toute aventure se d\u00e9roule avec style. Il dispose de fonctionnalit\u00e9s telles que la connexion Bluetooth, des vitres \u00e9lectriques et un lecteur FM\/CD pour rendre vos trajets non seulement agr\u00e9ables, mais aussi confortables.<\/p>\n<h2>Pourquoi choisir Driver Car Rental pour l&#8217;EXEED LX 2024 ?<\/h2>\n<p>Driver Car Rental s&#8217;est distingu\u00e9 sur le march\u00e9 en fournissant les meilleurs services de location de voitures \u00e0 des prix abordables et en acqu\u00e9rant les meilleurs mod\u00e8les de voitures \u00e0 Duba\u00ef. La location de l&#8217;EXEED LX 2024 est facile et pratique en raison de la fonctionnalit\u00e9 conviviale pour le client et des modes de paiement accept\u00e9s, qui sont les esp\u00e8ces et les cartes de cr\u00e9dit. Les frais quotidiens sont de 160 AED, les frais hebdomadaires sont de 950 AED et les frais mensuels sont de 3150 AED. Un co\u00fbt suppl\u00e9mentaire au co\u00fbt de la location est un d\u00e9p\u00f4t de garantie de 1500 AED. Les options suppl\u00e9mentaires qui peuvent \u00eatre incluses dans le contrat de location incluent SCDW qui co\u00fbte 300 AED et le si\u00e8ge b\u00e9b\u00e9 co\u00fbte 150 AED par mois. Explorez le meilleur des meilleures attractions de Duba\u00ef en toute commodit\u00e9 dans l&#8217;EXEED LX 2024 r\u00e9put\u00e9 et confortable que nous proposons.<\/p>\n<h2>FAQ<\/h2>\n<p><strong>1. Quels papiers doivent \u00eatre fournis pour louer l&#8217;EXEED LX 2024 ?<\/strong><\/p>\n<p>Les personnes r\u00e9sidant aux \u00c9mirats arabes unis doivent fournir une copie de leur passeport, de leur carte d&#8217;identit\u00e9 \u00e9mirienne et une copie de leur permis de conduire \u00e9mirati. Les visiteurs ou toute personne ne r\u00e9sidant pas dans le pays doivent joindre une copie de leur passeport, une copie de leur visa de visite et une copie de leur permis de conduire international.<\/p>\n<p><strong>2. Puis-je augmenter le temps dont je dispose avec l&#8217;EXEED LX 2024 ?<\/strong><\/p>\n<p>Oui, bien s\u00fbr ! Vous pouvez toujours augmenter le nombre de jours de votre location de voiture en contactant nos repr\u00e9sentants du service client. Tous les services ci-dessus entra\u00eenent des frais suppl\u00e9mentaires et la disponibilit\u00e9 des prolongations peut varier.<\/p>\n<p><strong>3. Vais-je b\u00e9n\u00e9ficier d&#8217;une assistance routi\u00e8re avec ma location ?<\/strong><\/p>\n<p>Oui, Driver Car Rental propose une assistance routi\u00e8re 24h\/24 et 7j\/7 pour garantir que vous et vos proches \u00eates prot\u00e9g\u00e9s pendant votre p\u00e9riode de location.<\/p>\n<p><strong>4. Y a-t-il autre chose que je dois payer en plus du loyer ?<\/strong><\/p>\n<p>Les frais de kilom\u00e8tre suppl\u00e9mentaire ont \u00e9t\u00e9 fix\u00e9s \u00e0 0,50 AED par km et les frais Salik\/p\u00e9age \u00e0 5 AED. D&#8217;autres avantages tels que les services SCDW et si\u00e8ge b\u00e9b\u00e9 peuvent \u00e9galement \u00eatre utilis\u00e9s dans la voiture moyennant des frais suppl\u00e9mentaires.<\/p>\n<p><strong>5. Comment obtenir une voiture de location du mod\u00e8le EXEED LX 2024 ?<\/strong><\/p>\n<p>Effectuer une r\u00e9servation est tr\u00e8s simple et rapide. Vous pouvez r\u00e9server vous-m\u00eame votre v\u00e9hicule sur notre site Internet ou nous appeler au +971 54 756 6075 ou au +971 50 473 4471. Il vous suffit de renseigner vos dates de location, vos informations personnelles et les copies de vos documents, et nous nous occupons du reste.<\/p>\n","protected":false},"excerpt":{"rendered":"<p>Le dernier mod\u00e8le de EXEED LX 2024 chez Driver Car Rental n&#8217;est rien de moins qu&#8217;une automobile luxueuse aux performances optimales. Ce mod\u00e8le compl\u00e8te \u00e0 la fois le style et la fonctionnalit\u00e9 ; cette voiture \u00e0 la mode est parfaite aussi bien pour la jungle urbaine que pour la route. \u00c9quip\u00e9e d&#8217;un moteur de 1,5 [&hellip;]<\/p>\n","protected":false},"featured_media":12210,"template":"","meta":{"_acf_changed":false},"product_cat":[73],"product_tag":[],"acf":[],"yoast_head":"<!-- This site is optimized with the Yoast SEO plugin v23.7 - https:\/\/yoast.com\/wordpress\/plugins\/seo\/ -->\n<title>Extending Modern Luxury with EXEED LX 2024<\/title>\n<meta name=\"description\" content=\"Experience the 2024 EXEED LX, blending advanced technology, premium comfort, and sleek design for an unparalleled driving adventure.\" \/>\n<meta name=\"robots\" content=\"noindex, nofollow\" \/>\n<meta property=\"og:locale\" content=\"en_US\" \/>\n<meta property=\"og:type\" content=\"article\" \/>\n<meta property=\"og:title\" content=\"Extending Modern Luxury with EXEED LX 2024\" \/>\n<meta property=\"og:description\" content=\"Experience the 2024 EXEED LX, blending advanced technology, premium comfort, and sleek design for an unparalleled driving adventure.\" \/>\n<meta property=\"og:url\" content=\"https:\/\/drivercarrental.ae\/fr\/product\/exeed-lx2024\/\" \/>\n<meta property=\"og:site_name\" content=\"DCR\" \/>\n<meta property=\"article:publisher\" content=\"https:\/\/www.facebook.com\/DriverCarRentalUAE\" \/>\n<meta property=\"article:modified_time\" content=\"2024-12-04T12:57:06+00:00\" \/>\n<meta property=\"og:image\" content=\"https:\/\/drivercarrental.ae\/fr\/wp-content\/uploads\/2024\/06\/EXEED-LX-2024-Dubai.png\" \/>\n\t<meta property=\"og:image:width\" content=\"634\" \/>\n\t<meta property=\"og:image:height\" content=\"396\" \/>\n\t<meta property=\"og:image:type\" content=\"image\/png\" \/>\n<meta name=\"twitter:card\" content=\"summary_large_image\" \/>\n<meta name=\"twitter:label1\" content=\"Est. reading time\" \/>\n\t<meta name=\"twitter:data1\" content=\"3 minutes\" \/>\n<script type=\"application\/ld+json\" class=\"yoast-schema-graph\">{\"@context\":\"https:\/\/schema.org\",\"@graph\":[{\"@type\":\"WebPage\",\"@id\":\"https:\/\/drivercarrental.ae\/fr\/product\/exeed-lx2024\/\",\"url\":\"https:\/\/drivercarrental.ae\/fr\/product\/exeed-lx2024\/\",\"name\":\"Extending Modern Luxury with EXEED LX 2024\",\"isPartOf\":{\"@id\":\"https:\/\/drivercarrental.ae\/fr\/#website\"},\"primaryImageOfPage\":{\"@id\":\"https:\/\/drivercarrental.ae\/fr\/product\/exeed-lx2024\/#primaryimage\"},\"image\":{\"@id\":\"https:\/\/drivercarrental.ae\/fr\/product\/exeed-lx2024\/#primaryimage\"},\"thumbnailUrl\":\"https:\/\/drivercarrental.ae\/fr\/wp-content\/uploads\/2024\/06\/EXEED-LX-2024-Dubai.png\",\"datePublished\":\"2024-06-12T19:18:04+00:00\",\"dateModified\":\"2024-12-04T12:57:06+00:00\",\"description\":\"Experience the 2024 EXEED LX, blending advanced technology, premium comfort, and sleek design for an unparalleled driving adventure.\",\"breadcrumb\":{\"@id\":\"https:\/\/drivercarrental.ae\/fr\/product\/exeed-lx2024\/#breadcrumb\"},\"inLanguage\":\"en-US\",\"potentialAction\":[{\"@type\":\"ReadAction\",\"target\":[\"https:\/\/drivercarrental.ae\/fr\/product\/exeed-lx2024\/\"]}]},{\"@type\":\"ImageObject\",\"inLanguage\":\"en-US\",\"@id\":\"https:\/\/drivercarrental.ae\/fr\/product\/exeed-lx2024\/#primaryimage\",\"url\":\"https:\/\/drivercarrental.ae\/fr\/wp-content\/uploads\/2024\/06\/EXEED-LX-2024-Dubai.png\",\"contentUrl\":\"https:\/\/drivercarrental.ae\/fr\/wp-content\/uploads\/2024\/06\/EXEED-LX-2024-Dubai.png\",\"width\":634,\"height\":396,\"caption\":\"EXEED LX 2024\"},{\"@type\":\"BreadcrumbList\",\"@id\":\"https:\/\/drivercarrental.ae\/fr\/product\/exeed-lx2024\/#breadcrumb\",\"itemListElement\":[{\"@type\":\"ListItem\",\"position\":1,\"name\":\"Home\",\"item\":\"https:\/\/drivercarrental.ae\/fr\/\"},{\"@type\":\"ListItem\",\"position\":2,\"name\":\"Store\",\"item\":\"https:\/\/drivercarrental.ae\/fr\/shop\/\"},{\"@type\":\"ListItem\",\"position\":3,\"name\":\"EXEED\u00a0LX 2024\"}]},{\"@type\":\"WebSite\",\"@id\":\"https:\/\/drivercarrental.ae\/fr\/#website\",\"url\":\"https:\/\/drivercarrental.ae\/fr\/\",\"name\":\"Driver Car Rental Dubai\",\"description\":\"Driver Car Rental  Dubai\",\"publisher\":{\"@id\":\"https:\/\/drivercarrental.ae\/fr\/#organization\"},\"alternateName\":\"Cheapest Car Rental Dubai\",\"potentialAction\":[{\"@type\":\"SearchAction\",\"target\":{\"@type\":\"EntryPoint\",\"urlTemplate\":\"https:\/\/drivercarrental.ae\/fr\/?s={search_term_string}\"},\"query-input\":{\"@type\":\"PropertyValueSpecification\",\"valueRequired\":true,\"valueName\":\"search_term_string\"}}],\"inLanguage\":\"en-US\"},{\"@type\":\"Organization\",\"@id\":\"https:\/\/drivercarrental.ae\/fr\/#organization\",\"name\":\"Driver Car Rental Dubai\",\"alternateName\":\"Cheapest Car Rental Dubai\",\"url\":\"https:\/\/drivercarrental.ae\/fr\/\",\"logo\":{\"@type\":\"ImageObject\",\"inLanguage\":\"en-US\",\"@id\":\"https:\/\/drivercarrental.ae\/fr\/#\/schema\/logo\/image\/\",\"url\":\"https:\/\/drivercarrental.ae\/fr\/wp-content\/uploads\/2024\/07\/5001-1oo09iuh.png\",\"contentUrl\":\"https:\/\/drivercarrental.ae\/fr\/wp-content\/uploads\/2024\/07\/5001-1oo09iuh.png\",\"width\":500,\"height\":500,\"caption\":\"Driver Car Rental Dubai\"},\"image\":{\"@id\":\"https:\/\/drivercarrental.ae\/fr\/#\/schema\/logo\/image\/\"},\"sameAs\":[\"https:\/\/www.facebook.com\/DriverCarRentalUAE\"]}]}<\/script>\n<!-- \/ Yoast SEO plugin. -->","yoast_head_json":{"title":"Extending Modern Luxury with EXEED LX 2024","description":"Experience the 2024 EXEED LX, blending advanced technology, premium comfort, and sleek design for an unparalleled driving adventure.","robots":{"index":"noindex","follow":"nofollow"},"og_locale":"en_US","og_type":"article","og_title":"Extending Modern Luxury with EXEED LX 2024","og_description":"Experience the 2024 EXEED LX, blending advanced technology, premium comfort, and sleek design for an unparalleled driving adventure.","og_url":"https:\/\/drivercarrental.ae\/fr\/product\/exeed-lx2024\/","og_site_name":"DCR","article_publisher":"https:\/\/www.facebook.com\/DriverCarRentalUAE","article_modified_time":"2024-12-04T12:57:06+00:00","og_image":[{"width":634,"height":396,"url":"https:\/\/drivercarrental.ae\/fr\/wp-content\/uploads\/2024\/06\/EXEED-LX-2024-Dubai.png","type":"image\/png"}],"twitter_card":"summary_large_image","twitter_misc":{"Est. reading time":"3 minutes"},"schema":{"@context":"https:\/\/schema.org","@graph":[{"@type":"WebPage","@id":"https:\/\/drivercarrental.ae\/fr\/product\/exeed-lx2024\/","url":"https:\/\/drivercarrental.ae\/fr\/product\/exeed-lx2024\/","name":"Extending Modern Luxury with EXEED LX 2024","isPartOf":{"@id":"https:\/\/drivercarrental.ae\/fr\/#website"},"primaryImageOfPage":{"@id":"https:\/\/drivercarrental.ae\/fr\/product\/exeed-lx2024\/#primaryimage"},"image":{"@id":"https:\/\/drivercarrental.ae\/fr\/product\/exeed-lx2024\/#primaryimage"},"thumbnailUrl":"https:\/\/drivercarrental.ae\/fr\/wp-content\/uploads\/2024\/06\/EXEED-LX-2024-Dubai.png","datePublished":"2024-06-12T19:18:04+00:00","dateModified":"2024-12-04T12:57:06+00:00","description":"Experience the 2024 EXEED LX, blending advanced technology, premium comfort, and sleek design for an unparalleled driving adventure.","breadcrumb":{"@id":"https:\/\/drivercarrental.ae\/fr\/product\/exeed-lx2024\/#breadcrumb"},"inLanguage":"en-US","potentialAction":[{"@type":"ReadAction","target":["https:\/\/drivercarrental.ae\/fr\/product\/exeed-lx2024\/"]}]},{"@type":"ImageObject","inLanguage":"en-US","@id":"https:\/\/drivercarrental.ae\/fr\/product\/exeed-lx2024\/#primaryimage","url":"https:\/\/drivercarrental.ae\/fr\/wp-content\/uploads\/2024\/06\/EXEED-LX-2024-Dubai.png","contentUrl":"https:\/\/drivercarrental.ae\/fr\/wp-content\/uploads\/2024\/06\/EXEED-LX-2024-Dubai.png","width":634,"height":396,"caption":"EXEED LX 2024"},{"@type":"BreadcrumbList","@id":"https:\/\/drivercarrental.ae\/fr\/product\/exeed-lx2024\/#breadcrumb","itemListElement":[{"@type":"ListItem","position":1,"name":"Home","item":"https:\/\/drivercarrental.ae\/fr\/"},{"@type":"ListItem","position":2,"name":"Store","item":"https:\/\/drivercarrental.ae\/fr\/shop\/"},{"@type":"ListItem","position":3,"name":"EXEED\u00a0LX 2024"}]},{"@type":"WebSite","@id":"https:\/\/drivercarrental.ae\/fr\/#website","url":"https:\/\/drivercarrental.ae\/fr\/","name":"Driver Car Rental Dubai","description":"Driver Car Rental  Dubai","publisher":{"@id":"https:\/\/drivercarrental.ae\/fr\/#organization"},"alternateName":"Cheapest Car Rental Dubai","potentialAction":[{"@type":"SearchAction","target":{"@type":"EntryPoint","urlTemplate":"https:\/\/drivercarrental.ae\/fr\/?s={search_term_string}"},"query-input":{"@type":"PropertyValueSpecification","valueRequired":true,"valueName":"search_term_string"}}],"inLanguage":"en-US"},{"@type":"Organization","@id":"https:\/\/drivercarrental.ae\/fr\/#organization","name":"Driver Car Rental Dubai","alternateName":"Cheapest Car Rental Dubai","url":"https:\/\/drivercarrental.ae\/fr\/","logo":{"@type":"ImageObject","inLanguage":"en-US","@id":"https:\/\/drivercarrental.ae\/fr\/#\/schema\/logo\/image\/","url":"https:\/\/drivercarrental.ae\/fr\/wp-content\/uploads\/2024\/07\/5001-1oo09iuh.png","contentUrl":"https:\/\/drivercarrental.ae\/fr\/wp-content\/uploads\/2024\/07\/5001-1oo09iuh.png","width":500,"height":500,"caption":"Driver Car Rental Dubai"},"image":{"@id":"https:\/\/drivercarrental.ae\/fr\/#\/schema\/logo\/image\/"},"sameAs":["https:\/\/www.facebook.com\/DriverCarRentalUAE"]}]}},"_links":{"self":[{"href":"https:\/\/drivercarrental.ae\/fr\/wp-json\/wp\/v2\/product\/11500"}],"collection":[{"href":"https:\/\/drivercarrental.ae\/fr\/wp-json\/wp\/v2\/product"}],"about":[{"href":"https:\/\/drivercarrental.ae\/fr\/wp-json\/wp\/v2\/types\/product"}],"wp:featuredmedia":[{"embeddable":true,"href":"https:\/\/drivercarrental.ae\/fr\/wp-json\/wp\/v2\/media\/12210"}],"wp:attachment":[{"href":"https:\/\/drivercarrental.ae\/fr\/wp-json\/wp\/v2\/media?parent=11500"}],"wp:term":[{"taxonomy":"product_cat","embeddable":true,"href":"https:\/\/drivercarrental.ae\/fr\/wp-json\/wp\/v2\/product_cat?post=11500"},{"taxonomy":"product_tag","embeddable":true,"href":"https:\/\/drivercarrental.ae\/fr\/wp-json\/wp\/v2\/product_tag?post=11500"}],"curies":[{"name":"wp","href":"https:\/\/api.w.org\/{rel}","templated":true}]}}