{"id":11502,"date":"2024-06-12T23:19:56","date_gmt":"2024-06-12T19:19:56","guid":{"rendered":"https:\/\/drivercarrental.ae\/fr\/?post_type=product&#038;p=11502"},"modified":"2024-12-04T16:56:27","modified_gmt":"2024-12-04T12:56:27","slug":"mitsubishi-mirage-2020","status":"publish","type":"product","link":"https:\/\/drivercarrental.ae\/fr\/product\/mitsubishi-mirage-2020\/","title":{"rendered":"MITSUBISHI\u00a0MIRAGE 2020"},"content":{"rendered":"<p>La MITSUBISHI MIRAGE 2020 r\u00e9pertori\u00e9e chez Driver Car Rental est la voiture qui r\u00e9pond \u00e0 toutes les normes d&#8217;efficacit\u00e9, de praticit\u00e9 et d&#8217;abordabilit\u00e9. Cette voiture compacte a \u00e9t\u00e9 con\u00e7ue pour les citadins et en effet, conduire cette voiture dans les zones urbaines est un jeu d&#8217;enfant avec un moteur de 1,2 L, 1193 cc et une transmission automatique. La Mirage est \u00e9quip\u00e9e d&#8217;une grande efficacit\u00e9 \u00e9nerg\u00e9tique qui rend la voiture adapt\u00e9e \u00e0 la conduite banale ou aux trajets longue distance. Elle a une allure moderne et les si\u00e8ges en cuir offrent un confort pour cinq passagers \u00e9tant donn\u00e9 que la voiture est une berline de taille moyenne. Ces caract\u00e9ristiques comprennent la possibilit\u00e9 de connecter Bluetooth, le contr\u00f4le \u00e9lectrique des vitres, les freins antiblocage et les coussins gonflables du syst\u00e8me de retenue suppl\u00e9mentaire pour rendre la conduite de cette Mirage s\u00fbre et confortable.<\/p>\n<h2>Pourquoi choisir Driver Car Rental pour la MITSUBISHI MIRAGE 2020 ?<\/h2>\n<p>Driver Car Rental fait partie des soci\u00e9t\u00e9s de location de voitures r\u00e9put\u00e9es \u00e0 Duba\u00ef, avec une offre de prix relativement bas et un service de qualit\u00e9. Ainsi, louer la MITSUBISHI MIRAGE 2020 avec nous vous garantit le v\u00e9hicule dont vous avez besoin \u00e0 un prix de location abordable. Les tarifs pour les commandes quotidiennes, hebdomadaires et mensuelles sont respectivement de 70 AED, 490 AED et 1390 AED. Notre location n\u00e9cessite un d\u00e9p\u00f4t de garantie de 150 AED tandis que d&#8217;autres offres sp\u00e9ciales telles que le Super Collision Damage Waiver (SCDW) \u00e0 300 AED et le si\u00e8ge b\u00e9b\u00e9 \u00e0 150 AED entra\u00eenent des frais suppl\u00e9mentaires pour le mois. Que vous soyez un local ou un visiteur, notre processus de r\u00e9servation en ligne et nos choix de paiement, y compris en esp\u00e8ces et par carte de cr\u00e9dit, simplifient votre location.<\/p>\n<h2>FAQ<\/h2>\n<p><strong>1. Est-il possible de faire un aller simple dans le MITSUBISHI MIRAGE 2020 ?<\/strong><\/p>\n<p>Oui, les locations en aller simple sont autoris\u00e9es, mais uniquement dans certaines zones de Duba\u00ef. N&#8217;h\u00e9sitez pas \u00e0 contacter notre service client pour obtenir plus d&#8217;informations et confirmer la disponibilit\u00e9.<\/p>\n<p><strong>2. Quelles sont les limitations d&#8217;utilisation de la voiture dans la soci\u00e9t\u00e9 de location MITSUBISHI MIRAGE 2020 ?<\/strong><\/p>\n<p>Un nombre sp\u00e9cifique de kilom\u00e8tres est pr\u00e9vu pour la location. Chaque kilom\u00e8tre suppl\u00e9mentaire sera factur\u00e9 0,50 AED par km.<\/p>\n<p><strong>3. Comment puis-je rembourser mon d\u00e9p\u00f4t de garantie ?<\/strong><\/p>\n<p>Votre d\u00e9p\u00f4t de garantie vous sera rembours\u00e9 dans les 14 jours suivant la date de restitution du v\u00e9hicule s&#8217;il n&#8217;y a aucun dommage ou autre frais impay\u00e9s.<\/p>\n<p><strong>4. Est-il possible d&#8217;avoir une autre personne inscrite comme conducteur suppl\u00e9mentaire dans le contrat de location ?<\/strong><\/p>\n<p>Oui, vous pouvez obtenir plus de conducteurs, mais moyennant un petit suppl\u00e9ment en fonction de la politique de la soci\u00e9t\u00e9 de location de voitures concernant le nombre de conducteurs autoris\u00e9s \u00e0 \u00eatre inclus dans le contrat de location. Ils doivent fournir des documents similaires \u00e0 ceux exig\u00e9s du conducteur principal.<\/p>\n<p><strong>5. Le prix de location comprend-il l&#8217;assurance ?<\/strong><\/p>\n<p>Oui, le prix de location du v\u00e9hicule comprend l&#8217;assurance de base. Les dommages imm\u00e9diats caus\u00e9s par une collision sont couverts, mais pour une couverture plus \u00e9tendue du v\u00e9hicule, il existe la Super Collision Damage Waiver (SCDW).<\/p>\n","protected":false},"excerpt":{"rendered":"<p>La MITSUBISHI MIRAGE 2020 r\u00e9pertori\u00e9e chez Driver Car Rental est la voiture qui r\u00e9pond \u00e0 toutes les normes d&#8217;efficacit\u00e9, de praticit\u00e9 et d&#8217;abordabilit\u00e9. Cette voiture compacte a \u00e9t\u00e9 con\u00e7ue pour les citadins et en effet, conduire cette voiture dans les zones urbaines est un jeu d&#8217;enfant avec un moteur de 1,2 L, 1193 cc et [&hellip;]<\/p>\n","protected":false},"featured_media":12942,"template":"","meta":{"_acf_changed":false},"product_cat":[73],"product_tag":[],"acf":[],"yoast_head":"<!-- This site is optimized with the Yoast SEO plugin v23.7 - https:\/\/yoast.com\/wordpress\/plugins\/seo\/ -->\n<title>Compact and Efficient Mitsubishi Mirage 2020<\/title>\n<meta name=\"description\" content=\"Discover the Mitsubishi Mirage 2020 a compact car offering impressive fuel efficiency, modern features, and a comfortable ride for urban driving.\" \/>\n<meta name=\"robots\" content=\"noindex, nofollow\" \/>\n<meta property=\"og:locale\" content=\"en_US\" \/>\n<meta property=\"og:type\" content=\"article\" \/>\n<meta property=\"og:title\" content=\"Compact and Efficient Mitsubishi Mirage 2020\" \/>\n<meta property=\"og:description\" content=\"Discover the Mitsubishi Mirage 2020 a compact car offering impressive fuel efficiency, modern features, and a comfortable ride for urban driving.\" \/>\n<meta property=\"og:url\" content=\"https:\/\/drivercarrental.ae\/fr\/product\/mitsubishi-mirage-2020\/\" \/>\n<meta property=\"og:site_name\" content=\"DCR\" \/>\n<meta property=\"article:publisher\" content=\"https:\/\/www.facebook.com\/DriverCarRentalUAE\" \/>\n<meta property=\"article:modified_time\" content=\"2024-12-04T12:56:27+00:00\" \/>\n<meta property=\"og:image\" content=\"https:\/\/drivercarrental.ae\/fr\/wp-content\/uploads\/2024\/06\/Mitsubishi-Mirage-2020-4.jpg\" \/>\n\t<meta property=\"og:image:width\" content=\"450\" \/>\n\t<meta property=\"og:image:height\" content=\"395\" \/>\n\t<meta property=\"og:image:type\" content=\"image\/jpeg\" \/>\n<meta name=\"twitter:card\" content=\"summary_large_image\" \/>\n<meta name=\"twitter:label1\" content=\"Est. reading time\" \/>\n\t<meta name=\"twitter:data1\" content=\"3 minutes\" \/>\n<script type=\"application\/ld+json\" class=\"yoast-schema-graph\">{\"@context\":\"https:\/\/schema.org\",\"@graph\":[{\"@type\":\"WebPage\",\"@id\":\"https:\/\/drivercarrental.ae\/fr\/product\/mitsubishi-mirage-2020\/\",\"url\":\"https:\/\/drivercarrental.ae\/fr\/product\/mitsubishi-mirage-2020\/\",\"name\":\"Compact and Efficient Mitsubishi Mirage 2020\",\"isPartOf\":{\"@id\":\"https:\/\/drivercarrental.ae\/fr\/#website\"},\"primaryImageOfPage\":{\"@id\":\"https:\/\/drivercarrental.ae\/fr\/product\/mitsubishi-mirage-2020\/#primaryimage\"},\"image\":{\"@id\":\"https:\/\/drivercarrental.ae\/fr\/product\/mitsubishi-mirage-2020\/#primaryimage\"},\"thumbnailUrl\":\"https:\/\/drivercarrental.ae\/fr\/wp-content\/uploads\/2024\/06\/Mitsubishi-Mirage-2020-4.jpg\",\"datePublished\":\"2024-06-12T19:19:56+00:00\",\"dateModified\":\"2024-12-04T12:56:27+00:00\",\"description\":\"Discover the Mitsubishi Mirage 2020 a compact car offering impressive fuel efficiency, modern features, and a comfortable ride for urban driving.\",\"breadcrumb\":{\"@id\":\"https:\/\/drivercarrental.ae\/fr\/product\/mitsubishi-mirage-2020\/#breadcrumb\"},\"inLanguage\":\"en-US\",\"potentialAction\":[{\"@type\":\"ReadAction\",\"target\":[\"https:\/\/drivercarrental.ae\/fr\/product\/mitsubishi-mirage-2020\/\"]}]},{\"@type\":\"ImageObject\",\"inLanguage\":\"en-US\",\"@id\":\"https:\/\/drivercarrental.ae\/fr\/product\/mitsubishi-mirage-2020\/#primaryimage\",\"url\":\"https:\/\/drivercarrental.ae\/fr\/wp-content\/uploads\/2024\/06\/Mitsubishi-Mirage-2020-4.jpg\",\"contentUrl\":\"https:\/\/drivercarrental.ae\/fr\/wp-content\/uploads\/2024\/06\/Mitsubishi-Mirage-2020-4.jpg\",\"width\":450,\"height\":395},{\"@type\":\"BreadcrumbList\",\"@id\":\"https:\/\/drivercarrental.ae\/fr\/product\/mitsubishi-mirage-2020\/#breadcrumb\",\"itemListElement\":[{\"@type\":\"ListItem\",\"position\":1,\"name\":\"Home\",\"item\":\"https:\/\/drivercarrental.ae\/fr\/\"},{\"@type\":\"ListItem\",\"position\":2,\"name\":\"Store\",\"item\":\"https:\/\/drivercarrental.ae\/fr\/shop\/\"},{\"@type\":\"ListItem\",\"position\":3,\"name\":\"MITSUBISHI\u00a0MIRAGE 2020\"}]},{\"@type\":\"WebSite\",\"@id\":\"https:\/\/drivercarrental.ae\/fr\/#website\",\"url\":\"https:\/\/drivercarrental.ae\/fr\/\",\"name\":\"Driver Car Rental Dubai\",\"description\":\"Driver Car Rental  Dubai\",\"publisher\":{\"@id\":\"https:\/\/drivercarrental.ae\/fr\/#organization\"},\"alternateName\":\"Cheapest Car Rental Dubai\",\"potentialAction\":[{\"@type\":\"SearchAction\",\"target\":{\"@type\":\"EntryPoint\",\"urlTemplate\":\"https:\/\/drivercarrental.ae\/fr\/?s={search_term_string}\"},\"query-input\":{\"@type\":\"PropertyValueSpecification\",\"valueRequired\":true,\"valueName\":\"search_term_string\"}}],\"inLanguage\":\"en-US\"},{\"@type\":\"Organization\",\"@id\":\"https:\/\/drivercarrental.ae\/fr\/#organization\",\"name\":\"Driver Car Rental Dubai\",\"alternateName\":\"Cheapest Car Rental Dubai\",\"url\":\"https:\/\/drivercarrental.ae\/fr\/\",\"logo\":{\"@type\":\"ImageObject\",\"inLanguage\":\"en-US\",\"@id\":\"https:\/\/drivercarrental.ae\/fr\/#\/schema\/logo\/image\/\",\"url\":\"https:\/\/drivercarrental.ae\/fr\/wp-content\/uploads\/2024\/07\/5001-1oo09iuh.png\",\"contentUrl\":\"https:\/\/drivercarrental.ae\/fr\/wp-content\/uploads\/2024\/07\/5001-1oo09iuh.png\",\"width\":500,\"height\":500,\"caption\":\"Driver Car Rental Dubai\"},\"image\":{\"@id\":\"https:\/\/drivercarrental.ae\/fr\/#\/schema\/logo\/image\/\"},\"sameAs\":[\"https:\/\/www.facebook.com\/DriverCarRentalUAE\"]}]}<\/script>\n<!-- \/ Yoast SEO plugin. -->","yoast_head_json":{"title":"Compact and Efficient Mitsubishi Mirage 2020","description":"Discover the Mitsubishi Mirage 2020 a compact car offering impressive fuel efficiency, modern features, and a comfortable ride for urban driving.","robots":{"index":"noindex","follow":"nofollow"},"og_locale":"en_US","og_type":"article","og_title":"Compact and Efficient Mitsubishi Mirage 2020","og_description":"Discover the Mitsubishi Mirage 2020 a compact car offering impressive fuel efficiency, modern features, and a comfortable ride for urban driving.","og_url":"https:\/\/drivercarrental.ae\/fr\/product\/mitsubishi-mirage-2020\/","og_site_name":"DCR","article_publisher":"https:\/\/www.facebook.com\/DriverCarRentalUAE","article_modified_time":"2024-12-04T12:56:27+00:00","og_image":[{"width":450,"height":395,"url":"https:\/\/drivercarrental.ae\/fr\/wp-content\/uploads\/2024\/06\/Mitsubishi-Mirage-2020-4.jpg","type":"image\/jpeg"}],"twitter_card":"summary_large_image","twitter_misc":{"Est. reading time":"3 minutes"},"schema":{"@context":"https:\/\/schema.org","@graph":[{"@type":"WebPage","@id":"https:\/\/drivercarrental.ae\/fr\/product\/mitsubishi-mirage-2020\/","url":"https:\/\/drivercarrental.ae\/fr\/product\/mitsubishi-mirage-2020\/","name":"Compact and Efficient Mitsubishi Mirage 2020","isPartOf":{"@id":"https:\/\/drivercarrental.ae\/fr\/#website"},"primaryImageOfPage":{"@id":"https:\/\/drivercarrental.ae\/fr\/product\/mitsubishi-mirage-2020\/#primaryimage"},"image":{"@id":"https:\/\/drivercarrental.ae\/fr\/product\/mitsubishi-mirage-2020\/#primaryimage"},"thumbnailUrl":"https:\/\/drivercarrental.ae\/fr\/wp-content\/uploads\/2024\/06\/Mitsubishi-Mirage-2020-4.jpg","datePublished":"2024-06-12T19:19:56+00:00","dateModified":"2024-12-04T12:56:27+00:00","description":"Discover the Mitsubishi Mirage 2020 a compact car offering impressive fuel efficiency, modern features, and a comfortable ride for urban driving.","breadcrumb":{"@id":"https:\/\/drivercarrental.ae\/fr\/product\/mitsubishi-mirage-2020\/#breadcrumb"},"inLanguage":"en-US","potentialAction":[{"@type":"ReadAction","target":["https:\/\/drivercarrental.ae\/fr\/product\/mitsubishi-mirage-2020\/"]}]},{"@type":"ImageObject","inLanguage":"en-US","@id":"https:\/\/drivercarrental.ae\/fr\/product\/mitsubishi-mirage-2020\/#primaryimage","url":"https:\/\/drivercarrental.ae\/fr\/wp-content\/uploads\/2024\/06\/Mitsubishi-Mirage-2020-4.jpg","contentUrl":"https:\/\/drivercarrental.ae\/fr\/wp-content\/uploads\/2024\/06\/Mitsubishi-Mirage-2020-4.jpg","width":450,"height":395},{"@type":"BreadcrumbList","@id":"https:\/\/drivercarrental.ae\/fr\/product\/mitsubishi-mirage-2020\/#breadcrumb","itemListElement":[{"@type":"ListItem","position":1,"name":"Home","item":"https:\/\/drivercarrental.ae\/fr\/"},{"@type":"ListItem","position":2,"name":"Store","item":"https:\/\/drivercarrental.ae\/fr\/shop\/"},{"@type":"ListItem","position":3,"name":"MITSUBISHI\u00a0MIRAGE 2020"}]},{"@type":"WebSite","@id":"https:\/\/drivercarrental.ae\/fr\/#website","url":"https:\/\/drivercarrental.ae\/fr\/","name":"Driver Car Rental Dubai","description":"Driver Car Rental  Dubai","publisher":{"@id":"https:\/\/drivercarrental.ae\/fr\/#organization"},"alternateName":"Cheapest Car Rental Dubai","potentialAction":[{"@type":"SearchAction","target":{"@type":"EntryPoint","urlTemplate":"https:\/\/drivercarrental.ae\/fr\/?s={search_term_string}"},"query-input":{"@type":"PropertyValueSpecification","valueRequired":true,"valueName":"search_term_string"}}],"inLanguage":"en-US"},{"@type":"Organization","@id":"https:\/\/drivercarrental.ae\/fr\/#organization","name":"Driver Car Rental Dubai","alternateName":"Cheapest Car Rental Dubai","url":"https:\/\/drivercarrental.ae\/fr\/","logo":{"@type":"ImageObject","inLanguage":"en-US","@id":"https:\/\/drivercarrental.ae\/fr\/#\/schema\/logo\/image\/","url":"https:\/\/drivercarrental.ae\/fr\/wp-content\/uploads\/2024\/07\/5001-1oo09iuh.png","contentUrl":"https:\/\/drivercarrental.ae\/fr\/wp-content\/uploads\/2024\/07\/5001-1oo09iuh.png","width":500,"height":500,"caption":"Driver Car Rental Dubai"},"image":{"@id":"https:\/\/drivercarrental.ae\/fr\/#\/schema\/logo\/image\/"},"sameAs":["https:\/\/www.facebook.com\/DriverCarRentalUAE"]}]}},"_links":{"self":[{"href":"https:\/\/drivercarrental.ae\/fr\/wp-json\/wp\/v2\/product\/11502"}],"collection":[{"href":"https:\/\/drivercarrental.ae\/fr\/wp-json\/wp\/v2\/product"}],"about":[{"href":"https:\/\/drivercarrental.ae\/fr\/wp-json\/wp\/v2\/types\/product"}],"wp:featuredmedia":[{"embeddable":true,"href":"https:\/\/drivercarrental.ae\/fr\/wp-json\/wp\/v2\/media\/12942"}],"wp:attachment":[{"href":"https:\/\/drivercarrental.ae\/fr\/wp-json\/wp\/v2\/media?parent=11502"}],"wp:term":[{"taxonomy":"product_cat","embeddable":true,"href":"https:\/\/drivercarrental.ae\/fr\/wp-json\/wp\/v2\/product_cat?post=11502"},{"taxonomy":"product_tag","embeddable":true,"href":"https:\/\/drivercarrental.ae\/fr\/wp-json\/wp\/v2\/product_tag?post=11502"}],"curies":[{"name":"wp","href":"https:\/\/api.w.org\/{rel}","templated":true}]}}