{"id":11504,"date":"2024-06-12T23:21:55","date_gmt":"2024-06-12T19:21:55","guid":{"rendered":"https:\/\/drivercarrental.ae\/fr\/?post_type=product&#038;p=11504"},"modified":"2024-12-04T16:55:55","modified_gmt":"2024-12-04T12:55:55","slug":"mitsubishi-attrage-2021","status":"publish","type":"product","link":"https:\/\/drivercarrental.ae\/fr\/product\/mitsubishi-attrage-2021\/","title":{"rendered":"MITSUBISHI\u00a0ATTRAGE 2021"},"content":{"rendered":"<p>C&#8217;est avec grand plaisir que nous vous pr\u00e9sentons la Mitsubishi Attrage 2021, disponible \u00e0 la location d\u00e8s maintenant chez Driver Car Rental Dubai. Cette voiture compacte est parfaite pour une conduite en ville et elle est \u00e9quip\u00e9e d&#8217;un moteur 1,2 L plut\u00f4t efficace offrant une puissance raisonnable et en m\u00eame temps une bonne efficacit\u00e9 \u00e9nerg\u00e9tique. Le look \u00e9l\u00e9gant a une mode moderne et urbaine avec un int\u00e9rieur en cuir raffin\u00e9, ce qui le rend confortable pour jusqu&#8217;\u00e0 cinq personnes.<\/p>\n<p>Certaines des caract\u00e9ristiques de confort comprennent une transmission automatique et d&#8217;autres fonctionnalit\u00e9s telles que la connexion Bluetooth, les capteurs de stationnement en marche arri\u00e8re et les phares antibrouillard. La Mitsubishi Attrage 2021 est la meilleure voiture pour les visites de Duba\u00ef ou la vie quotidienne en raison des fonctionnalit\u00e9s et de la fiabilit\u00e9 qu&#8217;elle offre.<\/p>\n<h2>Pourquoi choisir Driver Car Rental pour le Mitsubishi Attrage 2021 ?<\/h2>\n<p>Chez notre agence de location de voitures \u00e0 Duba\u00ef, nous proposons la Mitsubishi Attrage 2021 aux prix les plus abordables ; le prix de prise en charge est de 80 AED\/jour, le prix hebdomadaire de 490 AED\/semaine et le prix mensuel de 1400 AED\/mois. Notre service de location est accompagn\u00e9 d&#8217;un d\u00e9p\u00f4t de garantie tr\u00e8s faible de 1500 AED, vous n&#8217;avez donc pas \u00e0 vous soucier des dommages caus\u00e9s par n\u00e9gligence. Il est de notre devoir de nettoyer et de d\u00e9sinfecter r\u00e9guli\u00e8rement notre flotte pour \u00e9viter la propagation de bact\u00e9ries ou de virus pour votre confort et votre s\u00e9curit\u00e9.<\/p>\n<p>Profitez de notre syst\u00e8me de paiement facile, en esp\u00e8ces ou par carte de cr\u00e9dit, de nos facilit\u00e9s de cr\u00e9dit et de notre assistance routi\u00e8re 24 heures sur 24. Si vous \u00eates \u00e0 la recherche d&#8217;une solution de conduite fiable et abordable, optez pour Driver Car Rental \u00e0 Duba\u00ef.<\/p>\n<h2>FAQ<\/h2>\n<p><strong>1. Quel est le taux de consommation de carburant du Mitsubishi Attrage 2021 ?<\/strong><\/p>\n<p>Mitsubishi a en quelque sorte incorpor\u00e9 l&#8217;Attrage 2021 avec la capacit\u00e9 d&#8217;\u00eatre \u00e9conome en carburant avec un moteur de 1,2 L, une autre caract\u00e9ristique rendant cette voiture \u00e9conomique \u00e0 la fois pour la conduite en ville et pour les trajets longue distance.<\/p>\n<p><strong>2. Y a-t-il des options suppl\u00e9mentaires propos\u00e9es dans mon plan de location ?<\/strong><\/p>\n<p>Oui, en effet, vous pouvez toujours ajouter certaines fonctionnalit\u00e9s suppl\u00e9mentaires comme la commande d&#8217;un si\u00e8ge b\u00e9b\u00e9 pour un jeton de 150 AED par mois, ou SCDW qui est une protection suppl\u00e9mentaire en cas d&#8217;accident pour un jeton de 300 AED.<\/p>\n<p><strong>3. Quelle politique s\u2019applique si des kilom\u00e8tres suppl\u00e9mentaires sont utilis\u00e9s ?<\/strong><\/p>\n<p>Des frais suppl\u00e9mentaires seront factur\u00e9s si le kilom\u00e9trage inclus est d\u00e9pass\u00e9 : 0,50 AED par kilom\u00e8tre. La flexibilit\u00e9 est notre deuxi\u00e8me pr\u00e9nom lorsqu&#8217;il s&#8217;agit de vos besoins de conduite.<\/p>\n<p><strong>4. Existe-t-il une offre ou une remise que je peux obtenir pour cette commande ?<\/strong><\/p>\n<p>Nous utilisons parfois des mesures incitatives telles que des promotions sur les ventes et des coupons pour nos locations de voitures. Nous vous encourageons \u00e0 visiter ce site Web ou \u00e0 nous contacter pour rechercher les promotions existantes qui pourraient vous aider \u00e0 r\u00e9duire vos co\u00fbts.<\/p>\n<p><strong>5. Que puis-je faire pour rendre le processus de location aussi fluide que possible ?<\/strong><\/p>\n<p>Pour un processus fluide, il est recommand\u00e9 aux clients d&#8217;avoir leurs documents \u00e0 port\u00e9e de main et de conna\u00eetre \u00e9galement les termes du contrat de location de mani\u00e8re exhaustive. Contactez notre \u00e9quipe \u00e0 tout moment pour toutes les questions que vous pourriez avoir, notre objectif est de rendre votre location aussi simple que possible.<\/p>\n","protected":false},"excerpt":{"rendered":"<p>C&#8217;est avec grand plaisir que nous vous pr\u00e9sentons la Mitsubishi Attrage 2021, disponible \u00e0 la location d\u00e8s maintenant chez Driver Car Rental Dubai. Cette voiture compacte est parfaite pour une conduite en ville et elle est \u00e9quip\u00e9e d&#8217;un moteur 1,2 L plut\u00f4t efficace offrant une puissance raisonnable et en m\u00eame temps une bonne efficacit\u00e9 \u00e9nerg\u00e9tique. [&hellip;]<\/p>\n","protected":false},"featured_media":12933,"template":"","meta":{"_acf_changed":false},"product_cat":[73],"product_tag":[],"acf":[],"yoast_head":"<!-- This site is optimized with the Yoast SEO plugin v23.7 - https:\/\/yoast.com\/wordpress\/plugins\/seo\/ -->\n<title>Mitsubishi Attrage 2021 Compact and Efficient<\/title>\n<meta name=\"description\" content=\"Discover the Mitsubishi Attrage 2021 a compact car that combines efficiency style and advanced features for an exceptional driving experience.\" \/>\n<meta name=\"robots\" content=\"noindex, nofollow\" \/>\n<meta property=\"og:locale\" content=\"en_US\" \/>\n<meta property=\"og:type\" content=\"article\" \/>\n<meta property=\"og:title\" content=\"Mitsubishi Attrage 2021 Compact and Efficient\" \/>\n<meta property=\"og:description\" content=\"Discover the Mitsubishi Attrage 2021 a compact car that combines efficiency style and advanced features for an exceptional driving experience.\" \/>\n<meta property=\"og:url\" content=\"https:\/\/drivercarrental.ae\/fr\/product\/mitsubishi-attrage-2021\/\" \/>\n<meta property=\"og:site_name\" content=\"DCR\" \/>\n<meta property=\"article:publisher\" content=\"https:\/\/www.facebook.com\/DriverCarRentalUAE\" \/>\n<meta property=\"article:modified_time\" content=\"2024-12-04T12:55:55+00:00\" \/>\n<meta property=\"og:image\" content=\"https:\/\/drivercarrental.ae\/fr\/wp-content\/uploads\/2024\/06\/Mitsubishi-Attrage-2021-2.jpg\" \/>\n\t<meta property=\"og:image:width\" content=\"450\" \/>\n\t<meta property=\"og:image:height\" content=\"395\" \/>\n\t<meta property=\"og:image:type\" content=\"image\/jpeg\" \/>\n<meta name=\"twitter:card\" content=\"summary_large_image\" \/>\n<meta name=\"twitter:label1\" content=\"Est. reading time\" \/>\n\t<meta name=\"twitter:data1\" content=\"3 minutes\" \/>\n<script type=\"application\/ld+json\" class=\"yoast-schema-graph\">{\"@context\":\"https:\/\/schema.org\",\"@graph\":[{\"@type\":\"WebPage\",\"@id\":\"https:\/\/drivercarrental.ae\/fr\/product\/mitsubishi-attrage-2021\/\",\"url\":\"https:\/\/drivercarrental.ae\/fr\/product\/mitsubishi-attrage-2021\/\",\"name\":\"Mitsubishi Attrage 2021 Compact and Efficient\",\"isPartOf\":{\"@id\":\"https:\/\/drivercarrental.ae\/fr\/#website\"},\"primaryImageOfPage\":{\"@id\":\"https:\/\/drivercarrental.ae\/fr\/product\/mitsubishi-attrage-2021\/#primaryimage\"},\"image\":{\"@id\":\"https:\/\/drivercarrental.ae\/fr\/product\/mitsubishi-attrage-2021\/#primaryimage\"},\"thumbnailUrl\":\"https:\/\/drivercarrental.ae\/fr\/wp-content\/uploads\/2024\/06\/Mitsubishi-Attrage-2021-2.jpg\",\"datePublished\":\"2024-06-12T19:21:55+00:00\",\"dateModified\":\"2024-12-04T12:55:55+00:00\",\"description\":\"Discover the Mitsubishi Attrage 2021 a compact car that combines efficiency style and advanced features for an exceptional driving experience.\",\"breadcrumb\":{\"@id\":\"https:\/\/drivercarrental.ae\/fr\/product\/mitsubishi-attrage-2021\/#breadcrumb\"},\"inLanguage\":\"en-US\",\"potentialAction\":[{\"@type\":\"ReadAction\",\"target\":[\"https:\/\/drivercarrental.ae\/fr\/product\/mitsubishi-attrage-2021\/\"]}]},{\"@type\":\"ImageObject\",\"inLanguage\":\"en-US\",\"@id\":\"https:\/\/drivercarrental.ae\/fr\/product\/mitsubishi-attrage-2021\/#primaryimage\",\"url\":\"https:\/\/drivercarrental.ae\/fr\/wp-content\/uploads\/2024\/06\/Mitsubishi-Attrage-2021-2.jpg\",\"contentUrl\":\"https:\/\/drivercarrental.ae\/fr\/wp-content\/uploads\/2024\/06\/Mitsubishi-Attrage-2021-2.jpg\",\"width\":450,\"height\":395},{\"@type\":\"BreadcrumbList\",\"@id\":\"https:\/\/drivercarrental.ae\/fr\/product\/mitsubishi-attrage-2021\/#breadcrumb\",\"itemListElement\":[{\"@type\":\"ListItem\",\"position\":1,\"name\":\"Home\",\"item\":\"https:\/\/drivercarrental.ae\/fr\/\"},{\"@type\":\"ListItem\",\"position\":2,\"name\":\"Store\",\"item\":\"https:\/\/drivercarrental.ae\/fr\/shop\/\"},{\"@type\":\"ListItem\",\"position\":3,\"name\":\"MITSUBISHI\u00a0ATTRAGE 2021\"}]},{\"@type\":\"WebSite\",\"@id\":\"https:\/\/drivercarrental.ae\/fr\/#website\",\"url\":\"https:\/\/drivercarrental.ae\/fr\/\",\"name\":\"Driver Car Rental Dubai\",\"description\":\"Driver Car Rental  Dubai\",\"publisher\":{\"@id\":\"https:\/\/drivercarrental.ae\/fr\/#organization\"},\"alternateName\":\"Cheapest Car Rental Dubai\",\"potentialAction\":[{\"@type\":\"SearchAction\",\"target\":{\"@type\":\"EntryPoint\",\"urlTemplate\":\"https:\/\/drivercarrental.ae\/fr\/?s={search_term_string}\"},\"query-input\":{\"@type\":\"PropertyValueSpecification\",\"valueRequired\":true,\"valueName\":\"search_term_string\"}}],\"inLanguage\":\"en-US\"},{\"@type\":\"Organization\",\"@id\":\"https:\/\/drivercarrental.ae\/fr\/#organization\",\"name\":\"Driver Car Rental Dubai\",\"alternateName\":\"Cheapest Car Rental Dubai\",\"url\":\"https:\/\/drivercarrental.ae\/fr\/\",\"logo\":{\"@type\":\"ImageObject\",\"inLanguage\":\"en-US\",\"@id\":\"https:\/\/drivercarrental.ae\/fr\/#\/schema\/logo\/image\/\",\"url\":\"https:\/\/drivercarrental.ae\/fr\/wp-content\/uploads\/2024\/07\/5001-1oo09iuh.png\",\"contentUrl\":\"https:\/\/drivercarrental.ae\/fr\/wp-content\/uploads\/2024\/07\/5001-1oo09iuh.png\",\"width\":500,\"height\":500,\"caption\":\"Driver Car Rental Dubai\"},\"image\":{\"@id\":\"https:\/\/drivercarrental.ae\/fr\/#\/schema\/logo\/image\/\"},\"sameAs\":[\"https:\/\/www.facebook.com\/DriverCarRentalUAE\"]}]}<\/script>\n<!-- \/ Yoast SEO plugin. -->","yoast_head_json":{"title":"Mitsubishi Attrage 2021 Compact and Efficient","description":"Discover the Mitsubishi Attrage 2021 a compact car that combines efficiency style and advanced features for an exceptional driving experience.","robots":{"index":"noindex","follow":"nofollow"},"og_locale":"en_US","og_type":"article","og_title":"Mitsubishi Attrage 2021 Compact and Efficient","og_description":"Discover the Mitsubishi Attrage 2021 a compact car that combines efficiency style and advanced features for an exceptional driving experience.","og_url":"https:\/\/drivercarrental.ae\/fr\/product\/mitsubishi-attrage-2021\/","og_site_name":"DCR","article_publisher":"https:\/\/www.facebook.com\/DriverCarRentalUAE","article_modified_time":"2024-12-04T12:55:55+00:00","og_image":[{"width":450,"height":395,"url":"https:\/\/drivercarrental.ae\/fr\/wp-content\/uploads\/2024\/06\/Mitsubishi-Attrage-2021-2.jpg","type":"image\/jpeg"}],"twitter_card":"summary_large_image","twitter_misc":{"Est. reading time":"3 minutes"},"schema":{"@context":"https:\/\/schema.org","@graph":[{"@type":"WebPage","@id":"https:\/\/drivercarrental.ae\/fr\/product\/mitsubishi-attrage-2021\/","url":"https:\/\/drivercarrental.ae\/fr\/product\/mitsubishi-attrage-2021\/","name":"Mitsubishi Attrage 2021 Compact and Efficient","isPartOf":{"@id":"https:\/\/drivercarrental.ae\/fr\/#website"},"primaryImageOfPage":{"@id":"https:\/\/drivercarrental.ae\/fr\/product\/mitsubishi-attrage-2021\/#primaryimage"},"image":{"@id":"https:\/\/drivercarrental.ae\/fr\/product\/mitsubishi-attrage-2021\/#primaryimage"},"thumbnailUrl":"https:\/\/drivercarrental.ae\/fr\/wp-content\/uploads\/2024\/06\/Mitsubishi-Attrage-2021-2.jpg","datePublished":"2024-06-12T19:21:55+00:00","dateModified":"2024-12-04T12:55:55+00:00","description":"Discover the Mitsubishi Attrage 2021 a compact car that combines efficiency style and advanced features for an exceptional driving experience.","breadcrumb":{"@id":"https:\/\/drivercarrental.ae\/fr\/product\/mitsubishi-attrage-2021\/#breadcrumb"},"inLanguage":"en-US","potentialAction":[{"@type":"ReadAction","target":["https:\/\/drivercarrental.ae\/fr\/product\/mitsubishi-attrage-2021\/"]}]},{"@type":"ImageObject","inLanguage":"en-US","@id":"https:\/\/drivercarrental.ae\/fr\/product\/mitsubishi-attrage-2021\/#primaryimage","url":"https:\/\/drivercarrental.ae\/fr\/wp-content\/uploads\/2024\/06\/Mitsubishi-Attrage-2021-2.jpg","contentUrl":"https:\/\/drivercarrental.ae\/fr\/wp-content\/uploads\/2024\/06\/Mitsubishi-Attrage-2021-2.jpg","width":450,"height":395},{"@type":"BreadcrumbList","@id":"https:\/\/drivercarrental.ae\/fr\/product\/mitsubishi-attrage-2021\/#breadcrumb","itemListElement":[{"@type":"ListItem","position":1,"name":"Home","item":"https:\/\/drivercarrental.ae\/fr\/"},{"@type":"ListItem","position":2,"name":"Store","item":"https:\/\/drivercarrental.ae\/fr\/shop\/"},{"@type":"ListItem","position":3,"name":"MITSUBISHI\u00a0ATTRAGE 2021"}]},{"@type":"WebSite","@id":"https:\/\/drivercarrental.ae\/fr\/#website","url":"https:\/\/drivercarrental.ae\/fr\/","name":"Driver Car Rental Dubai","description":"Driver Car Rental  Dubai","publisher":{"@id":"https:\/\/drivercarrental.ae\/fr\/#organization"},"alternateName":"Cheapest Car Rental Dubai","potentialAction":[{"@type":"SearchAction","target":{"@type":"EntryPoint","urlTemplate":"https:\/\/drivercarrental.ae\/fr\/?s={search_term_string}"},"query-input":{"@type":"PropertyValueSpecification","valueRequired":true,"valueName":"search_term_string"}}],"inLanguage":"en-US"},{"@type":"Organization","@id":"https:\/\/drivercarrental.ae\/fr\/#organization","name":"Driver Car Rental Dubai","alternateName":"Cheapest Car Rental Dubai","url":"https:\/\/drivercarrental.ae\/fr\/","logo":{"@type":"ImageObject","inLanguage":"en-US","@id":"https:\/\/drivercarrental.ae\/fr\/#\/schema\/logo\/image\/","url":"https:\/\/drivercarrental.ae\/fr\/wp-content\/uploads\/2024\/07\/5001-1oo09iuh.png","contentUrl":"https:\/\/drivercarrental.ae\/fr\/wp-content\/uploads\/2024\/07\/5001-1oo09iuh.png","width":500,"height":500,"caption":"Driver Car Rental Dubai"},"image":{"@id":"https:\/\/drivercarrental.ae\/fr\/#\/schema\/logo\/image\/"},"sameAs":["https:\/\/www.facebook.com\/DriverCarRentalUAE"]}]}},"_links":{"self":[{"href":"https:\/\/drivercarrental.ae\/fr\/wp-json\/wp\/v2\/product\/11504"}],"collection":[{"href":"https:\/\/drivercarrental.ae\/fr\/wp-json\/wp\/v2\/product"}],"about":[{"href":"https:\/\/drivercarrental.ae\/fr\/wp-json\/wp\/v2\/types\/product"}],"wp:featuredmedia":[{"embeddable":true,"href":"https:\/\/drivercarrental.ae\/fr\/wp-json\/wp\/v2\/media\/12933"}],"wp:attachment":[{"href":"https:\/\/drivercarrental.ae\/fr\/wp-json\/wp\/v2\/media?parent=11504"}],"wp:term":[{"taxonomy":"product_cat","embeddable":true,"href":"https:\/\/drivercarrental.ae\/fr\/wp-json\/wp\/v2\/product_cat?post=11504"},{"taxonomy":"product_tag","embeddable":true,"href":"https:\/\/drivercarrental.ae\/fr\/wp-json\/wp\/v2\/product_tag?post=11504"}],"curies":[{"name":"wp","href":"https:\/\/api.w.org\/{rel}","templated":true}]}}