{"id":11506,"date":"2024-06-12T23:24:16","date_gmt":"2024-06-12T19:24:16","guid":{"rendered":"https:\/\/drivercarrental.ae\/fr\/?post_type=product&#038;p=11506"},"modified":"2024-12-04T16:55:25","modified_gmt":"2024-12-04T12:55:25","slug":"mg-mg-5-2024","status":"publish","type":"product","link":"https:\/\/drivercarrental.ae\/fr\/product\/mg-mg-5-2024\/","title":{"rendered":"MG\u00a0MG\u00a05 &#8211; 2024"},"content":{"rendered":"<p>Entrez dans un nouveau royaume de polyvalence avec la toute nouvelle MG MG 5 \u2013 2024 \u00e0 louer chez Driver Car Rental Dubai. Ce mod\u00e8le de voiture contemporain offre un look extraordinaire en plus du style, du confort et des performances que l&#8217;on peut d\u00e9sirer. La MG 5 est \u00e9quip\u00e9e d&#8217;un moteur de 1,5 L qui peut rendre la conduite fluide avec une fonction r\u00e9active qui rend le voyage agr\u00e9able.<\/p>\n<p>La voiture a un design soign\u00e9 et dispose d&#8217;un int\u00e9rieur en cuir luxueux, ce qui vous permet de conduire confortablement \u00e0 n&#8217;importe quelle vitesse dans les rues anim\u00e9es de Duba\u00ef ou lors d&#8217;un voyage tranquille. La MG 5 est \u00e9quip\u00e9e du Bluetooth, de capteurs de stationnement et d&#8217;un syst\u00e8me d&#8217;infodivertissement sophistiqu\u00e9 pour garantir que l&#8217;utilisateur est inform\u00e9 et diverti pendant la conduite.<\/p>\n<h2>Pourquoi louer la MG MG 5 \u2013 2024 chez Driver Car Rental ?<\/h2>\n<p>Chez Driver Car Rental, nous proposons la MG MG 5 \u2013 2024 \u00e0 un tarif \u00e0 partir de 110 AED par jour jusqu&#8217;\u00e0 630 AED par semaine et 1890 AED par mois. Notre service de location se veut confortable et sans frais cach\u00e9s ; la caution de service n&#8217;est que de 1500 AED. La ponctualit\u00e9 et la propret\u00e9 sont les ma\u00eetres mots des locataires, et nous nous assurons d&#8217;avoir une flotte propre et aseptis\u00e9e la plupart du temps.<\/p>\n<p>Profitez de services tels que l&#8217;assistance routi\u00e8re disponible 24 heures sur 24 et la libert\u00e9 de payer en esp\u00e8ces ou par carte de cr\u00e9dit. Avec nos services de location de voitures \u00e0 Duba\u00ef, profitez d&#8217;une exp\u00e9rience de conduite luxueuse \u00e0 Duba\u00ef sans vous ruiner.<\/p>\n<h2>FAQ<\/h2>\n<p><strong>1. Quels papiers dois-je fournir pour louer la MG MG 5 \u2013 2024 ?<\/strong><\/p>\n<ul>\n<li>R\u00e9sidents des EAU : Photocopie du passeport, photocopie de la carte d&#8217;identit\u00e9 des \u00c9mirats, photocopie du permis de conduire des EAU.<\/li>\n<li>Touristes\/Non-r\u00e9sidents : Copie du passeport, Copie du visa de visite, Copie du permis de conduire international.<\/li>\n<\/ul>\n<p><strong>2. Quel est le prix de location du MG MG 5 \u2013 2024 ?<\/strong><\/p>\n<p>Ils facturent un tarif journalier de 110 AED par jour, un tarif hebdomadaire de 630 AED par semaine et un tarif mensuel de 1890 AED par mois. Cependant, ces prix n&#8217;incluent pas la TVA de 5 % et le d\u00e9p\u00f4t de garantie de 1500 AED.<\/p>\n<p><strong>3. Y a-t-il des frais suppl\u00e9mentaires auxquels je dois faire attention\u00a0?<\/strong><\/p>\n<p>Oui, il y a des frais de kilom\u00e8tre suppl\u00e9mentaires de 0,50 AED par kilom\u00e8tre, des frais de Salik\/p\u00e9age de 5 AED et une assurance facultative Super Collision Damage Waiver (SCDW) \u00e0 300 AED. Un autre article qui peut \u00eatre lou\u00e9 est un si\u00e8ge b\u00e9b\u00e9 qui co\u00fbte 150 AED par mois.<\/p>\n<p><strong>4. Quels services sont inclus dans le prix de location ?<\/strong><\/p>\n<p>Tous les prix de location de voiture comprennent l&#8217;assurance standard, la couverture d&#8217;assurance et l&#8217;assistance routi\u00e8re 24 heures sur 24. Des am\u00e9liorations telles que le Bluetooth, le contr\u00f4le de l&#8217;espace de stationnement et les phares antibrouillard offrent des avantages suppl\u00e9mentaires au conducteur.<\/p>\n<p><strong>5. Comment puis-je r\u00e9server le MG MG 5 \u2013 2024 ?<\/strong><\/p>\n<p><span class=\"\">La r\u00e9servation est simple ! Pour r\u00e9server votre voiture, vous pouvez nous appeler directement au + 971543564075, + 971504734471 ou aller sur R\u00e9server maintenant sur la page \u00ab Accueil \u00bb. Nous esp\u00e9rons que votre exp\u00e9rience de location sera agr\u00e9able et facile pour vous ou vos clients.<\/span><\/p>\n","protected":false},"excerpt":{"rendered":"<p>Entrez dans un nouveau royaume de polyvalence avec la toute nouvelle MG MG 5 \u2013 2024 \u00e0 louer chez Driver Car Rental Dubai. Ce mod\u00e8le de voiture contemporain offre un look extraordinaire en plus du style, du confort et des performances que l&#8217;on peut d\u00e9sirer. La MG 5 est \u00e9quip\u00e9e d&#8217;un moteur de 1,5 L [&hellip;]<\/p>\n","protected":false},"featured_media":12207,"template":"","meta":{"_acf_changed":false},"product_cat":[74],"product_tag":[],"acf":[],"yoast_head":"<!-- This site is optimized with the Yoast SEO plugin v23.7 - https:\/\/yoast.com\/wordpress\/plugins\/seo\/ -->\n<title>MG MG 5 2024 Sleek and Stylish Compact Sedan<\/title>\n<meta name=\"description\" content=\"MG MG 5 2024, a sleek, stylish compact sedan offering advanced tech, superior comfort, and impressive performance for a modern driving experience.\" \/>\n<meta name=\"robots\" content=\"noindex, nofollow\" \/>\n<meta property=\"og:locale\" content=\"en_US\" \/>\n<meta property=\"og:type\" content=\"article\" \/>\n<meta property=\"og:title\" content=\"MG MG 5 2024 Sleek and Stylish Compact Sedan\" \/>\n<meta property=\"og:description\" content=\"MG MG 5 2024, a sleek, stylish compact sedan offering advanced tech, superior comfort, and impressive performance for a modern driving experience.\" \/>\n<meta property=\"og:url\" content=\"https:\/\/drivercarrental.ae\/fr\/product\/mg-mg-5-2024\/\" \/>\n<meta property=\"og:site_name\" content=\"DCR\" \/>\n<meta property=\"article:publisher\" content=\"https:\/\/www.facebook.com\/DriverCarRentalUAE\" \/>\n<meta property=\"article:modified_time\" content=\"2024-12-04T12:55:25+00:00\" \/>\n<meta property=\"og:image\" content=\"https:\/\/drivercarrental.ae\/fr\/wp-content\/uploads\/2024\/06\/MG-MG-5-2024-Dubai.png\" \/>\n\t<meta property=\"og:image:width\" content=\"634\" \/>\n\t<meta property=\"og:image:height\" content=\"396\" \/>\n\t<meta property=\"og:image:type\" content=\"image\/png\" \/>\n<meta name=\"twitter:card\" content=\"summary_large_image\" \/>\n<meta name=\"twitter:label1\" content=\"Est. reading time\" \/>\n\t<meta name=\"twitter:data1\" content=\"3 minutes\" \/>\n<script type=\"application\/ld+json\" class=\"yoast-schema-graph\">{\"@context\":\"https:\/\/schema.org\",\"@graph\":[{\"@type\":\"WebPage\",\"@id\":\"https:\/\/drivercarrental.ae\/fr\/product\/mg-mg-5-2024\/\",\"url\":\"https:\/\/drivercarrental.ae\/fr\/product\/mg-mg-5-2024\/\",\"name\":\"MG MG 5 2024 Sleek and Stylish Compact Sedan\",\"isPartOf\":{\"@id\":\"https:\/\/drivercarrental.ae\/fr\/#website\"},\"primaryImageOfPage\":{\"@id\":\"https:\/\/drivercarrental.ae\/fr\/product\/mg-mg-5-2024\/#primaryimage\"},\"image\":{\"@id\":\"https:\/\/drivercarrental.ae\/fr\/product\/mg-mg-5-2024\/#primaryimage\"},\"thumbnailUrl\":\"https:\/\/drivercarrental.ae\/fr\/wp-content\/uploads\/2024\/06\/MG-MG-5-2024-Dubai.png\",\"datePublished\":\"2024-06-12T19:24:16+00:00\",\"dateModified\":\"2024-12-04T12:55:25+00:00\",\"description\":\"MG MG 5 2024, a sleek, stylish compact sedan offering advanced tech, superior comfort, and impressive performance for a modern driving experience.\",\"breadcrumb\":{\"@id\":\"https:\/\/drivercarrental.ae\/fr\/product\/mg-mg-5-2024\/#breadcrumb\"},\"inLanguage\":\"en-US\",\"potentialAction\":[{\"@type\":\"ReadAction\",\"target\":[\"https:\/\/drivercarrental.ae\/fr\/product\/mg-mg-5-2024\/\"]}]},{\"@type\":\"ImageObject\",\"inLanguage\":\"en-US\",\"@id\":\"https:\/\/drivercarrental.ae\/fr\/product\/mg-mg-5-2024\/#primaryimage\",\"url\":\"https:\/\/drivercarrental.ae\/fr\/wp-content\/uploads\/2024\/06\/MG-MG-5-2024-Dubai.png\",\"contentUrl\":\"https:\/\/drivercarrental.ae\/fr\/wp-content\/uploads\/2024\/06\/MG-MG-5-2024-Dubai.png\",\"width\":634,\"height\":396,\"caption\":\"MG MG 5 2024\"},{\"@type\":\"BreadcrumbList\",\"@id\":\"https:\/\/drivercarrental.ae\/fr\/product\/mg-mg-5-2024\/#breadcrumb\",\"itemListElement\":[{\"@type\":\"ListItem\",\"position\":1,\"name\":\"Home\",\"item\":\"https:\/\/drivercarrental.ae\/fr\/\"},{\"@type\":\"ListItem\",\"position\":2,\"name\":\"Store\",\"item\":\"https:\/\/drivercarrental.ae\/fr\/shop\/\"},{\"@type\":\"ListItem\",\"position\":3,\"name\":\"MG\u00a0MG\u00a05 &#8211; 2024\"}]},{\"@type\":\"WebSite\",\"@id\":\"https:\/\/drivercarrental.ae\/fr\/#website\",\"url\":\"https:\/\/drivercarrental.ae\/fr\/\",\"name\":\"Driver Car Rental Dubai\",\"description\":\"Driver Car Rental  Dubai\",\"publisher\":{\"@id\":\"https:\/\/drivercarrental.ae\/fr\/#organization\"},\"alternateName\":\"Cheapest Car Rental Dubai\",\"potentialAction\":[{\"@type\":\"SearchAction\",\"target\":{\"@type\":\"EntryPoint\",\"urlTemplate\":\"https:\/\/drivercarrental.ae\/fr\/?s={search_term_string}\"},\"query-input\":{\"@type\":\"PropertyValueSpecification\",\"valueRequired\":true,\"valueName\":\"search_term_string\"}}],\"inLanguage\":\"en-US\"},{\"@type\":\"Organization\",\"@id\":\"https:\/\/drivercarrental.ae\/fr\/#organization\",\"name\":\"Driver Car Rental Dubai\",\"alternateName\":\"Cheapest Car Rental Dubai\",\"url\":\"https:\/\/drivercarrental.ae\/fr\/\",\"logo\":{\"@type\":\"ImageObject\",\"inLanguage\":\"en-US\",\"@id\":\"https:\/\/drivercarrental.ae\/fr\/#\/schema\/logo\/image\/\",\"url\":\"https:\/\/drivercarrental.ae\/fr\/wp-content\/uploads\/2024\/07\/5001-1oo09iuh.png\",\"contentUrl\":\"https:\/\/drivercarrental.ae\/fr\/wp-content\/uploads\/2024\/07\/5001-1oo09iuh.png\",\"width\":500,\"height\":500,\"caption\":\"Driver Car Rental Dubai\"},\"image\":{\"@id\":\"https:\/\/drivercarrental.ae\/fr\/#\/schema\/logo\/image\/\"},\"sameAs\":[\"https:\/\/www.facebook.com\/DriverCarRentalUAE\"]}]}<\/script>\n<!-- \/ Yoast SEO plugin. -->","yoast_head_json":{"title":"MG MG 5 2024 Sleek and Stylish Compact Sedan","description":"MG MG 5 2024, a sleek, stylish compact sedan offering advanced tech, superior comfort, and impressive performance for a modern driving experience.","robots":{"index":"noindex","follow":"nofollow"},"og_locale":"en_US","og_type":"article","og_title":"MG MG 5 2024 Sleek and Stylish Compact Sedan","og_description":"MG MG 5 2024, a sleek, stylish compact sedan offering advanced tech, superior comfort, and impressive performance for a modern driving experience.","og_url":"https:\/\/drivercarrental.ae\/fr\/product\/mg-mg-5-2024\/","og_site_name":"DCR","article_publisher":"https:\/\/www.facebook.com\/DriverCarRentalUAE","article_modified_time":"2024-12-04T12:55:25+00:00","og_image":[{"width":634,"height":396,"url":"https:\/\/drivercarrental.ae\/fr\/wp-content\/uploads\/2024\/06\/MG-MG-5-2024-Dubai.png","type":"image\/png"}],"twitter_card":"summary_large_image","twitter_misc":{"Est. reading time":"3 minutes"},"schema":{"@context":"https:\/\/schema.org","@graph":[{"@type":"WebPage","@id":"https:\/\/drivercarrental.ae\/fr\/product\/mg-mg-5-2024\/","url":"https:\/\/drivercarrental.ae\/fr\/product\/mg-mg-5-2024\/","name":"MG MG 5 2024 Sleek and Stylish Compact Sedan","isPartOf":{"@id":"https:\/\/drivercarrental.ae\/fr\/#website"},"primaryImageOfPage":{"@id":"https:\/\/drivercarrental.ae\/fr\/product\/mg-mg-5-2024\/#primaryimage"},"image":{"@id":"https:\/\/drivercarrental.ae\/fr\/product\/mg-mg-5-2024\/#primaryimage"},"thumbnailUrl":"https:\/\/drivercarrental.ae\/fr\/wp-content\/uploads\/2024\/06\/MG-MG-5-2024-Dubai.png","datePublished":"2024-06-12T19:24:16+00:00","dateModified":"2024-12-04T12:55:25+00:00","description":"MG MG 5 2024, a sleek, stylish compact sedan offering advanced tech, superior comfort, and impressive performance for a modern driving experience.","breadcrumb":{"@id":"https:\/\/drivercarrental.ae\/fr\/product\/mg-mg-5-2024\/#breadcrumb"},"inLanguage":"en-US","potentialAction":[{"@type":"ReadAction","target":["https:\/\/drivercarrental.ae\/fr\/product\/mg-mg-5-2024\/"]}]},{"@type":"ImageObject","inLanguage":"en-US","@id":"https:\/\/drivercarrental.ae\/fr\/product\/mg-mg-5-2024\/#primaryimage","url":"https:\/\/drivercarrental.ae\/fr\/wp-content\/uploads\/2024\/06\/MG-MG-5-2024-Dubai.png","contentUrl":"https:\/\/drivercarrental.ae\/fr\/wp-content\/uploads\/2024\/06\/MG-MG-5-2024-Dubai.png","width":634,"height":396,"caption":"MG MG 5 2024"},{"@type":"BreadcrumbList","@id":"https:\/\/drivercarrental.ae\/fr\/product\/mg-mg-5-2024\/#breadcrumb","itemListElement":[{"@type":"ListItem","position":1,"name":"Home","item":"https:\/\/drivercarrental.ae\/fr\/"},{"@type":"ListItem","position":2,"name":"Store","item":"https:\/\/drivercarrental.ae\/fr\/shop\/"},{"@type":"ListItem","position":3,"name":"MG\u00a0MG\u00a05 &#8211; 2024"}]},{"@type":"WebSite","@id":"https:\/\/drivercarrental.ae\/fr\/#website","url":"https:\/\/drivercarrental.ae\/fr\/","name":"Driver Car Rental Dubai","description":"Driver Car Rental  Dubai","publisher":{"@id":"https:\/\/drivercarrental.ae\/fr\/#organization"},"alternateName":"Cheapest Car Rental Dubai","potentialAction":[{"@type":"SearchAction","target":{"@type":"EntryPoint","urlTemplate":"https:\/\/drivercarrental.ae\/fr\/?s={search_term_string}"},"query-input":{"@type":"PropertyValueSpecification","valueRequired":true,"valueName":"search_term_string"}}],"inLanguage":"en-US"},{"@type":"Organization","@id":"https:\/\/drivercarrental.ae\/fr\/#organization","name":"Driver Car Rental Dubai","alternateName":"Cheapest Car Rental Dubai","url":"https:\/\/drivercarrental.ae\/fr\/","logo":{"@type":"ImageObject","inLanguage":"en-US","@id":"https:\/\/drivercarrental.ae\/fr\/#\/schema\/logo\/image\/","url":"https:\/\/drivercarrental.ae\/fr\/wp-content\/uploads\/2024\/07\/5001-1oo09iuh.png","contentUrl":"https:\/\/drivercarrental.ae\/fr\/wp-content\/uploads\/2024\/07\/5001-1oo09iuh.png","width":500,"height":500,"caption":"Driver Car Rental Dubai"},"image":{"@id":"https:\/\/drivercarrental.ae\/fr\/#\/schema\/logo\/image\/"},"sameAs":["https:\/\/www.facebook.com\/DriverCarRentalUAE"]}]}},"_links":{"self":[{"href":"https:\/\/drivercarrental.ae\/fr\/wp-json\/wp\/v2\/product\/11506"}],"collection":[{"href":"https:\/\/drivercarrental.ae\/fr\/wp-json\/wp\/v2\/product"}],"about":[{"href":"https:\/\/drivercarrental.ae\/fr\/wp-json\/wp\/v2\/types\/product"}],"wp:featuredmedia":[{"embeddable":true,"href":"https:\/\/drivercarrental.ae\/fr\/wp-json\/wp\/v2\/media\/12207"}],"wp:attachment":[{"href":"https:\/\/drivercarrental.ae\/fr\/wp-json\/wp\/v2\/media?parent=11506"}],"wp:term":[{"taxonomy":"product_cat","embeddable":true,"href":"https:\/\/drivercarrental.ae\/fr\/wp-json\/wp\/v2\/product_cat?post=11506"},{"taxonomy":"product_tag","embeddable":true,"href":"https:\/\/drivercarrental.ae\/fr\/wp-json\/wp\/v2\/product_tag?post=11506"}],"curies":[{"name":"wp","href":"https:\/\/api.w.org\/{rel}","templated":true}]}}