{"id":11508,"date":"2024-06-12T23:30:36","date_gmt":"2024-06-12T19:30:36","guid":{"rendered":"https:\/\/drivercarrental.ae\/fr\/?post_type=product&#038;p=11508"},"modified":"2024-12-04T16:54:23","modified_gmt":"2024-12-04T12:54:23","slug":"hyundai-elantra-2024","status":"publish","type":"product","link":"https:\/\/drivercarrental.ae\/fr\/product\/hyundai-elantra-2024\/","title":{"rendered":"HYUNDAI\u00a0ELANTRA 2024"},"content":{"rendered":"<p>Bienvenue dans le monde du luxe et de la puissance avec la Hyundai Elantra 2024. Cette \u00e9l\u00e9gante voiture de la g\u00e9n\u00e9ration actuelle peut \u00eatre lou\u00e9e chez Driver Car Rental \u00e0 Duba\u00ef. Elle est \u00e9quip\u00e9e d&#8217;un moteur 2,0 L tr\u00e8s puissant qui produit une puissance silencieuse mais s\u00fbre, l&#8217;Elantra offrira une exp\u00e9rience de conduite fluide et r\u00e9active. Partout o\u00f9 vous allez dans cette voiture, vous et tous les autres usagers de la route savez que vous conduisez un v\u00e9hicule tr\u00e8s \u00e9l\u00e9gant.<\/p>\n<p>Sous sa coque ext\u00e9rieure compacte, l&#8217;Elantra est dot\u00e9e de si\u00e8ges en cuir pour plus de confort et de style. Elle b\u00e9n\u00e9ficie \u00e9galement des derni\u00e8res technologies telles que la compatibilit\u00e9 Bluetooth et les aides au stationnement, promettant au conducteur une croisi\u00e8re sans souci et passionnante \u00e0 travers la ville de Duba\u00ef.<\/p>\n<h2>Pourquoi choisir Driver Car Rental pour la Hyundai Elantra 2024 ?<\/h2>\n<p>En choisissant de louer la Hyundai Elantra 2024 pour votre voyage \u00e0 Duba\u00ef, vous ne louez pas seulement un v\u00e9hicule, mais vous vous engagez dans une conduite de luxe. Notre service de location est \u00e9conomique avec un tarif de location journalier \u00e0 partir de 150 AED ; nous proposons \u00e9galement des forfaits de location week-end, hebdomadaires et mensuels int\u00e9ressants. Nous garantissons une location pratique et sans tracas sans frais suppl\u00e9mentaires, un petit d\u00e9p\u00f4t de garantie de 1 500 AED et une assurance.<\/p>\n<p>Notre objectif est de satisfaire le client, c&#8217;est pourquoi nous proposons une assistance routi\u00e8re 24h\/24 et 7j\/7 et disposons d&#8217;une voiture bien nettoy\u00e9e. Pour b\u00e9n\u00e9ficier du meilleur rapport qualit\u00e9-prix avec commodit\u00e9 et excellent service, pour un trajet confortable et \u00e9l\u00e9gant \u00e0 Duba\u00ef, optez pour la location de voiture avec chauffeur.<\/p>\n<h2>FAQ<\/h2>\n<p><strong>1. Quels documents sont n\u00e9cessaires pour louer la Hyundai Elantra 2024 ?<\/strong><\/p>\n<ul>\n<li>R\u00e9sidents des \u00c9mirats arabes unis : copie du passeport, copie de la carte d&#8217;identit\u00e9 des \u00c9mirats, copie du permis de conduire des \u00c9mirats arabes unis<\/li>\n<li>Touristes\/non-r\u00e9sidents : si le demandeur poss\u00e8de une photo d&#8217;identit\u00e9 r\u00e9cente, une copie du passeport, une copie du visa de visite, une copie du permis de conduire international.<\/li>\n<\/ul>\n<p><strong>2. Combien co\u00fbte la location de la Hyundai Elantra 2024 ?<\/strong><\/p>\n<p>Le prix de location est le suivant : 150 AED par jour, 840 AED par semaine et 2600 AED par mois, plus la TVA de 5 % ajout\u00e9e au d\u00e9p\u00f4t de garantie de 1500 AED.<\/p>\n<p><strong>3. Y a-t-il des frais suppl\u00e9mentaires ?<\/strong><\/p>\n<p>Oui, un kilom\u00e8tre suppl\u00e9mentaire est factur\u00e9 0,5 AED et certaines taxes de p\u00e9age, etc. sont \u00e9galement incluses.<\/p>\n<p><strong>4. O\u00f9 et comment puis-je louer la Hyundai Elantra 2024 ?<\/strong><\/p>\n<p>La r\u00e9servation est facile. Composez simplement le +971 54 756 6075 ou le +971 50 473 4471 ou utilisez le bouton [R\u00e9server maintenant] sur le site Web pour effectuer une r\u00e9servation.<\/p>\n","protected":false},"excerpt":{"rendered":"<p>Bienvenue dans le monde du luxe et de la puissance avec la Hyundai Elantra 2024. Cette \u00e9l\u00e9gante voiture de la g\u00e9n\u00e9ration actuelle peut \u00eatre lou\u00e9e chez Driver Car Rental \u00e0 Duba\u00ef. Elle est \u00e9quip\u00e9e d&#8217;un moteur 2,0 L tr\u00e8s puissant qui produit une puissance silencieuse mais s\u00fbre, l&#8217;Elantra offrira une exp\u00e9rience de conduite fluide et [&hellip;]<\/p>\n","protected":false},"featured_media":12928,"template":"","meta":{"_acf_changed":false},"product_cat":[74],"product_tag":[],"acf":[],"yoast_head":"<!-- This site is optimized with the Yoast SEO plugin v23.7 - https:\/\/yoast.com\/wordpress\/plugins\/seo\/ -->\n<title>Hyundai Elantra 2024 Modern Design and Innovation<\/title>\n<meta name=\"description\" content=\"The 2024 Hyundai Elantra blends sleek design with cutting-edge technology for a driving experience that is both stylish and efficient.\" \/>\n<meta name=\"robots\" content=\"noindex, nofollow\" \/>\n<meta property=\"og:locale\" content=\"en_US\" \/>\n<meta property=\"og:type\" content=\"article\" \/>\n<meta property=\"og:title\" content=\"Hyundai Elantra 2024 Modern Design and Innovation\" \/>\n<meta property=\"og:description\" content=\"The 2024 Hyundai Elantra blends sleek design with cutting-edge technology for a driving experience that is both stylish and efficient.\" \/>\n<meta property=\"og:url\" content=\"https:\/\/drivercarrental.ae\/fr\/product\/hyundai-elantra-2024\/\" \/>\n<meta property=\"og:site_name\" content=\"DCR\" \/>\n<meta property=\"article:publisher\" content=\"https:\/\/www.facebook.com\/DriverCarRentalUAE\" \/>\n<meta property=\"article:modified_time\" content=\"2024-12-04T12:54:23+00:00\" \/>\n<meta property=\"og:image\" content=\"https:\/\/drivercarrental.ae\/fr\/wp-content\/uploads\/2024\/06\/Hyundai-Elantra-2024-4.jpg\" \/>\n\t<meta property=\"og:image:width\" content=\"450\" \/>\n\t<meta property=\"og:image:height\" content=\"395\" \/>\n\t<meta property=\"og:image:type\" content=\"image\/jpeg\" \/>\n<meta name=\"twitter:card\" content=\"summary_large_image\" \/>\n<meta name=\"twitter:label1\" content=\"Est. reading time\" \/>\n\t<meta name=\"twitter:data1\" content=\"3 minutes\" \/>\n<script type=\"application\/ld+json\" class=\"yoast-schema-graph\">{\"@context\":\"https:\/\/schema.org\",\"@graph\":[{\"@type\":\"WebPage\",\"@id\":\"https:\/\/drivercarrental.ae\/fr\/product\/hyundai-elantra-2024\/\",\"url\":\"https:\/\/drivercarrental.ae\/fr\/product\/hyundai-elantra-2024\/\",\"name\":\"Hyundai Elantra 2024 Modern Design and Innovation\",\"isPartOf\":{\"@id\":\"https:\/\/drivercarrental.ae\/fr\/#website\"},\"primaryImageOfPage\":{\"@id\":\"https:\/\/drivercarrental.ae\/fr\/product\/hyundai-elantra-2024\/#primaryimage\"},\"image\":{\"@id\":\"https:\/\/drivercarrental.ae\/fr\/product\/hyundai-elantra-2024\/#primaryimage\"},\"thumbnailUrl\":\"https:\/\/drivercarrental.ae\/fr\/wp-content\/uploads\/2024\/06\/Hyundai-Elantra-2024-4.jpg\",\"datePublished\":\"2024-06-12T19:30:36+00:00\",\"dateModified\":\"2024-12-04T12:54:23+00:00\",\"description\":\"The 2024 Hyundai Elantra blends sleek design with cutting-edge technology for a driving experience that is both stylish and efficient.\",\"breadcrumb\":{\"@id\":\"https:\/\/drivercarrental.ae\/fr\/product\/hyundai-elantra-2024\/#breadcrumb\"},\"inLanguage\":\"en-US\",\"potentialAction\":[{\"@type\":\"ReadAction\",\"target\":[\"https:\/\/drivercarrental.ae\/fr\/product\/hyundai-elantra-2024\/\"]}]},{\"@type\":\"ImageObject\",\"inLanguage\":\"en-US\",\"@id\":\"https:\/\/drivercarrental.ae\/fr\/product\/hyundai-elantra-2024\/#primaryimage\",\"url\":\"https:\/\/drivercarrental.ae\/fr\/wp-content\/uploads\/2024\/06\/Hyundai-Elantra-2024-4.jpg\",\"contentUrl\":\"https:\/\/drivercarrental.ae\/fr\/wp-content\/uploads\/2024\/06\/Hyundai-Elantra-2024-4.jpg\",\"width\":450,\"height\":395},{\"@type\":\"BreadcrumbList\",\"@id\":\"https:\/\/drivercarrental.ae\/fr\/product\/hyundai-elantra-2024\/#breadcrumb\",\"itemListElement\":[{\"@type\":\"ListItem\",\"position\":1,\"name\":\"Home\",\"item\":\"https:\/\/drivercarrental.ae\/fr\/\"},{\"@type\":\"ListItem\",\"position\":2,\"name\":\"Store\",\"item\":\"https:\/\/drivercarrental.ae\/fr\/shop\/\"},{\"@type\":\"ListItem\",\"position\":3,\"name\":\"HYUNDAI\u00a0ELANTRA 2024\"}]},{\"@type\":\"WebSite\",\"@id\":\"https:\/\/drivercarrental.ae\/fr\/#website\",\"url\":\"https:\/\/drivercarrental.ae\/fr\/\",\"name\":\"Driver Car Rental Dubai\",\"description\":\"Driver Car Rental  Dubai\",\"publisher\":{\"@id\":\"https:\/\/drivercarrental.ae\/fr\/#organization\"},\"alternateName\":\"Cheapest Car Rental Dubai\",\"potentialAction\":[{\"@type\":\"SearchAction\",\"target\":{\"@type\":\"EntryPoint\",\"urlTemplate\":\"https:\/\/drivercarrental.ae\/fr\/?s={search_term_string}\"},\"query-input\":{\"@type\":\"PropertyValueSpecification\",\"valueRequired\":true,\"valueName\":\"search_term_string\"}}],\"inLanguage\":\"en-US\"},{\"@type\":\"Organization\",\"@id\":\"https:\/\/drivercarrental.ae\/fr\/#organization\",\"name\":\"Driver Car Rental Dubai\",\"alternateName\":\"Cheapest Car Rental Dubai\",\"url\":\"https:\/\/drivercarrental.ae\/fr\/\",\"logo\":{\"@type\":\"ImageObject\",\"inLanguage\":\"en-US\",\"@id\":\"https:\/\/drivercarrental.ae\/fr\/#\/schema\/logo\/image\/\",\"url\":\"https:\/\/drivercarrental.ae\/fr\/wp-content\/uploads\/2024\/07\/5001-1oo09iuh.png\",\"contentUrl\":\"https:\/\/drivercarrental.ae\/fr\/wp-content\/uploads\/2024\/07\/5001-1oo09iuh.png\",\"width\":500,\"height\":500,\"caption\":\"Driver Car Rental Dubai\"},\"image\":{\"@id\":\"https:\/\/drivercarrental.ae\/fr\/#\/schema\/logo\/image\/\"},\"sameAs\":[\"https:\/\/www.facebook.com\/DriverCarRentalUAE\"]}]}<\/script>\n<!-- \/ Yoast SEO plugin. -->","yoast_head_json":{"title":"Hyundai Elantra 2024 Modern Design and Innovation","description":"The 2024 Hyundai Elantra blends sleek design with cutting-edge technology for a driving experience that is both stylish and efficient.","robots":{"index":"noindex","follow":"nofollow"},"og_locale":"en_US","og_type":"article","og_title":"Hyundai Elantra 2024 Modern Design and Innovation","og_description":"The 2024 Hyundai Elantra blends sleek design with cutting-edge technology for a driving experience that is both stylish and efficient.","og_url":"https:\/\/drivercarrental.ae\/fr\/product\/hyundai-elantra-2024\/","og_site_name":"DCR","article_publisher":"https:\/\/www.facebook.com\/DriverCarRentalUAE","article_modified_time":"2024-12-04T12:54:23+00:00","og_image":[{"width":450,"height":395,"url":"https:\/\/drivercarrental.ae\/fr\/wp-content\/uploads\/2024\/06\/Hyundai-Elantra-2024-4.jpg","type":"image\/jpeg"}],"twitter_card":"summary_large_image","twitter_misc":{"Est. reading time":"3 minutes"},"schema":{"@context":"https:\/\/schema.org","@graph":[{"@type":"WebPage","@id":"https:\/\/drivercarrental.ae\/fr\/product\/hyundai-elantra-2024\/","url":"https:\/\/drivercarrental.ae\/fr\/product\/hyundai-elantra-2024\/","name":"Hyundai Elantra 2024 Modern Design and Innovation","isPartOf":{"@id":"https:\/\/drivercarrental.ae\/fr\/#website"},"primaryImageOfPage":{"@id":"https:\/\/drivercarrental.ae\/fr\/product\/hyundai-elantra-2024\/#primaryimage"},"image":{"@id":"https:\/\/drivercarrental.ae\/fr\/product\/hyundai-elantra-2024\/#primaryimage"},"thumbnailUrl":"https:\/\/drivercarrental.ae\/fr\/wp-content\/uploads\/2024\/06\/Hyundai-Elantra-2024-4.jpg","datePublished":"2024-06-12T19:30:36+00:00","dateModified":"2024-12-04T12:54:23+00:00","description":"The 2024 Hyundai Elantra blends sleek design with cutting-edge technology for a driving experience that is both stylish and efficient.","breadcrumb":{"@id":"https:\/\/drivercarrental.ae\/fr\/product\/hyundai-elantra-2024\/#breadcrumb"},"inLanguage":"en-US","potentialAction":[{"@type":"ReadAction","target":["https:\/\/drivercarrental.ae\/fr\/product\/hyundai-elantra-2024\/"]}]},{"@type":"ImageObject","inLanguage":"en-US","@id":"https:\/\/drivercarrental.ae\/fr\/product\/hyundai-elantra-2024\/#primaryimage","url":"https:\/\/drivercarrental.ae\/fr\/wp-content\/uploads\/2024\/06\/Hyundai-Elantra-2024-4.jpg","contentUrl":"https:\/\/drivercarrental.ae\/fr\/wp-content\/uploads\/2024\/06\/Hyundai-Elantra-2024-4.jpg","width":450,"height":395},{"@type":"BreadcrumbList","@id":"https:\/\/drivercarrental.ae\/fr\/product\/hyundai-elantra-2024\/#breadcrumb","itemListElement":[{"@type":"ListItem","position":1,"name":"Home","item":"https:\/\/drivercarrental.ae\/fr\/"},{"@type":"ListItem","position":2,"name":"Store","item":"https:\/\/drivercarrental.ae\/fr\/shop\/"},{"@type":"ListItem","position":3,"name":"HYUNDAI\u00a0ELANTRA 2024"}]},{"@type":"WebSite","@id":"https:\/\/drivercarrental.ae\/fr\/#website","url":"https:\/\/drivercarrental.ae\/fr\/","name":"Driver Car Rental Dubai","description":"Driver Car Rental  Dubai","publisher":{"@id":"https:\/\/drivercarrental.ae\/fr\/#organization"},"alternateName":"Cheapest Car Rental Dubai","potentialAction":[{"@type":"SearchAction","target":{"@type":"EntryPoint","urlTemplate":"https:\/\/drivercarrental.ae\/fr\/?s={search_term_string}"},"query-input":{"@type":"PropertyValueSpecification","valueRequired":true,"valueName":"search_term_string"}}],"inLanguage":"en-US"},{"@type":"Organization","@id":"https:\/\/drivercarrental.ae\/fr\/#organization","name":"Driver Car Rental Dubai","alternateName":"Cheapest Car Rental Dubai","url":"https:\/\/drivercarrental.ae\/fr\/","logo":{"@type":"ImageObject","inLanguage":"en-US","@id":"https:\/\/drivercarrental.ae\/fr\/#\/schema\/logo\/image\/","url":"https:\/\/drivercarrental.ae\/fr\/wp-content\/uploads\/2024\/07\/5001-1oo09iuh.png","contentUrl":"https:\/\/drivercarrental.ae\/fr\/wp-content\/uploads\/2024\/07\/5001-1oo09iuh.png","width":500,"height":500,"caption":"Driver Car Rental Dubai"},"image":{"@id":"https:\/\/drivercarrental.ae\/fr\/#\/schema\/logo\/image\/"},"sameAs":["https:\/\/www.facebook.com\/DriverCarRentalUAE"]}]}},"_links":{"self":[{"href":"https:\/\/drivercarrental.ae\/fr\/wp-json\/wp\/v2\/product\/11508"}],"collection":[{"href":"https:\/\/drivercarrental.ae\/fr\/wp-json\/wp\/v2\/product"}],"about":[{"href":"https:\/\/drivercarrental.ae\/fr\/wp-json\/wp\/v2\/types\/product"}],"wp:featuredmedia":[{"embeddable":true,"href":"https:\/\/drivercarrental.ae\/fr\/wp-json\/wp\/v2\/media\/12928"}],"wp:attachment":[{"href":"https:\/\/drivercarrental.ae\/fr\/wp-json\/wp\/v2\/media?parent=11508"}],"wp:term":[{"taxonomy":"product_cat","embeddable":true,"href":"https:\/\/drivercarrental.ae\/fr\/wp-json\/wp\/v2\/product_cat?post=11508"},{"taxonomy":"product_tag","embeddable":true,"href":"https:\/\/drivercarrental.ae\/fr\/wp-json\/wp\/v2\/product_tag?post=11508"}],"curies":[{"name":"wp","href":"https:\/\/api.w.org\/{rel}","templated":true}]}}