{"id":11510,"date":"2024-06-12T23:36:43","date_gmt":"2024-06-12T19:36:43","guid":{"rendered":"https:\/\/drivercarrental.ae\/fr\/?post_type=product&#038;p=11510"},"modified":"2024-12-04T16:53:44","modified_gmt":"2024-12-04T12:53:44","slug":"citroen-c5-2024","status":"publish","type":"product","link":"https:\/\/drivercarrental.ae\/fr\/product\/citroen-c5-2024\/","title":{"rendered":"CITROEN C5 2024"},"content":{"rendered":"<p>Entrez dans l&#8217;\u00e9l\u00e9gance et l&#8217;efficacit\u00e9 \u00e0 la fran\u00e7aise avec la Citro\u00ebn C5 2024, disponible \u00e0 la location chez Driver Car Rental aujourd&#8217;hui \u00e0 Duba\u00ef. Cette voiture parfaite allie parfaitement style et puissance, offrant la meilleure exp\u00e9rience de conduite. Cette voiture a un design luxueux avec une carrosserie solide et \u00e9l\u00e9gante, des si\u00e8ges en cuir confortables et durables, ainsi qu&#8217;un certain nombre de caract\u00e9ristiques uniques pour une conduite confortable. En milieu urbain ou sur un trajet inter-\u00c9tats, cette voiture particuli\u00e8re garantit une excellente conduite \u00e0 chaque fois.<\/p>\n<p>Sous le capot de la Citro\u00ebn C5 2024 se trouve un moteur \u00e0 essence de 1,6 L et 1598 cm3 dot\u00e9 des caract\u00e9ristiques d&#8217;une bo\u00eete de vitesses automatique avec une puissance optimale et une consommation de carburant ad\u00e9quate. Les autres caract\u00e9ristiques int\u00e9rieures sont les vitres \u00e9lectriques, la connectivit\u00e9 Bluetooth et les caract\u00e9ristiques de s\u00e9curit\u00e9 sont l&#8217;ABS, les airbags SRS et les capteurs de stationnement. Et il ne s&#8217;agit pas seulement de confort, cette voiture essaie \u00e9galement d&#8217;offrir un environnement de conduite s\u00fbr et confortable. Louez la Citro\u00ebn C5 2024 aujourd&#8217;hui et conduisez une voiture tr\u00e8s avanc\u00e9e et qui est la quintessence des v\u00e9hicules de luxe.<\/p>\n<h2>FAQ :<\/h2>\n<p><strong>1. Pourquoi louer la Citro\u00ebn C5 2024 ?<\/strong><\/p>\n<p>Le nouveau mod\u00e8le Citro\u00ebn C5 2024 offre confort et qualit\u00e9 pour conduire une voiture personnelle ainsi qu&#8217;une voiture de c\u00e9r\u00e9monie.<\/p>\n<p><strong>2. Comment puis-je r\u00e9server le mod\u00e8le Citro\u00ebn C5 2024 ?<\/strong><\/p>\n<p>Si vous souhaitez louer la Citro\u00ebn C5 2024, n&#8217;h\u00e9sitez pas \u00e0 utiliser notre site Web, notre formulaire de r\u00e9servation ou \u00e0 nous envoyer un message au +971 54 756 6075 ou au +971 50 473 4471.<\/p>\n<p><strong>3. Quels papiers sont n\u00e9cessaires pour louer ?<\/strong><\/p>\n<p>Les r\u00e9sidents des \u00c9mirats arabes unis peuvent fournir une copie de leur passeport, de leur carte d&#8217;identit\u00e9 \u00e9miratie et de leur permis de conduire \u00e9mirati. Les touristes fourniront une copie de leur passeport en cours de validit\u00e9, une copie de leur visa de visite en cours de validit\u00e9 et une copie de leur permis de conduire international.<\/p>\n<p><strong>4. Y a-t-il un co\u00fbt suppl\u00e9mentaire si l\u2019on d\u00e9passe un certain nombre de kilom\u00e8tres ?<\/strong><\/p>\n<p>Oui, les frais g\u00e9ographiques sont de 0 AED aux EAU. 50 shillings suppl\u00e9mentaires pour chaque kilom\u00e8tre parcouru au-del\u00e0 de la distance convenue \u00e0 parcourir.<\/p>\n<p><strong>5. L&#8217;assurance est-elle incluse dans les frais de location ?<\/strong><\/p>\n<p>Absolument, le loyer indiqu\u00e9 comprend une assurance gratuite. D&#8217;autres couvertures telles que la SCDW sont facultatives et entra\u00eenent des frais de 300 AED.<\/p>\n<p><strong>6. Existe-t-il une assistance routi\u00e8re 24h\/24 et 7j\/7\u00a0?<\/strong><\/p>\n<p>Oui, nous proposons une assistance routi\u00e8re 24 heures sur 24 pour que votre location se d\u00e9roule sans tracas.<\/p>\n<p><strong>7. Est-il possible de louer un si\u00e8ge b\u00e9b\u00e9 avec la Citro\u00ebn C5 2024 ?<\/strong><\/p>\n<p>Oui, un si\u00e8ge b\u00e9b\u00e9 est disponible au prix de 150 AED par mois pour un enfant uniquement en dessous d&#8217;un certain \u00e2ge, je crois, de 24 mois.<\/p>\n","protected":false},"excerpt":{"rendered":"<p>Entrez dans l&#8217;\u00e9l\u00e9gance et l&#8217;efficacit\u00e9 \u00e0 la fran\u00e7aise avec la Citro\u00ebn C5 2024, disponible \u00e0 la location chez Driver Car Rental aujourd&#8217;hui \u00e0 Duba\u00ef. Cette voiture parfaite allie parfaitement style et puissance, offrant la meilleure exp\u00e9rience de conduite. Cette voiture a un design luxueux avec une carrosserie solide et \u00e9l\u00e9gante, des si\u00e8ges en cuir confortables [&hellip;]<\/p>\n","protected":false},"featured_media":12205,"template":"","meta":{"_acf_changed":false},"product_cat":[74],"product_tag":[],"acf":[],"yoast_head":"<!-- This site is optimized with the Yoast SEO plugin v23.7 - https:\/\/yoast.com\/wordpress\/plugins\/seo\/ -->\n<title>Citroen C5 2024 Redefining Comfort &amp; Style<\/title>\n<meta name=\"description\" content=\"Experience unmatched comfort and cutting-edge design with the new Citroen C5 2024. A perfect blend of innovation and elegance for modern driving.\" \/>\n<meta name=\"robots\" content=\"noindex, nofollow\" \/>\n<meta property=\"og:locale\" content=\"en_US\" \/>\n<meta property=\"og:type\" content=\"article\" \/>\n<meta property=\"og:title\" content=\"Citroen C5 2024 Redefining Comfort &amp; Style\" \/>\n<meta property=\"og:description\" content=\"Experience unmatched comfort and cutting-edge design with the new Citroen C5 2024. A perfect blend of innovation and elegance for modern driving.\" \/>\n<meta property=\"og:url\" content=\"https:\/\/drivercarrental.ae\/fr\/product\/citroen-c5-2024\/\" \/>\n<meta property=\"og:site_name\" content=\"DCR\" \/>\n<meta property=\"article:publisher\" content=\"https:\/\/www.facebook.com\/DriverCarRentalUAE\" \/>\n<meta property=\"article:modified_time\" content=\"2024-12-04T12:53:44+00:00\" \/>\n<meta property=\"og:image\" content=\"https:\/\/drivercarrental.ae\/fr\/wp-content\/uploads\/2024\/06\/CITROEN-C5-2024-Dubai.png\" \/>\n\t<meta property=\"og:image:width\" content=\"634\" \/>\n\t<meta property=\"og:image:height\" content=\"396\" \/>\n\t<meta property=\"og:image:type\" content=\"image\/png\" \/>\n<meta name=\"twitter:card\" content=\"summary_large_image\" \/>\n<meta name=\"twitter:label1\" content=\"Est. reading time\" \/>\n\t<meta name=\"twitter:data1\" content=\"3 minutes\" \/>\n<script type=\"application\/ld+json\" class=\"yoast-schema-graph\">{\"@context\":\"https:\/\/schema.org\",\"@graph\":[{\"@type\":\"WebPage\",\"@id\":\"https:\/\/drivercarrental.ae\/fr\/product\/citroen-c5-2024\/\",\"url\":\"https:\/\/drivercarrental.ae\/fr\/product\/citroen-c5-2024\/\",\"name\":\"Citroen C5 2024 Redefining Comfort & Style\",\"isPartOf\":{\"@id\":\"https:\/\/drivercarrental.ae\/fr\/#website\"},\"primaryImageOfPage\":{\"@id\":\"https:\/\/drivercarrental.ae\/fr\/product\/citroen-c5-2024\/#primaryimage\"},\"image\":{\"@id\":\"https:\/\/drivercarrental.ae\/fr\/product\/citroen-c5-2024\/#primaryimage\"},\"thumbnailUrl\":\"https:\/\/drivercarrental.ae\/fr\/wp-content\/uploads\/2024\/06\/CITROEN-C5-2024-Dubai.png\",\"datePublished\":\"2024-06-12T19:36:43+00:00\",\"dateModified\":\"2024-12-04T12:53:44+00:00\",\"description\":\"Experience unmatched comfort and cutting-edge design with the new Citroen C5 2024. A perfect blend of innovation and elegance for modern driving.\",\"breadcrumb\":{\"@id\":\"https:\/\/drivercarrental.ae\/fr\/product\/citroen-c5-2024\/#breadcrumb\"},\"inLanguage\":\"en-US\",\"potentialAction\":[{\"@type\":\"ReadAction\",\"target\":[\"https:\/\/drivercarrental.ae\/fr\/product\/citroen-c5-2024\/\"]}]},{\"@type\":\"ImageObject\",\"inLanguage\":\"en-US\",\"@id\":\"https:\/\/drivercarrental.ae\/fr\/product\/citroen-c5-2024\/#primaryimage\",\"url\":\"https:\/\/drivercarrental.ae\/fr\/wp-content\/uploads\/2024\/06\/CITROEN-C5-2024-Dubai.png\",\"contentUrl\":\"https:\/\/drivercarrental.ae\/fr\/wp-content\/uploads\/2024\/06\/CITROEN-C5-2024-Dubai.png\",\"width\":634,\"height\":396,\"caption\":\"CITROEN C5 2024\"},{\"@type\":\"BreadcrumbList\",\"@id\":\"https:\/\/drivercarrental.ae\/fr\/product\/citroen-c5-2024\/#breadcrumb\",\"itemListElement\":[{\"@type\":\"ListItem\",\"position\":1,\"name\":\"Home\",\"item\":\"https:\/\/drivercarrental.ae\/fr\/\"},{\"@type\":\"ListItem\",\"position\":2,\"name\":\"Store\",\"item\":\"https:\/\/drivercarrental.ae\/fr\/shop\/\"},{\"@type\":\"ListItem\",\"position\":3,\"name\":\"CITROEN C5 2024\"}]},{\"@type\":\"WebSite\",\"@id\":\"https:\/\/drivercarrental.ae\/fr\/#website\",\"url\":\"https:\/\/drivercarrental.ae\/fr\/\",\"name\":\"Driver Car Rental Dubai\",\"description\":\"Driver Car Rental  Dubai\",\"publisher\":{\"@id\":\"https:\/\/drivercarrental.ae\/fr\/#organization\"},\"alternateName\":\"Cheapest Car Rental Dubai\",\"potentialAction\":[{\"@type\":\"SearchAction\",\"target\":{\"@type\":\"EntryPoint\",\"urlTemplate\":\"https:\/\/drivercarrental.ae\/fr\/?s={search_term_string}\"},\"query-input\":{\"@type\":\"PropertyValueSpecification\",\"valueRequired\":true,\"valueName\":\"search_term_string\"}}],\"inLanguage\":\"en-US\"},{\"@type\":\"Organization\",\"@id\":\"https:\/\/drivercarrental.ae\/fr\/#organization\",\"name\":\"Driver Car Rental Dubai\",\"alternateName\":\"Cheapest Car Rental Dubai\",\"url\":\"https:\/\/drivercarrental.ae\/fr\/\",\"logo\":{\"@type\":\"ImageObject\",\"inLanguage\":\"en-US\",\"@id\":\"https:\/\/drivercarrental.ae\/fr\/#\/schema\/logo\/image\/\",\"url\":\"https:\/\/drivercarrental.ae\/fr\/wp-content\/uploads\/2024\/07\/5001-1oo09iuh.png\",\"contentUrl\":\"https:\/\/drivercarrental.ae\/fr\/wp-content\/uploads\/2024\/07\/5001-1oo09iuh.png\",\"width\":500,\"height\":500,\"caption\":\"Driver Car Rental Dubai\"},\"image\":{\"@id\":\"https:\/\/drivercarrental.ae\/fr\/#\/schema\/logo\/image\/\"},\"sameAs\":[\"https:\/\/www.facebook.com\/DriverCarRentalUAE\"]}]}<\/script>\n<!-- \/ Yoast SEO plugin. -->","yoast_head_json":{"title":"Citroen C5 2024 Redefining Comfort & Style","description":"Experience unmatched comfort and cutting-edge design with the new Citroen C5 2024. A perfect blend of innovation and elegance for modern driving.","robots":{"index":"noindex","follow":"nofollow"},"og_locale":"en_US","og_type":"article","og_title":"Citroen C5 2024 Redefining Comfort & Style","og_description":"Experience unmatched comfort and cutting-edge design with the new Citroen C5 2024. A perfect blend of innovation and elegance for modern driving.","og_url":"https:\/\/drivercarrental.ae\/fr\/product\/citroen-c5-2024\/","og_site_name":"DCR","article_publisher":"https:\/\/www.facebook.com\/DriverCarRentalUAE","article_modified_time":"2024-12-04T12:53:44+00:00","og_image":[{"width":634,"height":396,"url":"https:\/\/drivercarrental.ae\/fr\/wp-content\/uploads\/2024\/06\/CITROEN-C5-2024-Dubai.png","type":"image\/png"}],"twitter_card":"summary_large_image","twitter_misc":{"Est. reading time":"3 minutes"},"schema":{"@context":"https:\/\/schema.org","@graph":[{"@type":"WebPage","@id":"https:\/\/drivercarrental.ae\/fr\/product\/citroen-c5-2024\/","url":"https:\/\/drivercarrental.ae\/fr\/product\/citroen-c5-2024\/","name":"Citroen C5 2024 Redefining Comfort & Style","isPartOf":{"@id":"https:\/\/drivercarrental.ae\/fr\/#website"},"primaryImageOfPage":{"@id":"https:\/\/drivercarrental.ae\/fr\/product\/citroen-c5-2024\/#primaryimage"},"image":{"@id":"https:\/\/drivercarrental.ae\/fr\/product\/citroen-c5-2024\/#primaryimage"},"thumbnailUrl":"https:\/\/drivercarrental.ae\/fr\/wp-content\/uploads\/2024\/06\/CITROEN-C5-2024-Dubai.png","datePublished":"2024-06-12T19:36:43+00:00","dateModified":"2024-12-04T12:53:44+00:00","description":"Experience unmatched comfort and cutting-edge design with the new Citroen C5 2024. A perfect blend of innovation and elegance for modern driving.","breadcrumb":{"@id":"https:\/\/drivercarrental.ae\/fr\/product\/citroen-c5-2024\/#breadcrumb"},"inLanguage":"en-US","potentialAction":[{"@type":"ReadAction","target":["https:\/\/drivercarrental.ae\/fr\/product\/citroen-c5-2024\/"]}]},{"@type":"ImageObject","inLanguage":"en-US","@id":"https:\/\/drivercarrental.ae\/fr\/product\/citroen-c5-2024\/#primaryimage","url":"https:\/\/drivercarrental.ae\/fr\/wp-content\/uploads\/2024\/06\/CITROEN-C5-2024-Dubai.png","contentUrl":"https:\/\/drivercarrental.ae\/fr\/wp-content\/uploads\/2024\/06\/CITROEN-C5-2024-Dubai.png","width":634,"height":396,"caption":"CITROEN C5 2024"},{"@type":"BreadcrumbList","@id":"https:\/\/drivercarrental.ae\/fr\/product\/citroen-c5-2024\/#breadcrumb","itemListElement":[{"@type":"ListItem","position":1,"name":"Home","item":"https:\/\/drivercarrental.ae\/fr\/"},{"@type":"ListItem","position":2,"name":"Store","item":"https:\/\/drivercarrental.ae\/fr\/shop\/"},{"@type":"ListItem","position":3,"name":"CITROEN C5 2024"}]},{"@type":"WebSite","@id":"https:\/\/drivercarrental.ae\/fr\/#website","url":"https:\/\/drivercarrental.ae\/fr\/","name":"Driver Car Rental Dubai","description":"Driver Car Rental  Dubai","publisher":{"@id":"https:\/\/drivercarrental.ae\/fr\/#organization"},"alternateName":"Cheapest Car Rental Dubai","potentialAction":[{"@type":"SearchAction","target":{"@type":"EntryPoint","urlTemplate":"https:\/\/drivercarrental.ae\/fr\/?s={search_term_string}"},"query-input":{"@type":"PropertyValueSpecification","valueRequired":true,"valueName":"search_term_string"}}],"inLanguage":"en-US"},{"@type":"Organization","@id":"https:\/\/drivercarrental.ae\/fr\/#organization","name":"Driver Car Rental Dubai","alternateName":"Cheapest Car Rental Dubai","url":"https:\/\/drivercarrental.ae\/fr\/","logo":{"@type":"ImageObject","inLanguage":"en-US","@id":"https:\/\/drivercarrental.ae\/fr\/#\/schema\/logo\/image\/","url":"https:\/\/drivercarrental.ae\/fr\/wp-content\/uploads\/2024\/07\/5001-1oo09iuh.png","contentUrl":"https:\/\/drivercarrental.ae\/fr\/wp-content\/uploads\/2024\/07\/5001-1oo09iuh.png","width":500,"height":500,"caption":"Driver Car Rental Dubai"},"image":{"@id":"https:\/\/drivercarrental.ae\/fr\/#\/schema\/logo\/image\/"},"sameAs":["https:\/\/www.facebook.com\/DriverCarRentalUAE"]}]}},"_links":{"self":[{"href":"https:\/\/drivercarrental.ae\/fr\/wp-json\/wp\/v2\/product\/11510"}],"collection":[{"href":"https:\/\/drivercarrental.ae\/fr\/wp-json\/wp\/v2\/product"}],"about":[{"href":"https:\/\/drivercarrental.ae\/fr\/wp-json\/wp\/v2\/types\/product"}],"wp:featuredmedia":[{"embeddable":true,"href":"https:\/\/drivercarrental.ae\/fr\/wp-json\/wp\/v2\/media\/12205"}],"wp:attachment":[{"href":"https:\/\/drivercarrental.ae\/fr\/wp-json\/wp\/v2\/media?parent=11510"}],"wp:term":[{"taxonomy":"product_cat","embeddable":true,"href":"https:\/\/drivercarrental.ae\/fr\/wp-json\/wp\/v2\/product_cat?post=11510"},{"taxonomy":"product_tag","embeddable":true,"href":"https:\/\/drivercarrental.ae\/fr\/wp-json\/wp\/v2\/product_tag?post=11510"}],"curies":[{"name":"wp","href":"https:\/\/api.w.org\/{rel}","templated":true}]}}