{"id":1466,"date":"2022-08-22T07:39:48","date_gmt":"2022-08-22T07:39:48","guid":{"rendered":"https:\/\/drivercarrental.ae\/fr\/product\/nissan-sunny-2022"},"modified":"2024-12-04T17:13:31","modified_gmt":"2024-12-04T13:13:31","slug":"nissan-sunny-2022","status":"publish","type":"product","link":"https:\/\/drivercarrental.ae\/fr\/product\/nissan-sunny-2022\/","title":{"rendered":"NISSAN SUNNY 2022"},"content":{"rendered":"<p>Des services de location de voitures abordables sont disponibles ici aux prix les plus bas : louez la Nissan Sunny 2022 pour cette saison et profitez de votre voyage ! Faites de votre voyage \u00e0 Duba\u00ef un moment sans incident et sans tracas avec cette berline efficace et \u00e9conomique qui a \u00e9t\u00e9 d\u00e9velopp\u00e9e pour r\u00e9pondre \u00e0 toutes vos exigences, que vous soyez \u00e0 Duba\u00ef pour un voyage d&#8217;affaires ou pour des vacances.<\/p>\n<p>La Nissan Sunny 2022 est connue pour \u00eatre bon march\u00e9 et peut donc \u00eatre utilis\u00e9e pour acc\u00e9der \u00e0 une bonne voiture fiable. Son moteur 1,6 L \u00e0 faible consommation de carburant garantit des trajets confortables et \u00e9conomes en carburant et un changement de vitesse facile gr\u00e2ce \u00e0 la transmission automatique. Pour une utilisation commerciale, cette voiture est bien adapt\u00e9e aussi bien aux d\u00e9placements urbains qu&#8217;aux trajets qui couvrent de grandes distances.<\/p>\n<p>Comme beaucoup d&#8217;autres voitures, la s\u00e9curit\u00e9 et la connectivit\u00e9 sont au c\u0153ur de la Nissan, notamment gr\u00e2ce au syst\u00e8me Nissan Intelligent Mobility. Ce syst\u00e8me exclusif permet de se sentir en s\u00e9curit\u00e9 et en contact avec le monde comme jamais auparavant. Les syst\u00e8mes de s\u00e9curit\u00e9 dont est \u00e9quip\u00e9e cette voiture sont le syst\u00e8me de freinage antiblocage, le syst\u00e8me Airbag et le syst\u00e8me de sensibilit\u00e9 au stationnement, qui rendent la conduite s\u00fbre. Les vitres \u00e9lectriques et le lecteur FM\/CD am\u00e9liorent le confort et la fonction de divertissement de la voiture pour les passagers.<\/p>\n<p>L&#8217;int\u00e9rieur du Nissan Sunny 2022 contient un tissu confortable qui peut accueillir 5 personnes. Il n&#8217;y a aucune mention d&#8217;un toit ouvrant ou d&#8217;une cam\u00e9ra arri\u00e8re, mais des ajouts utiles comme le Bluetooth et les phares antibrouillard contribuent \u00e0 la simplicit\u00e9. Bien que les options comme l&#8217;absence de toit ouvrant ou de cam\u00e9ra arri\u00e8re soient un inconv\u00e9nient pour certains, cette voiture offre beaucoup de confort et de praticit\u00e9 pour une utilisation quotidienne.<\/p>\n<h2><strong>R\u00e9servez maintenant avec chauffeur Location de voiture \u00e0 Sharjah<\/strong><\/h2>\n<p>Le processus de r\u00e9servation du Nissan Sunny 2022 est assez simple et facile, vous pouvez payer en esp\u00e8ces ou par carte de cr\u00e9dit. Un d\u00e9p\u00f4t de garantie de 1 500 AED doit \u00eatre vers\u00e9 avant l&#8217;occupation afin de garantir la s\u00e9curit\u00e9 de la location.<\/p>\n<p>Ne laissez pas passer cette formidable opportunit\u00e9 de poss\u00e9der cette fabuleuse voiture. Choisissez ce mod\u00e8le Nissan Sunny d\u00e8s maintenant et profitez d&#8217;une balade s\u00fbre, confortable et \u00e9conomique dans les rues de Duba\u00ef.<\/p>\n<p><strong>FAQ<\/strong><\/p>\n<p><strong>1. Y a-t-il d\u2019autres frais que je dois conna\u00eetre ?<\/strong><\/p>\n<p>Tous les co\u00fbts et prix sont indiqu\u00e9s et ne comportent aucun frais cach\u00e9. Les frais suppl\u00e9mentaires comprennent les frais de compteur ou les kilom\u00e8tres suppl\u00e9mentaires, le p\u00e9age et tout autre SCDW ou si\u00e8ge b\u00e9b\u00e9, le cas \u00e9ch\u00e9ant.<\/p>\n<p><strong>2. Comment r\u00e9server un Nissan Sunny ?<\/strong><\/p>\n<p>Pour r\u00e9server ce mod\u00e8le, vous pouvez le commander sur notre site internet ou avec l&#8217;aide de notre centre de contact. Fournissez vos dates de location, num\u00e9ros de t\u00e9l\u00e9phone et les documents qui seront n\u00e9cessaires pour finaliser le processus de r\u00e9servation.<\/p>\n<p><strong>3. Y a-t-il des frais suppl\u00e9mentaires sur les compteurs pour sortir de Duba\u00ef ?<\/strong><\/p>\n<p>Conduire aux EAU est gratuit, mais veuillez nous pr\u00e9venir \u00e0 l&#8217;avance en cas de voyage longue distance pour nous permettre d&#8217;organiser la voiture de mani\u00e8re ad\u00e9quate.<\/p>\n","protected":false},"excerpt":{"rendered":"<p>It&#8217;s everything you&#8217;re looking for, and more. Sunny features Nissan Intelligent Mobility that helps keep you safe and connects you to your world like never before.<\/p>\n","protected":false},"featured_media":12235,"template":"","meta":{"_acf_changed":false},"product_cat":[73],"product_tag":[],"acf":[],"yoast_head":"<!-- This site is optimized with the Yoast SEO plugin v23.7 - https:\/\/yoast.com\/wordpress\/plugins\/seo\/ -->\n<title>NISSAN SUNNY 2022 - Your Ideal Rental Choice- DCR<\/title>\n<meta name=\"description\" content=\"Explore the 2022 Nissan Sunny with its sleek design, advanced features, and enhanced performance. Discover why it&#039;s a standout choice in\u00a0compact\u00a0cars.\" \/>\n<meta name=\"robots\" content=\"noindex, nofollow\" \/>\n<meta property=\"og:locale\" content=\"en_US\" \/>\n<meta property=\"og:type\" content=\"article\" \/>\n<meta property=\"og:title\" content=\"NISSAN SUNNY 2022 - Your Ideal Rental Choice- DCR\" \/>\n<meta property=\"og:description\" content=\"Explore the 2022 Nissan Sunny with its sleek design, advanced features, and enhanced performance. Discover why it&#039;s a standout choice in\u00a0compact\u00a0cars.\" \/>\n<meta property=\"og:url\" content=\"https:\/\/drivercarrental.ae\/fr\/product\/nissan-sunny-2022\/\" \/>\n<meta property=\"og:site_name\" content=\"DCR\" \/>\n<meta property=\"article:publisher\" content=\"https:\/\/www.facebook.com\/DriverCarRentalUAE\" \/>\n<meta property=\"article:modified_time\" content=\"2024-12-04T13:13:31+00:00\" \/>\n<meta property=\"og:image\" content=\"https:\/\/drivercarrental.ae\/fr\/wp-content\/uploads\/2022\/08\/NISSAN-SUNNY-2022-Dubai.png\" \/>\n\t<meta property=\"og:image:width\" content=\"634\" \/>\n\t<meta property=\"og:image:height\" content=\"396\" \/>\n\t<meta property=\"og:image:type\" content=\"image\/png\" \/>\n<meta name=\"twitter:card\" content=\"summary_large_image\" \/>\n<meta name=\"twitter:label1\" content=\"Est. reading time\" \/>\n\t<meta name=\"twitter:data1\" content=\"3 minutes\" \/>\n<script type=\"application\/ld+json\" class=\"yoast-schema-graph\">{\"@context\":\"https:\/\/schema.org\",\"@graph\":[{\"@type\":\"WebPage\",\"@id\":\"https:\/\/drivercarrental.ae\/fr\/product\/nissan-sunny-2022\/\",\"url\":\"https:\/\/drivercarrental.ae\/fr\/product\/nissan-sunny-2022\/\",\"name\":\"NISSAN SUNNY 2022 - Your Ideal Rental Choice- DCR\",\"isPartOf\":{\"@id\":\"https:\/\/drivercarrental.ae\/fr\/#website\"},\"primaryImageOfPage\":{\"@id\":\"https:\/\/drivercarrental.ae\/fr\/product\/nissan-sunny-2022\/#primaryimage\"},\"image\":{\"@id\":\"https:\/\/drivercarrental.ae\/fr\/product\/nissan-sunny-2022\/#primaryimage\"},\"thumbnailUrl\":\"https:\/\/drivercarrental.ae\/fr\/wp-content\/uploads\/2022\/08\/NISSAN-SUNNY-2022-Dubai.png\",\"datePublished\":\"2022-08-22T07:39:48+00:00\",\"dateModified\":\"2024-12-04T13:13:31+00:00\",\"description\":\"Explore the 2022 Nissan Sunny with its sleek design, advanced features, and enhanced performance. Discover why it's a standout choice in\u00a0compact\u00a0cars.\",\"breadcrumb\":{\"@id\":\"https:\/\/drivercarrental.ae\/fr\/product\/nissan-sunny-2022\/#breadcrumb\"},\"inLanguage\":\"en-US\",\"potentialAction\":[{\"@type\":\"ReadAction\",\"target\":[\"https:\/\/drivercarrental.ae\/fr\/product\/nissan-sunny-2022\/\"]}]},{\"@type\":\"ImageObject\",\"inLanguage\":\"en-US\",\"@id\":\"https:\/\/drivercarrental.ae\/fr\/product\/nissan-sunny-2022\/#primaryimage\",\"url\":\"https:\/\/drivercarrental.ae\/fr\/wp-content\/uploads\/2022\/08\/NISSAN-SUNNY-2022-Dubai.png\",\"contentUrl\":\"https:\/\/drivercarrental.ae\/fr\/wp-content\/uploads\/2022\/08\/NISSAN-SUNNY-2022-Dubai.png\",\"width\":634,\"height\":396,\"caption\":\"NISSAN SUNNY 2022\"},{\"@type\":\"BreadcrumbList\",\"@id\":\"https:\/\/drivercarrental.ae\/fr\/product\/nissan-sunny-2022\/#breadcrumb\",\"itemListElement\":[{\"@type\":\"ListItem\",\"position\":1,\"name\":\"Home\",\"item\":\"https:\/\/drivercarrental.ae\/fr\/\"},{\"@type\":\"ListItem\",\"position\":2,\"name\":\"Store\",\"item\":\"https:\/\/drivercarrental.ae\/fr\/shop\/\"},{\"@type\":\"ListItem\",\"position\":3,\"name\":\"NISSAN SUNNY 2022\"}]},{\"@type\":\"WebSite\",\"@id\":\"https:\/\/drivercarrental.ae\/fr\/#website\",\"url\":\"https:\/\/drivercarrental.ae\/fr\/\",\"name\":\"Driver Car Rental Dubai\",\"description\":\"Driver Car Rental  Dubai\",\"publisher\":{\"@id\":\"https:\/\/drivercarrental.ae\/fr\/#organization\"},\"alternateName\":\"Cheapest Car Rental Dubai\",\"potentialAction\":[{\"@type\":\"SearchAction\",\"target\":{\"@type\":\"EntryPoint\",\"urlTemplate\":\"https:\/\/drivercarrental.ae\/fr\/?s={search_term_string}\"},\"query-input\":{\"@type\":\"PropertyValueSpecification\",\"valueRequired\":true,\"valueName\":\"search_term_string\"}}],\"inLanguage\":\"en-US\"},{\"@type\":\"Organization\",\"@id\":\"https:\/\/drivercarrental.ae\/fr\/#organization\",\"name\":\"Driver Car Rental Dubai\",\"alternateName\":\"Cheapest Car Rental Dubai\",\"url\":\"https:\/\/drivercarrental.ae\/fr\/\",\"logo\":{\"@type\":\"ImageObject\",\"inLanguage\":\"en-US\",\"@id\":\"https:\/\/drivercarrental.ae\/fr\/#\/schema\/logo\/image\/\",\"url\":\"https:\/\/drivercarrental.ae\/fr\/wp-content\/uploads\/2024\/07\/5001-1oo09iuh.png\",\"contentUrl\":\"https:\/\/drivercarrental.ae\/fr\/wp-content\/uploads\/2024\/07\/5001-1oo09iuh.png\",\"width\":500,\"height\":500,\"caption\":\"Driver Car Rental Dubai\"},\"image\":{\"@id\":\"https:\/\/drivercarrental.ae\/fr\/#\/schema\/logo\/image\/\"},\"sameAs\":[\"https:\/\/www.facebook.com\/DriverCarRentalUAE\"]}]}<\/script>\n<!-- \/ Yoast SEO plugin. -->","yoast_head_json":{"title":"NISSAN SUNNY 2022 - Your Ideal Rental Choice- DCR","description":"Explore the 2022 Nissan Sunny with its sleek design, advanced features, and enhanced performance. Discover why it's a standout choice in\u00a0compact\u00a0cars.","robots":{"index":"noindex","follow":"nofollow"},"og_locale":"en_US","og_type":"article","og_title":"NISSAN SUNNY 2022 - Your Ideal Rental Choice- DCR","og_description":"Explore the 2022 Nissan Sunny with its sleek design, advanced features, and enhanced performance. Discover why it's a standout choice in\u00a0compact\u00a0cars.","og_url":"https:\/\/drivercarrental.ae\/fr\/product\/nissan-sunny-2022\/","og_site_name":"DCR","article_publisher":"https:\/\/www.facebook.com\/DriverCarRentalUAE","article_modified_time":"2024-12-04T13:13:31+00:00","og_image":[{"width":634,"height":396,"url":"https:\/\/drivercarrental.ae\/fr\/wp-content\/uploads\/2022\/08\/NISSAN-SUNNY-2022-Dubai.png","type":"image\/png"}],"twitter_card":"summary_large_image","twitter_misc":{"Est. reading time":"3 minutes"},"schema":{"@context":"https:\/\/schema.org","@graph":[{"@type":"WebPage","@id":"https:\/\/drivercarrental.ae\/fr\/product\/nissan-sunny-2022\/","url":"https:\/\/drivercarrental.ae\/fr\/product\/nissan-sunny-2022\/","name":"NISSAN SUNNY 2022 - Your Ideal Rental Choice- DCR","isPartOf":{"@id":"https:\/\/drivercarrental.ae\/fr\/#website"},"primaryImageOfPage":{"@id":"https:\/\/drivercarrental.ae\/fr\/product\/nissan-sunny-2022\/#primaryimage"},"image":{"@id":"https:\/\/drivercarrental.ae\/fr\/product\/nissan-sunny-2022\/#primaryimage"},"thumbnailUrl":"https:\/\/drivercarrental.ae\/fr\/wp-content\/uploads\/2022\/08\/NISSAN-SUNNY-2022-Dubai.png","datePublished":"2022-08-22T07:39:48+00:00","dateModified":"2024-12-04T13:13:31+00:00","description":"Explore the 2022 Nissan Sunny with its sleek design, advanced features, and enhanced performance. Discover why it's a standout choice in\u00a0compact\u00a0cars.","breadcrumb":{"@id":"https:\/\/drivercarrental.ae\/fr\/product\/nissan-sunny-2022\/#breadcrumb"},"inLanguage":"en-US","potentialAction":[{"@type":"ReadAction","target":["https:\/\/drivercarrental.ae\/fr\/product\/nissan-sunny-2022\/"]}]},{"@type":"ImageObject","inLanguage":"en-US","@id":"https:\/\/drivercarrental.ae\/fr\/product\/nissan-sunny-2022\/#primaryimage","url":"https:\/\/drivercarrental.ae\/fr\/wp-content\/uploads\/2022\/08\/NISSAN-SUNNY-2022-Dubai.png","contentUrl":"https:\/\/drivercarrental.ae\/fr\/wp-content\/uploads\/2022\/08\/NISSAN-SUNNY-2022-Dubai.png","width":634,"height":396,"caption":"NISSAN SUNNY 2022"},{"@type":"BreadcrumbList","@id":"https:\/\/drivercarrental.ae\/fr\/product\/nissan-sunny-2022\/#breadcrumb","itemListElement":[{"@type":"ListItem","position":1,"name":"Home","item":"https:\/\/drivercarrental.ae\/fr\/"},{"@type":"ListItem","position":2,"name":"Store","item":"https:\/\/drivercarrental.ae\/fr\/shop\/"},{"@type":"ListItem","position":3,"name":"NISSAN SUNNY 2022"}]},{"@type":"WebSite","@id":"https:\/\/drivercarrental.ae\/fr\/#website","url":"https:\/\/drivercarrental.ae\/fr\/","name":"Driver Car Rental Dubai","description":"Driver Car Rental  Dubai","publisher":{"@id":"https:\/\/drivercarrental.ae\/fr\/#organization"},"alternateName":"Cheapest Car Rental Dubai","potentialAction":[{"@type":"SearchAction","target":{"@type":"EntryPoint","urlTemplate":"https:\/\/drivercarrental.ae\/fr\/?s={search_term_string}"},"query-input":{"@type":"PropertyValueSpecification","valueRequired":true,"valueName":"search_term_string"}}],"inLanguage":"en-US"},{"@type":"Organization","@id":"https:\/\/drivercarrental.ae\/fr\/#organization","name":"Driver Car Rental Dubai","alternateName":"Cheapest Car Rental Dubai","url":"https:\/\/drivercarrental.ae\/fr\/","logo":{"@type":"ImageObject","inLanguage":"en-US","@id":"https:\/\/drivercarrental.ae\/fr\/#\/schema\/logo\/image\/","url":"https:\/\/drivercarrental.ae\/fr\/wp-content\/uploads\/2024\/07\/5001-1oo09iuh.png","contentUrl":"https:\/\/drivercarrental.ae\/fr\/wp-content\/uploads\/2024\/07\/5001-1oo09iuh.png","width":500,"height":500,"caption":"Driver Car Rental Dubai"},"image":{"@id":"https:\/\/drivercarrental.ae\/fr\/#\/schema\/logo\/image\/"},"sameAs":["https:\/\/www.facebook.com\/DriverCarRentalUAE"]}]}},"_links":{"self":[{"href":"https:\/\/drivercarrental.ae\/fr\/wp-json\/wp\/v2\/product\/1466"}],"collection":[{"href":"https:\/\/drivercarrental.ae\/fr\/wp-json\/wp\/v2\/product"}],"about":[{"href":"https:\/\/drivercarrental.ae\/fr\/wp-json\/wp\/v2\/types\/product"}],"wp:featuredmedia":[{"embeddable":true,"href":"https:\/\/drivercarrental.ae\/fr\/wp-json\/wp\/v2\/media\/12235"}],"wp:attachment":[{"href":"https:\/\/drivercarrental.ae\/fr\/wp-json\/wp\/v2\/media?parent=1466"}],"wp:term":[{"taxonomy":"product_cat","embeddable":true,"href":"https:\/\/drivercarrental.ae\/fr\/wp-json\/wp\/v2\/product_cat?post=1466"},{"taxonomy":"product_tag","embeddable":true,"href":"https:\/\/drivercarrental.ae\/fr\/wp-json\/wp\/v2\/product_tag?post=1466"}],"curies":[{"name":"wp","href":"https:\/\/api.w.org\/{rel}","templated":true}]}}