{"id":9552,"date":"2022-09-12T04:14:34","date_gmt":"2022-09-12T00:14:34","guid":{"rendered":"https:\/\/drivercarrental.ae\/fr\/?post_type=product&#038;p=9552"},"modified":"2024-12-04T17:12:42","modified_gmt":"2024-12-04T13:12:42","slug":"kia-optima-2021","status":"publish","type":"product","link":"https:\/\/drivercarrental.ae\/fr\/product\/kia-optima-2021\/","title":{"rendered":"KIA OPTIMA 2021"},"content":{"rendered":"<p>D\u00e9couvrez le superbe et puissant mod\u00e8le Kia Optima 2021 avec son confort \u00e9l\u00e9gant, ses performances optimales et ses options de location faciles chez Driver Car Rental, votre soci\u00e9t\u00e9 de location de voitures de r\u00e9f\u00e9rence \u00e0 Duba\u00ef. Cette voiture \u00e9l\u00e9gante est bien \u00e9quip\u00e9e pour offrir une excellente exp\u00e9rience de conduite dans un r\u00e9gime \u00e9conomique, ce qui rend cette voiture parfaite pour les affaires et le tourisme.<\/p>\n<p>La Kia Optima offre un excellent rapport qualit\u00e9-prix aux clients qui recherchent une voiture confortable et \u00e9l\u00e9gante. Son moteur de 1,6 L offrira des trajets agr\u00e9ables, sans turbulences et \u00e9conomiques, tandis qu&#8217;une transmission automatique rend la conduite agr\u00e9able et non intermittente. Des routes tr\u00e8s fr\u00e9quent\u00e9es de Duba\u00ef aux longues distances, la Kia Optima 2021 offre stabilit\u00e9 sur les roues et confort pendant le voyage.<\/p>\n<p>Le design ext\u00e9rieur de la Kia Optima 2021 est tr\u00e8s \u00e9l\u00e9gant et accrocheur car il pr\u00e9sente un nouveau design et une finition exquise. Cette berline pr\u00e9sente le design ext\u00e9rieur et b\u00e9n\u00e9ficie d&#8217;un espace int\u00e9rieur ergonomique, ce qui garantit la synth\u00e8se du design et des performances. L&#8217;\u00e9cran de s\u00e9curit\u00e9 des \u00e9l\u00e9ments comprend ; Freins antiblocage, airbags du syst\u00e8me de retenue suppl\u00e9mentaire et syst\u00e8me sensible au stationnement qui permet aux conducteurs de conduire en toute s\u00e9curit\u00e9. Les vitres \u00e9lectriques rendent la voiture pratique tandis que le lecteur FM\/CD garantit que le voyage est plein de plaisir.<\/p>\n<p>L&#8217;int\u00e9rieur de ce mod\u00e8le Kia Optima est en tissu, ce qui le rend spacieux et peut accueillir 5 passagers. La voiture pr\u00e9sente \u00e9galement quelques lacunes, comme le toit ouvrant ou la cam\u00e9ra de recul, mais elle dispose en revanche de conforts suppl\u00e9mentaires tels que la connexion Bluetooth et les phares antibrouillard. Ainsi, on peut conclure que le manque de certaines caract\u00e9ristiques compense les avantages offerts par cette voiture polyvalente.<\/p>\n<h2><strong>R\u00e9servez maintenant avec\u00a0<\/strong><strong>Driver Car Rental Services<\/strong><\/h2>\n<p>Driver Car Rental dispose d&#8217;un processus de r\u00e9servation automatique facile \u00e0 utiliser pour la Kia Optima 2021 et accepte les paiements en esp\u00e8ces ou toute carte de cr\u00e9dit.<\/p>\n<p>Am\u00e9liorez votre voyage avec la Kia Optima 2021 de Driver Car Rental d\u00e8s aujourd&#8217;hui. D\u00e9couvrez le plaisir d&#8217;un design et d&#8217;un style raffin\u00e9s combin\u00e9s \u00e0 l&#8217;efficacit\u00e9 et \u00e0 l&#8217;efficience avec un service de location mondial peu co\u00fbteux \u00e0 Duba\u00ef. Faites simplement le premier pas et essayez nos services &#8211; r\u00e9servez une voiture maintenant et profitez des routes de Duba\u00ef.<\/p>\n<h2><strong>FAQ<\/strong><\/h2>\n<p><strong>1. Que comprend le prix de location de la flotte ?<\/strong><\/p>\n<p>Le prix de location comprend une assurance et une allocation pour un certain nombre de kilom\u00e8tres. Les frais suppl\u00e9mentaires pour les kilom\u00e8tres, les p\u00e9ages et d&#8217;autres services comme la SCDW et le si\u00e8ge b\u00e9b\u00e9 sont un peu plus \u00e9lev\u00e9s.<\/p>\n<p><strong>2. Comment puis-je louer cette flotte abordable \u00e0 Sharjah ?<\/strong><\/p>\n<p>Vous pouvez r\u00e9server cette voiture \u00e9conomique sur notre site internet ou en utilisant le num\u00e9ro de t\u00e9l\u00e9phone fourni sur notre site internet. Merci de nous faire parvenir vos dates de location, vos coordonn\u00e9es et vos documents n\u00e9cessaires pour valider votre r\u00e9servation.<\/p>\n<p><strong>3. Offrez-vous une assistance routi\u00e8re ?<\/strong><\/p>\n<p>Oui, nous offrons une assistance routi\u00e8re 24h\/24 et 7j\/7 \u00e0 nos clients.<\/p>\n","protected":false},"excerpt":{"rendered":"<p>A bold new look, attention to detail and a delicate balance of stability and comfort. The new\u00a0<em>Kia Optima<\/em>\u00a0brings a perfect harmony of design and performance.<\/p>\n","protected":false},"featured_media":12233,"template":"","meta":{"_acf_changed":false},"product_cat":[73],"product_tag":[],"acf":[],"yoast_head":"<!-- This site is optimized with the Yoast SEO plugin v23.7 - https:\/\/yoast.com\/wordpress\/plugins\/seo\/ -->\n<title>KIA OPTIMA 2021 - DCR<\/title>\n<meta name=\"description\" content=\"Rent a 2021 Kia Optima for a stylish, comfortable ride. Featuring advanced tech and superior performance. Reserve your rental today!\" \/>\n<meta name=\"robots\" content=\"noindex, nofollow\" \/>\n<meta property=\"og:locale\" content=\"en_US\" \/>\n<meta property=\"og:type\" content=\"article\" \/>\n<meta property=\"og:title\" content=\"KIA OPTIMA 2021 - DCR\" \/>\n<meta property=\"og:description\" content=\"Rent a 2021 Kia Optima for a stylish, comfortable ride. Featuring advanced tech and superior performance. Reserve your rental today!\" \/>\n<meta property=\"og:url\" content=\"https:\/\/drivercarrental.ae\/fr\/product\/kia-optima-2021\/\" \/>\n<meta property=\"og:site_name\" content=\"DCR\" \/>\n<meta property=\"article:publisher\" content=\"https:\/\/www.facebook.com\/DriverCarRentalUAE\" \/>\n<meta property=\"article:modified_time\" content=\"2024-12-04T13:12:42+00:00\" \/>\n<meta property=\"og:image\" content=\"https:\/\/drivercarrental.ae\/fr\/wp-content\/uploads\/2022\/09\/KIA-OPTIMA-2021-Dubai.png\" \/>\n\t<meta property=\"og:image:width\" content=\"634\" \/>\n\t<meta property=\"og:image:height\" content=\"396\" \/>\n\t<meta property=\"og:image:type\" content=\"image\/png\" \/>\n<meta name=\"twitter:card\" content=\"summary_large_image\" \/>\n<meta name=\"twitter:label1\" content=\"Est. reading time\" \/>\n\t<meta name=\"twitter:data1\" content=\"3 minutes\" \/>\n<script type=\"application\/ld+json\" class=\"yoast-schema-graph\">{\"@context\":\"https:\/\/schema.org\",\"@graph\":[{\"@type\":\"WebPage\",\"@id\":\"https:\/\/drivercarrental.ae\/fr\/product\/kia-optima-2021\/\",\"url\":\"https:\/\/drivercarrental.ae\/fr\/product\/kia-optima-2021\/\",\"name\":\"KIA OPTIMA 2021 - DCR\",\"isPartOf\":{\"@id\":\"https:\/\/drivercarrental.ae\/fr\/#website\"},\"primaryImageOfPage\":{\"@id\":\"https:\/\/drivercarrental.ae\/fr\/product\/kia-optima-2021\/#primaryimage\"},\"image\":{\"@id\":\"https:\/\/drivercarrental.ae\/fr\/product\/kia-optima-2021\/#primaryimage\"},\"thumbnailUrl\":\"https:\/\/drivercarrental.ae\/fr\/wp-content\/uploads\/2022\/09\/KIA-OPTIMA-2021-Dubai.png\",\"datePublished\":\"2022-09-12T00:14:34+00:00\",\"dateModified\":\"2024-12-04T13:12:42+00:00\",\"description\":\"Rent a 2021 Kia Optima for a stylish, comfortable ride. Featuring advanced tech and superior performance. Reserve your rental today!\",\"breadcrumb\":{\"@id\":\"https:\/\/drivercarrental.ae\/fr\/product\/kia-optima-2021\/#breadcrumb\"},\"inLanguage\":\"en-US\",\"potentialAction\":[{\"@type\":\"ReadAction\",\"target\":[\"https:\/\/drivercarrental.ae\/fr\/product\/kia-optima-2021\/\"]}]},{\"@type\":\"ImageObject\",\"inLanguage\":\"en-US\",\"@id\":\"https:\/\/drivercarrental.ae\/fr\/product\/kia-optima-2021\/#primaryimage\",\"url\":\"https:\/\/drivercarrental.ae\/fr\/wp-content\/uploads\/2022\/09\/KIA-OPTIMA-2021-Dubai.png\",\"contentUrl\":\"https:\/\/drivercarrental.ae\/fr\/wp-content\/uploads\/2022\/09\/KIA-OPTIMA-2021-Dubai.png\",\"width\":634,\"height\":396,\"caption\":\"KIA OPTIMA 2021\"},{\"@type\":\"BreadcrumbList\",\"@id\":\"https:\/\/drivercarrental.ae\/fr\/product\/kia-optima-2021\/#breadcrumb\",\"itemListElement\":[{\"@type\":\"ListItem\",\"position\":1,\"name\":\"Home\",\"item\":\"https:\/\/drivercarrental.ae\/fr\/\"},{\"@type\":\"ListItem\",\"position\":2,\"name\":\"Store\",\"item\":\"https:\/\/drivercarrental.ae\/fr\/shop\/\"},{\"@type\":\"ListItem\",\"position\":3,\"name\":\"KIA OPTIMA 2021\"}]},{\"@type\":\"WebSite\",\"@id\":\"https:\/\/drivercarrental.ae\/fr\/#website\",\"url\":\"https:\/\/drivercarrental.ae\/fr\/\",\"name\":\"Driver Car Rental Dubai\",\"description\":\"Driver Car Rental  Dubai\",\"publisher\":{\"@id\":\"https:\/\/drivercarrental.ae\/fr\/#organization\"},\"alternateName\":\"Cheapest Car Rental Dubai\",\"potentialAction\":[{\"@type\":\"SearchAction\",\"target\":{\"@type\":\"EntryPoint\",\"urlTemplate\":\"https:\/\/drivercarrental.ae\/fr\/?s={search_term_string}\"},\"query-input\":{\"@type\":\"PropertyValueSpecification\",\"valueRequired\":true,\"valueName\":\"search_term_string\"}}],\"inLanguage\":\"en-US\"},{\"@type\":\"Organization\",\"@id\":\"https:\/\/drivercarrental.ae\/fr\/#organization\",\"name\":\"Driver Car Rental Dubai\",\"alternateName\":\"Cheapest Car Rental Dubai\",\"url\":\"https:\/\/drivercarrental.ae\/fr\/\",\"logo\":{\"@type\":\"ImageObject\",\"inLanguage\":\"en-US\",\"@id\":\"https:\/\/drivercarrental.ae\/fr\/#\/schema\/logo\/image\/\",\"url\":\"https:\/\/drivercarrental.ae\/fr\/wp-content\/uploads\/2024\/07\/5001-1oo09iuh.png\",\"contentUrl\":\"https:\/\/drivercarrental.ae\/fr\/wp-content\/uploads\/2024\/07\/5001-1oo09iuh.png\",\"width\":500,\"height\":500,\"caption\":\"Driver Car Rental Dubai\"},\"image\":{\"@id\":\"https:\/\/drivercarrental.ae\/fr\/#\/schema\/logo\/image\/\"},\"sameAs\":[\"https:\/\/www.facebook.com\/DriverCarRentalUAE\"]}]}<\/script>\n<!-- \/ Yoast SEO plugin. -->","yoast_head_json":{"title":"KIA OPTIMA 2021 - DCR","description":"Rent a 2021 Kia Optima for a stylish, comfortable ride. Featuring advanced tech and superior performance. Reserve your rental today!","robots":{"index":"noindex","follow":"nofollow"},"og_locale":"en_US","og_type":"article","og_title":"KIA OPTIMA 2021 - DCR","og_description":"Rent a 2021 Kia Optima for a stylish, comfortable ride. Featuring advanced tech and superior performance. Reserve your rental today!","og_url":"https:\/\/drivercarrental.ae\/fr\/product\/kia-optima-2021\/","og_site_name":"DCR","article_publisher":"https:\/\/www.facebook.com\/DriverCarRentalUAE","article_modified_time":"2024-12-04T13:12:42+00:00","og_image":[{"width":634,"height":396,"url":"https:\/\/drivercarrental.ae\/fr\/wp-content\/uploads\/2022\/09\/KIA-OPTIMA-2021-Dubai.png","type":"image\/png"}],"twitter_card":"summary_large_image","twitter_misc":{"Est. reading time":"3 minutes"},"schema":{"@context":"https:\/\/schema.org","@graph":[{"@type":"WebPage","@id":"https:\/\/drivercarrental.ae\/fr\/product\/kia-optima-2021\/","url":"https:\/\/drivercarrental.ae\/fr\/product\/kia-optima-2021\/","name":"KIA OPTIMA 2021 - DCR","isPartOf":{"@id":"https:\/\/drivercarrental.ae\/fr\/#website"},"primaryImageOfPage":{"@id":"https:\/\/drivercarrental.ae\/fr\/product\/kia-optima-2021\/#primaryimage"},"image":{"@id":"https:\/\/drivercarrental.ae\/fr\/product\/kia-optima-2021\/#primaryimage"},"thumbnailUrl":"https:\/\/drivercarrental.ae\/fr\/wp-content\/uploads\/2022\/09\/KIA-OPTIMA-2021-Dubai.png","datePublished":"2022-09-12T00:14:34+00:00","dateModified":"2024-12-04T13:12:42+00:00","description":"Rent a 2021 Kia Optima for a stylish, comfortable ride. Featuring advanced tech and superior performance. Reserve your rental today!","breadcrumb":{"@id":"https:\/\/drivercarrental.ae\/fr\/product\/kia-optima-2021\/#breadcrumb"},"inLanguage":"en-US","potentialAction":[{"@type":"ReadAction","target":["https:\/\/drivercarrental.ae\/fr\/product\/kia-optima-2021\/"]}]},{"@type":"ImageObject","inLanguage":"en-US","@id":"https:\/\/drivercarrental.ae\/fr\/product\/kia-optima-2021\/#primaryimage","url":"https:\/\/drivercarrental.ae\/fr\/wp-content\/uploads\/2022\/09\/KIA-OPTIMA-2021-Dubai.png","contentUrl":"https:\/\/drivercarrental.ae\/fr\/wp-content\/uploads\/2022\/09\/KIA-OPTIMA-2021-Dubai.png","width":634,"height":396,"caption":"KIA OPTIMA 2021"},{"@type":"BreadcrumbList","@id":"https:\/\/drivercarrental.ae\/fr\/product\/kia-optima-2021\/#breadcrumb","itemListElement":[{"@type":"ListItem","position":1,"name":"Home","item":"https:\/\/drivercarrental.ae\/fr\/"},{"@type":"ListItem","position":2,"name":"Store","item":"https:\/\/drivercarrental.ae\/fr\/shop\/"},{"@type":"ListItem","position":3,"name":"KIA OPTIMA 2021"}]},{"@type":"WebSite","@id":"https:\/\/drivercarrental.ae\/fr\/#website","url":"https:\/\/drivercarrental.ae\/fr\/","name":"Driver Car Rental Dubai","description":"Driver Car Rental  Dubai","publisher":{"@id":"https:\/\/drivercarrental.ae\/fr\/#organization"},"alternateName":"Cheapest Car Rental Dubai","potentialAction":[{"@type":"SearchAction","target":{"@type":"EntryPoint","urlTemplate":"https:\/\/drivercarrental.ae\/fr\/?s={search_term_string}"},"query-input":{"@type":"PropertyValueSpecification","valueRequired":true,"valueName":"search_term_string"}}],"inLanguage":"en-US"},{"@type":"Organization","@id":"https:\/\/drivercarrental.ae\/fr\/#organization","name":"Driver Car Rental Dubai","alternateName":"Cheapest Car Rental Dubai","url":"https:\/\/drivercarrental.ae\/fr\/","logo":{"@type":"ImageObject","inLanguage":"en-US","@id":"https:\/\/drivercarrental.ae\/fr\/#\/schema\/logo\/image\/","url":"https:\/\/drivercarrental.ae\/fr\/wp-content\/uploads\/2024\/07\/5001-1oo09iuh.png","contentUrl":"https:\/\/drivercarrental.ae\/fr\/wp-content\/uploads\/2024\/07\/5001-1oo09iuh.png","width":500,"height":500,"caption":"Driver Car Rental Dubai"},"image":{"@id":"https:\/\/drivercarrental.ae\/fr\/#\/schema\/logo\/image\/"},"sameAs":["https:\/\/www.facebook.com\/DriverCarRentalUAE"]}]}},"_links":{"self":[{"href":"https:\/\/drivercarrental.ae\/fr\/wp-json\/wp\/v2\/product\/9552"}],"collection":[{"href":"https:\/\/drivercarrental.ae\/fr\/wp-json\/wp\/v2\/product"}],"about":[{"href":"https:\/\/drivercarrental.ae\/fr\/wp-json\/wp\/v2\/types\/product"}],"wp:featuredmedia":[{"embeddable":true,"href":"https:\/\/drivercarrental.ae\/fr\/wp-json\/wp\/v2\/media\/12233"}],"wp:attachment":[{"href":"https:\/\/drivercarrental.ae\/fr\/wp-json\/wp\/v2\/media?parent=9552"}],"wp:term":[{"taxonomy":"product_cat","embeddable":true,"href":"https:\/\/drivercarrental.ae\/fr\/wp-json\/wp\/v2\/product_cat?post=9552"},{"taxonomy":"product_tag","embeddable":true,"href":"https:\/\/drivercarrental.ae\/fr\/wp-json\/wp\/v2\/product_tag?post=9552"}],"curies":[{"name":"wp","href":"https:\/\/api.w.org\/{rel}","templated":true}]}}