{"id":9554,"date":"2022-09-12T04:23:30","date_gmt":"2022-09-12T00:23:30","guid":{"rendered":"https:\/\/drivercarrental.ae\/fr\/?post_type=product&#038;p=9554"},"modified":"2024-12-04T17:12:17","modified_gmt":"2024-12-04T13:12:17","slug":"chevrolet-malibu-2022","status":"publish","type":"product","link":"https:\/\/drivercarrental.ae\/fr\/product\/chevrolet-malibu-2022\/","title":{"rendered":"CHEVROLET MALIBU 2022"},"content":{"rendered":"<p><span class=\"\">Pr\u00e9sentation de la Chevrolet Malibu 2022 \u2013 o\u00f9 l&#8217;\u00e9l\u00e9gance et le confort se marient \u00e0 l&#8217;efficacit\u00e9 ! Cette voiture est essentiellement destin\u00e9e aux familles d&#8217;aujourd&#8217;hui, car il s&#8217;agit d&#8217;une berline de taille moyenne avec un int\u00e9rieur \u00e9l\u00e9gant et spacieux et des options de pointe. Avec un puissant moteur de 2,0 L et un syst\u00e8me de transmission automatique, on peut emmener la Malibu en toute confiance pour des trajets en ville ou de longs trajets.<\/span><\/p>\n<p>\u00c0 l&#8217;int\u00e9rieur, la Chevrolet Malibu 2022 dispose d&#8217;un int\u00e9rieur confortable o\u00f9 la sellerie en tissu offre du confort aux passagers, entre autres caract\u00e9ristiques. Ces caract\u00e9ristiques de s\u00e9rie sont incluses dans la berline\u00a0; les vitres \u00e9lectriques, les capteurs de stationnement et les airbags SRS. Elle est dot\u00e9e d&#8217;un design \u00e9l\u00e9gant et de fonctionnalit\u00e9s pratiques\u00a0; ABS et lecteur FM\/CD inclus. Bien que l&#8217;absence de cam\u00e9ra de recul et de phares antibrouillard puisse \u00eatre un probl\u00e8me pour certains, la Malibu reste une voiture fiable et \u00e9l\u00e9gante pour les familles.<\/p>\n<h2><strong>Pourquoi louer une voiture \u00e0 Sharjah<\/strong><\/h2>\n<p>Le choix de locations de voitures \u00e0 Sharjah est vaste, cependant, Driver Car Rental peut \u00eatre d\u00e9crit comme le meilleur en raison de son approche efficace et ax\u00e9e sur le client.<\/p>\n<p>Nos prix sont tr\u00e8s abordables et rien n&#8217;est cach\u00e9 aux clients ; les prix sont encore r\u00e9duits pour les rendre encore plus abordables. Nous avons des plans pour tout type de p\u00e9riode de location, qu&#8217;elle soit \u00e0 court ou \u00e0 long terme, et tous nos plans sont abordables.<\/p>\n<p>Nous disposons d&#8217;un service client efficace et convivial, toujours disponible pour vous aider. Nous accompagnons nos clients depuis le moment o\u00f9 ils effectuent leur r\u00e9servation jusqu&#8217;au moment o\u00f9 ils rendent la voiture lou\u00e9e.<\/p>\n<h2><strong>Questions fr\u00e9quemment pos\u00e9es<\/strong><\/h2>\n<p><strong>1. Quels papiers dois-je avoir pour louer la Chevrolet 2022 ?<\/strong><\/p>\n<p>Pour les r\u00e9sidents des \u00c9mirats arabes unis, vous devez soumettre des copies num\u00e9ris\u00e9es du passeport, de la carte d&#8217;identit\u00e9 des \u00c9mirats et une copie du permis de conduire des \u00c9mirats arabes unis. Les non-r\u00e9sidents ou les touristes doivent soumettre les copies de leur passeport, la copie du visa de visite, ainsi que le duplicata du permis de conduire international.<\/p>\n<p><strong>2. Existe-t-il une option de couverture suppl\u00e9mentaire ?<\/strong><\/p>\n<p>Oui, une Super Collision Damage Waiver (SCDW) est une option de mise \u00e0 niveau co\u00fbtant 300 AED.<\/p>\n<p><strong>3. Que se passe-t-il si la voiture tombe en panne pendant la p\u00e9riode de location ?<\/strong><\/p>\n<p>En cas de panne, veuillez contacter l&#8217;\u00e9quipe d&#8217;assistance d\u00e8s que possible. Une assistance routi\u00e8re sera propos\u00e9e et, si la voiture est en panne, un autre v\u00e9hicule sera fourni.<\/p>\n","protected":false},"excerpt":{"rendered":"<p>Discover the 2022 <em>Chevy Malibu<\/em>\u00a0mid-size family car built with a stylish exterior design, available Alexa Built-In, &amp; a plethora of safety features.<\/p>\n","protected":false},"featured_media":12232,"template":"","meta":{"_acf_changed":false},"product_cat":[73],"product_tag":[],"acf":[],"yoast_head":"<!-- This site is optimized with the Yoast SEO plugin v23.7 - https:\/\/yoast.com\/wordpress\/plugins\/seo\/ -->\n<title>Chevrolet Malibu 2022: A Modern Classic Sedan<\/title>\n<meta name=\"description\" content=\"Experience the sleek design, advanced tech, and comfort of the 2022 Chevrolet Malibu, a standout in the midsize sedan category.\" \/>\n<meta name=\"robots\" content=\"noindex, nofollow\" \/>\n<meta property=\"og:locale\" content=\"en_US\" \/>\n<meta property=\"og:type\" content=\"article\" \/>\n<meta property=\"og:title\" content=\"Chevrolet Malibu 2022: A Modern Classic Sedan\" \/>\n<meta property=\"og:description\" content=\"Experience the sleek design, advanced tech, and comfort of the 2022 Chevrolet Malibu, a standout in the midsize sedan category.\" \/>\n<meta property=\"og:url\" content=\"https:\/\/drivercarrental.ae\/fr\/product\/chevrolet-malibu-2022\/\" \/>\n<meta property=\"og:site_name\" content=\"DCR\" \/>\n<meta property=\"article:publisher\" content=\"https:\/\/www.facebook.com\/DriverCarRentalUAE\" \/>\n<meta property=\"article:modified_time\" content=\"2024-12-04T13:12:17+00:00\" \/>\n<meta property=\"og:image\" content=\"https:\/\/drivercarrental.ae\/fr\/wp-content\/uploads\/2022\/09\/chevrolet-malibu-2022-Dubai.png\" \/>\n\t<meta property=\"og:image:width\" content=\"634\" \/>\n\t<meta property=\"og:image:height\" content=\"396\" \/>\n\t<meta property=\"og:image:type\" content=\"image\/png\" \/>\n<meta name=\"twitter:card\" content=\"summary_large_image\" \/>\n<meta name=\"twitter:label1\" content=\"Est. reading time\" \/>\n\t<meta name=\"twitter:data1\" content=\"3 minutes\" \/>\n<script type=\"application\/ld+json\" class=\"yoast-schema-graph\">{\"@context\":\"https:\/\/schema.org\",\"@graph\":[{\"@type\":\"WebPage\",\"@id\":\"https:\/\/drivercarrental.ae\/fr\/product\/chevrolet-malibu-2022\/\",\"url\":\"https:\/\/drivercarrental.ae\/fr\/product\/chevrolet-malibu-2022\/\",\"name\":\"Chevrolet Malibu 2022: A Modern Classic Sedan\",\"isPartOf\":{\"@id\":\"https:\/\/drivercarrental.ae\/fr\/#website\"},\"primaryImageOfPage\":{\"@id\":\"https:\/\/drivercarrental.ae\/fr\/product\/chevrolet-malibu-2022\/#primaryimage\"},\"image\":{\"@id\":\"https:\/\/drivercarrental.ae\/fr\/product\/chevrolet-malibu-2022\/#primaryimage\"},\"thumbnailUrl\":\"https:\/\/drivercarrental.ae\/fr\/wp-content\/uploads\/2022\/09\/chevrolet-malibu-2022-Dubai.png\",\"datePublished\":\"2022-09-12T00:23:30+00:00\",\"dateModified\":\"2024-12-04T13:12:17+00:00\",\"description\":\"Experience the sleek design, advanced tech, and comfort of the 2022 Chevrolet Malibu, a standout in the midsize sedan category.\",\"breadcrumb\":{\"@id\":\"https:\/\/drivercarrental.ae\/fr\/product\/chevrolet-malibu-2022\/#breadcrumb\"},\"inLanguage\":\"en-US\",\"potentialAction\":[{\"@type\":\"ReadAction\",\"target\":[\"https:\/\/drivercarrental.ae\/fr\/product\/chevrolet-malibu-2022\/\"]}]},{\"@type\":\"ImageObject\",\"inLanguage\":\"en-US\",\"@id\":\"https:\/\/drivercarrental.ae\/fr\/product\/chevrolet-malibu-2022\/#primaryimage\",\"url\":\"https:\/\/drivercarrental.ae\/fr\/wp-content\/uploads\/2022\/09\/chevrolet-malibu-2022-Dubai.png\",\"contentUrl\":\"https:\/\/drivercarrental.ae\/fr\/wp-content\/uploads\/2022\/09\/chevrolet-malibu-2022-Dubai.png\",\"width\":634,\"height\":396,\"caption\":\"chevrolet malibu 2022\"},{\"@type\":\"BreadcrumbList\",\"@id\":\"https:\/\/drivercarrental.ae\/fr\/product\/chevrolet-malibu-2022\/#breadcrumb\",\"itemListElement\":[{\"@type\":\"ListItem\",\"position\":1,\"name\":\"Home\",\"item\":\"https:\/\/drivercarrental.ae\/fr\/\"},{\"@type\":\"ListItem\",\"position\":2,\"name\":\"Store\",\"item\":\"https:\/\/drivercarrental.ae\/fr\/shop\/\"},{\"@type\":\"ListItem\",\"position\":3,\"name\":\"CHEVROLET MALIBU 2022\"}]},{\"@type\":\"WebSite\",\"@id\":\"https:\/\/drivercarrental.ae\/fr\/#website\",\"url\":\"https:\/\/drivercarrental.ae\/fr\/\",\"name\":\"Driver Car Rental Dubai\",\"description\":\"Driver Car Rental  Dubai\",\"publisher\":{\"@id\":\"https:\/\/drivercarrental.ae\/fr\/#organization\"},\"alternateName\":\"Cheapest Car Rental Dubai\",\"potentialAction\":[{\"@type\":\"SearchAction\",\"target\":{\"@type\":\"EntryPoint\",\"urlTemplate\":\"https:\/\/drivercarrental.ae\/fr\/?s={search_term_string}\"},\"query-input\":{\"@type\":\"PropertyValueSpecification\",\"valueRequired\":true,\"valueName\":\"search_term_string\"}}],\"inLanguage\":\"en-US\"},{\"@type\":\"Organization\",\"@id\":\"https:\/\/drivercarrental.ae\/fr\/#organization\",\"name\":\"Driver Car Rental Dubai\",\"alternateName\":\"Cheapest Car Rental Dubai\",\"url\":\"https:\/\/drivercarrental.ae\/fr\/\",\"logo\":{\"@type\":\"ImageObject\",\"inLanguage\":\"en-US\",\"@id\":\"https:\/\/drivercarrental.ae\/fr\/#\/schema\/logo\/image\/\",\"url\":\"https:\/\/drivercarrental.ae\/fr\/wp-content\/uploads\/2024\/07\/5001-1oo09iuh.png\",\"contentUrl\":\"https:\/\/drivercarrental.ae\/fr\/wp-content\/uploads\/2024\/07\/5001-1oo09iuh.png\",\"width\":500,\"height\":500,\"caption\":\"Driver Car Rental Dubai\"},\"image\":{\"@id\":\"https:\/\/drivercarrental.ae\/fr\/#\/schema\/logo\/image\/\"},\"sameAs\":[\"https:\/\/www.facebook.com\/DriverCarRentalUAE\"]}]}<\/script>\n<!-- \/ Yoast SEO plugin. -->","yoast_head_json":{"title":"Chevrolet Malibu 2022: A Modern Classic Sedan","description":"Experience the sleek design, advanced tech, and comfort of the 2022 Chevrolet Malibu, a standout in the midsize sedan category.","robots":{"index":"noindex","follow":"nofollow"},"og_locale":"en_US","og_type":"article","og_title":"Chevrolet Malibu 2022: A Modern Classic Sedan","og_description":"Experience the sleek design, advanced tech, and comfort of the 2022 Chevrolet Malibu, a standout in the midsize sedan category.","og_url":"https:\/\/drivercarrental.ae\/fr\/product\/chevrolet-malibu-2022\/","og_site_name":"DCR","article_publisher":"https:\/\/www.facebook.com\/DriverCarRentalUAE","article_modified_time":"2024-12-04T13:12:17+00:00","og_image":[{"width":634,"height":396,"url":"https:\/\/drivercarrental.ae\/fr\/wp-content\/uploads\/2022\/09\/chevrolet-malibu-2022-Dubai.png","type":"image\/png"}],"twitter_card":"summary_large_image","twitter_misc":{"Est. reading time":"3 minutes"},"schema":{"@context":"https:\/\/schema.org","@graph":[{"@type":"WebPage","@id":"https:\/\/drivercarrental.ae\/fr\/product\/chevrolet-malibu-2022\/","url":"https:\/\/drivercarrental.ae\/fr\/product\/chevrolet-malibu-2022\/","name":"Chevrolet Malibu 2022: A Modern Classic Sedan","isPartOf":{"@id":"https:\/\/drivercarrental.ae\/fr\/#website"},"primaryImageOfPage":{"@id":"https:\/\/drivercarrental.ae\/fr\/product\/chevrolet-malibu-2022\/#primaryimage"},"image":{"@id":"https:\/\/drivercarrental.ae\/fr\/product\/chevrolet-malibu-2022\/#primaryimage"},"thumbnailUrl":"https:\/\/drivercarrental.ae\/fr\/wp-content\/uploads\/2022\/09\/chevrolet-malibu-2022-Dubai.png","datePublished":"2022-09-12T00:23:30+00:00","dateModified":"2024-12-04T13:12:17+00:00","description":"Experience the sleek design, advanced tech, and comfort of the 2022 Chevrolet Malibu, a standout in the midsize sedan category.","breadcrumb":{"@id":"https:\/\/drivercarrental.ae\/fr\/product\/chevrolet-malibu-2022\/#breadcrumb"},"inLanguage":"en-US","potentialAction":[{"@type":"ReadAction","target":["https:\/\/drivercarrental.ae\/fr\/product\/chevrolet-malibu-2022\/"]}]},{"@type":"ImageObject","inLanguage":"en-US","@id":"https:\/\/drivercarrental.ae\/fr\/product\/chevrolet-malibu-2022\/#primaryimage","url":"https:\/\/drivercarrental.ae\/fr\/wp-content\/uploads\/2022\/09\/chevrolet-malibu-2022-Dubai.png","contentUrl":"https:\/\/drivercarrental.ae\/fr\/wp-content\/uploads\/2022\/09\/chevrolet-malibu-2022-Dubai.png","width":634,"height":396,"caption":"chevrolet malibu 2022"},{"@type":"BreadcrumbList","@id":"https:\/\/drivercarrental.ae\/fr\/product\/chevrolet-malibu-2022\/#breadcrumb","itemListElement":[{"@type":"ListItem","position":1,"name":"Home","item":"https:\/\/drivercarrental.ae\/fr\/"},{"@type":"ListItem","position":2,"name":"Store","item":"https:\/\/drivercarrental.ae\/fr\/shop\/"},{"@type":"ListItem","position":3,"name":"CHEVROLET MALIBU 2022"}]},{"@type":"WebSite","@id":"https:\/\/drivercarrental.ae\/fr\/#website","url":"https:\/\/drivercarrental.ae\/fr\/","name":"Driver Car Rental Dubai","description":"Driver Car Rental  Dubai","publisher":{"@id":"https:\/\/drivercarrental.ae\/fr\/#organization"},"alternateName":"Cheapest Car Rental Dubai","potentialAction":[{"@type":"SearchAction","target":{"@type":"EntryPoint","urlTemplate":"https:\/\/drivercarrental.ae\/fr\/?s={search_term_string}"},"query-input":{"@type":"PropertyValueSpecification","valueRequired":true,"valueName":"search_term_string"}}],"inLanguage":"en-US"},{"@type":"Organization","@id":"https:\/\/drivercarrental.ae\/fr\/#organization","name":"Driver Car Rental Dubai","alternateName":"Cheapest Car Rental Dubai","url":"https:\/\/drivercarrental.ae\/fr\/","logo":{"@type":"ImageObject","inLanguage":"en-US","@id":"https:\/\/drivercarrental.ae\/fr\/#\/schema\/logo\/image\/","url":"https:\/\/drivercarrental.ae\/fr\/wp-content\/uploads\/2024\/07\/5001-1oo09iuh.png","contentUrl":"https:\/\/drivercarrental.ae\/fr\/wp-content\/uploads\/2024\/07\/5001-1oo09iuh.png","width":500,"height":500,"caption":"Driver Car Rental Dubai"},"image":{"@id":"https:\/\/drivercarrental.ae\/fr\/#\/schema\/logo\/image\/"},"sameAs":["https:\/\/www.facebook.com\/DriverCarRentalUAE"]}]}},"_links":{"self":[{"href":"https:\/\/drivercarrental.ae\/fr\/wp-json\/wp\/v2\/product\/9554"}],"collection":[{"href":"https:\/\/drivercarrental.ae\/fr\/wp-json\/wp\/v2\/product"}],"about":[{"href":"https:\/\/drivercarrental.ae\/fr\/wp-json\/wp\/v2\/types\/product"}],"wp:featuredmedia":[{"embeddable":true,"href":"https:\/\/drivercarrental.ae\/fr\/wp-json\/wp\/v2\/media\/12232"}],"wp:attachment":[{"href":"https:\/\/drivercarrental.ae\/fr\/wp-json\/wp\/v2\/media?parent=9554"}],"wp:term":[{"taxonomy":"product_cat","embeddable":true,"href":"https:\/\/drivercarrental.ae\/fr\/wp-json\/wp\/v2\/product_cat?post=9554"},{"taxonomy":"product_tag","embeddable":true,"href":"https:\/\/drivercarrental.ae\/fr\/wp-json\/wp\/v2\/product_tag?post=9554"}],"curies":[{"name":"wp","href":"https:\/\/api.w.org\/{rel}","templated":true}]}}