{"id":9557,"date":"2022-09-11T04:25:36","date_gmt":"2022-09-11T00:25:36","guid":{"rendered":"https:\/\/drivercarrental.ae\/fr\/?post_type=product&#038;p=9557"},"modified":"2024-12-04T17:13:04","modified_gmt":"2024-12-04T13:13:04","slug":"mitsubishi-attrage-2022","status":"publish","type":"product","link":"https:\/\/drivercarrental.ae\/fr\/product\/mitsubishi-attrage-2022\/","title":{"rendered":"MITSUBISHI ATTRAGE 2022"},"content":{"rendered":"<p>D\u00e9couvrez la Mitsubishi Attrage 2022 qui est un choix judicieux en termes de rapport qualit\u00e9-prix et de fonctionnalit\u00e9. Cette voiture est destin\u00e9e aux personnes ayant un style de vie actif et qui ont besoin d&#8217;une voiture compacte qui se conduit bien en ville, qui offre une excellente \u00e9conomie de carburant et qui est \u00e9quip\u00e9e uniquement de ce qui est n\u00e9cessaire pour une conduite agr\u00e9able et confortable.<\/p>\n<p>Le Mitsubishi Attrage 2022 est \u00e9quip\u00e9 d&#8217;un moteur de 1,2 L qui offre la puissance et le couple n\u00e9cessaires pour transmettre le couple aux roues ainsi qu&#8217;une \u00e9conomie de carburant ad\u00e9quate. La consommation moyenne de carburant de la voiture s&#8217;\u00e9l\u00e8ve \u00e0 20 km par litre, ce qui signifie que vous ne d\u00e9penserez pas beaucoup en carburant si vous prenez des mesures audacieuses en faveur de la conservation de l&#8217;environnement. La transmission automatique contribue de mani\u00e8re significative aux fonctionnalit\u00e9s silencieuses et faciles \u00e0 conduire qui sont utilisables en ville et pour d&#8217;autres t\u00e2ches.<\/p>\n<p>\u00c0 l&#8217;int\u00e9rieur, l&#8217;Attrage est un v\u00e9hicule d\u00e9pouill\u00e9 avec des si\u00e8ges confortables pour tous les occupants. Abordable et pratique<\/p>\n<h2><strong>Pourquoi choisir Driver Car Rental \u00e0 Sharjah<\/strong><\/h2>\n<p>Chez Driver Car Rental, nous proposons de nombreux types de v\u00e9hicules : des berlines \u00e9conomiques, compactes, standard et bon march\u00e9, ainsi que de grands et confortables SUV. Nos politiques sont adapt\u00e9es aux locations \u00e0 court et \u00e0 long terme, afin que vous puissiez toujours obtenir une voiture de location bon march\u00e9 adapt\u00e9e \u00e0 vos besoins.<\/p>\n<p>Notre objectif est de minimiser les tracas afin que la location dans notre entreprise soit consid\u00e9r\u00e9e comme une exp\u00e9rience agr\u00e9able. Notre flotte de voitures est bien entretenue et subit des r\u00e9visions et des entretiens conform\u00e9ment aux proc\u00e9dures standard pour vous assurer de louer une voiture s\u00fbre et confortable. Nos voitures ne vous d\u00e9cevront pas en termes de fiabilit\u00e9 et d&#8217;efficacit\u00e9.<\/p>\n<h2><strong>Questions fr\u00e9quemment pos\u00e9es<\/strong><\/h2>\n<p><strong>1. Ce mod\u00e8le Mitsubishi Attrage 2022 poss\u00e8de-t-il un toit ouvrant ?<\/strong><\/p>\n<p>Malheureusement, il n&#8217;y a pas de disposition pour un toit ouvrant sur le Mitsubishi Attrage 2022.<\/p>\n<p><strong>2. Que se passe-t-il si le v\u00e9hicule tombe en panne alors qu&#8217;il est en possession du locataire ?<\/strong><\/p>\n<p>Dans de rares cas, nous pouvons \u00eatre confront\u00e9s \u00e0 un dysfonctionnement. Nous vous demandons donc de contacter notre \u00e9quipe d&#8217;assistance d\u00e8s que possible. En cas de panne, nous vous proposerons un remorquage et organiserons l&#8217;arriv\u00e9e d&#8217;un v\u00e9hicule adapt\u00e9 sur place.<\/p>\n<p><strong>3. Comment puis-je r\u00e9server Mitsubishi Attrage 2022 ?<\/strong><\/p>\n<p>Pour louer la Mitsubishi Attrage 2022, veuillez remplir le formulaire de location de voiture sur notre site Web, contactez-nous par t\u00e9l\u00e9phone au +971 54 756 6075 ou au +971 50 473 4471 ou par e-mail en indiquant vos donn\u00e9es et documents de location.<\/p>\n","protected":false},"excerpt":{"rendered":"<p>The Attrage has its appeal. It&#8217;s a small car with a small engine, meaning it is quite frugal. With a quoted average fuel consumption of 20 km per litre, that&#8217;s impressive fuel economy. In addition, the car&#8217;s compact size means it is easy to maneuver and easy to park.<\/p>\n","protected":false},"featured_media":12234,"template":"","meta":{"_acf_changed":false},"product_cat":[73],"product_tag":[],"acf":[],"yoast_head":"<!-- This site is optimized with the Yoast SEO plugin v23.7 - https:\/\/yoast.com\/wordpress\/plugins\/seo\/ -->\n<title>Discover the Mitsubishi Attrage 2022<\/title>\n<meta name=\"description\" content=\"Experience efficiency and style with the 2022 Mitsubishi Attrage. Compact, sleek, and perfect for urban driving.\" \/>\n<meta name=\"robots\" content=\"noindex, nofollow\" \/>\n<meta property=\"og:locale\" content=\"en_US\" \/>\n<meta property=\"og:type\" content=\"article\" \/>\n<meta property=\"og:title\" content=\"Discover the Mitsubishi Attrage 2022\" \/>\n<meta property=\"og:description\" content=\"Experience efficiency and style with the 2022 Mitsubishi Attrage. Compact, sleek, and perfect for urban driving.\" \/>\n<meta property=\"og:url\" content=\"https:\/\/drivercarrental.ae\/fr\/product\/mitsubishi-attrage-2022\/\" \/>\n<meta property=\"og:site_name\" content=\"DCR\" \/>\n<meta property=\"article:publisher\" content=\"https:\/\/www.facebook.com\/DriverCarRentalUAE\" \/>\n<meta property=\"article:modified_time\" content=\"2024-12-04T13:13:04+00:00\" \/>\n<meta property=\"og:image\" content=\"https:\/\/drivercarrental.ae\/fr\/wp-content\/uploads\/2022\/09\/MITSUBISHI-ATTRAGE-2022-Dubai.png\" \/>\n\t<meta property=\"og:image:width\" content=\"633\" \/>\n\t<meta property=\"og:image:height\" content=\"396\" \/>\n\t<meta property=\"og:image:type\" content=\"image\/png\" \/>\n<meta name=\"twitter:card\" content=\"summary_large_image\" \/>\n<meta name=\"twitter:label1\" content=\"Est. reading time\" \/>\n\t<meta name=\"twitter:data1\" content=\"3 minutes\" \/>\n<script type=\"application\/ld+json\" class=\"yoast-schema-graph\">{\"@context\":\"https:\/\/schema.org\",\"@graph\":[{\"@type\":\"WebPage\",\"@id\":\"https:\/\/drivercarrental.ae\/fr\/product\/mitsubishi-attrage-2022\/\",\"url\":\"https:\/\/drivercarrental.ae\/fr\/product\/mitsubishi-attrage-2022\/\",\"name\":\"Discover the Mitsubishi Attrage 2022\",\"isPartOf\":{\"@id\":\"https:\/\/drivercarrental.ae\/fr\/#website\"},\"primaryImageOfPage\":{\"@id\":\"https:\/\/drivercarrental.ae\/fr\/product\/mitsubishi-attrage-2022\/#primaryimage\"},\"image\":{\"@id\":\"https:\/\/drivercarrental.ae\/fr\/product\/mitsubishi-attrage-2022\/#primaryimage\"},\"thumbnailUrl\":\"https:\/\/drivercarrental.ae\/fr\/wp-content\/uploads\/2022\/09\/MITSUBISHI-ATTRAGE-2022-Dubai.png\",\"datePublished\":\"2022-09-11T00:25:36+00:00\",\"dateModified\":\"2024-12-04T13:13:04+00:00\",\"description\":\"Experience efficiency and style with the 2022 Mitsubishi Attrage. Compact, sleek, and perfect for urban driving.\",\"breadcrumb\":{\"@id\":\"https:\/\/drivercarrental.ae\/fr\/product\/mitsubishi-attrage-2022\/#breadcrumb\"},\"inLanguage\":\"en-US\",\"potentialAction\":[{\"@type\":\"ReadAction\",\"target\":[\"https:\/\/drivercarrental.ae\/fr\/product\/mitsubishi-attrage-2022\/\"]}]},{\"@type\":\"ImageObject\",\"inLanguage\":\"en-US\",\"@id\":\"https:\/\/drivercarrental.ae\/fr\/product\/mitsubishi-attrage-2022\/#primaryimage\",\"url\":\"https:\/\/drivercarrental.ae\/fr\/wp-content\/uploads\/2022\/09\/MITSUBISHI-ATTRAGE-2022-Dubai.png\",\"contentUrl\":\"https:\/\/drivercarrental.ae\/fr\/wp-content\/uploads\/2022\/09\/MITSUBISHI-ATTRAGE-2022-Dubai.png\",\"width\":633,\"height\":396},{\"@type\":\"BreadcrumbList\",\"@id\":\"https:\/\/drivercarrental.ae\/fr\/product\/mitsubishi-attrage-2022\/#breadcrumb\",\"itemListElement\":[{\"@type\":\"ListItem\",\"position\":1,\"name\":\"Home\",\"item\":\"https:\/\/drivercarrental.ae\/fr\/\"},{\"@type\":\"ListItem\",\"position\":2,\"name\":\"Store\",\"item\":\"https:\/\/drivercarrental.ae\/fr\/shop\/\"},{\"@type\":\"ListItem\",\"position\":3,\"name\":\"MITSUBISHI ATTRAGE 2022\"}]},{\"@type\":\"WebSite\",\"@id\":\"https:\/\/drivercarrental.ae\/fr\/#website\",\"url\":\"https:\/\/drivercarrental.ae\/fr\/\",\"name\":\"Driver Car Rental Dubai\",\"description\":\"Driver Car Rental  Dubai\",\"publisher\":{\"@id\":\"https:\/\/drivercarrental.ae\/fr\/#organization\"},\"alternateName\":\"Cheapest Car Rental Dubai\",\"potentialAction\":[{\"@type\":\"SearchAction\",\"target\":{\"@type\":\"EntryPoint\",\"urlTemplate\":\"https:\/\/drivercarrental.ae\/fr\/?s={search_term_string}\"},\"query-input\":{\"@type\":\"PropertyValueSpecification\",\"valueRequired\":true,\"valueName\":\"search_term_string\"}}],\"inLanguage\":\"en-US\"},{\"@type\":\"Organization\",\"@id\":\"https:\/\/drivercarrental.ae\/fr\/#organization\",\"name\":\"Driver Car Rental Dubai\",\"alternateName\":\"Cheapest Car Rental Dubai\",\"url\":\"https:\/\/drivercarrental.ae\/fr\/\",\"logo\":{\"@type\":\"ImageObject\",\"inLanguage\":\"en-US\",\"@id\":\"https:\/\/drivercarrental.ae\/fr\/#\/schema\/logo\/image\/\",\"url\":\"https:\/\/drivercarrental.ae\/fr\/wp-content\/uploads\/2024\/07\/5001-1oo09iuh.png\",\"contentUrl\":\"https:\/\/drivercarrental.ae\/fr\/wp-content\/uploads\/2024\/07\/5001-1oo09iuh.png\",\"width\":500,\"height\":500,\"caption\":\"Driver Car Rental Dubai\"},\"image\":{\"@id\":\"https:\/\/drivercarrental.ae\/fr\/#\/schema\/logo\/image\/\"},\"sameAs\":[\"https:\/\/www.facebook.com\/DriverCarRentalUAE\"]}]}<\/script>\n<!-- \/ Yoast SEO plugin. -->","yoast_head_json":{"title":"Discover the Mitsubishi Attrage 2022","description":"Experience efficiency and style with the 2022 Mitsubishi Attrage. Compact, sleek, and perfect for urban driving.","robots":{"index":"noindex","follow":"nofollow"},"og_locale":"en_US","og_type":"article","og_title":"Discover the Mitsubishi Attrage 2022","og_description":"Experience efficiency and style with the 2022 Mitsubishi Attrage. Compact, sleek, and perfect for urban driving.","og_url":"https:\/\/drivercarrental.ae\/fr\/product\/mitsubishi-attrage-2022\/","og_site_name":"DCR","article_publisher":"https:\/\/www.facebook.com\/DriverCarRentalUAE","article_modified_time":"2024-12-04T13:13:04+00:00","og_image":[{"width":633,"height":396,"url":"https:\/\/drivercarrental.ae\/fr\/wp-content\/uploads\/2022\/09\/MITSUBISHI-ATTRAGE-2022-Dubai.png","type":"image\/png"}],"twitter_card":"summary_large_image","twitter_misc":{"Est. reading time":"3 minutes"},"schema":{"@context":"https:\/\/schema.org","@graph":[{"@type":"WebPage","@id":"https:\/\/drivercarrental.ae\/fr\/product\/mitsubishi-attrage-2022\/","url":"https:\/\/drivercarrental.ae\/fr\/product\/mitsubishi-attrage-2022\/","name":"Discover the Mitsubishi Attrage 2022","isPartOf":{"@id":"https:\/\/drivercarrental.ae\/fr\/#website"},"primaryImageOfPage":{"@id":"https:\/\/drivercarrental.ae\/fr\/product\/mitsubishi-attrage-2022\/#primaryimage"},"image":{"@id":"https:\/\/drivercarrental.ae\/fr\/product\/mitsubishi-attrage-2022\/#primaryimage"},"thumbnailUrl":"https:\/\/drivercarrental.ae\/fr\/wp-content\/uploads\/2022\/09\/MITSUBISHI-ATTRAGE-2022-Dubai.png","datePublished":"2022-09-11T00:25:36+00:00","dateModified":"2024-12-04T13:13:04+00:00","description":"Experience efficiency and style with the 2022 Mitsubishi Attrage. Compact, sleek, and perfect for urban driving.","breadcrumb":{"@id":"https:\/\/drivercarrental.ae\/fr\/product\/mitsubishi-attrage-2022\/#breadcrumb"},"inLanguage":"en-US","potentialAction":[{"@type":"ReadAction","target":["https:\/\/drivercarrental.ae\/fr\/product\/mitsubishi-attrage-2022\/"]}]},{"@type":"ImageObject","inLanguage":"en-US","@id":"https:\/\/drivercarrental.ae\/fr\/product\/mitsubishi-attrage-2022\/#primaryimage","url":"https:\/\/drivercarrental.ae\/fr\/wp-content\/uploads\/2022\/09\/MITSUBISHI-ATTRAGE-2022-Dubai.png","contentUrl":"https:\/\/drivercarrental.ae\/fr\/wp-content\/uploads\/2022\/09\/MITSUBISHI-ATTRAGE-2022-Dubai.png","width":633,"height":396},{"@type":"BreadcrumbList","@id":"https:\/\/drivercarrental.ae\/fr\/product\/mitsubishi-attrage-2022\/#breadcrumb","itemListElement":[{"@type":"ListItem","position":1,"name":"Home","item":"https:\/\/drivercarrental.ae\/fr\/"},{"@type":"ListItem","position":2,"name":"Store","item":"https:\/\/drivercarrental.ae\/fr\/shop\/"},{"@type":"ListItem","position":3,"name":"MITSUBISHI ATTRAGE 2022"}]},{"@type":"WebSite","@id":"https:\/\/drivercarrental.ae\/fr\/#website","url":"https:\/\/drivercarrental.ae\/fr\/","name":"Driver Car Rental Dubai","description":"Driver Car Rental  Dubai","publisher":{"@id":"https:\/\/drivercarrental.ae\/fr\/#organization"},"alternateName":"Cheapest Car Rental Dubai","potentialAction":[{"@type":"SearchAction","target":{"@type":"EntryPoint","urlTemplate":"https:\/\/drivercarrental.ae\/fr\/?s={search_term_string}"},"query-input":{"@type":"PropertyValueSpecification","valueRequired":true,"valueName":"search_term_string"}}],"inLanguage":"en-US"},{"@type":"Organization","@id":"https:\/\/drivercarrental.ae\/fr\/#organization","name":"Driver Car Rental Dubai","alternateName":"Cheapest Car Rental Dubai","url":"https:\/\/drivercarrental.ae\/fr\/","logo":{"@type":"ImageObject","inLanguage":"en-US","@id":"https:\/\/drivercarrental.ae\/fr\/#\/schema\/logo\/image\/","url":"https:\/\/drivercarrental.ae\/fr\/wp-content\/uploads\/2024\/07\/5001-1oo09iuh.png","contentUrl":"https:\/\/drivercarrental.ae\/fr\/wp-content\/uploads\/2024\/07\/5001-1oo09iuh.png","width":500,"height":500,"caption":"Driver Car Rental Dubai"},"image":{"@id":"https:\/\/drivercarrental.ae\/fr\/#\/schema\/logo\/image\/"},"sameAs":["https:\/\/www.facebook.com\/DriverCarRentalUAE"]}]}},"_links":{"self":[{"href":"https:\/\/drivercarrental.ae\/fr\/wp-json\/wp\/v2\/product\/9557"}],"collection":[{"href":"https:\/\/drivercarrental.ae\/fr\/wp-json\/wp\/v2\/product"}],"about":[{"href":"https:\/\/drivercarrental.ae\/fr\/wp-json\/wp\/v2\/types\/product"}],"wp:featuredmedia":[{"embeddable":true,"href":"https:\/\/drivercarrental.ae\/fr\/wp-json\/wp\/v2\/media\/12234"}],"wp:attachment":[{"href":"https:\/\/drivercarrental.ae\/fr\/wp-json\/wp\/v2\/media?parent=9557"}],"wp:term":[{"taxonomy":"product_cat","embeddable":true,"href":"https:\/\/drivercarrental.ae\/fr\/wp-json\/wp\/v2\/product_cat?post=9557"},{"taxonomy":"product_tag","embeddable":true,"href":"https:\/\/drivercarrental.ae\/fr\/wp-json\/wp\/v2\/product_tag?post=9557"}],"curies":[{"name":"wp","href":"https:\/\/api.w.org\/{rel}","templated":true}]}}